{"id":141979,"date":"2022-03-03T11:29:21","date_gmt":"2022-03-03T11:29:23","guid":{"rendered":"https:\/\/www.erresse-shop.it\/?post_type=product&#038;p=141979"},"modified":"2022-03-03T13:48:34","modified_gmt":"2022-03-03T13:48:34","slug":"emile-henry-molde-corona-de-pan-grand-cru","status":"publish","type":"product","link":"https:\/\/www.erresse-shop.it\/es\/shop\/sartenes-y-ollas\/cocina-de-pan\/emile-henry-molde-corona-de-pan-grand-cru\/","title":{"rendered":"EMILE HENRY Molde Corona de Pan Grand Cru"},"content":{"rendered":"<p>Molde para panecillos caseros fant\u00e1sticos, sabrosos y crujientes. Nuestro molde &#8220;Corona&#8221; celebra la alegr\u00eda de amasar, dar forma, hornear y compartir el pan reci\u00e9n hecho.<\/p>\n<p>Ligeros, dorados y suaves, sus ocho s\u00e1ndwiches (o peque\u00f1os brioches) est\u00e1n esperando a que ponga las manos en la masa. Puedes variar los placeres: atr\u00e9vete a mezclar las harinas, a\u00f1ade semillas para enriquecer la textura, o trocitos de chocolate para satisfacer a los m\u00e1s golosos&#8230; A continuaci\u00f3n, s\u00f3lo hay que meter el molde en el horno con la tapa puesta, y ya est\u00e1. Cuando salgan del horno, la corteza estar\u00e1 crujiente, las migas bien subidas&#8230; \u00a1y la mesa quedar\u00e1 seducida por esta hermosa corona para compartir!<\/p>\n<p>\u00bfUn truco de magia de panadero? Nuestro molde difunde un calor uniforme y garantiza el nivel de humedad necesario para la cocci\u00f3n del pan, al igual que en un horno tradicional. Sus ocho cavidades forman un c\u00edrculo de bollos f\u00e1cilmente desmontables. Una buena manera de organizar bocadillos sanos y sabrosos, para animar sus comidas festivas o su vida diaria, con el a\u00f1adido de un delicioso aroma a pan caliente en casa?<\/p>\n<p>Nuestro consejo: despu\u00e9s de usarla, puede introducir el fondo de la sart\u00e9n en la tapa para guardarla f\u00e1cilmente.<\/p>\n<p><strong>Longitud\/di\u00e1metro interior: <\/strong>28,5 cm<br \/>\n<strong>Anchura interior: <\/strong>28,5 cm<br \/>\n<strong>Altura interior:<\/strong> 9 cm<br \/>\n<strong>Capacidad \u00fatil:<\/strong> 1,9 L<br \/>\n<strong>Peso &#8211; KG:<\/strong> 2,48 KG<br \/>\n<strong>Temperatura m\u00e1xima:<\/strong> 270 \u00b0C<br \/>\n<strong>Temperatura m\u00ednima:<\/strong> -20 \u00b0C<\/p>\n","protected":false},"excerpt":{"rendered":"<p>Molde para panecillos caseros fant\u00e1sticos, sabrosos y crujientes. Nuestro molde &#8220;Corona&#8221; celebra la alegr\u00eda de amasar, dar forma, hornear y<\/p>\n","protected":false},"featured_media":142011,"template":"","meta":{"_acf_changed":false,"inline_featured_image":false},"product_cat":[26049,16058],"product_tag":[16467,16442,16466,19944,16465],"acf":[],"yoast_head":"<!-- This site is optimized with the Yoast SEO Premium plugin v18.6 (Yoast SEO v19.13) - https:\/\/yoast.com\/wordpress\/plugins\/seo\/ -->\n<title>EMILE HENRY Molde Corona de Pan Grand Cru - Erresse Shop<\/title>\n<meta name=\"description\" content=\"Molde para panecillos caseros fant\u00e1sticos, sabrosos y crujientes. Nuestro molde &quot;Corona&quot; celebra la alegr\u00eda de amasar, dar forma, hornear y compartir el\" \/>\n<meta name=\"robots\" content=\"index, follow, max-snippet:-1, max-image-preview:large, max-video-preview:-1\" \/>\n<link rel=\"canonical\" href=\"https:\/\/www.erresse-shop.it\/es\/shop\/sartenes-y-ollas\/cocina-de-pan\/emile-henry-molde-corona-de-pan-grand-cru\/\" \/>\n<meta property=\"og:locale\" content=\"es_ES\" \/>\n<meta property=\"og:type\" content=\"article\" \/>\n<meta property=\"og:title\" content=\"EMILE HENRY Molde Corona de Pan Grand Cru\" \/>\n<meta property=\"og:description\" content=\"Molde para panecillos caseros fant\u00e1sticos, sabrosos y crujientes. Nuestro molde &quot;Corona&quot; celebra la alegr\u00eda de amasar, dar forma, hornear y compartir el\" \/>\n<meta property=\"og:url\" content=\"https:\/\/www.erresse-shop.it\/es\/shop\/sartenes-y-ollas\/cocina-de-pan\/emile-henry-molde-corona-de-pan-grand-cru\/\" \/>\n<meta property=\"og:site_name\" content=\"Erresse Shop\" \/>\n<meta property=\"article:modified_time\" content=\"2022-03-03T13:48:34+00:00\" \/>\n<meta property=\"og:image\" content=\"https:\/\/www.erresse-shop.it\/wp-content\/uploads\/2022\/03\/EMILE-HENRY-Corona-per-Panini-Rosso-6.jpg\" \/>\n\t<meta property=\"og:image:width\" content=\"1000\" \/>\n\t<meta property=\"og:image:height\" content=\"1000\" \/>\n\t<meta property=\"og:image:type\" content=\"image\/jpeg\" \/>\n<meta name=\"twitter:card\" content=\"summary_large_image\" \/>\n<script type=\"application\/ld+json\" class=\"yoast-schema-graph\">{\"@context\":\"https:\/\/schema.org\",\"@graph\":[{\"@type\":\"WebPage\",\"@id\":\"https:\/\/www.erresse-shop.it\/es\/shop\/sartenes-y-ollas\/cocina-de-pan\/emile-henry-molde-corona-de-pan-grand-cru\/\",\"url\":\"https:\/\/www.erresse-shop.it\/es\/shop\/sartenes-y-ollas\/cocina-de-pan\/emile-henry-molde-corona-de-pan-grand-cru\/\",\"name\":\"EMILE HENRY Molde Corona de Pan Grand Cru - Erresse Shop\",\"isPartOf\":{\"@id\":\"https:\/\/www.erresse-shop.it\/es\/#website\"},\"datePublished\":\"2022-03-03T11:29:23+00:00\",\"dateModified\":\"2022-03-03T13:48:34+00:00\",\"description\":\"Molde para panecillos caseros fant\u00e1sticos, sabrosos y crujientes. Nuestro molde \\\"Corona\\\" celebra la alegr\u00eda de amasar, dar forma, hornear y compartir el\",\"breadcrumb\":{\"@id\":\"https:\/\/www.erresse-shop.it\/es\/shop\/sartenes-y-ollas\/cocina-de-pan\/emile-henry-molde-corona-de-pan-grand-cru\/#breadcrumb\"},\"inLanguage\":\"es\",\"potentialAction\":[{\"@type\":\"ReadAction\",\"target\":[\"https:\/\/www.erresse-shop.it\/es\/shop\/sartenes-y-ollas\/cocina-de-pan\/emile-henry-molde-corona-de-pan-grand-cru\/\"]}]},{\"@type\":\"BreadcrumbList\",\"@id\":\"https:\/\/www.erresse-shop.it\/es\/shop\/sartenes-y-ollas\/cocina-de-pan\/emile-henry-molde-corona-de-pan-grand-cru\/#breadcrumb\",\"itemListElement\":[{\"@type\":\"ListItem\",\"position\":1,\"name\":\"Home\",\"item\":\"https:\/\/www.erresse-shop.it\/es\/\"},{\"@type\":\"ListItem\",\"position\":2,\"name\":\"Shop\",\"item\":\"https:\/\/www.erresse-shop.it\/es\/shop\/\"},{\"@type\":\"ListItem\",\"position\":3,\"name\":\"EMILE HENRY Molde Corona de Pan Grand Cru\"}]},{\"@type\":\"WebSite\",\"@id\":\"https:\/\/www.erresse-shop.it\/es\/#website\",\"url\":\"https:\/\/www.erresse-shop.it\/es\/\",\"name\":\"Erresse Shop\",\"description\":\"Articoli di qualit\u00e0 per la casa\",\"potentialAction\":[{\"@type\":\"SearchAction\",\"target\":{\"@type\":\"EntryPoint\",\"urlTemplate\":\"https:\/\/www.erresse-shop.it\/es\/?s={search_term_string}\"},\"query-input\":\"required name=search_term_string\"}],\"inLanguage\":\"es\"}]}<\/script>\n<!-- \/ Yoast SEO Premium plugin. -->","yoast_head_json":{"title":"EMILE HENRY Molde Corona de Pan Grand Cru - Erresse Shop","description":"Molde para panecillos caseros fant\u00e1sticos, sabrosos y crujientes. Nuestro molde \"Corona\" celebra la alegr\u00eda de amasar, dar forma, hornear y compartir el","robots":{"index":"index","follow":"follow","max-snippet":"max-snippet:-1","max-image-preview":"max-image-preview:large","max-video-preview":"max-video-preview:-1"},"canonical":"https:\/\/www.erresse-shop.it\/es\/shop\/sartenes-y-ollas\/cocina-de-pan\/emile-henry-molde-corona-de-pan-grand-cru\/","og_locale":"es_ES","og_type":"article","og_title":"EMILE HENRY Molde Corona de Pan Grand Cru","og_description":"Molde para panecillos caseros fant\u00e1sticos, sabrosos y crujientes. Nuestro molde \"Corona\" celebra la alegr\u00eda de amasar, dar forma, hornear y compartir el","og_url":"https:\/\/www.erresse-shop.it\/es\/shop\/sartenes-y-ollas\/cocina-de-pan\/emile-henry-molde-corona-de-pan-grand-cru\/","og_site_name":"Erresse Shop","article_modified_time":"2022-03-03T13:48:34+00:00","og_image":[{"width":1000,"height":1000,"url":"https:\/\/www.erresse-shop.it\/wp-content\/uploads\/2022\/03\/EMILE-HENRY-Corona-per-Panini-Rosso-6.jpg","type":"image\/jpeg"}],"twitter_card":"summary_large_image","schema":{"@context":"https:\/\/schema.org","@graph":[{"@type":"WebPage","@id":"https:\/\/www.erresse-shop.it\/es\/shop\/sartenes-y-ollas\/cocina-de-pan\/emile-henry-molde-corona-de-pan-grand-cru\/","url":"https:\/\/www.erresse-shop.it\/es\/shop\/sartenes-y-ollas\/cocina-de-pan\/emile-henry-molde-corona-de-pan-grand-cru\/","name":"EMILE HENRY Molde Corona de Pan Grand Cru - Erresse Shop","isPartOf":{"@id":"https:\/\/www.erresse-shop.it\/es\/#website"},"datePublished":"2022-03-03T11:29:23+00:00","dateModified":"2022-03-03T13:48:34+00:00","description":"Molde para panecillos caseros fant\u00e1sticos, sabrosos y crujientes. Nuestro molde \"Corona\" celebra la alegr\u00eda de amasar, dar forma, hornear y compartir el","breadcrumb":{"@id":"https:\/\/www.erresse-shop.it\/es\/shop\/sartenes-y-ollas\/cocina-de-pan\/emile-henry-molde-corona-de-pan-grand-cru\/#breadcrumb"},"inLanguage":"es","potentialAction":[{"@type":"ReadAction","target":["https:\/\/www.erresse-shop.it\/es\/shop\/sartenes-y-ollas\/cocina-de-pan\/emile-henry-molde-corona-de-pan-grand-cru\/"]}]},{"@type":"BreadcrumbList","@id":"https:\/\/www.erresse-shop.it\/es\/shop\/sartenes-y-ollas\/cocina-de-pan\/emile-henry-molde-corona-de-pan-grand-cru\/#breadcrumb","itemListElement":[{"@type":"ListItem","position":1,"name":"Home","item":"https:\/\/www.erresse-shop.it\/es\/"},{"@type":"ListItem","position":2,"name":"Shop","item":"https:\/\/www.erresse-shop.it\/es\/shop\/"},{"@type":"ListItem","position":3,"name":"EMILE HENRY Molde Corona de Pan Grand Cru"}]},{"@type":"WebSite","@id":"https:\/\/www.erresse-shop.it\/es\/#website","url":"https:\/\/www.erresse-shop.it\/es\/","name":"Erresse Shop","description":"Articoli di qualit\u00e0 per la casa","potentialAction":[{"@type":"SearchAction","target":{"@type":"EntryPoint","urlTemplate":"https:\/\/www.erresse-shop.it\/es\/?s={search_term_string}"},"query-input":"required name=search_term_string"}],"inLanguage":"es"}]}},"df_price":87.28200000000001,"df_sale_price":87.28200000000001,"df_regular_price":111.9,"df_image_link":"https:\/\/www.erresse-shop.it\/wp-content\/uploads\/2022\/03\/EMILE-HENRY-Corona-per-Panini-Rosso-6-300x300.jpg","_links":{"self":[{"href":"https:\/\/www.erresse-shop.it\/es\/wp-json\/wp\/v2\/product\/141979"}],"collection":[{"href":"https:\/\/www.erresse-shop.it\/es\/wp-json\/wp\/v2\/product"}],"about":[{"href":"https:\/\/www.erresse-shop.it\/es\/wp-json\/wp\/v2\/types\/product"}],"wp:featuredmedia":[{"embeddable":true,"href":"https:\/\/www.erresse-shop.it\/es\/wp-json\/wp\/v2\/media\/142011"}],"wp:attachment":[{"href":"https:\/\/www.erresse-shop.it\/es\/wp-json\/wp\/v2\/media?parent=141979"}],"wp:term":[{"taxonomy":"product_cat","embeddable":true,"href":"https:\/\/www.erresse-shop.it\/es\/wp-json\/wp\/v2\/product_cat?post=141979"},{"taxonomy":"product_tag","embeddable":true,"href":"https:\/\/www.erresse-shop.it\/es\/wp-json\/wp\/v2\/product_tag?post=141979"}],"curies":[{"name":"wp","href":"https:\/\/api.w.org\/{rel}","templated":true}]}}