{"id":141800,"date":"2022-03-02T08:55:12","date_gmt":"2022-03-02T08:55:14","guid":{"rendered":"https:\/\/www.erresse-shop.it\/?post_type=product&#038;p=141800"},"modified":"2022-04-15T10:20:19","modified_gmt":"2022-04-15T10:20:19","slug":"versace-home-vaso-26-cm-les-tresors-de-la-mer","status":"publish","type":"product","link":"https:\/\/www.erresse-shop.it\/es\/shop\/mobiliario\/jarrones\/versace-home-vaso-26-cm-les-tresors-de-la-mer\/","title":{"rendered":"VERSACE HOME Vaso 26 cm Les Tresors de la Mer"},"content":{"rendered":"<p><strong>Altura:<\/strong> 26 cm<\/p>\n<p>El gran jarr\u00f3n de porcelana <strong>Les Tr\u00e9sors de la Mer<\/strong> anima las habitaciones m\u00e1s importantes con su estilo barroco. El brillo de los detalles dorados, el esplendor de los colores y la sutileza de los dise\u00f1os lo convierten en un mueble sofisticado y llamativo.<br \/>\nEn la colecci\u00f3n Les Tr\u00e9sors de la Mer, las audaces combinaciones de colores combinan los tonos azules del mar con el rojo vibrante de los corales en medio de frisos dorados ornamentales. Con su refinada y opulenta decoraci\u00f3n, que hace revivir la magia de \u00e9pocas pasadas, Les Tr\u00e9sors de la Mer encarna a la perfecci\u00f3n el estilo y el \u00e9xito de la asociaci\u00f3n de Rosenthal con Gianni Versace, que comenz\u00f3 en 1993.<\/p>\n<p>Fuente de inspiraci\u00f3n para el genial dise\u00f1ador calabr\u00e9s, el mar es el protagonista indiscutible de estas porcelanas de personalidad viva e imaginativa: moluscos, conchas, perlas, estrellas de mar y corales en una variedad multiforme encuentran su lugar entre estatuas doradas y frisos ornamentales, dando vida al fant\u00e1stico mundo de Neptuno, dios del mar. Les Tr\u00e9sors de la Mer es la decoraci\u00f3n pensada para los amantes de un estilo lujoso y ligeramente inusual, pero tambi\u00e9n para los que creen en el valor de poseer objetos que cuentan una historia, como \u00e9stos.<\/p>\n","protected":false},"excerpt":{"rendered":"<p>Altura: 26 cm El gran jarr\u00f3n de porcelana Les Tr\u00e9sors de la Mer anima las habitaciones m\u00e1s importantes con su<\/p>\n","protected":false},"featured_media":141808,"template":"","meta":{"_acf_changed":false,"inline_featured_image":false},"product_cat":[16024,16016],"product_tag":[23692,16122,18531,24682,17842,17843],"acf":[],"yoast_head":"<!-- This site is optimized with the Yoast SEO Premium plugin v18.6 (Yoast SEO v19.13) - https:\/\/yoast.com\/wordpress\/plugins\/seo\/ -->\n<title>VERSACE HOME Vaso 26 cm Les Tresors de la Mer - Erresse Shop<\/title>\n<meta name=\"description\" content=\"Altura: 26 cm El gran jarr\u00f3n de porcelana Les Tr\u00e9sors de la Mer anima las habitaciones m\u00e1s importantes con su estilo barroco. El brillo de los detalles\" \/>\n<meta name=\"robots\" content=\"index, follow, max-snippet:-1, max-image-preview:large, max-video-preview:-1\" \/>\n<link rel=\"canonical\" href=\"https:\/\/www.erresse-shop.it\/es\/shop\/mobiliario\/jarrones\/versace-home-vaso-26-cm-les-tresors-de-la-mer\/\" \/>\n<meta property=\"og:locale\" content=\"es_ES\" \/>\n<meta property=\"og:type\" content=\"article\" \/>\n<meta property=\"og:title\" content=\"VERSACE HOME Vaso 26 cm Les Tresors de la Mer\" \/>\n<meta property=\"og:description\" content=\"Altura: 26 cm El gran jarr\u00f3n de porcelana Les Tr\u00e9sors de la Mer anima las habitaciones m\u00e1s importantes con su estilo barroco. El brillo de los detalles\" \/>\n<meta property=\"og:url\" content=\"https:\/\/www.erresse-shop.it\/es\/shop\/mobiliario\/jarrones\/versace-home-vaso-26-cm-les-tresors-de-la-mer\/\" \/>\n<meta property=\"og:site_name\" content=\"Erresse Shop\" \/>\n<meta property=\"article:modified_time\" content=\"2022-04-15T10:20:19+00:00\" \/>\n<meta property=\"og:image\" content=\"https:\/\/www.erresse-shop.it\/wp-content\/uploads\/2022\/03\/VERSACE-HOME-Vaso-Les-Tresors-de-la-Mer-26-cm.jpg\" \/>\n\t<meta property=\"og:image:width\" content=\"1000\" \/>\n\t<meta property=\"og:image:height\" content=\"1000\" \/>\n\t<meta property=\"og:image:type\" content=\"image\/jpeg\" \/>\n<meta name=\"twitter:card\" content=\"summary_large_image\" \/>\n<script type=\"application\/ld+json\" class=\"yoast-schema-graph\">{\"@context\":\"https:\/\/schema.org\",\"@graph\":[{\"@type\":\"WebPage\",\"@id\":\"https:\/\/www.erresse-shop.it\/es\/shop\/mobiliario\/jarrones\/versace-home-vaso-26-cm-les-tresors-de-la-mer\/\",\"url\":\"https:\/\/www.erresse-shop.it\/es\/shop\/mobiliario\/jarrones\/versace-home-vaso-26-cm-les-tresors-de-la-mer\/\",\"name\":\"VERSACE HOME Vaso 26 cm Les Tresors de la Mer - Erresse Shop\",\"isPartOf\":{\"@id\":\"https:\/\/www.erresse-shop.it\/es\/#website\"},\"datePublished\":\"2022-03-02T08:55:14+00:00\",\"dateModified\":\"2022-04-15T10:20:19+00:00\",\"description\":\"Altura: 26 cm El gran jarr\u00f3n de porcelana Les Tr\u00e9sors de la Mer anima las habitaciones m\u00e1s importantes con su estilo barroco. El brillo de los detalles\",\"breadcrumb\":{\"@id\":\"https:\/\/www.erresse-shop.it\/es\/shop\/mobiliario\/jarrones\/versace-home-vaso-26-cm-les-tresors-de-la-mer\/#breadcrumb\"},\"inLanguage\":\"es\",\"potentialAction\":[{\"@type\":\"ReadAction\",\"target\":[\"https:\/\/www.erresse-shop.it\/es\/shop\/mobiliario\/jarrones\/versace-home-vaso-26-cm-les-tresors-de-la-mer\/\"]}]},{\"@type\":\"BreadcrumbList\",\"@id\":\"https:\/\/www.erresse-shop.it\/es\/shop\/mobiliario\/jarrones\/versace-home-vaso-26-cm-les-tresors-de-la-mer\/#breadcrumb\",\"itemListElement\":[{\"@type\":\"ListItem\",\"position\":1,\"name\":\"Home\",\"item\":\"https:\/\/www.erresse-shop.it\/es\/\"},{\"@type\":\"ListItem\",\"position\":2,\"name\":\"Shop\",\"item\":\"https:\/\/www.erresse-shop.it\/es\/shop\/\"},{\"@type\":\"ListItem\",\"position\":3,\"name\":\"VERSACE HOME Vaso 26 cm Les Tresors de la Mer\"}]},{\"@type\":\"WebSite\",\"@id\":\"https:\/\/www.erresse-shop.it\/es\/#website\",\"url\":\"https:\/\/www.erresse-shop.it\/es\/\",\"name\":\"Erresse Shop\",\"description\":\"Articoli di qualit\u00e0 per la casa\",\"potentialAction\":[{\"@type\":\"SearchAction\",\"target\":{\"@type\":\"EntryPoint\",\"urlTemplate\":\"https:\/\/www.erresse-shop.it\/es\/?s={search_term_string}\"},\"query-input\":\"required name=search_term_string\"}],\"inLanguage\":\"es\"}]}<\/script>\n<!-- \/ Yoast SEO Premium plugin. -->","yoast_head_json":{"title":"VERSACE HOME Vaso 26 cm Les Tresors de la Mer - Erresse Shop","description":"Altura: 26 cm El gran jarr\u00f3n de porcelana Les Tr\u00e9sors de la Mer anima las habitaciones m\u00e1s importantes con su estilo barroco. El brillo de los detalles","robots":{"index":"index","follow":"follow","max-snippet":"max-snippet:-1","max-image-preview":"max-image-preview:large","max-video-preview":"max-video-preview:-1"},"canonical":"https:\/\/www.erresse-shop.it\/es\/shop\/mobiliario\/jarrones\/versace-home-vaso-26-cm-les-tresors-de-la-mer\/","og_locale":"es_ES","og_type":"article","og_title":"VERSACE HOME Vaso 26 cm Les Tresors de la Mer","og_description":"Altura: 26 cm El gran jarr\u00f3n de porcelana Les Tr\u00e9sors de la Mer anima las habitaciones m\u00e1s importantes con su estilo barroco. El brillo de los detalles","og_url":"https:\/\/www.erresse-shop.it\/es\/shop\/mobiliario\/jarrones\/versace-home-vaso-26-cm-les-tresors-de-la-mer\/","og_site_name":"Erresse Shop","article_modified_time":"2022-04-15T10:20:19+00:00","og_image":[{"width":1000,"height":1000,"url":"https:\/\/www.erresse-shop.it\/wp-content\/uploads\/2022\/03\/VERSACE-HOME-Vaso-Les-Tresors-de-la-Mer-26-cm.jpg","type":"image\/jpeg"}],"twitter_card":"summary_large_image","schema":{"@context":"https:\/\/schema.org","@graph":[{"@type":"WebPage","@id":"https:\/\/www.erresse-shop.it\/es\/shop\/mobiliario\/jarrones\/versace-home-vaso-26-cm-les-tresors-de-la-mer\/","url":"https:\/\/www.erresse-shop.it\/es\/shop\/mobiliario\/jarrones\/versace-home-vaso-26-cm-les-tresors-de-la-mer\/","name":"VERSACE HOME Vaso 26 cm Les Tresors de la Mer - Erresse Shop","isPartOf":{"@id":"https:\/\/www.erresse-shop.it\/es\/#website"},"datePublished":"2022-03-02T08:55:14+00:00","dateModified":"2022-04-15T10:20:19+00:00","description":"Altura: 26 cm El gran jarr\u00f3n de porcelana Les Tr\u00e9sors de la Mer anima las habitaciones m\u00e1s importantes con su estilo barroco. El brillo de los detalles","breadcrumb":{"@id":"https:\/\/www.erresse-shop.it\/es\/shop\/mobiliario\/jarrones\/versace-home-vaso-26-cm-les-tresors-de-la-mer\/#breadcrumb"},"inLanguage":"es","potentialAction":[{"@type":"ReadAction","target":["https:\/\/www.erresse-shop.it\/es\/shop\/mobiliario\/jarrones\/versace-home-vaso-26-cm-les-tresors-de-la-mer\/"]}]},{"@type":"BreadcrumbList","@id":"https:\/\/www.erresse-shop.it\/es\/shop\/mobiliario\/jarrones\/versace-home-vaso-26-cm-les-tresors-de-la-mer\/#breadcrumb","itemListElement":[{"@type":"ListItem","position":1,"name":"Home","item":"https:\/\/www.erresse-shop.it\/es\/"},{"@type":"ListItem","position":2,"name":"Shop","item":"https:\/\/www.erresse-shop.it\/es\/shop\/"},{"@type":"ListItem","position":3,"name":"VERSACE HOME Vaso 26 cm Les Tresors de la Mer"}]},{"@type":"WebSite","@id":"https:\/\/www.erresse-shop.it\/es\/#website","url":"https:\/\/www.erresse-shop.it\/es\/","name":"Erresse Shop","description":"Articoli di qualit\u00e0 per la casa","potentialAction":[{"@type":"SearchAction","target":{"@type":"EntryPoint","urlTemplate":"https:\/\/www.erresse-shop.it\/es\/?s={search_term_string}"},"query-input":"required name=search_term_string"}],"inLanguage":"es"}]}},"df_price":222.5,"df_sale_price":222.5,"df_regular_price":445,"df_image_link":"https:\/\/www.erresse-shop.it\/wp-content\/uploads\/2022\/03\/VERSACE-HOME-Vaso-Les-Tresors-de-la-Mer-26-cm-300x300.jpg","_links":{"self":[{"href":"https:\/\/www.erresse-shop.it\/es\/wp-json\/wp\/v2\/product\/141800"}],"collection":[{"href":"https:\/\/www.erresse-shop.it\/es\/wp-json\/wp\/v2\/product"}],"about":[{"href":"https:\/\/www.erresse-shop.it\/es\/wp-json\/wp\/v2\/types\/product"}],"wp:featuredmedia":[{"embeddable":true,"href":"https:\/\/www.erresse-shop.it\/es\/wp-json\/wp\/v2\/media\/141808"}],"wp:attachment":[{"href":"https:\/\/www.erresse-shop.it\/es\/wp-json\/wp\/v2\/media?parent=141800"}],"wp:term":[{"taxonomy":"product_cat","embeddable":true,"href":"https:\/\/www.erresse-shop.it\/es\/wp-json\/wp\/v2\/product_cat?post=141800"},{"taxonomy":"product_tag","embeddable":true,"href":"https:\/\/www.erresse-shop.it\/es\/wp-json\/wp\/v2\/product_tag?post=141800"}],"curies":[{"name":"wp","href":"https:\/\/api.w.org\/{rel}","templated":true}]}}