{"id":141006,"date":"2022-02-22T10:10:04","date_gmt":"2022-02-22T10:10:07","guid":{"rendered":"https:\/\/www.erresse-shop.it\/?post_type=product&#038;p=141006"},"modified":"2024-04-22T00:04:18","modified_gmt":"2024-04-22T00:04:18","slug":"berkel-juego-de-5-cuchillos-chef-adhoc-negro","status":"publish","type":"product","link":"https:\/\/www.erresse-shop.it\/es\/shop\/cocina\/cuchillos\/cuchillos-de-cocina\/berkel-juego-de-5-cuchillos-chef-adhoc-negro\/","title":{"rendered":"BERKEL Juego de 5 Cuchillos Chef Adhoc Negro"},"content":{"rendered":"<p><strong>JUEGO DE 5 CUCHILLOS CHEF<\/strong><\/p>\n<p>Juego de 5 cuchillos de cocinero profesionales. Para los amantes de la cocina y de las formas armoniosas, este juego de cuchillos con remaches en el mango es un producto imprescindible. Cinco cuchillos multifuncionales de acero inoxidable que permiten tratar cualquier materia prima con el m\u00e1ximo respeto. Este set es muy \u00fatil para no equivocarse de cuchillo cuando se quiere cortar pan, asado o jam\u00f3n y otros tipos de ingredientes, utilizando el tipo de hoja adecuado.<\/p>\n<ul>\n<li>Hoja de acero al cromo-molibdeno-vanadio de alta calidad 1.4116-X50 Cr Mo V15<\/li>\n<li>Hoja cortada con l\u00e1ser<\/li>\n<li>Empu\u00f1adura formada por pu\u00f1os de resina ensamblados con remaches de acero AISI 304 sin ranuras para evitar la acumulaci\u00f3n de residuos<\/li>\n<li>Nudo de acero para garantizar la m\u00e1xima adherencia entre la hoja y el mango y el perfecto equilibrio del cuchillo durante su uso<\/li>\n<li>Logotipo de Berkel grabado en la hoja<\/li>\n<\/ul>\n<p><strong>CARACTER\u00cdSTICAS<\/strong><br \/>\n<strong>Composici\u00f3n del conjunto:<\/strong><\/p>\n<ul>\n<li>Cuchillo jamonero 26 cm<\/li>\n<li>Cuchillo para pan 22 cm<\/li>\n<li>Cuchillo para asar 22 cm<\/li>\n<li>Cuchillo de cocina 20 cm<\/li>\n<li>Cuchillo multiusos de 12 cm<\/li>\n<\/ul>\n<p><strong>Peso:<\/strong> 1,3 kg<br \/>\n<strong>Material de la hoja:<\/strong> Acero inoxidable 1.4116-X50 Cr Mo V15; Dureza despu\u00e9s del T.T: 53-54 HRC; Papel: Bueno; Remaches: Acero AISI 304<br \/>\n<strong>Empu\u00f1adura:<\/strong> Empu\u00f1aduras de resina ensambladas con remaches<br \/>\n<strong>Uso y mantenimiento:<\/strong> Recomendamos encarecidamente el lavado manual en agua caliente para garantizar la integridad y la durabilidad del producto. En cualquier caso, se aconseja secar el cuchillo despu\u00e9s de cada lavado. No utilice tejidos o esponjas abrasivas.<\/p>\n","protected":false},"excerpt":{"rendered":"<p>JUEGO DE 5 CUCHILLOS CHEF Juego de 5 cuchillos de cocinero profesionales. Para los amantes de la cocina y de<\/p>\n","protected":false},"featured_media":163260,"template":"","meta":{"_acf_changed":false,"inline_featured_image":false},"product_cat":[16040,16043,16047],"product_tag":[18496,16432,16552,16307],"acf":[],"yoast_head":"<!-- This site is optimized with the Yoast SEO Premium plugin v18.6 (Yoast SEO v19.13) - https:\/\/yoast.com\/wordpress\/plugins\/seo\/ -->\n<title>BERKEL Juego de 5 Cuchillos Chef Adhoc Negro - Erresse Shop<\/title>\n<meta name=\"description\" content=\"JUEGO DE 5 CUCHILLOS CHEF Juego de 5 cuchillos de cocinero profesionales. Para los amantes de la cocina y de las formas armoniosas, este juego de\" \/>\n<meta name=\"robots\" content=\"index, follow, max-snippet:-1, max-image-preview:large, max-video-preview:-1\" \/>\n<link rel=\"canonical\" href=\"https:\/\/www.erresse-shop.it\/es\/shop\/cocina\/cuchillos\/cuchillos-de-cocina\/berkel-juego-de-5-cuchillos-chef-adhoc-negro\/\" \/>\n<meta property=\"og:locale\" content=\"es_ES\" \/>\n<meta property=\"og:type\" content=\"article\" \/>\n<meta property=\"og:title\" content=\"BERKEL Juego de 5 Cuchillos Chef Adhoc Negro\" \/>\n<meta property=\"og:description\" content=\"JUEGO DE 5 CUCHILLOS CHEF Juego de 5 cuchillos de cocinero profesionales. Para los amantes de la cocina y de las formas armoniosas, este juego de\" \/>\n<meta property=\"og:url\" content=\"https:\/\/www.erresse-shop.it\/es\/shop\/cocina\/cuchillos\/cuchillos-de-cocina\/berkel-juego-de-5-cuchillos-chef-adhoc-negro\/\" \/>\n<meta property=\"og:site_name\" content=\"Erresse Shop\" \/>\n<meta property=\"article:modified_time\" content=\"2024-04-22T00:04:18+00:00\" \/>\n<meta property=\"og:image\" content=\"https:\/\/www.erresse-shop.it\/wp-content\/uploads\/2022\/03\/BERKEL-Coltello-Chef-5-Pezzi-Nero.jpg\" \/>\n\t<meta property=\"og:image:width\" content=\"800\" \/>\n\t<meta property=\"og:image:height\" content=\"800\" \/>\n\t<meta property=\"og:image:type\" content=\"image\/jpeg\" \/>\n<meta name=\"twitter:card\" content=\"summary_large_image\" \/>\n<script type=\"application\/ld+json\" class=\"yoast-schema-graph\">{\"@context\":\"https:\/\/schema.org\",\"@graph\":[{\"@type\":\"WebPage\",\"@id\":\"https:\/\/www.erresse-shop.it\/es\/shop\/cocina\/cuchillos\/cuchillos-de-cocina\/berkel-juego-de-5-cuchillos-chef-adhoc-negro\/\",\"url\":\"https:\/\/www.erresse-shop.it\/es\/shop\/cocina\/cuchillos\/cuchillos-de-cocina\/berkel-juego-de-5-cuchillos-chef-adhoc-negro\/\",\"name\":\"BERKEL Juego de 5 Cuchillos Chef Adhoc Negro - Erresse Shop\",\"isPartOf\":{\"@id\":\"https:\/\/www.erresse-shop.it\/es\/#website\"},\"datePublished\":\"2022-02-22T10:10:07+00:00\",\"dateModified\":\"2024-04-22T00:04:18+00:00\",\"description\":\"JUEGO DE 5 CUCHILLOS CHEF Juego de 5 cuchillos de cocinero profesionales. Para los amantes de la cocina y de las formas armoniosas, este juego de\",\"breadcrumb\":{\"@id\":\"https:\/\/www.erresse-shop.it\/es\/shop\/cocina\/cuchillos\/cuchillos-de-cocina\/berkel-juego-de-5-cuchillos-chef-adhoc-negro\/#breadcrumb\"},\"inLanguage\":\"es\",\"potentialAction\":[{\"@type\":\"ReadAction\",\"target\":[\"https:\/\/www.erresse-shop.it\/es\/shop\/cocina\/cuchillos\/cuchillos-de-cocina\/berkel-juego-de-5-cuchillos-chef-adhoc-negro\/\"]}]},{\"@type\":\"BreadcrumbList\",\"@id\":\"https:\/\/www.erresse-shop.it\/es\/shop\/cocina\/cuchillos\/cuchillos-de-cocina\/berkel-juego-de-5-cuchillos-chef-adhoc-negro\/#breadcrumb\",\"itemListElement\":[{\"@type\":\"ListItem\",\"position\":1,\"name\":\"Home\",\"item\":\"https:\/\/www.erresse-shop.it\/es\/\"},{\"@type\":\"ListItem\",\"position\":2,\"name\":\"Shop\",\"item\":\"https:\/\/www.erresse-shop.it\/es\/shop\/\"},{\"@type\":\"ListItem\",\"position\":3,\"name\":\"BERKEL Juego de 5 Cuchillos Chef Adhoc Negro\"}]},{\"@type\":\"WebSite\",\"@id\":\"https:\/\/www.erresse-shop.it\/es\/#website\",\"url\":\"https:\/\/www.erresse-shop.it\/es\/\",\"name\":\"Erresse Shop\",\"description\":\"Articoli di qualit\u00e0 per la casa\",\"potentialAction\":[{\"@type\":\"SearchAction\",\"target\":{\"@type\":\"EntryPoint\",\"urlTemplate\":\"https:\/\/www.erresse-shop.it\/es\/?s={search_term_string}\"},\"query-input\":\"required name=search_term_string\"}],\"inLanguage\":\"es\"}]}<\/script>\n<!-- \/ Yoast SEO Premium plugin. -->","yoast_head_json":{"title":"BERKEL Juego de 5 Cuchillos Chef Adhoc Negro - Erresse Shop","description":"JUEGO DE 5 CUCHILLOS CHEF Juego de 5 cuchillos de cocinero profesionales. Para los amantes de la cocina y de las formas armoniosas, este juego de","robots":{"index":"index","follow":"follow","max-snippet":"max-snippet:-1","max-image-preview":"max-image-preview:large","max-video-preview":"max-video-preview:-1"},"canonical":"https:\/\/www.erresse-shop.it\/es\/shop\/cocina\/cuchillos\/cuchillos-de-cocina\/berkel-juego-de-5-cuchillos-chef-adhoc-negro\/","og_locale":"es_ES","og_type":"article","og_title":"BERKEL Juego de 5 Cuchillos Chef Adhoc Negro","og_description":"JUEGO DE 5 CUCHILLOS CHEF Juego de 5 cuchillos de cocinero profesionales. Para los amantes de la cocina y de las formas armoniosas, este juego de","og_url":"https:\/\/www.erresse-shop.it\/es\/shop\/cocina\/cuchillos\/cuchillos-de-cocina\/berkel-juego-de-5-cuchillos-chef-adhoc-negro\/","og_site_name":"Erresse Shop","article_modified_time":"2024-04-22T00:04:18+00:00","og_image":[{"width":800,"height":800,"url":"https:\/\/www.erresse-shop.it\/wp-content\/uploads\/2022\/03\/BERKEL-Coltello-Chef-5-Pezzi-Nero.jpg","type":"image\/jpeg"}],"twitter_card":"summary_large_image","schema":{"@context":"https:\/\/schema.org","@graph":[{"@type":"WebPage","@id":"https:\/\/www.erresse-shop.it\/es\/shop\/cocina\/cuchillos\/cuchillos-de-cocina\/berkel-juego-de-5-cuchillos-chef-adhoc-negro\/","url":"https:\/\/www.erresse-shop.it\/es\/shop\/cocina\/cuchillos\/cuchillos-de-cocina\/berkel-juego-de-5-cuchillos-chef-adhoc-negro\/","name":"BERKEL Juego de 5 Cuchillos Chef Adhoc Negro - Erresse Shop","isPartOf":{"@id":"https:\/\/www.erresse-shop.it\/es\/#website"},"datePublished":"2022-02-22T10:10:07+00:00","dateModified":"2024-04-22T00:04:18+00:00","description":"JUEGO DE 5 CUCHILLOS CHEF Juego de 5 cuchillos de cocinero profesionales. Para los amantes de la cocina y de las formas armoniosas, este juego de","breadcrumb":{"@id":"https:\/\/www.erresse-shop.it\/es\/shop\/cocina\/cuchillos\/cuchillos-de-cocina\/berkel-juego-de-5-cuchillos-chef-adhoc-negro\/#breadcrumb"},"inLanguage":"es","potentialAction":[{"@type":"ReadAction","target":["https:\/\/www.erresse-shop.it\/es\/shop\/cocina\/cuchillos\/cuchillos-de-cocina\/berkel-juego-de-5-cuchillos-chef-adhoc-negro\/"]}]},{"@type":"BreadcrumbList","@id":"https:\/\/www.erresse-shop.it\/es\/shop\/cocina\/cuchillos\/cuchillos-de-cocina\/berkel-juego-de-5-cuchillos-chef-adhoc-negro\/#breadcrumb","itemListElement":[{"@type":"ListItem","position":1,"name":"Home","item":"https:\/\/www.erresse-shop.it\/es\/"},{"@type":"ListItem","position":2,"name":"Shop","item":"https:\/\/www.erresse-shop.it\/es\/shop\/"},{"@type":"ListItem","position":3,"name":"BERKEL Juego de 5 Cuchillos Chef Adhoc Negro"}]},{"@type":"WebSite","@id":"https:\/\/www.erresse-shop.it\/es\/#website","url":"https:\/\/www.erresse-shop.it\/es\/","name":"Erresse Shop","description":"Articoli di qualit\u00e0 per la casa","potentialAction":[{"@type":"SearchAction","target":{"@type":"EntryPoint","urlTemplate":"https:\/\/www.erresse-shop.it\/es\/?s={search_term_string}"},"query-input":"required name=search_term_string"}],"inLanguage":"es"}]}},"df_price":129.5,"df_sale_price":129.5,"df_regular_price":259,"df_image_link":"https:\/\/www.erresse-shop.it\/wp-content\/uploads\/2022\/03\/BERKEL-Coltello-Chef-5-Pezzi-Nero-300x300.jpg","_links":{"self":[{"href":"https:\/\/www.erresse-shop.it\/es\/wp-json\/wp\/v2\/product\/141006"}],"collection":[{"href":"https:\/\/www.erresse-shop.it\/es\/wp-json\/wp\/v2\/product"}],"about":[{"href":"https:\/\/www.erresse-shop.it\/es\/wp-json\/wp\/v2\/types\/product"}],"wp:featuredmedia":[{"embeddable":true,"href":"https:\/\/www.erresse-shop.it\/es\/wp-json\/wp\/v2\/media\/163260"}],"wp:attachment":[{"href":"https:\/\/www.erresse-shop.it\/es\/wp-json\/wp\/v2\/media?parent=141006"}],"wp:term":[{"taxonomy":"product_cat","embeddable":true,"href":"https:\/\/www.erresse-shop.it\/es\/wp-json\/wp\/v2\/product_cat?post=141006"},{"taxonomy":"product_tag","embeddable":true,"href":"https:\/\/www.erresse-shop.it\/es\/wp-json\/wp\/v2\/product_tag?post=141006"}],"curies":[{"name":"wp","href":"https:\/\/api.w.org\/{rel}","templated":true}]}}