{"id":140899,"date":"2022-02-21T14:48:51","date_gmt":"2022-02-21T14:48:54","guid":{"rendered":"https:\/\/www.erresse-shop.it\/?post_type=product&#038;p=140899"},"modified":"2023-09-25T12:37:38","modified_gmt":"2023-09-25T12:37:38","slug":"berkel-juego-de-6-cuchillos-lisos-para-carne-adhoc-negro","status":"publish","type":"product","link":"https:\/\/www.erresse-shop.it\/es\/shop\/cocina\/cuchillos\/cuchillos-de-mesa\/berkel-juego-de-6-cuchillos-lisos-para-carne-adhoc-negro\/","title":{"rendered":"BERKEL Juego de 6 Cuchillos Lisos para Carne Adhoc Negro"},"content":{"rendered":"<p><strong>JUEGO DE 6 CUCHILLOS DE MESA PARA PLATOS DE CARNE<\/strong><\/p>\n<p>Este juego de seis cuchillos para carne se caracteriza por su hoja corta y su pr\u00e1ctico mango con remaches. Gracias a su punta y a su afilado, los cuchillos permiten cortar la carne cocinada con precisi\u00f3n, limitando el deshilachado. Juego para seis comensales fabricado en acero inoxidable, est\u00e1 dise\u00f1ado para resistir la corrosi\u00f3n y el roce con la cer\u00e1mica del plato, garantizando su uso diario y su durabilidad.<\/p>\n<ul>\n<li>Hoja de acero al cromo-molibdeno-vanadio de alta calidad 1.4116-X50 Cr Mo V15<\/li>\n<li>Hoja cortada con l\u00e1ser<\/li>\n<li>Empu\u00f1adura compuesta por asas de resina ensambladas con remaches de acero AISI 304 sin ranuras para evitar la acumulaci\u00f3n de residuos<\/li>\n<li>Nudo de acero para garantizar la m\u00e1xima adherencia entre la hoja y el mango y el perfecto equilibrio del cuchillo durante su uso<\/li>\n<li>Logotipo de Berkel grabado en la hoja<\/li>\n<\/ul>\n<p><strong>CARACTER\u00cdSTICAS<\/strong><\/p>\n<p><strong>Peso:<\/strong> 390 gr<br \/>\n<strong>Tama\u00f1o de la hoja:<\/strong> 11 cm<br \/>\n<strong>Longitud total:<\/strong> 22 cm<br \/>\n<strong>Material de la hoja:<\/strong> Acero inoxidable 1.4116-X50 Cr Mo V15; Dureza despu\u00e9s del T.T: 53-54 HRC; Papel: Bueno; Remaches: Acero AISI 304<br \/>\n<strong>Empu\u00f1adura:<\/strong> Empu\u00f1aduras de resina ensambladas con remaches<br \/>\n<strong>Uso y mantenimiento:<\/strong> Recomendamos encarecidamente el lavado manual en agua caliente para garantizar la integridad y la durabilidad del producto. En cualquier caso, se aconseja secar el cuchillo despu\u00e9s de cada lavado. No utilice tejidos o esponjas abrasivas.<\/p>\n","protected":false},"excerpt":{"rendered":"<p>JUEGO DE 6 CUCHILLOS DE MESA PARA PLATOS DE CARNE Este juego de seis cuchillos para carne se caracteriza por<\/p>\n","protected":false},"featured_media":163476,"template":"","meta":{"_acf_changed":false,"inline_featured_image":false},"product_cat":[16040,16043,16046],"product_tag":[17326,16432,17292,16552,16307,24605],"acf":[],"yoast_head":"<!-- This site is optimized with the Yoast SEO Premium plugin v18.6 (Yoast SEO v19.13) - https:\/\/yoast.com\/wordpress\/plugins\/seo\/ -->\n<title>BERKEL Juego de 6 Cuchillos Lisos para Carne Adhoc Negro - Erresse Shop<\/title>\n<meta name=\"description\" content=\"JUEGO DE 6 CUCHILLOS DE MESA PARA PLATOS DE CARNE Este juego de seis cuchillos para carne se caracteriza por su hoja corta y su pr\u00e1ctico mango con\" \/>\n<meta name=\"robots\" content=\"index, follow, max-snippet:-1, max-image-preview:large, max-video-preview:-1\" \/>\n<link rel=\"canonical\" href=\"https:\/\/www.erresse-shop.it\/es\/shop\/cocina\/cuchillos\/cuchillos-de-mesa\/berkel-juego-de-6-cuchillos-lisos-para-carne-adhoc-negro\/\" \/>\n<meta property=\"og:locale\" content=\"es_ES\" \/>\n<meta property=\"og:type\" content=\"article\" \/>\n<meta property=\"og:title\" content=\"BERKEL Juego de 6 Cuchillos Lisos para Carne Adhoc Negro\" \/>\n<meta property=\"og:description\" content=\"JUEGO DE 6 CUCHILLOS DE MESA PARA PLATOS DE CARNE Este juego de seis cuchillos para carne se caracteriza por su hoja corta y su pr\u00e1ctico mango con\" \/>\n<meta property=\"og:url\" content=\"https:\/\/www.erresse-shop.it\/es\/shop\/cocina\/cuchillos\/cuchillos-de-mesa\/berkel-juego-de-6-cuchillos-lisos-para-carne-adhoc-negro\/\" \/>\n<meta property=\"og:site_name\" content=\"Erresse Shop\" \/>\n<meta property=\"article:modified_time\" content=\"2023-09-25T12:37:38+00:00\" \/>\n<meta property=\"og:image\" content=\"https:\/\/www.erresse-shop.it\/wp-content\/uploads\/2022\/03\/BERKEL-Set-6-Coltelli-Lisci-Bistecca-Nero.jpg\" \/>\n\t<meta property=\"og:image:width\" content=\"800\" \/>\n\t<meta property=\"og:image:height\" content=\"800\" \/>\n\t<meta property=\"og:image:type\" content=\"image\/jpeg\" \/>\n<meta name=\"twitter:card\" content=\"summary_large_image\" \/>\n<script type=\"application\/ld+json\" class=\"yoast-schema-graph\">{\"@context\":\"https:\/\/schema.org\",\"@graph\":[{\"@type\":\"WebPage\",\"@id\":\"https:\/\/www.erresse-shop.it\/es\/shop\/cocina\/cuchillos\/cuchillos-de-mesa\/berkel-juego-de-6-cuchillos-lisos-para-carne-adhoc-negro\/\",\"url\":\"https:\/\/www.erresse-shop.it\/es\/shop\/cocina\/cuchillos\/cuchillos-de-mesa\/berkel-juego-de-6-cuchillos-lisos-para-carne-adhoc-negro\/\",\"name\":\"BERKEL Juego de 6 Cuchillos Lisos para Carne Adhoc Negro - Erresse Shop\",\"isPartOf\":{\"@id\":\"https:\/\/www.erresse-shop.it\/es\/#website\"},\"datePublished\":\"2022-02-21T14:48:54+00:00\",\"dateModified\":\"2023-09-25T12:37:38+00:00\",\"description\":\"JUEGO DE 6 CUCHILLOS DE MESA PARA PLATOS DE CARNE Este juego de seis cuchillos para carne se caracteriza por su hoja corta y su pr\u00e1ctico mango con\",\"breadcrumb\":{\"@id\":\"https:\/\/www.erresse-shop.it\/es\/shop\/cocina\/cuchillos\/cuchillos-de-mesa\/berkel-juego-de-6-cuchillos-lisos-para-carne-adhoc-negro\/#breadcrumb\"},\"inLanguage\":\"es\",\"potentialAction\":[{\"@type\":\"ReadAction\",\"target\":[\"https:\/\/www.erresse-shop.it\/es\/shop\/cocina\/cuchillos\/cuchillos-de-mesa\/berkel-juego-de-6-cuchillos-lisos-para-carne-adhoc-negro\/\"]}]},{\"@type\":\"BreadcrumbList\",\"@id\":\"https:\/\/www.erresse-shop.it\/es\/shop\/cocina\/cuchillos\/cuchillos-de-mesa\/berkel-juego-de-6-cuchillos-lisos-para-carne-adhoc-negro\/#breadcrumb\",\"itemListElement\":[{\"@type\":\"ListItem\",\"position\":1,\"name\":\"Home\",\"item\":\"https:\/\/www.erresse-shop.it\/es\/\"},{\"@type\":\"ListItem\",\"position\":2,\"name\":\"Shop\",\"item\":\"https:\/\/www.erresse-shop.it\/es\/shop\/\"},{\"@type\":\"ListItem\",\"position\":3,\"name\":\"BERKEL Juego de 6 Cuchillos Lisos para Carne Adhoc Negro\"}]},{\"@type\":\"WebSite\",\"@id\":\"https:\/\/www.erresse-shop.it\/es\/#website\",\"url\":\"https:\/\/www.erresse-shop.it\/es\/\",\"name\":\"Erresse Shop\",\"description\":\"Articoli di qualit\u00e0 per la casa\",\"potentialAction\":[{\"@type\":\"SearchAction\",\"target\":{\"@type\":\"EntryPoint\",\"urlTemplate\":\"https:\/\/www.erresse-shop.it\/es\/?s={search_term_string}\"},\"query-input\":\"required name=search_term_string\"}],\"inLanguage\":\"es\"}]}<\/script>\n<!-- \/ Yoast SEO Premium plugin. -->","yoast_head_json":{"title":"BERKEL Juego de 6 Cuchillos Lisos para Carne Adhoc Negro - Erresse Shop","description":"JUEGO DE 6 CUCHILLOS DE MESA PARA PLATOS DE CARNE Este juego de seis cuchillos para carne se caracteriza por su hoja corta y su pr\u00e1ctico mango con","robots":{"index":"index","follow":"follow","max-snippet":"max-snippet:-1","max-image-preview":"max-image-preview:large","max-video-preview":"max-video-preview:-1"},"canonical":"https:\/\/www.erresse-shop.it\/es\/shop\/cocina\/cuchillos\/cuchillos-de-mesa\/berkel-juego-de-6-cuchillos-lisos-para-carne-adhoc-negro\/","og_locale":"es_ES","og_type":"article","og_title":"BERKEL Juego de 6 Cuchillos Lisos para Carne Adhoc Negro","og_description":"JUEGO DE 6 CUCHILLOS DE MESA PARA PLATOS DE CARNE Este juego de seis cuchillos para carne se caracteriza por su hoja corta y su pr\u00e1ctico mango con","og_url":"https:\/\/www.erresse-shop.it\/es\/shop\/cocina\/cuchillos\/cuchillos-de-mesa\/berkel-juego-de-6-cuchillos-lisos-para-carne-adhoc-negro\/","og_site_name":"Erresse Shop","article_modified_time":"2023-09-25T12:37:38+00:00","og_image":[{"width":800,"height":800,"url":"https:\/\/www.erresse-shop.it\/wp-content\/uploads\/2022\/03\/BERKEL-Set-6-Coltelli-Lisci-Bistecca-Nero.jpg","type":"image\/jpeg"}],"twitter_card":"summary_large_image","schema":{"@context":"https:\/\/schema.org","@graph":[{"@type":"WebPage","@id":"https:\/\/www.erresse-shop.it\/es\/shop\/cocina\/cuchillos\/cuchillos-de-mesa\/berkel-juego-de-6-cuchillos-lisos-para-carne-adhoc-negro\/","url":"https:\/\/www.erresse-shop.it\/es\/shop\/cocina\/cuchillos\/cuchillos-de-mesa\/berkel-juego-de-6-cuchillos-lisos-para-carne-adhoc-negro\/","name":"BERKEL Juego de 6 Cuchillos Lisos para Carne Adhoc Negro - Erresse Shop","isPartOf":{"@id":"https:\/\/www.erresse-shop.it\/es\/#website"},"datePublished":"2022-02-21T14:48:54+00:00","dateModified":"2023-09-25T12:37:38+00:00","description":"JUEGO DE 6 CUCHILLOS DE MESA PARA PLATOS DE CARNE Este juego de seis cuchillos para carne se caracteriza por su hoja corta y su pr\u00e1ctico mango con","breadcrumb":{"@id":"https:\/\/www.erresse-shop.it\/es\/shop\/cocina\/cuchillos\/cuchillos-de-mesa\/berkel-juego-de-6-cuchillos-lisos-para-carne-adhoc-negro\/#breadcrumb"},"inLanguage":"es","potentialAction":[{"@type":"ReadAction","target":["https:\/\/www.erresse-shop.it\/es\/shop\/cocina\/cuchillos\/cuchillos-de-mesa\/berkel-juego-de-6-cuchillos-lisos-para-carne-adhoc-negro\/"]}]},{"@type":"BreadcrumbList","@id":"https:\/\/www.erresse-shop.it\/es\/shop\/cocina\/cuchillos\/cuchillos-de-mesa\/berkel-juego-de-6-cuchillos-lisos-para-carne-adhoc-negro\/#breadcrumb","itemListElement":[{"@type":"ListItem","position":1,"name":"Home","item":"https:\/\/www.erresse-shop.it\/es\/"},{"@type":"ListItem","position":2,"name":"Shop","item":"https:\/\/www.erresse-shop.it\/es\/shop\/"},{"@type":"ListItem","position":3,"name":"BERKEL Juego de 6 Cuchillos Lisos para Carne Adhoc Negro"}]},{"@type":"WebSite","@id":"https:\/\/www.erresse-shop.it\/es\/#website","url":"https:\/\/www.erresse-shop.it\/es\/","name":"Erresse Shop","description":"Articoli di qualit\u00e0 per la casa","potentialAction":[{"@type":"SearchAction","target":{"@type":"EntryPoint","urlTemplate":"https:\/\/www.erresse-shop.it\/es\/?s={search_term_string}"},"query-input":"required name=search_term_string"}],"inLanguage":"es"}]}},"df_price":65,"df_sale_price":65,"df_regular_price":130,"df_image_link":"https:\/\/www.erresse-shop.it\/wp-content\/uploads\/2022\/03\/BERKEL-Set-6-Coltelli-Lisci-Bistecca-Nero-300x300.jpg","_links":{"self":[{"href":"https:\/\/www.erresse-shop.it\/es\/wp-json\/wp\/v2\/product\/140899"}],"collection":[{"href":"https:\/\/www.erresse-shop.it\/es\/wp-json\/wp\/v2\/product"}],"about":[{"href":"https:\/\/www.erresse-shop.it\/es\/wp-json\/wp\/v2\/types\/product"}],"wp:featuredmedia":[{"embeddable":true,"href":"https:\/\/www.erresse-shop.it\/es\/wp-json\/wp\/v2\/media\/163476"}],"wp:attachment":[{"href":"https:\/\/www.erresse-shop.it\/es\/wp-json\/wp\/v2\/media?parent=140899"}],"wp:term":[{"taxonomy":"product_cat","embeddable":true,"href":"https:\/\/www.erresse-shop.it\/es\/wp-json\/wp\/v2\/product_cat?post=140899"},{"taxonomy":"product_tag","embeddable":true,"href":"https:\/\/www.erresse-shop.it\/es\/wp-json\/wp\/v2\/product_tag?post=140899"}],"curies":[{"name":"wp","href":"https:\/\/api.w.org\/{rel}","templated":true}]}}