{"id":139994,"date":"2020-06-05T12:47:35","date_gmt":"2020-06-05T12:47:35","guid":{"rendered":"https:\/\/www.erresse-shop.it\/shop\/sin categor\u00eda\/seletti-lampara-camaleon-right-going-down-2\/"},"modified":"2023-07-31T00:05:13","modified_gmt":"2023-07-31T00:05:13","slug":"seletti-lampara-camaleon-right-going-down-2","status":"publish","type":"product","link":"https:\/\/www.erresse-shop.it\/es\/shop\/mobiliario\/lamparas\/seletti-lampara-camaleon-right-going-down-2\/","title":{"rendered":"SELETTI L\u00e1mpara Camale\u00f3n Right Going Down"},"content":{"rendered":"<p>Tres camaleones blancos, indiferentes y extrovertidos, son la decoraci\u00f3n perfecta para casas camufladas y presumidas que no temen las miradas indiscretas.<\/p>\n<ul>\n<li>Dise\u00f1ador: Marcantonio<\/li>\n<li>Material: Resina<\/li>\n<li>Dimensiones: cm.17&#215;9 h.14\u22486,7&#8243; x 3,5&#8243; h. 5,5&#8243; \u2248<\/li>\n<li>S\u00f3lo para uso en interiores | Bombilla LED incluida | E12 &#8211; 2W &#8211; 150 Lumen &#8211; 2200K LUZ LED CALIENTE | Versi\u00f3n UE\/Reino Unido: Entrada 230V &#8211; 50 Hz | Versi\u00f3n EE.UU.: Entrada 120 V &#8211; 60 Hz |<\/li>\n<li>Hueco: 2,5 mt.<\/li>\n<li>Toma USB<\/li>\n<\/ul>\n","protected":false},"excerpt":{"rendered":"<p>Tres camaleones blancos, indiferentes y extrovertidos, son la decoraci\u00f3n perfecta para casas camufladas y presumidas que no temen las miradas<\/p>\n","protected":false},"featured_media":140005,"template":"","meta":{"_acf_changed":false,"inline_featured_image":false},"product_cat":[16017,16016],"product_tag":[17062,18400,16836,16840,25403,25023],"acf":[],"yoast_head":"<!-- This site is optimized with the Yoast SEO Premium plugin v18.6 (Yoast SEO v19.13) - https:\/\/yoast.com\/wordpress\/plugins\/seo\/ -->\n<title>SELETTI L\u00e1mpara Camale\u00f3n Right Going Down - Erresse Shop<\/title>\n<meta name=\"description\" content=\"Tres camaleones blancos, indiferentes y extrovertidos, son la decoraci\u00f3n perfecta para casas camufladas y presumidas que no temen las miradas indiscretas.\" \/>\n<meta name=\"robots\" content=\"index, follow, max-snippet:-1, max-image-preview:large, max-video-preview:-1\" \/>\n<link rel=\"canonical\" href=\"https:\/\/www.erresse-shop.it\/es\/shop\/mobiliario\/lamparas\/seletti-lampara-camaleon-right-going-down-2\/\" \/>\n<meta property=\"og:locale\" content=\"es_ES\" \/>\n<meta property=\"og:type\" content=\"article\" \/>\n<meta property=\"og:title\" content=\"SELETTI L\u00e1mpara Camale\u00f3n Right Going Down\" \/>\n<meta property=\"og:description\" content=\"Tres camaleones blancos, indiferentes y extrovertidos, son la decoraci\u00f3n perfecta para casas camufladas y presumidas que no temen las miradas indiscretas.\" \/>\n<meta property=\"og:url\" content=\"https:\/\/www.erresse-shop.it\/es\/shop\/mobiliario\/lamparas\/seletti-lampara-camaleon-right-going-down-2\/\" \/>\n<meta property=\"og:site_name\" content=\"Erresse Shop\" \/>\n<meta property=\"article:modified_time\" content=\"2023-07-31T00:05:13+00:00\" \/>\n<meta property=\"og:image\" content=\"https:\/\/www.erresse-shop.it\/wp-content\/uploads\/2020\/06\/14662_2.jpg\" \/>\n\t<meta property=\"og:image:width\" content=\"900\" \/>\n\t<meta property=\"og:image:height\" content=\"1200\" \/>\n\t<meta property=\"og:image:type\" content=\"image\/jpeg\" \/>\n<meta name=\"twitter:card\" content=\"summary_large_image\" \/>\n<script type=\"application\/ld+json\" class=\"yoast-schema-graph\">{\"@context\":\"https:\/\/schema.org\",\"@graph\":[{\"@type\":\"WebPage\",\"@id\":\"https:\/\/www.erresse-shop.it\/es\/shop\/mobiliario\/lamparas\/seletti-lampara-camaleon-right-going-down-2\/\",\"url\":\"https:\/\/www.erresse-shop.it\/es\/shop\/mobiliario\/lamparas\/seletti-lampara-camaleon-right-going-down-2\/\",\"name\":\"SELETTI L\u00e1mpara Camale\u00f3n Right Going Down - Erresse Shop\",\"isPartOf\":{\"@id\":\"https:\/\/www.erresse-shop.it\/es\/#website\"},\"datePublished\":\"2020-06-05T12:47:35+00:00\",\"dateModified\":\"2023-07-31T00:05:13+00:00\",\"description\":\"Tres camaleones blancos, indiferentes y extrovertidos, son la decoraci\u00f3n perfecta para casas camufladas y presumidas que no temen las miradas indiscretas.\",\"breadcrumb\":{\"@id\":\"https:\/\/www.erresse-shop.it\/es\/shop\/mobiliario\/lamparas\/seletti-lampara-camaleon-right-going-down-2\/#breadcrumb\"},\"inLanguage\":\"es\",\"potentialAction\":[{\"@type\":\"ReadAction\",\"target\":[\"https:\/\/www.erresse-shop.it\/es\/shop\/mobiliario\/lamparas\/seletti-lampara-camaleon-right-going-down-2\/\"]}]},{\"@type\":\"BreadcrumbList\",\"@id\":\"https:\/\/www.erresse-shop.it\/es\/shop\/mobiliario\/lamparas\/seletti-lampara-camaleon-right-going-down-2\/#breadcrumb\",\"itemListElement\":[{\"@type\":\"ListItem\",\"position\":1,\"name\":\"Home\",\"item\":\"https:\/\/www.erresse-shop.it\/es\/\"},{\"@type\":\"ListItem\",\"position\":2,\"name\":\"Shop\",\"item\":\"https:\/\/www.erresse-shop.it\/es\/shop\/\"},{\"@type\":\"ListItem\",\"position\":3,\"name\":\"SELETTI L\u00e1mpara Camale\u00f3n Right Going Down\"}]},{\"@type\":\"WebSite\",\"@id\":\"https:\/\/www.erresse-shop.it\/es\/#website\",\"url\":\"https:\/\/www.erresse-shop.it\/es\/\",\"name\":\"Erresse Shop\",\"description\":\"Articoli di qualit\u00e0 per la casa\",\"potentialAction\":[{\"@type\":\"SearchAction\",\"target\":{\"@type\":\"EntryPoint\",\"urlTemplate\":\"https:\/\/www.erresse-shop.it\/es\/?s={search_term_string}\"},\"query-input\":\"required name=search_term_string\"}],\"inLanguage\":\"es\"}]}<\/script>\n<!-- \/ Yoast SEO Premium plugin. -->","yoast_head_json":{"title":"SELETTI L\u00e1mpara Camale\u00f3n Right Going Down - Erresse Shop","description":"Tres camaleones blancos, indiferentes y extrovertidos, son la decoraci\u00f3n perfecta para casas camufladas y presumidas que no temen las miradas indiscretas.","robots":{"index":"index","follow":"follow","max-snippet":"max-snippet:-1","max-image-preview":"max-image-preview:large","max-video-preview":"max-video-preview:-1"},"canonical":"https:\/\/www.erresse-shop.it\/es\/shop\/mobiliario\/lamparas\/seletti-lampara-camaleon-right-going-down-2\/","og_locale":"es_ES","og_type":"article","og_title":"SELETTI L\u00e1mpara Camale\u00f3n Right Going Down","og_description":"Tres camaleones blancos, indiferentes y extrovertidos, son la decoraci\u00f3n perfecta para casas camufladas y presumidas que no temen las miradas indiscretas.","og_url":"https:\/\/www.erresse-shop.it\/es\/shop\/mobiliario\/lamparas\/seletti-lampara-camaleon-right-going-down-2\/","og_site_name":"Erresse Shop","article_modified_time":"2023-07-31T00:05:13+00:00","og_image":[{"width":900,"height":1200,"url":"https:\/\/www.erresse-shop.it\/wp-content\/uploads\/2020\/06\/14662_2.jpg","type":"image\/jpeg"}],"twitter_card":"summary_large_image","schema":{"@context":"https:\/\/schema.org","@graph":[{"@type":"WebPage","@id":"https:\/\/www.erresse-shop.it\/es\/shop\/mobiliario\/lamparas\/seletti-lampara-camaleon-right-going-down-2\/","url":"https:\/\/www.erresse-shop.it\/es\/shop\/mobiliario\/lamparas\/seletti-lampara-camaleon-right-going-down-2\/","name":"SELETTI L\u00e1mpara Camale\u00f3n Right Going Down - Erresse Shop","isPartOf":{"@id":"https:\/\/www.erresse-shop.it\/es\/#website"},"datePublished":"2020-06-05T12:47:35+00:00","dateModified":"2023-07-31T00:05:13+00:00","description":"Tres camaleones blancos, indiferentes y extrovertidos, son la decoraci\u00f3n perfecta para casas camufladas y presumidas que no temen las miradas indiscretas.","breadcrumb":{"@id":"https:\/\/www.erresse-shop.it\/es\/shop\/mobiliario\/lamparas\/seletti-lampara-camaleon-right-going-down-2\/#breadcrumb"},"inLanguage":"es","potentialAction":[{"@type":"ReadAction","target":["https:\/\/www.erresse-shop.it\/es\/shop\/mobiliario\/lamparas\/seletti-lampara-camaleon-right-going-down-2\/"]}]},{"@type":"BreadcrumbList","@id":"https:\/\/www.erresse-shop.it\/es\/shop\/mobiliario\/lamparas\/seletti-lampara-camaleon-right-going-down-2\/#breadcrumb","itemListElement":[{"@type":"ListItem","position":1,"name":"Home","item":"https:\/\/www.erresse-shop.it\/es\/"},{"@type":"ListItem","position":2,"name":"Shop","item":"https:\/\/www.erresse-shop.it\/es\/shop\/"},{"@type":"ListItem","position":3,"name":"SELETTI L\u00e1mpara Camale\u00f3n Right Going Down"}]},{"@type":"WebSite","@id":"https:\/\/www.erresse-shop.it\/es\/#website","url":"https:\/\/www.erresse-shop.it\/es\/","name":"Erresse Shop","description":"Articoli di qualit\u00e0 per la casa","potentialAction":[{"@type":"SearchAction","target":{"@type":"EntryPoint","urlTemplate":"https:\/\/www.erresse-shop.it\/es\/?s={search_term_string}"},"query-input":"required name=search_term_string"}],"inLanguage":"es"}]}},"df_price":51.300000000000004,"df_sale_price":51.300000000000004,"df_regular_price":114,"df_image_link":"https:\/\/www.erresse-shop.it\/wp-content\/uploads\/2020\/06\/14662_2-225x300.jpg","_links":{"self":[{"href":"https:\/\/www.erresse-shop.it\/es\/wp-json\/wp\/v2\/product\/139994"}],"collection":[{"href":"https:\/\/www.erresse-shop.it\/es\/wp-json\/wp\/v2\/product"}],"about":[{"href":"https:\/\/www.erresse-shop.it\/es\/wp-json\/wp\/v2\/types\/product"}],"wp:featuredmedia":[{"embeddable":true,"href":"https:\/\/www.erresse-shop.it\/es\/wp-json\/wp\/v2\/media\/140005"}],"wp:attachment":[{"href":"https:\/\/www.erresse-shop.it\/es\/wp-json\/wp\/v2\/media?parent=139994"}],"wp:term":[{"taxonomy":"product_cat","embeddable":true,"href":"https:\/\/www.erresse-shop.it\/es\/wp-json\/wp\/v2\/product_cat?post=139994"},{"taxonomy":"product_tag","embeddable":true,"href":"https:\/\/www.erresse-shop.it\/es\/wp-json\/wp\/v2\/product_tag?post=139994"}],"curies":[{"name":"wp","href":"https:\/\/api.w.org\/{rel}","templated":true}]}}