{"id":138504,"date":"2022-01-25T11:08:38","date_gmt":"2022-01-25T11:08:39","guid":{"rendered":"https:\/\/www.erresse-shop.it\/?post_type=product&#038;p=138504"},"modified":"2023-03-03T14:01:09","modified_gmt":"2023-03-03T14:01:09","slug":"les-jardins-de-la-comtesse-cesta-de-pcnic-2-personas-champs-elysees","status":"publish","type":"product","link":"https:\/\/www.erresse-shop.it\/es\/shop\/tabla\/cestas-de-picnic\/les-jardins-de-la-comtesse-cesta-de-pcnic-2-personas-champs-elysees\/","title":{"rendered":"LES JARDINS DE LA COMTESSE Cesta de Pcnic 2 Personas Champs Elys\u00e9es"},"content":{"rendered":"<p>La de los Campos El\u00edseos es la m\u00e1s bella de nuestras cestas de picnic para 2 personas. Est\u00e1 hecha de mimbre y cuero de color miel. Esta cesta de picnic para 2 personas combina lujo, tradici\u00f3n y sofisticaci\u00f3n. Si quieres pasar un rato inolvidable, esta cesta de picnic es ideal para ti. Un espl\u00e9ndido regalo para dos reci\u00e9n casados o para poner en la parte trasera de un coche de coleccionista.<\/p>\n<p>Esta cesta ha sido elaborada a mano con sauce. Consta de 2 grandes correas de cuero con costura, cubiertas y rematadas con dos hebillas met\u00e1licas.<\/p>\n<p>Un asa recubierta de cuero cosido permite transportar la cesta con facilidad. En el lateral, la cesta est\u00e1 equipada con 2 correas de cuero con costuras para guardar el mantel. El interior de la cesta de picnic est\u00e1 cubierto de algod\u00f3n azul oscuro con un monograma. Un bolsillo isot\u00e9rmico extra\u00edble completa la cesta. Sus platos, vasos, cubiertos y accesorios son aptos para el lavavajillas.<\/p>\n<p>CONTENIDO<br \/>\n&#8211; 2 platos (di\u00e1metro 20 cm) de aut\u00e9ntica porcelana fina con monograma del escudo de Les Jardins de la Comtesse. Las placas se sujetan con correas de cuero cosidas a ambos lados.<br \/>\n&#8211; 2 copas de cristal (14 cl) dispuestas en compartimentos individuales de mimbre y sujetas por una correa de cuero.<br \/>\n&#8211; 2 juegos completos de cubiertos de dise\u00f1o en acero inoxidable 18\/0, compuestos por 2 cuchillos, 2 tenedores y 2 cucharas, sujetos por correas de cuero cosidas.<br \/>\n&#8211; Salero y pimentero de metal guardados en una bolsa de cuero.<br \/>\n&#8211; Un sacacorchos, un sacabocados y un abridor de botellas, guardados en una bolsa de cuero.<br \/>\n&#8211; 2 lazos de cuero para sujetar una botella<br \/>\n&#8211; 1 compartimento isot\u00e9rmico (26 x 16 x 14 cm) para almacenar alimentos<br \/>\n&#8211; 2 servilletas de algod\u00f3n azul oscuro con monograma 30 x 30 cm<br \/>\n&#8211; 1 lona impermeable azul oscuro de 120 x 145 cm<br \/>\n&#8211; 1 bolsa peque\u00f1a para guardar los platos sucios<\/p>\n<p>Tama\u00f1o del ba\u00fal : 48 X 33 X 21 cm.<br \/>\nPeso neto : 4,5 kg<\/p>\n","protected":false},"excerpt":{"rendered":"<p>La de los Campos El\u00edseos es la m\u00e1s bella de nuestras cestas de picnic para 2 personas. Est\u00e1 hecha de<\/p>\n","protected":false},"featured_media":138530,"template":"","meta":{"_acf_changed":false,"inline_featured_image":false},"product_cat":[16038,16027],"product_tag":[25039,16167,16225,24399,16261,24605,25023],"acf":[],"yoast_head":"<!-- This site is optimized with the Yoast SEO Premium plugin v18.6 (Yoast SEO v19.13) - https:\/\/yoast.com\/wordpress\/plugins\/seo\/ -->\n<title>LES JARDINS DE LA COMTESSE Cesta de Pcnic 2 Personas Champs Elys\u00e9es - Erresse Shop<\/title>\n<meta name=\"description\" content=\"La de los Campos El\u00edseos es la m\u00e1s bella de nuestras cestas de picnic para 2 personas. Est\u00e1 hecha de mimbre y cuero de color miel. Esta cesta de picnic\" \/>\n<meta name=\"robots\" content=\"index, follow, max-snippet:-1, max-image-preview:large, max-video-preview:-1\" \/>\n<link rel=\"canonical\" href=\"https:\/\/www.erresse-shop.it\/es\/shop\/tabla\/cestas-de-picnic\/les-jardins-de-la-comtesse-cesta-de-pcnic-2-personas-champs-elysees\/\" \/>\n<meta property=\"og:locale\" content=\"es_ES\" \/>\n<meta property=\"og:type\" content=\"article\" \/>\n<meta property=\"og:title\" content=\"LES JARDINS DE LA COMTESSE Cesta de Pcnic 2 Personas Champs Elys\u00e9es\" \/>\n<meta property=\"og:description\" content=\"La de los Campos El\u00edseos es la m\u00e1s bella de nuestras cestas de picnic para 2 personas. Est\u00e1 hecha de mimbre y cuero de color miel. Esta cesta de picnic\" \/>\n<meta property=\"og:url\" content=\"https:\/\/www.erresse-shop.it\/es\/shop\/tabla\/cestas-de-picnic\/les-jardins-de-la-comtesse-cesta-de-pcnic-2-personas-champs-elysees\/\" \/>\n<meta property=\"og:site_name\" content=\"Erresse Shop\" \/>\n<meta property=\"article:modified_time\" content=\"2023-03-03T14:01:09+00:00\" \/>\n<meta property=\"og:image\" content=\"https:\/\/www.erresse-shop.it\/wp-content\/uploads\/2022\/01\/LES-JARDINS-DE-LA-COMTESSE-Cestino-Picnic-Champs-Elysees-Blu.jpg\" \/>\n\t<meta property=\"og:image:width\" content=\"1000\" \/>\n\t<meta property=\"og:image:height\" content=\"1000\" \/>\n\t<meta property=\"og:image:type\" content=\"image\/jpeg\" \/>\n<meta name=\"twitter:card\" content=\"summary_large_image\" \/>\n<script type=\"application\/ld+json\" class=\"yoast-schema-graph\">{\"@context\":\"https:\/\/schema.org\",\"@graph\":[{\"@type\":\"WebPage\",\"@id\":\"https:\/\/www.erresse-shop.it\/es\/shop\/tabla\/cestas-de-picnic\/les-jardins-de-la-comtesse-cesta-de-pcnic-2-personas-champs-elysees\/\",\"url\":\"https:\/\/www.erresse-shop.it\/es\/shop\/tabla\/cestas-de-picnic\/les-jardins-de-la-comtesse-cesta-de-pcnic-2-personas-champs-elysees\/\",\"name\":\"LES JARDINS DE LA COMTESSE Cesta de Pcnic 2 Personas Champs Elys\u00e9es - Erresse Shop\",\"isPartOf\":{\"@id\":\"https:\/\/www.erresse-shop.it\/es\/#website\"},\"datePublished\":\"2022-01-25T11:08:39+00:00\",\"dateModified\":\"2023-03-03T14:01:09+00:00\",\"description\":\"La de los Campos El\u00edseos es la m\u00e1s bella de nuestras cestas de picnic para 2 personas. Est\u00e1 hecha de mimbre y cuero de color miel. Esta cesta de picnic\",\"breadcrumb\":{\"@id\":\"https:\/\/www.erresse-shop.it\/es\/shop\/tabla\/cestas-de-picnic\/les-jardins-de-la-comtesse-cesta-de-pcnic-2-personas-champs-elysees\/#breadcrumb\"},\"inLanguage\":\"es\",\"potentialAction\":[{\"@type\":\"ReadAction\",\"target\":[\"https:\/\/www.erresse-shop.it\/es\/shop\/tabla\/cestas-de-picnic\/les-jardins-de-la-comtesse-cesta-de-pcnic-2-personas-champs-elysees\/\"]}]},{\"@type\":\"BreadcrumbList\",\"@id\":\"https:\/\/www.erresse-shop.it\/es\/shop\/tabla\/cestas-de-picnic\/les-jardins-de-la-comtesse-cesta-de-pcnic-2-personas-champs-elysees\/#breadcrumb\",\"itemListElement\":[{\"@type\":\"ListItem\",\"position\":1,\"name\":\"Home\",\"item\":\"https:\/\/www.erresse-shop.it\/es\/\"},{\"@type\":\"ListItem\",\"position\":2,\"name\":\"Shop\",\"item\":\"https:\/\/www.erresse-shop.it\/es\/shop\/\"},{\"@type\":\"ListItem\",\"position\":3,\"name\":\"LES JARDINS DE LA COMTESSE Cesta de Pcnic 2 Personas Champs Elys\u00e9es\"}]},{\"@type\":\"WebSite\",\"@id\":\"https:\/\/www.erresse-shop.it\/es\/#website\",\"url\":\"https:\/\/www.erresse-shop.it\/es\/\",\"name\":\"Erresse Shop\",\"description\":\"Articoli di qualit\u00e0 per la casa\",\"potentialAction\":[{\"@type\":\"SearchAction\",\"target\":{\"@type\":\"EntryPoint\",\"urlTemplate\":\"https:\/\/www.erresse-shop.it\/es\/?s={search_term_string}\"},\"query-input\":\"required name=search_term_string\"}],\"inLanguage\":\"es\"}]}<\/script>\n<!-- \/ Yoast SEO Premium plugin. -->","yoast_head_json":{"title":"LES JARDINS DE LA COMTESSE Cesta de Pcnic 2 Personas Champs Elys\u00e9es - Erresse Shop","description":"La de los Campos El\u00edseos es la m\u00e1s bella de nuestras cestas de picnic para 2 personas. Est\u00e1 hecha de mimbre y cuero de color miel. Esta cesta de picnic","robots":{"index":"index","follow":"follow","max-snippet":"max-snippet:-1","max-image-preview":"max-image-preview:large","max-video-preview":"max-video-preview:-1"},"canonical":"https:\/\/www.erresse-shop.it\/es\/shop\/tabla\/cestas-de-picnic\/les-jardins-de-la-comtesse-cesta-de-pcnic-2-personas-champs-elysees\/","og_locale":"es_ES","og_type":"article","og_title":"LES JARDINS DE LA COMTESSE Cesta de Pcnic 2 Personas Champs Elys\u00e9es","og_description":"La de los Campos El\u00edseos es la m\u00e1s bella de nuestras cestas de picnic para 2 personas. Est\u00e1 hecha de mimbre y cuero de color miel. Esta cesta de picnic","og_url":"https:\/\/www.erresse-shop.it\/es\/shop\/tabla\/cestas-de-picnic\/les-jardins-de-la-comtesse-cesta-de-pcnic-2-personas-champs-elysees\/","og_site_name":"Erresse Shop","article_modified_time":"2023-03-03T14:01:09+00:00","og_image":[{"width":1000,"height":1000,"url":"https:\/\/www.erresse-shop.it\/wp-content\/uploads\/2022\/01\/LES-JARDINS-DE-LA-COMTESSE-Cestino-Picnic-Champs-Elysees-Blu.jpg","type":"image\/jpeg"}],"twitter_card":"summary_large_image","schema":{"@context":"https:\/\/schema.org","@graph":[{"@type":"WebPage","@id":"https:\/\/www.erresse-shop.it\/es\/shop\/tabla\/cestas-de-picnic\/les-jardins-de-la-comtesse-cesta-de-pcnic-2-personas-champs-elysees\/","url":"https:\/\/www.erresse-shop.it\/es\/shop\/tabla\/cestas-de-picnic\/les-jardins-de-la-comtesse-cesta-de-pcnic-2-personas-champs-elysees\/","name":"LES JARDINS DE LA COMTESSE Cesta de Pcnic 2 Personas Champs Elys\u00e9es - Erresse Shop","isPartOf":{"@id":"https:\/\/www.erresse-shop.it\/es\/#website"},"datePublished":"2022-01-25T11:08:39+00:00","dateModified":"2023-03-03T14:01:09+00:00","description":"La de los Campos El\u00edseos es la m\u00e1s bella de nuestras cestas de picnic para 2 personas. Est\u00e1 hecha de mimbre y cuero de color miel. Esta cesta de picnic","breadcrumb":{"@id":"https:\/\/www.erresse-shop.it\/es\/shop\/tabla\/cestas-de-picnic\/les-jardins-de-la-comtesse-cesta-de-pcnic-2-personas-champs-elysees\/#breadcrumb"},"inLanguage":"es","potentialAction":[{"@type":"ReadAction","target":["https:\/\/www.erresse-shop.it\/es\/shop\/tabla\/cestas-de-picnic\/les-jardins-de-la-comtesse-cesta-de-pcnic-2-personas-champs-elysees\/"]}]},{"@type":"BreadcrumbList","@id":"https:\/\/www.erresse-shop.it\/es\/shop\/tabla\/cestas-de-picnic\/les-jardins-de-la-comtesse-cesta-de-pcnic-2-personas-champs-elysees\/#breadcrumb","itemListElement":[{"@type":"ListItem","position":1,"name":"Home","item":"https:\/\/www.erresse-shop.it\/es\/"},{"@type":"ListItem","position":2,"name":"Shop","item":"https:\/\/www.erresse-shop.it\/es\/shop\/"},{"@type":"ListItem","position":3,"name":"LES JARDINS DE LA COMTESSE Cesta de Pcnic 2 Personas Champs Elys\u00e9es"}]},{"@type":"WebSite","@id":"https:\/\/www.erresse-shop.it\/es\/#website","url":"https:\/\/www.erresse-shop.it\/es\/","name":"Erresse Shop","description":"Articoli di qualit\u00e0 per la casa","potentialAction":[{"@type":"SearchAction","target":{"@type":"EntryPoint","urlTemplate":"https:\/\/www.erresse-shop.it\/es\/?s={search_term_string}"},"query-input":"required name=search_term_string"}],"inLanguage":"es"}]}},"df_price":118.19500000000001,"df_sale_price":118.19500000000001,"df_regular_price":214.9,"df_image_link":"https:\/\/www.erresse-shop.it\/wp-content\/uploads\/2022\/01\/LES-JARDINS-DE-LA-COMTESSE-Cestino-Picnic-Champs-Elysees-Blu-300x300.jpg","_links":{"self":[{"href":"https:\/\/www.erresse-shop.it\/es\/wp-json\/wp\/v2\/product\/138504"}],"collection":[{"href":"https:\/\/www.erresse-shop.it\/es\/wp-json\/wp\/v2\/product"}],"about":[{"href":"https:\/\/www.erresse-shop.it\/es\/wp-json\/wp\/v2\/types\/product"}],"wp:featuredmedia":[{"embeddable":true,"href":"https:\/\/www.erresse-shop.it\/es\/wp-json\/wp\/v2\/media\/138530"}],"wp:attachment":[{"href":"https:\/\/www.erresse-shop.it\/es\/wp-json\/wp\/v2\/media?parent=138504"}],"wp:term":[{"taxonomy":"product_cat","embeddable":true,"href":"https:\/\/www.erresse-shop.it\/es\/wp-json\/wp\/v2\/product_cat?post=138504"},{"taxonomy":"product_tag","embeddable":true,"href":"https:\/\/www.erresse-shop.it\/es\/wp-json\/wp\/v2\/product_tag?post=138504"}],"curies":[{"name":"wp","href":"https:\/\/api.w.org\/{rel}","templated":true}]}}