{"id":138443,"date":"2022-01-24T08:50:07","date_gmt":"2022-01-24T08:50:08","guid":{"rendered":"https:\/\/www.erresse-shop.it\/?post_type=product&#038;p=138443"},"modified":"2023-07-08T00:09:13","modified_gmt":"2023-07-08T00:09:13","slug":"bordallo-pinheiro-bandeja-hoja-de-platano-35-cm","status":"publish","type":"product","link":"https:\/\/www.erresse-shop.it\/es\/shop\/tabla\/bandejas\/bordallo-pinheiro-bandeja-hoja-de-platano-35-cm\/","title":{"rendered":"BORDALLO PINHEIRO Bandeja Hoja de Pl\u00e1tano 35 cm"},"content":{"rendered":"<p>Desarrollada en colaboraci\u00f3n con Nini Andrade Silva, nacida en la isla de Madeira y una de las dise\u00f1adoras de interiores m\u00e1s famosas del mundo, esta nueva colecci\u00f3n rinde homenaje a uno de los iconos de la isla, el pl\u00e1tano. Diversas caracter\u00edsticas, como su corteza oscura y arrugada, sus grandes hojas verdes, su delicado tallo y el propio pl\u00e1tano, se transforman magistralmente en grandes platos y bandejas, peque\u00f1os cuencos y tazas, hermosos centros de mesa y jarras que recrean un ambiente tropical.<\/p>\n<p>Colecci\u00f3n galardonada con un Iconic Awards 2020: Innovative Interior y un German Design Award 2020.<\/p>\n<p><strong>Material:<\/strong> terracota<\/p>\n","protected":false},"excerpt":{"rendered":"<p>Desarrollada en colaboraci\u00f3n con Nini Andrade Silva, nacida en la isla de Madeira y una de las dise\u00f1adoras de interiores<\/p>\n","protected":false},"featured_media":457290,"template":"","meta":{"_acf_changed":false,"inline_featured_image":false},"product_cat":[16036,16027],"product_tag":[25039,16805,16377,23912,18330,16407,24605,21823,25023],"acf":[],"yoast_head":"<!-- This site is optimized with the Yoast SEO Premium plugin v18.6 (Yoast SEO v19.13) - https:\/\/yoast.com\/wordpress\/plugins\/seo\/ -->\n<title>BORDALLO PINHEIRO Bandeja Hoja de Pl\u00e1tano 35 cm - Erresse Shop<\/title>\n<meta name=\"description\" content=\"Desarrollada en colaboraci\u00f3n con Nini Andrade Silva, nacida en la isla de Madeira y una de las dise\u00f1adoras de interiores m\u00e1s famosas del mundo, esta nueva\" \/>\n<meta name=\"robots\" content=\"index, follow, max-snippet:-1, max-image-preview:large, max-video-preview:-1\" \/>\n<link rel=\"canonical\" href=\"https:\/\/www.erresse-shop.it\/es\/shop\/tabla\/bandejas\/bordallo-pinheiro-bandeja-hoja-de-platano-35-cm\/\" \/>\n<meta property=\"og:locale\" content=\"es_ES\" \/>\n<meta property=\"og:type\" content=\"article\" \/>\n<meta property=\"og:title\" content=\"BORDALLO PINHEIRO Bandeja Hoja de Pl\u00e1tano 35 cm\" \/>\n<meta property=\"og:description\" content=\"Desarrollada en colaboraci\u00f3n con Nini Andrade Silva, nacida en la isla de Madeira y una de las dise\u00f1adoras de interiores m\u00e1s famosas del mundo, esta nueva\" \/>\n<meta property=\"og:url\" content=\"https:\/\/www.erresse-shop.it\/es\/shop\/tabla\/bandejas\/bordallo-pinheiro-bandeja-hoja-de-platano-35-cm\/\" \/>\n<meta property=\"og:site_name\" content=\"Erresse Shop\" \/>\n<meta property=\"article:modified_time\" content=\"2023-07-08T00:09:13+00:00\" \/>\n<meta property=\"og:image\" content=\"https:\/\/www.erresse-shop.it\/wp-content\/uploads\/2022\/01\/BORDALLO-PINHEIRO-Vassoio-Foglia-di-Banana-35-cm.png\" \/>\n\t<meta property=\"og:image:width\" content=\"800\" \/>\n\t<meta property=\"og:image:height\" content=\"800\" \/>\n\t<meta property=\"og:image:type\" content=\"image\/png\" \/>\n<meta name=\"twitter:card\" content=\"summary_large_image\" \/>\n<script type=\"application\/ld+json\" class=\"yoast-schema-graph\">{\"@context\":\"https:\/\/schema.org\",\"@graph\":[{\"@type\":\"WebPage\",\"@id\":\"https:\/\/www.erresse-shop.it\/es\/shop\/tabla\/bandejas\/bordallo-pinheiro-bandeja-hoja-de-platano-35-cm\/\",\"url\":\"https:\/\/www.erresse-shop.it\/es\/shop\/tabla\/bandejas\/bordallo-pinheiro-bandeja-hoja-de-platano-35-cm\/\",\"name\":\"BORDALLO PINHEIRO Bandeja Hoja de Pl\u00e1tano 35 cm - Erresse Shop\",\"isPartOf\":{\"@id\":\"https:\/\/www.erresse-shop.it\/es\/#website\"},\"datePublished\":\"2022-01-24T08:50:08+00:00\",\"dateModified\":\"2023-07-08T00:09:13+00:00\",\"description\":\"Desarrollada en colaboraci\u00f3n con Nini Andrade Silva, nacida en la isla de Madeira y una de las dise\u00f1adoras de interiores m\u00e1s famosas del mundo, esta nueva\",\"breadcrumb\":{\"@id\":\"https:\/\/www.erresse-shop.it\/es\/shop\/tabla\/bandejas\/bordallo-pinheiro-bandeja-hoja-de-platano-35-cm\/#breadcrumb\"},\"inLanguage\":\"es\",\"potentialAction\":[{\"@type\":\"ReadAction\",\"target\":[\"https:\/\/www.erresse-shop.it\/es\/shop\/tabla\/bandejas\/bordallo-pinheiro-bandeja-hoja-de-platano-35-cm\/\"]}]},{\"@type\":\"BreadcrumbList\",\"@id\":\"https:\/\/www.erresse-shop.it\/es\/shop\/tabla\/bandejas\/bordallo-pinheiro-bandeja-hoja-de-platano-35-cm\/#breadcrumb\",\"itemListElement\":[{\"@type\":\"ListItem\",\"position\":1,\"name\":\"Home\",\"item\":\"https:\/\/www.erresse-shop.it\/es\/\"},{\"@type\":\"ListItem\",\"position\":2,\"name\":\"Shop\",\"item\":\"https:\/\/www.erresse-shop.it\/es\/shop\/\"},{\"@type\":\"ListItem\",\"position\":3,\"name\":\"BORDALLO PINHEIRO Bandeja Hoja de Pl\u00e1tano 35 cm\"}]},{\"@type\":\"WebSite\",\"@id\":\"https:\/\/www.erresse-shop.it\/es\/#website\",\"url\":\"https:\/\/www.erresse-shop.it\/es\/\",\"name\":\"Erresse Shop\",\"description\":\"Articoli di qualit\u00e0 per la casa\",\"potentialAction\":[{\"@type\":\"SearchAction\",\"target\":{\"@type\":\"EntryPoint\",\"urlTemplate\":\"https:\/\/www.erresse-shop.it\/es\/?s={search_term_string}\"},\"query-input\":\"required name=search_term_string\"}],\"inLanguage\":\"es\"}]}<\/script>\n<!-- \/ Yoast SEO Premium plugin. -->","yoast_head_json":{"title":"BORDALLO PINHEIRO Bandeja Hoja de Pl\u00e1tano 35 cm - Erresse Shop","description":"Desarrollada en colaboraci\u00f3n con Nini Andrade Silva, nacida en la isla de Madeira y una de las dise\u00f1adoras de interiores m\u00e1s famosas del mundo, esta nueva","robots":{"index":"index","follow":"follow","max-snippet":"max-snippet:-1","max-image-preview":"max-image-preview:large","max-video-preview":"max-video-preview:-1"},"canonical":"https:\/\/www.erresse-shop.it\/es\/shop\/tabla\/bandejas\/bordallo-pinheiro-bandeja-hoja-de-platano-35-cm\/","og_locale":"es_ES","og_type":"article","og_title":"BORDALLO PINHEIRO Bandeja Hoja de Pl\u00e1tano 35 cm","og_description":"Desarrollada en colaboraci\u00f3n con Nini Andrade Silva, nacida en la isla de Madeira y una de las dise\u00f1adoras de interiores m\u00e1s famosas del mundo, esta nueva","og_url":"https:\/\/www.erresse-shop.it\/es\/shop\/tabla\/bandejas\/bordallo-pinheiro-bandeja-hoja-de-platano-35-cm\/","og_site_name":"Erresse Shop","article_modified_time":"2023-07-08T00:09:13+00:00","og_image":[{"width":800,"height":800,"url":"https:\/\/www.erresse-shop.it\/wp-content\/uploads\/2022\/01\/BORDALLO-PINHEIRO-Vassoio-Foglia-di-Banana-35-cm.png","type":"image\/png"}],"twitter_card":"summary_large_image","schema":{"@context":"https:\/\/schema.org","@graph":[{"@type":"WebPage","@id":"https:\/\/www.erresse-shop.it\/es\/shop\/tabla\/bandejas\/bordallo-pinheiro-bandeja-hoja-de-platano-35-cm\/","url":"https:\/\/www.erresse-shop.it\/es\/shop\/tabla\/bandejas\/bordallo-pinheiro-bandeja-hoja-de-platano-35-cm\/","name":"BORDALLO PINHEIRO Bandeja Hoja de Pl\u00e1tano 35 cm - Erresse Shop","isPartOf":{"@id":"https:\/\/www.erresse-shop.it\/es\/#website"},"datePublished":"2022-01-24T08:50:08+00:00","dateModified":"2023-07-08T00:09:13+00:00","description":"Desarrollada en colaboraci\u00f3n con Nini Andrade Silva, nacida en la isla de Madeira y una de las dise\u00f1adoras de interiores m\u00e1s famosas del mundo, esta nueva","breadcrumb":{"@id":"https:\/\/www.erresse-shop.it\/es\/shop\/tabla\/bandejas\/bordallo-pinheiro-bandeja-hoja-de-platano-35-cm\/#breadcrumb"},"inLanguage":"es","potentialAction":[{"@type":"ReadAction","target":["https:\/\/www.erresse-shop.it\/es\/shop\/tabla\/bandejas\/bordallo-pinheiro-bandeja-hoja-de-platano-35-cm\/"]}]},{"@type":"BreadcrumbList","@id":"https:\/\/www.erresse-shop.it\/es\/shop\/tabla\/bandejas\/bordallo-pinheiro-bandeja-hoja-de-platano-35-cm\/#breadcrumb","itemListElement":[{"@type":"ListItem","position":1,"name":"Home","item":"https:\/\/www.erresse-shop.it\/es\/"},{"@type":"ListItem","position":2,"name":"Shop","item":"https:\/\/www.erresse-shop.it\/es\/shop\/"},{"@type":"ListItem","position":3,"name":"BORDALLO PINHEIRO Bandeja Hoja de Pl\u00e1tano 35 cm"}]},{"@type":"WebSite","@id":"https:\/\/www.erresse-shop.it\/es\/#website","url":"https:\/\/www.erresse-shop.it\/es\/","name":"Erresse Shop","description":"Articoli di qualit\u00e0 per la casa","potentialAction":[{"@type":"SearchAction","target":{"@type":"EntryPoint","urlTemplate":"https:\/\/www.erresse-shop.it\/es\/?s={search_term_string}"},"query-input":"required name=search_term_string"}],"inLanguage":"es"}]}},"df_price":28.35,"df_sale_price":28.35,"df_regular_price":63,"df_image_link":"https:\/\/www.erresse-shop.it\/wp-content\/uploads\/2022\/01\/BORDALLO-PINHEIRO-Vassoio-Foglia-di-Banana-35-cm-1-300x300.jpg","_links":{"self":[{"href":"https:\/\/www.erresse-shop.it\/es\/wp-json\/wp\/v2\/product\/138443"}],"collection":[{"href":"https:\/\/www.erresse-shop.it\/es\/wp-json\/wp\/v2\/product"}],"about":[{"href":"https:\/\/www.erresse-shop.it\/es\/wp-json\/wp\/v2\/types\/product"}],"wp:featuredmedia":[{"embeddable":true,"href":"https:\/\/www.erresse-shop.it\/es\/wp-json\/wp\/v2\/media\/457290"}],"wp:attachment":[{"href":"https:\/\/www.erresse-shop.it\/es\/wp-json\/wp\/v2\/media?parent=138443"}],"wp:term":[{"taxonomy":"product_cat","embeddable":true,"href":"https:\/\/www.erresse-shop.it\/es\/wp-json\/wp\/v2\/product_cat?post=138443"},{"taxonomy":"product_tag","embeddable":true,"href":"https:\/\/www.erresse-shop.it\/es\/wp-json\/wp\/v2\/product_tag?post=138443"}],"curies":[{"name":"wp","href":"https:\/\/api.w.org\/{rel}","templated":true}]}}