{"id":138053,"date":"2022-01-19T09:27:28","date_gmt":"2022-01-19T09:27:30","guid":{"rendered":"https:\/\/www.erresse-shop.it\/?post_type=product&#038;p=138053"},"modified":"2023-06-13T00:04:30","modified_gmt":"2023-06-13T00:04:30","slug":"bordallo-pinheiro-caja-pimiento-amarillo-12-5-cm","status":"publish","type":"product","link":"https:\/\/www.erresse-shop.it\/es\/shop\/tabla\/cestas-y-cuencos\/bordallo-pinheiro-caja-pimiento-amarillo-12-5-cm\/","title":{"rendered":"BORDALLO PINHEIRO Caja Pimiento Amarillo 12.5 cm"},"content":{"rendered":"<p>Esta divertida y extraordinariamente pr\u00e1ctica caja de Bordallo Pinheiro est\u00e1 decorada a mano, perfectamente proporcionada y h\u00e1bilmente elaborada para guardar alimentos como galletas, aperitivos o simplemente como aparador o decoraci\u00f3n de la mesa. Parte de la diversi\u00f3n de este art\u00edculo es imaginar los diferentes usos que se le pueden dar.<\/p>\n<p><strong>Material:<\/strong> terracota<\/p>\n","protected":false},"excerpt":{"rendered":"<p>Esta divertida y extraordinariamente pr\u00e1ctica caja de Bordallo Pinheiro est\u00e1 decorada a mano, perfectamente proporcionada y h\u00e1bilmente elaborada para guardar<\/p>\n","protected":false},"featured_media":469873,"template":"","meta":{"_acf_changed":false,"inline_featured_image":false},"product_cat":[16037,16027],"product_tag":[25039,23912,23667,18279,16225,16877,23662,24405,18278,24605,25023],"acf":[],"yoast_head":"<!-- This site is optimized with the Yoast SEO Premium plugin v18.6 (Yoast SEO v19.13) - https:\/\/yoast.com\/wordpress\/plugins\/seo\/ -->\n<title>BORDALLO PINHEIRO Caja Pimiento Amarillo 12.5 cm - Erresse Shop<\/title>\n<meta name=\"description\" content=\"Esta divertida y extraordinariamente pr\u00e1ctica caja de Bordallo Pinheiro est\u00e1 decorada a mano, perfectamente proporcionada y h\u00e1bilmente elaborada para\" \/>\n<meta name=\"robots\" content=\"index, follow, max-snippet:-1, max-image-preview:large, max-video-preview:-1\" \/>\n<link rel=\"canonical\" href=\"https:\/\/www.erresse-shop.it\/es\/shop\/tabla\/cestas-y-cuencos\/bordallo-pinheiro-caja-pimiento-amarillo-12-5-cm\/\" \/>\n<meta property=\"og:locale\" content=\"es_ES\" \/>\n<meta property=\"og:type\" content=\"article\" \/>\n<meta property=\"og:title\" content=\"BORDALLO PINHEIRO Caja Pimiento Amarillo 12.5 cm\" \/>\n<meta property=\"og:description\" content=\"Esta divertida y extraordinariamente pr\u00e1ctica caja de Bordallo Pinheiro est\u00e1 decorada a mano, perfectamente proporcionada y h\u00e1bilmente elaborada para\" \/>\n<meta property=\"og:url\" content=\"https:\/\/www.erresse-shop.it\/es\/shop\/tabla\/cestas-y-cuencos\/bordallo-pinheiro-caja-pimiento-amarillo-12-5-cm\/\" \/>\n<meta property=\"og:site_name\" content=\"Erresse Shop\" \/>\n<meta property=\"article:modified_time\" content=\"2023-06-13T00:04:30+00:00\" \/>\n<meta property=\"og:image\" content=\"https:\/\/www.erresse-shop.it\/wp-content\/uploads\/2022\/06\/BORDALLO-PINHEIRO-Contenitore-Peperone-Giallo.jpg\" \/>\n\t<meta property=\"og:image:width\" content=\"800\" \/>\n\t<meta property=\"og:image:height\" content=\"800\" \/>\n\t<meta property=\"og:image:type\" content=\"image\/jpeg\" \/>\n<meta name=\"twitter:card\" content=\"summary_large_image\" \/>\n<script type=\"application\/ld+json\" class=\"yoast-schema-graph\">{\"@context\":\"https:\/\/schema.org\",\"@graph\":[{\"@type\":\"WebPage\",\"@id\":\"https:\/\/www.erresse-shop.it\/es\/shop\/tabla\/cestas-y-cuencos\/bordallo-pinheiro-caja-pimiento-amarillo-12-5-cm\/\",\"url\":\"https:\/\/www.erresse-shop.it\/es\/shop\/tabla\/cestas-y-cuencos\/bordallo-pinheiro-caja-pimiento-amarillo-12-5-cm\/\",\"name\":\"BORDALLO PINHEIRO Caja Pimiento Amarillo 12.5 cm - Erresse Shop\",\"isPartOf\":{\"@id\":\"https:\/\/www.erresse-shop.it\/es\/#website\"},\"datePublished\":\"2022-01-19T09:27:30+00:00\",\"dateModified\":\"2023-06-13T00:04:30+00:00\",\"description\":\"Esta divertida y extraordinariamente pr\u00e1ctica caja de Bordallo Pinheiro est\u00e1 decorada a mano, perfectamente proporcionada y h\u00e1bilmente elaborada para\",\"breadcrumb\":{\"@id\":\"https:\/\/www.erresse-shop.it\/es\/shop\/tabla\/cestas-y-cuencos\/bordallo-pinheiro-caja-pimiento-amarillo-12-5-cm\/#breadcrumb\"},\"inLanguage\":\"es\",\"potentialAction\":[{\"@type\":\"ReadAction\",\"target\":[\"https:\/\/www.erresse-shop.it\/es\/shop\/tabla\/cestas-y-cuencos\/bordallo-pinheiro-caja-pimiento-amarillo-12-5-cm\/\"]}]},{\"@type\":\"BreadcrumbList\",\"@id\":\"https:\/\/www.erresse-shop.it\/es\/shop\/tabla\/cestas-y-cuencos\/bordallo-pinheiro-caja-pimiento-amarillo-12-5-cm\/#breadcrumb\",\"itemListElement\":[{\"@type\":\"ListItem\",\"position\":1,\"name\":\"Home\",\"item\":\"https:\/\/www.erresse-shop.it\/es\/\"},{\"@type\":\"ListItem\",\"position\":2,\"name\":\"Shop\",\"item\":\"https:\/\/www.erresse-shop.it\/es\/shop\/\"},{\"@type\":\"ListItem\",\"position\":3,\"name\":\"BORDALLO PINHEIRO Caja Pimiento Amarillo 12.5 cm\"}]},{\"@type\":\"WebSite\",\"@id\":\"https:\/\/www.erresse-shop.it\/es\/#website\",\"url\":\"https:\/\/www.erresse-shop.it\/es\/\",\"name\":\"Erresse Shop\",\"description\":\"Articoli di qualit\u00e0 per la casa\",\"potentialAction\":[{\"@type\":\"SearchAction\",\"target\":{\"@type\":\"EntryPoint\",\"urlTemplate\":\"https:\/\/www.erresse-shop.it\/es\/?s={search_term_string}\"},\"query-input\":\"required name=search_term_string\"}],\"inLanguage\":\"es\"}]}<\/script>\n<!-- \/ Yoast SEO Premium plugin. -->","yoast_head_json":{"title":"BORDALLO PINHEIRO Caja Pimiento Amarillo 12.5 cm - Erresse Shop","description":"Esta divertida y extraordinariamente pr\u00e1ctica caja de Bordallo Pinheiro est\u00e1 decorada a mano, perfectamente proporcionada y h\u00e1bilmente elaborada para","robots":{"index":"index","follow":"follow","max-snippet":"max-snippet:-1","max-image-preview":"max-image-preview:large","max-video-preview":"max-video-preview:-1"},"canonical":"https:\/\/www.erresse-shop.it\/es\/shop\/tabla\/cestas-y-cuencos\/bordallo-pinheiro-caja-pimiento-amarillo-12-5-cm\/","og_locale":"es_ES","og_type":"article","og_title":"BORDALLO PINHEIRO Caja Pimiento Amarillo 12.5 cm","og_description":"Esta divertida y extraordinariamente pr\u00e1ctica caja de Bordallo Pinheiro est\u00e1 decorada a mano, perfectamente proporcionada y h\u00e1bilmente elaborada para","og_url":"https:\/\/www.erresse-shop.it\/es\/shop\/tabla\/cestas-y-cuencos\/bordallo-pinheiro-caja-pimiento-amarillo-12-5-cm\/","og_site_name":"Erresse Shop","article_modified_time":"2023-06-13T00:04:30+00:00","og_image":[{"width":800,"height":800,"url":"https:\/\/www.erresse-shop.it\/wp-content\/uploads\/2022\/06\/BORDALLO-PINHEIRO-Contenitore-Peperone-Giallo.jpg","type":"image\/jpeg"}],"twitter_card":"summary_large_image","schema":{"@context":"https:\/\/schema.org","@graph":[{"@type":"WebPage","@id":"https:\/\/www.erresse-shop.it\/es\/shop\/tabla\/cestas-y-cuencos\/bordallo-pinheiro-caja-pimiento-amarillo-12-5-cm\/","url":"https:\/\/www.erresse-shop.it\/es\/shop\/tabla\/cestas-y-cuencos\/bordallo-pinheiro-caja-pimiento-amarillo-12-5-cm\/","name":"BORDALLO PINHEIRO Caja Pimiento Amarillo 12.5 cm - Erresse Shop","isPartOf":{"@id":"https:\/\/www.erresse-shop.it\/es\/#website"},"datePublished":"2022-01-19T09:27:30+00:00","dateModified":"2023-06-13T00:04:30+00:00","description":"Esta divertida y extraordinariamente pr\u00e1ctica caja de Bordallo Pinheiro est\u00e1 decorada a mano, perfectamente proporcionada y h\u00e1bilmente elaborada para","breadcrumb":{"@id":"https:\/\/www.erresse-shop.it\/es\/shop\/tabla\/cestas-y-cuencos\/bordallo-pinheiro-caja-pimiento-amarillo-12-5-cm\/#breadcrumb"},"inLanguage":"es","potentialAction":[{"@type":"ReadAction","target":["https:\/\/www.erresse-shop.it\/es\/shop\/tabla\/cestas-y-cuencos\/bordallo-pinheiro-caja-pimiento-amarillo-12-5-cm\/"]}]},{"@type":"BreadcrumbList","@id":"https:\/\/www.erresse-shop.it\/es\/shop\/tabla\/cestas-y-cuencos\/bordallo-pinheiro-caja-pimiento-amarillo-12-5-cm\/#breadcrumb","itemListElement":[{"@type":"ListItem","position":1,"name":"Home","item":"https:\/\/www.erresse-shop.it\/es\/"},{"@type":"ListItem","position":2,"name":"Shop","item":"https:\/\/www.erresse-shop.it\/es\/shop\/"},{"@type":"ListItem","position":3,"name":"BORDALLO PINHEIRO Caja Pimiento Amarillo 12.5 cm"}]},{"@type":"WebSite","@id":"https:\/\/www.erresse-shop.it\/es\/#website","url":"https:\/\/www.erresse-shop.it\/es\/","name":"Erresse Shop","description":"Articoli di qualit\u00e0 per la casa","potentialAction":[{"@type":"SearchAction","target":{"@type":"EntryPoint","urlTemplate":"https:\/\/www.erresse-shop.it\/es\/?s={search_term_string}"},"query-input":"required name=search_term_string"}],"inLanguage":"es"}]}},"df_price":21.6,"df_sale_price":21.6,"df_regular_price":48,"df_image_link":"https:\/\/www.erresse-shop.it\/wp-content\/uploads\/2022\/01\/BORDALLO-PINHEIRO-Contenitore-Peperone-Giallo-12.5-cm-300x300.jpg","_links":{"self":[{"href":"https:\/\/www.erresse-shop.it\/es\/wp-json\/wp\/v2\/product\/138053"}],"collection":[{"href":"https:\/\/www.erresse-shop.it\/es\/wp-json\/wp\/v2\/product"}],"about":[{"href":"https:\/\/www.erresse-shop.it\/es\/wp-json\/wp\/v2\/types\/product"}],"wp:featuredmedia":[{"embeddable":true,"href":"https:\/\/www.erresse-shop.it\/es\/wp-json\/wp\/v2\/media\/469873"}],"wp:attachment":[{"href":"https:\/\/www.erresse-shop.it\/es\/wp-json\/wp\/v2\/media?parent=138053"}],"wp:term":[{"taxonomy":"product_cat","embeddable":true,"href":"https:\/\/www.erresse-shop.it\/es\/wp-json\/wp\/v2\/product_cat?post=138053"},{"taxonomy":"product_tag","embeddable":true,"href":"https:\/\/www.erresse-shop.it\/es\/wp-json\/wp\/v2\/product_tag?post=138053"}],"curies":[{"name":"wp","href":"https:\/\/api.w.org\/{rel}","templated":true}]}}