{"id":137825,"date":"2022-01-17T07:08:30","date_gmt":"2022-01-17T07:09:46","guid":{"rendered":"https:\/\/www.erresse-shop.it\/?post_type=product&#038;p=137825"},"modified":"2024-07-04T20:15:32","modified_gmt":"2024-07-04T20:15:32","slug":"seletti-juego-de-2-jarrones-elle-de-porcelana","status":"publish","type":"product","link":"https:\/\/www.erresse-shop.it\/es\/shop\/mobiliario\/jarrones\/seletti-juego-de-2-jarrones-elle-de-porcelana\/","title":{"rendered":"SELETTI Juego de 2 Jarrones Elle de Porcelana"},"content":{"rendered":"<p>Juego de 2 jarrones esculturales de porcelana que reproducen un par de piernas.<\/p>\n<p>El dise\u00f1ador Alessandro Zambelli a\u00edsla esta parte del cuerpo para darle una forma acertada y una vida independiente. Este fragmento de cuerpo, que se muestra como una escultura completa, posee una extraordinaria fuerza expresiva. El fragmento encuentra as\u00ed su autonom\u00eda, desprendi\u00e9ndose del cuerpo del que procede.<\/p>\n<p>Evocar el cuerpo rompi\u00e9ndolo es tambi\u00e9n y sobre todo evocar su parte perdida. Estas partes separadas del cuerpo estimulan la imaginaci\u00f3n y nos invitan a recomponer el universo del que procede el fragmento, para reformar el cuerpo entero. A medio camino entre el arte y el dise\u00f1o, estos jarrones son sorprendentes: aportan un toque desinhibido, exc\u00e9ntrico y art\u00edstico a su decoraci\u00f3n.<\/p>\n<p><strong>Caracter\u00edsticas<\/strong><\/p>\n<ul>\n<li><strong>Designer:<\/strong> Alessandro Zambelli<\/li>\n<li><strong>Material:<\/strong> porcelana<\/li>\n<li><strong>Dimensiones:<\/strong> cm 11 x 11 h30.2<\/li>\n<\/ul>\n","protected":false},"excerpt":{"rendered":"<p>Juego de 2 jarrones esculturales de porcelana que reproducen un par de piernas. El dise\u00f1ador Alessandro Zambelli a\u00edsla esta parte<\/p>\n","protected":false},"featured_media":137850,"template":"","meta":{"_acf_changed":false,"inline_featured_image":false},"product_cat":[16024,16016],"product_tag":[17510,16122,25023],"acf":[],"yoast_head":"<!-- This site is optimized with the Yoast SEO Premium plugin v18.6 (Yoast SEO v19.13) - https:\/\/yoast.com\/wordpress\/plugins\/seo\/ -->\n<title>SELETTI Juego de 2 Jarrones Elle de Porcelana - Erresse Shop<\/title>\n<meta name=\"description\" content=\"Juego de 2 jarrones esculturales de porcelana que reproducen un par de piernas. El dise\u00f1ador Alessandro Zambelli a\u00edsla esta parte del cuerpo para darle\" \/>\n<meta name=\"robots\" content=\"index, follow, max-snippet:-1, max-image-preview:large, max-video-preview:-1\" \/>\n<link rel=\"canonical\" href=\"https:\/\/www.erresse-shop.it\/es\/shop\/mobiliario\/jarrones\/seletti-juego-de-2-jarrones-elle-de-porcelana\/\" \/>\n<meta property=\"og:locale\" content=\"es_ES\" \/>\n<meta property=\"og:type\" content=\"article\" \/>\n<meta property=\"og:title\" content=\"SELETTI Juego de 2 Jarrones Elle de Porcelana\" \/>\n<meta property=\"og:description\" content=\"Juego de 2 jarrones esculturales de porcelana que reproducen un par de piernas. El dise\u00f1ador Alessandro Zambelli a\u00edsla esta parte del cuerpo para darle\" \/>\n<meta property=\"og:url\" content=\"https:\/\/www.erresse-shop.it\/es\/shop\/mobiliario\/jarrones\/seletti-juego-de-2-jarrones-elle-de-porcelana\/\" \/>\n<meta property=\"og:site_name\" content=\"Erresse Shop\" \/>\n<meta property=\"article:modified_time\" content=\"2024-07-04T20:15:32+00:00\" \/>\n<meta property=\"og:image\" content=\"https:\/\/www.erresse-shop.it\/wp-content\/uploads\/2022\/01\/SELETTI-Set-2-Vasi-Porcellana-Elle.jpg\" \/>\n\t<meta property=\"og:image:width\" content=\"1000\" \/>\n\t<meta property=\"og:image:height\" content=\"1000\" \/>\n\t<meta property=\"og:image:type\" content=\"image\/jpeg\" \/>\n<meta name=\"twitter:card\" content=\"summary_large_image\" \/>\n<script type=\"application\/ld+json\" class=\"yoast-schema-graph\">{\"@context\":\"https:\/\/schema.org\",\"@graph\":[{\"@type\":\"WebPage\",\"@id\":\"https:\/\/www.erresse-shop.it\/es\/shop\/mobiliario\/jarrones\/seletti-juego-de-2-jarrones-elle-de-porcelana\/\",\"url\":\"https:\/\/www.erresse-shop.it\/es\/shop\/mobiliario\/jarrones\/seletti-juego-de-2-jarrones-elle-de-porcelana\/\",\"name\":\"SELETTI Juego de 2 Jarrones Elle de Porcelana - Erresse Shop\",\"isPartOf\":{\"@id\":\"https:\/\/www.erresse-shop.it\/es\/#website\"},\"datePublished\":\"2022-01-17T07:09:46+00:00\",\"dateModified\":\"2024-07-04T20:15:32+00:00\",\"description\":\"Juego de 2 jarrones esculturales de porcelana que reproducen un par de piernas. El dise\u00f1ador Alessandro Zambelli a\u00edsla esta parte del cuerpo para darle\",\"breadcrumb\":{\"@id\":\"https:\/\/www.erresse-shop.it\/es\/shop\/mobiliario\/jarrones\/seletti-juego-de-2-jarrones-elle-de-porcelana\/#breadcrumb\"},\"inLanguage\":\"es\",\"potentialAction\":[{\"@type\":\"ReadAction\",\"target\":[\"https:\/\/www.erresse-shop.it\/es\/shop\/mobiliario\/jarrones\/seletti-juego-de-2-jarrones-elle-de-porcelana\/\"]}]},{\"@type\":\"BreadcrumbList\",\"@id\":\"https:\/\/www.erresse-shop.it\/es\/shop\/mobiliario\/jarrones\/seletti-juego-de-2-jarrones-elle-de-porcelana\/#breadcrumb\",\"itemListElement\":[{\"@type\":\"ListItem\",\"position\":1,\"name\":\"Home\",\"item\":\"https:\/\/www.erresse-shop.it\/es\/\"},{\"@type\":\"ListItem\",\"position\":2,\"name\":\"Shop\",\"item\":\"https:\/\/www.erresse-shop.it\/es\/shop\/\"},{\"@type\":\"ListItem\",\"position\":3,\"name\":\"SELETTI Juego de 2 Jarrones Elle de Porcelana\"}]},{\"@type\":\"WebSite\",\"@id\":\"https:\/\/www.erresse-shop.it\/es\/#website\",\"url\":\"https:\/\/www.erresse-shop.it\/es\/\",\"name\":\"Erresse Shop\",\"description\":\"Articoli di qualit\u00e0 per la casa\",\"potentialAction\":[{\"@type\":\"SearchAction\",\"target\":{\"@type\":\"EntryPoint\",\"urlTemplate\":\"https:\/\/www.erresse-shop.it\/es\/?s={search_term_string}\"},\"query-input\":\"required name=search_term_string\"}],\"inLanguage\":\"es\"}]}<\/script>\n<!-- \/ Yoast SEO Premium plugin. -->","yoast_head_json":{"title":"SELETTI Juego de 2 Jarrones Elle de Porcelana - Erresse Shop","description":"Juego de 2 jarrones esculturales de porcelana que reproducen un par de piernas. El dise\u00f1ador Alessandro Zambelli a\u00edsla esta parte del cuerpo para darle","robots":{"index":"index","follow":"follow","max-snippet":"max-snippet:-1","max-image-preview":"max-image-preview:large","max-video-preview":"max-video-preview:-1"},"canonical":"https:\/\/www.erresse-shop.it\/es\/shop\/mobiliario\/jarrones\/seletti-juego-de-2-jarrones-elle-de-porcelana\/","og_locale":"es_ES","og_type":"article","og_title":"SELETTI Juego de 2 Jarrones Elle de Porcelana","og_description":"Juego de 2 jarrones esculturales de porcelana que reproducen un par de piernas. El dise\u00f1ador Alessandro Zambelli a\u00edsla esta parte del cuerpo para darle","og_url":"https:\/\/www.erresse-shop.it\/es\/shop\/mobiliario\/jarrones\/seletti-juego-de-2-jarrones-elle-de-porcelana\/","og_site_name":"Erresse Shop","article_modified_time":"2024-07-04T20:15:32+00:00","og_image":[{"width":1000,"height":1000,"url":"https:\/\/www.erresse-shop.it\/wp-content\/uploads\/2022\/01\/SELETTI-Set-2-Vasi-Porcellana-Elle.jpg","type":"image\/jpeg"}],"twitter_card":"summary_large_image","schema":{"@context":"https:\/\/schema.org","@graph":[{"@type":"WebPage","@id":"https:\/\/www.erresse-shop.it\/es\/shop\/mobiliario\/jarrones\/seletti-juego-de-2-jarrones-elle-de-porcelana\/","url":"https:\/\/www.erresse-shop.it\/es\/shop\/mobiliario\/jarrones\/seletti-juego-de-2-jarrones-elle-de-porcelana\/","name":"SELETTI Juego de 2 Jarrones Elle de Porcelana - Erresse Shop","isPartOf":{"@id":"https:\/\/www.erresse-shop.it\/es\/#website"},"datePublished":"2022-01-17T07:09:46+00:00","dateModified":"2024-07-04T20:15:32+00:00","description":"Juego de 2 jarrones esculturales de porcelana que reproducen un par de piernas. El dise\u00f1ador Alessandro Zambelli a\u00edsla esta parte del cuerpo para darle","breadcrumb":{"@id":"https:\/\/www.erresse-shop.it\/es\/shop\/mobiliario\/jarrones\/seletti-juego-de-2-jarrones-elle-de-porcelana\/#breadcrumb"},"inLanguage":"es","potentialAction":[{"@type":"ReadAction","target":["https:\/\/www.erresse-shop.it\/es\/shop\/mobiliario\/jarrones\/seletti-juego-de-2-jarrones-elle-de-porcelana\/"]}]},{"@type":"BreadcrumbList","@id":"https:\/\/www.erresse-shop.it\/es\/shop\/mobiliario\/jarrones\/seletti-juego-de-2-jarrones-elle-de-porcelana\/#breadcrumb","itemListElement":[{"@type":"ListItem","position":1,"name":"Home","item":"https:\/\/www.erresse-shop.it\/es\/"},{"@type":"ListItem","position":2,"name":"Shop","item":"https:\/\/www.erresse-shop.it\/es\/shop\/"},{"@type":"ListItem","position":3,"name":"SELETTI Juego de 2 Jarrones Elle de Porcelana"}]},{"@type":"WebSite","@id":"https:\/\/www.erresse-shop.it\/es\/#website","url":"https:\/\/www.erresse-shop.it\/es\/","name":"Erresse Shop","description":"Articoli di qualit\u00e0 per la casa","potentialAction":[{"@type":"SearchAction","target":{"@type":"EntryPoint","urlTemplate":"https:\/\/www.erresse-shop.it\/es\/?s={search_term_string}"},"query-input":"required name=search_term_string"}],"inLanguage":"es"}]}},"df_price":64.8,"df_sale_price":64.8,"df_regular_price":144,"df_image_link":"https:\/\/www.erresse-shop.it\/wp-content\/uploads\/2022\/01\/SELETTI-Set-2-Vasi-Porcellana-Elle-300x300.jpg","_links":{"self":[{"href":"https:\/\/www.erresse-shop.it\/es\/wp-json\/wp\/v2\/product\/137825"}],"collection":[{"href":"https:\/\/www.erresse-shop.it\/es\/wp-json\/wp\/v2\/product"}],"about":[{"href":"https:\/\/www.erresse-shop.it\/es\/wp-json\/wp\/v2\/types\/product"}],"wp:featuredmedia":[{"embeddable":true,"href":"https:\/\/www.erresse-shop.it\/es\/wp-json\/wp\/v2\/media\/137850"}],"wp:attachment":[{"href":"https:\/\/www.erresse-shop.it\/es\/wp-json\/wp\/v2\/media?parent=137825"}],"wp:term":[{"taxonomy":"product_cat","embeddable":true,"href":"https:\/\/www.erresse-shop.it\/es\/wp-json\/wp\/v2\/product_cat?post=137825"},{"taxonomy":"product_tag","embeddable":true,"href":"https:\/\/www.erresse-shop.it\/es\/wp-json\/wp\/v2\/product_tag?post=137825"}],"curies":[{"name":"wp","href":"https:\/\/api.w.org\/{rel}","templated":true}]}}