{"id":135836,"date":"2021-12-17T15:27:22","date_gmt":"2021-12-17T15:27:28","guid":{"rendered":"https:\/\/www.erresse-shop.it\/?post_type=product&#038;p=135836"},"modified":"2025-02-18T12:54:20","modified_gmt":"2025-02-18T12:54:20","slug":"maserin-cuchillo-diabolik-999","status":"publish","type":"product","link":"https:\/\/www.erresse-shop.it\/es\/shop\/cocina\/cuchillos\/cuchillos-de-cocina\/maserin-cuchillo-diabolik-999\/","title":{"rendered":"MASERIN Cuchillo Diabolik 999"},"content":{"rendered":"<p>Con motivo del quincuag\u00e9simo aniversario del nacimiento de Diabolik, uno de los personajes m\u00e1s queridos por los aficionados a las historias y al c\u00f3mic negro, la Coltellerie Maserin, en colaboraci\u00f3n con la editorial Astorina, ha realizado una versi\u00f3n &#8220;r\u00e9plica&#8221; del famoso cuchillo arrojadizo del Rey del Terror.<\/p>\n<p><strong>Un arma favorita del personaje nacido en 1962 de la imaginaci\u00f3n de las hermanas Giussani<\/strong>. La daga &#8220;Diabolik special edition&#8221; de Maserin reproduce las caracter\u00edsticas y el estilo del cuchillo original. Compa\u00f1ero inseparable de innumerables aventuras del Hombre de las Mil Caras.<\/p>\n<p>Descubra la navaja 999LG Diabolik de edici\u00f3n especial creada para celebrar el estreno de la pel\u00edcula sobre el personaje de las mil caras.<\/p>\n<p><strong>FICHA T\u00c9CNICA<\/strong><\/p>\n<ul>\n<li><strong>Material de la hoja:<\/strong> Acero inoxidable AISI 440 HRC 58\/60<\/li>\n<li><strong>Longitud total:<\/strong> 275 mm<\/li>\n<li><strong>Longitud de la hoja:<\/strong> 160 mm<\/li>\n<li><strong>Protecci\u00f3n:<\/strong> Acero inoxidable AISI 440<\/li>\n<li><strong>Funda:<\/strong> Nylon, S\u00ed<\/li>\n<li><strong>Peso:<\/strong> 210 gr<\/li>\n<li><strong>Material del mango:<\/strong> TPE<\/li>\n<li><strong>Espesor de la hoja:<\/strong> 4 mm<\/li>\n<li><strong>Hoja fija:<\/strong> S\u00ed<\/li>\n<\/ul>\n<p>Hemos obtenido las certificaciones NCAGE AJ988 de la OTAN y UNI EN ISO 9001:2008.<\/p>\n","protected":false},"excerpt":{"rendered":"<p>Con motivo del quincuag\u00e9simo aniversario del nacimiento de Diabolik, uno de los personajes m\u00e1s queridos por los aficionados a las<\/p>\n","protected":false},"featured_media":135850,"template":"","meta":{"_acf_changed":false,"inline_featured_image":false},"product_cat":[16040,16043,16047],"product_tag":[25090,23692,16307,16395,25023],"acf":[],"yoast_head":"<!-- This site is optimized with the Yoast SEO Premium plugin v18.6 (Yoast SEO v19.13) - https:\/\/yoast.com\/wordpress\/plugins\/seo\/ -->\n<title>MASERIN Cuchillo Diabolik 999 - Erresse Shop<\/title>\n<meta name=\"description\" content=\"Con motivo del quincuag\u00e9simo aniversario del nacimiento de Diabolik, uno de los personajes m\u00e1s queridos por los aficionados a las historias y al c\u00f3mic\" \/>\n<meta name=\"robots\" content=\"index, follow, max-snippet:-1, max-image-preview:large, max-video-preview:-1\" \/>\n<link rel=\"canonical\" href=\"https:\/\/www.erresse-shop.it\/es\/shop\/cocina\/cuchillos\/cuchillos-de-cocina\/maserin-cuchillo-diabolik-999\/\" \/>\n<meta property=\"og:locale\" content=\"es_ES\" \/>\n<meta property=\"og:type\" content=\"article\" \/>\n<meta property=\"og:title\" content=\"MASERIN Cuchillo Diabolik 999\" \/>\n<meta property=\"og:description\" content=\"Con motivo del quincuag\u00e9simo aniversario del nacimiento de Diabolik, uno de los personajes m\u00e1s queridos por los aficionados a las historias y al c\u00f3mic\" \/>\n<meta property=\"og:url\" content=\"https:\/\/www.erresse-shop.it\/es\/shop\/cocina\/cuchillos\/cuchillos-de-cocina\/maserin-cuchillo-diabolik-999\/\" \/>\n<meta property=\"og:site_name\" content=\"Erresse Shop\" \/>\n<meta property=\"article:modified_time\" content=\"2025-02-18T12:54:20+00:00\" \/>\n<meta property=\"og:image\" content=\"https:\/\/www.erresse-shop.it\/wp-content\/uploads\/2021\/12\/MASERIN-Coltello-Diabolik-999-3.jpg\" \/>\n\t<meta property=\"og:image:width\" content=\"1000\" \/>\n\t<meta property=\"og:image:height\" content=\"1000\" \/>\n\t<meta property=\"og:image:type\" content=\"image\/jpeg\" \/>\n<meta name=\"twitter:card\" content=\"summary_large_image\" \/>\n<script type=\"application\/ld+json\" class=\"yoast-schema-graph\">{\"@context\":\"https:\/\/schema.org\",\"@graph\":[{\"@type\":\"WebPage\",\"@id\":\"https:\/\/www.erresse-shop.it\/es\/shop\/cocina\/cuchillos\/cuchillos-de-cocina\/maserin-cuchillo-diabolik-999\/\",\"url\":\"https:\/\/www.erresse-shop.it\/es\/shop\/cocina\/cuchillos\/cuchillos-de-cocina\/maserin-cuchillo-diabolik-999\/\",\"name\":\"MASERIN Cuchillo Diabolik 999 - Erresse Shop\",\"isPartOf\":{\"@id\":\"https:\/\/www.erresse-shop.it\/es\/#website\"},\"datePublished\":\"2021-12-17T15:27:28+00:00\",\"dateModified\":\"2025-02-18T12:54:20+00:00\",\"description\":\"Con motivo del quincuag\u00e9simo aniversario del nacimiento de Diabolik, uno de los personajes m\u00e1s queridos por los aficionados a las historias y al c\u00f3mic\",\"breadcrumb\":{\"@id\":\"https:\/\/www.erresse-shop.it\/es\/shop\/cocina\/cuchillos\/cuchillos-de-cocina\/maserin-cuchillo-diabolik-999\/#breadcrumb\"},\"inLanguage\":\"es\",\"potentialAction\":[{\"@type\":\"ReadAction\",\"target\":[\"https:\/\/www.erresse-shop.it\/es\/shop\/cocina\/cuchillos\/cuchillos-de-cocina\/maserin-cuchillo-diabolik-999\/\"]}]},{\"@type\":\"BreadcrumbList\",\"@id\":\"https:\/\/www.erresse-shop.it\/es\/shop\/cocina\/cuchillos\/cuchillos-de-cocina\/maserin-cuchillo-diabolik-999\/#breadcrumb\",\"itemListElement\":[{\"@type\":\"ListItem\",\"position\":1,\"name\":\"Home\",\"item\":\"https:\/\/www.erresse-shop.it\/es\/\"},{\"@type\":\"ListItem\",\"position\":2,\"name\":\"Shop\",\"item\":\"https:\/\/www.erresse-shop.it\/es\/shop\/\"},{\"@type\":\"ListItem\",\"position\":3,\"name\":\"MASERIN Cuchillo Diabolik 999\"}]},{\"@type\":\"WebSite\",\"@id\":\"https:\/\/www.erresse-shop.it\/es\/#website\",\"url\":\"https:\/\/www.erresse-shop.it\/es\/\",\"name\":\"Erresse Shop\",\"description\":\"Articoli di qualit\u00e0 per la casa\",\"potentialAction\":[{\"@type\":\"SearchAction\",\"target\":{\"@type\":\"EntryPoint\",\"urlTemplate\":\"https:\/\/www.erresse-shop.it\/es\/?s={search_term_string}\"},\"query-input\":\"required name=search_term_string\"}],\"inLanguage\":\"es\"}]}<\/script>\n<!-- \/ Yoast SEO Premium plugin. -->","yoast_head_json":{"title":"MASERIN Cuchillo Diabolik 999 - Erresse Shop","description":"Con motivo del quincuag\u00e9simo aniversario del nacimiento de Diabolik, uno de los personajes m\u00e1s queridos por los aficionados a las historias y al c\u00f3mic","robots":{"index":"index","follow":"follow","max-snippet":"max-snippet:-1","max-image-preview":"max-image-preview:large","max-video-preview":"max-video-preview:-1"},"canonical":"https:\/\/www.erresse-shop.it\/es\/shop\/cocina\/cuchillos\/cuchillos-de-cocina\/maserin-cuchillo-diabolik-999\/","og_locale":"es_ES","og_type":"article","og_title":"MASERIN Cuchillo Diabolik 999","og_description":"Con motivo del quincuag\u00e9simo aniversario del nacimiento de Diabolik, uno de los personajes m\u00e1s queridos por los aficionados a las historias y al c\u00f3mic","og_url":"https:\/\/www.erresse-shop.it\/es\/shop\/cocina\/cuchillos\/cuchillos-de-cocina\/maserin-cuchillo-diabolik-999\/","og_site_name":"Erresse Shop","article_modified_time":"2025-02-18T12:54:20+00:00","og_image":[{"width":1000,"height":1000,"url":"https:\/\/www.erresse-shop.it\/wp-content\/uploads\/2021\/12\/MASERIN-Coltello-Diabolik-999-3.jpg","type":"image\/jpeg"}],"twitter_card":"summary_large_image","schema":{"@context":"https:\/\/schema.org","@graph":[{"@type":"WebPage","@id":"https:\/\/www.erresse-shop.it\/es\/shop\/cocina\/cuchillos\/cuchillos-de-cocina\/maserin-cuchillo-diabolik-999\/","url":"https:\/\/www.erresse-shop.it\/es\/shop\/cocina\/cuchillos\/cuchillos-de-cocina\/maserin-cuchillo-diabolik-999\/","name":"MASERIN Cuchillo Diabolik 999 - Erresse Shop","isPartOf":{"@id":"https:\/\/www.erresse-shop.it\/es\/#website"},"datePublished":"2021-12-17T15:27:28+00:00","dateModified":"2025-02-18T12:54:20+00:00","description":"Con motivo del quincuag\u00e9simo aniversario del nacimiento de Diabolik, uno de los personajes m\u00e1s queridos por los aficionados a las historias y al c\u00f3mic","breadcrumb":{"@id":"https:\/\/www.erresse-shop.it\/es\/shop\/cocina\/cuchillos\/cuchillos-de-cocina\/maserin-cuchillo-diabolik-999\/#breadcrumb"},"inLanguage":"es","potentialAction":[{"@type":"ReadAction","target":["https:\/\/www.erresse-shop.it\/es\/shop\/cocina\/cuchillos\/cuchillos-de-cocina\/maserin-cuchillo-diabolik-999\/"]}]},{"@type":"BreadcrumbList","@id":"https:\/\/www.erresse-shop.it\/es\/shop\/cocina\/cuchillos\/cuchillos-de-cocina\/maserin-cuchillo-diabolik-999\/#breadcrumb","itemListElement":[{"@type":"ListItem","position":1,"name":"Home","item":"https:\/\/www.erresse-shop.it\/es\/"},{"@type":"ListItem","position":2,"name":"Shop","item":"https:\/\/www.erresse-shop.it\/es\/shop\/"},{"@type":"ListItem","position":3,"name":"MASERIN Cuchillo Diabolik 999"}]},{"@type":"WebSite","@id":"https:\/\/www.erresse-shop.it\/es\/#website","url":"https:\/\/www.erresse-shop.it\/es\/","name":"Erresse Shop","description":"Articoli di qualit\u00e0 per la casa","potentialAction":[{"@type":"SearchAction","target":{"@type":"EntryPoint","urlTemplate":"https:\/\/www.erresse-shop.it\/es\/?s={search_term_string}"},"query-input":"required name=search_term_string"}],"inLanguage":"es"}]}},"df_price":84.95,"df_sale_price":84.95,"df_regular_price":113,"df_image_link":"https:\/\/www.erresse-shop.it\/wp-content\/uploads\/2021\/12\/MASERIN-Coltello-Diabolik-999-3-300x300.jpg","_links":{"self":[{"href":"https:\/\/www.erresse-shop.it\/es\/wp-json\/wp\/v2\/product\/135836"}],"collection":[{"href":"https:\/\/www.erresse-shop.it\/es\/wp-json\/wp\/v2\/product"}],"about":[{"href":"https:\/\/www.erresse-shop.it\/es\/wp-json\/wp\/v2\/types\/product"}],"wp:featuredmedia":[{"embeddable":true,"href":"https:\/\/www.erresse-shop.it\/es\/wp-json\/wp\/v2\/media\/135850"}],"wp:attachment":[{"href":"https:\/\/www.erresse-shop.it\/es\/wp-json\/wp\/v2\/media?parent=135836"}],"wp:term":[{"taxonomy":"product_cat","embeddable":true,"href":"https:\/\/www.erresse-shop.it\/es\/wp-json\/wp\/v2\/product_cat?post=135836"},{"taxonomy":"product_tag","embeddable":true,"href":"https:\/\/www.erresse-shop.it\/es\/wp-json\/wp\/v2\/product_tag?post=135836"}],"curies":[{"name":"wp","href":"https:\/\/api.w.org\/{rel}","templated":true}]}}