{"id":135640,"date":"2021-12-15T08:17:28","date_gmt":"2021-12-15T08:17:29","guid":{"rendered":"https:\/\/www.erresse-shop.it\/?post_type=product&#038;p=135640"},"modified":"2024-04-03T00:01:08","modified_gmt":"2024-04-03T00:01:08","slug":"stadler-form-humidificador-y-difusor-de-aromas-ben-negro","status":"publish","type":"product","link":"https:\/\/www.erresse-shop.it\/es\/shop\/pequenos-electrodomesticos\/ventiladores\/stadler-form-humidificador-y-difusor-de-aromas-ben-negro\/","title":{"rendered":"STADLER FORM Humidificador y Difusor de Aromas Ben Negro"},"content":{"rendered":"<p>Si\u00e9ntese, respire profundamente y rel\u00e1jese. Una noche acogedora frente a la chimenea es un juego de ni\u00f1os con el Ben 3 en 1. Humedece y aromatiza el aire de la habitaci\u00f3n, a la vez que crea un resplandor ambarino en la chimenea.<\/p>\n<p>Ben es un humidificador, difusor de aromas y efecto chimenea en uno. Los aceites esenciales se a\u00f1aden directamente al agua y proporcionan una intensa experiencia arom\u00e1tica. Ben produce un vapor extra fino que se distribuye idealmente por toda la habitaci\u00f3n, mientras que Amber Light\u2122 crea una llama extraordinariamente realista, completamente segura y sin holl\u00edn.<br \/>\nLa intensidad de la luz puede ajustarse, desde llamas ligeramente parpadeantes con un sutil aroma, hasta un fuego abrasador. El dep\u00f3sito de agua extra\u00edble puede llenarse mientras Ben est\u00e1 en uso.<\/p>\n<p>La luz indicadora del nivel del agua y el efecto de la llama pueden atenuarse o apagarse por completo para no perturbar sus momentos de relax. Ben convierte cada habitaci\u00f3n en un acogedor oasis de paz.<\/p>\n<ul>\n<li><strong>Atm\u00f3sfera \u00fanica:<\/strong> El efecto de llama real garantiza una agradable sensaci\u00f3n de fuego sin los inconvenientes del fuego real.<\/li>\n<li><strong>Fragancia favorita:<\/strong> Ben produce una niebla extra fina y distribuye los aceites esenciales de su elecci\u00f3n de forma segura y sin sustancias nocivas c\u00f3modamente en la habitaci\u00f3n.<\/li>\n<li><strong>Ajuste continuo:<\/strong> Gracias al regulador de potencia continuo puede ajustar la humidificaci\u00f3n\/perfume a su gusto.<\/li>\n<li><strong>Bonito y eficaz:<\/strong> Ben combina un dise\u00f1o elegante con una potente potencia, humidificando eficazmente espacios de hasta 25 m\u00b2.<\/li>\n<li><strong>Contenido del paquete:<\/strong> 1 humidificador Ben blanco, 1 adaptador de corriente, 1 manual de instrucciones, 1 cubo de agua, 1 cartucho anticalc\u00e1reo, 1 tira reactiva de dureza del agua de Stadler Form<\/li>\n<li><strong>Alimentaci\u00f3n:<\/strong> el\u00e9ctrica; Potencia (W): 24,0 vatios<\/li>\n<\/ul>\n","protected":false},"excerpt":{"rendered":"<p>Si\u00e9ntese, respire profundamente y rel\u00e1jese. Una noche acogedora frente a la chimenea es un juego de ni\u00f1os con el Ben<\/p>\n","protected":false},"featured_media":135665,"template":"","meta":{"_acf_changed":false,"inline_featured_image":false},"product_cat":[16073,25277],"product_tag":[16140,23662,24405,16141],"acf":[],"yoast_head":"<!-- This site is optimized with the Yoast SEO Premium plugin v18.6 (Yoast SEO v19.13) - https:\/\/yoast.com\/wordpress\/plugins\/seo\/ -->\n<title>STADLER FORM Humidificador y Difusor de Aromas Ben Negro - Erresse Shop<\/title>\n<meta name=\"description\" content=\"Si\u00e9ntese, respire profundamente y rel\u00e1jese. Una noche acogedora frente a la chimenea es un juego de ni\u00f1os con el Ben 3 en 1. Humedece y aromatiza el aire\" \/>\n<meta name=\"robots\" content=\"index, follow, max-snippet:-1, max-image-preview:large, max-video-preview:-1\" \/>\n<link rel=\"canonical\" href=\"https:\/\/www.erresse-shop.it\/es\/shop\/pequenos-electrodomesticos\/ventiladores\/stadler-form-humidificador-y-difusor-de-aromas-ben-negro\/\" \/>\n<meta property=\"og:locale\" content=\"es_ES\" \/>\n<meta property=\"og:type\" content=\"article\" \/>\n<meta property=\"og:title\" content=\"STADLER FORM Humidificador y Difusor de Aromas Ben Negro\" \/>\n<meta property=\"og:description\" content=\"Si\u00e9ntese, respire profundamente y rel\u00e1jese. Una noche acogedora frente a la chimenea es un juego de ni\u00f1os con el Ben 3 en 1. Humedece y aromatiza el aire\" \/>\n<meta property=\"og:url\" content=\"https:\/\/www.erresse-shop.it\/es\/shop\/pequenos-electrodomesticos\/ventiladores\/stadler-form-humidificador-y-difusor-de-aromas-ben-negro\/\" \/>\n<meta property=\"og:site_name\" content=\"Erresse Shop\" \/>\n<meta property=\"article:modified_time\" content=\"2024-04-03T00:01:08+00:00\" \/>\n<meta property=\"og:image\" content=\"https:\/\/www.erresse-shop.it\/wp-content\/uploads\/2021\/12\/STADLER-FORM-Umidificatore-Profumatore-Ben-Nero-5.jpg\" \/>\n\t<meta property=\"og:image:width\" content=\"1000\" \/>\n\t<meta property=\"og:image:height\" content=\"1000\" \/>\n\t<meta property=\"og:image:type\" content=\"image\/jpeg\" \/>\n<meta name=\"twitter:card\" content=\"summary_large_image\" \/>\n<script type=\"application\/ld+json\" class=\"yoast-schema-graph\">{\"@context\":\"https:\/\/schema.org\",\"@graph\":[{\"@type\":\"WebPage\",\"@id\":\"https:\/\/www.erresse-shop.it\/es\/shop\/pequenos-electrodomesticos\/ventiladores\/stadler-form-humidificador-y-difusor-de-aromas-ben-negro\/\",\"url\":\"https:\/\/www.erresse-shop.it\/es\/shop\/pequenos-electrodomesticos\/ventiladores\/stadler-form-humidificador-y-difusor-de-aromas-ben-negro\/\",\"name\":\"STADLER FORM Humidificador y Difusor de Aromas Ben Negro - Erresse Shop\",\"isPartOf\":{\"@id\":\"https:\/\/www.erresse-shop.it\/es\/#website\"},\"datePublished\":\"2021-12-15T08:17:29+00:00\",\"dateModified\":\"2024-04-03T00:01:08+00:00\",\"description\":\"Si\u00e9ntese, respire profundamente y rel\u00e1jese. Una noche acogedora frente a la chimenea es un juego de ni\u00f1os con el Ben 3 en 1. Humedece y aromatiza el aire\",\"breadcrumb\":{\"@id\":\"https:\/\/www.erresse-shop.it\/es\/shop\/pequenos-electrodomesticos\/ventiladores\/stadler-form-humidificador-y-difusor-de-aromas-ben-negro\/#breadcrumb\"},\"inLanguage\":\"es\",\"potentialAction\":[{\"@type\":\"ReadAction\",\"target\":[\"https:\/\/www.erresse-shop.it\/es\/shop\/pequenos-electrodomesticos\/ventiladores\/stadler-form-humidificador-y-difusor-de-aromas-ben-negro\/\"]}]},{\"@type\":\"BreadcrumbList\",\"@id\":\"https:\/\/www.erresse-shop.it\/es\/shop\/pequenos-electrodomesticos\/ventiladores\/stadler-form-humidificador-y-difusor-de-aromas-ben-negro\/#breadcrumb\",\"itemListElement\":[{\"@type\":\"ListItem\",\"position\":1,\"name\":\"Home\",\"item\":\"https:\/\/www.erresse-shop.it\/es\/\"},{\"@type\":\"ListItem\",\"position\":2,\"name\":\"Shop\",\"item\":\"https:\/\/www.erresse-shop.it\/es\/shop\/\"},{\"@type\":\"ListItem\",\"position\":3,\"name\":\"STADLER FORM Humidificador y Difusor de Aromas Ben Negro\"}]},{\"@type\":\"WebSite\",\"@id\":\"https:\/\/www.erresse-shop.it\/es\/#website\",\"url\":\"https:\/\/www.erresse-shop.it\/es\/\",\"name\":\"Erresse Shop\",\"description\":\"Articoli di qualit\u00e0 per la casa\",\"potentialAction\":[{\"@type\":\"SearchAction\",\"target\":{\"@type\":\"EntryPoint\",\"urlTemplate\":\"https:\/\/www.erresse-shop.it\/es\/?s={search_term_string}\"},\"query-input\":\"required name=search_term_string\"}],\"inLanguage\":\"es\"}]}<\/script>\n<!-- \/ Yoast SEO Premium plugin. -->","yoast_head_json":{"title":"STADLER FORM Humidificador y Difusor de Aromas Ben Negro - Erresse Shop","description":"Si\u00e9ntese, respire profundamente y rel\u00e1jese. Una noche acogedora frente a la chimenea es un juego de ni\u00f1os con el Ben 3 en 1. Humedece y aromatiza el aire","robots":{"index":"index","follow":"follow","max-snippet":"max-snippet:-1","max-image-preview":"max-image-preview:large","max-video-preview":"max-video-preview:-1"},"canonical":"https:\/\/www.erresse-shop.it\/es\/shop\/pequenos-electrodomesticos\/ventiladores\/stadler-form-humidificador-y-difusor-de-aromas-ben-negro\/","og_locale":"es_ES","og_type":"article","og_title":"STADLER FORM Humidificador y Difusor de Aromas Ben Negro","og_description":"Si\u00e9ntese, respire profundamente y rel\u00e1jese. Una noche acogedora frente a la chimenea es un juego de ni\u00f1os con el Ben 3 en 1. Humedece y aromatiza el aire","og_url":"https:\/\/www.erresse-shop.it\/es\/shop\/pequenos-electrodomesticos\/ventiladores\/stadler-form-humidificador-y-difusor-de-aromas-ben-negro\/","og_site_name":"Erresse Shop","article_modified_time":"2024-04-03T00:01:08+00:00","og_image":[{"width":1000,"height":1000,"url":"https:\/\/www.erresse-shop.it\/wp-content\/uploads\/2021\/12\/STADLER-FORM-Umidificatore-Profumatore-Ben-Nero-5.jpg","type":"image\/jpeg"}],"twitter_card":"summary_large_image","schema":{"@context":"https:\/\/schema.org","@graph":[{"@type":"WebPage","@id":"https:\/\/www.erresse-shop.it\/es\/shop\/pequenos-electrodomesticos\/ventiladores\/stadler-form-humidificador-y-difusor-de-aromas-ben-negro\/","url":"https:\/\/www.erresse-shop.it\/es\/shop\/pequenos-electrodomesticos\/ventiladores\/stadler-form-humidificador-y-difusor-de-aromas-ben-negro\/","name":"STADLER FORM Humidificador y Difusor de Aromas Ben Negro - Erresse Shop","isPartOf":{"@id":"https:\/\/www.erresse-shop.it\/es\/#website"},"datePublished":"2021-12-15T08:17:29+00:00","dateModified":"2024-04-03T00:01:08+00:00","description":"Si\u00e9ntese, respire profundamente y rel\u00e1jese. Una noche acogedora frente a la chimenea es un juego de ni\u00f1os con el Ben 3 en 1. Humedece y aromatiza el aire","breadcrumb":{"@id":"https:\/\/www.erresse-shop.it\/es\/shop\/pequenos-electrodomesticos\/ventiladores\/stadler-form-humidificador-y-difusor-de-aromas-ben-negro\/#breadcrumb"},"inLanguage":"es","potentialAction":[{"@type":"ReadAction","target":["https:\/\/www.erresse-shop.it\/es\/shop\/pequenos-electrodomesticos\/ventiladores\/stadler-form-humidificador-y-difusor-de-aromas-ben-negro\/"]}]},{"@type":"BreadcrumbList","@id":"https:\/\/www.erresse-shop.it\/es\/shop\/pequenos-electrodomesticos\/ventiladores\/stadler-form-humidificador-y-difusor-de-aromas-ben-negro\/#breadcrumb","itemListElement":[{"@type":"ListItem","position":1,"name":"Home","item":"https:\/\/www.erresse-shop.it\/es\/"},{"@type":"ListItem","position":2,"name":"Shop","item":"https:\/\/www.erresse-shop.it\/es\/shop\/"},{"@type":"ListItem","position":3,"name":"STADLER FORM Humidificador y Difusor de Aromas Ben Negro"}]},{"@type":"WebSite","@id":"https:\/\/www.erresse-shop.it\/es\/#website","url":"https:\/\/www.erresse-shop.it\/es\/","name":"Erresse Shop","description":"Articoli di qualit\u00e0 per la casa","potentialAction":[{"@type":"SearchAction","target":{"@type":"EntryPoint","urlTemplate":"https:\/\/www.erresse-shop.it\/es\/?s={search_term_string}"},"query-input":"required name=search_term_string"}],"inLanguage":"es"}]}},"df_price":135.9,"df_sale_price":135.9,"df_regular_price":139.9,"df_image_link":"https:\/\/www.erresse-shop.it\/wp-content\/uploads\/2021\/12\/STADLER-FORM-Umidificatore-Profumatore-Ben-Nero-5-300x300.jpg","_links":{"self":[{"href":"https:\/\/www.erresse-shop.it\/es\/wp-json\/wp\/v2\/product\/135640"}],"collection":[{"href":"https:\/\/www.erresse-shop.it\/es\/wp-json\/wp\/v2\/product"}],"about":[{"href":"https:\/\/www.erresse-shop.it\/es\/wp-json\/wp\/v2\/types\/product"}],"wp:featuredmedia":[{"embeddable":true,"href":"https:\/\/www.erresse-shop.it\/es\/wp-json\/wp\/v2\/media\/135665"}],"wp:attachment":[{"href":"https:\/\/www.erresse-shop.it\/es\/wp-json\/wp\/v2\/media?parent=135640"}],"wp:term":[{"taxonomy":"product_cat","embeddable":true,"href":"https:\/\/www.erresse-shop.it\/es\/wp-json\/wp\/v2\/product_cat?post=135640"},{"taxonomy":"product_tag","embeddable":true,"href":"https:\/\/www.erresse-shop.it\/es\/wp-json\/wp\/v2\/product_tag?post=135640"}],"curies":[{"name":"wp","href":"https:\/\/api.w.org\/{rel}","templated":true}]}}