{"id":135139,"date":"2021-12-10T14:26:05","date_gmt":"2021-12-10T14:26:05","guid":{"rendered":"https:\/\/www.erresse-shop.it\/shop\/sin%20categor\u00eda\/wmf-juego-de-cubiertos-philadelphia-60-piezas\/"},"modified":"2025-07-14T13:38:02","modified_gmt":"2025-07-14T13:38:02","slug":"wmf-juego-de-cubiertos-philadelphia-60-piezas","status":"publish","type":"product","link":"https:\/\/www.erresse-shop.it\/es\/shop\/tabla\/cubiertos\/wmf-juego-de-cubiertos-philadelphia-60-piezas\/","title":{"rendered":"WMF Juego de Cubiertos Philadelphia 60 Piezas"},"content":{"rendered":"<p>WMF es conocida por su vers\u00e1til y elegante gama de productos y por su fiabilidad en cuanto a calidad y acabado.<\/p>\n<p>Desde hace m\u00e1s de 150 a\u00f1os, WMF hace de la cocina, la comida y la bebida una verdadera experiencia, al tiempo que mantiene los est\u00e1ndares profesionales y las tecnolog\u00edas de producci\u00f3n en constante mejora. Proporciona productos de calidad en una variedad de estilos y dise\u00f1os que se adaptan a los gustos personales y ofrece continuamente dise\u00f1os de vanguardia.<br \/>\nFamosos dise\u00f1adores de todo el mundo buscan siempre ideas innovadoras para nosotros, mientras que nuestro centro de desarrollo de productos est\u00e1 al tanto de las costumbres de las distintas culturas del mundo.<\/p>\n<p>Esto nos permite descubrir tendencias y desarrollar dise\u00f1os que se apartan de lo habitual. Numerosos premios internacionales de dise\u00f1o demuestran nuestro \u00e9xito.<br \/>\nConocida por sus productos y dise\u00f1os innovadores, WMF se esfuerza por desarrollar una amplia gama de productos que sirvan de inspiraci\u00f3n para hacer de la cocina, la comida y la bebida todo un acontecimiento.<\/p>\n<p><strong>COLECCION DE FILADELFIA<\/strong><br \/>\nPhiladelphia de WMF en acero inoxidable Cromargan\u00ae 18\/10, con l\u00edneas suaves y alegres que se vuelven elegantes con la superficie pulida.<br \/>\nEl mango y la hoja encajan el uno en el otro, una l\u00ednea que se adapta a todos los gustos. La elecci\u00f3n de un acero excelente hace que los cubiertos de WMF sean robustos y aptos para el lavavajillas.<\/p>\n<p>Contenido:<\/p>\n<ul>\n<li>12 Cuchillos de mesa<\/li>\n<li>12 Horquillas de mesa<\/li>\n<li>12 cucharadas<\/li>\n<li>12 cucharadas<\/li>\n<li>12 Tenedores de fruta<\/li>\n<\/ul>\n<p>Producto duradero, apto para el lavavajillas y resistente a la oxidaci\u00f3n.<\/p>\n<p>Garant\u00eda de WMF contra defectos de fabricaci\u00f3n y materiales.<\/p>\n","protected":false},"excerpt":{"rendered":"<p>WMF es conocida por su vers\u00e1til y elegante gama de productos y por su fiabilidad en cuanto a calidad y<\/p>\n","protected":false},"featured_media":332973,"template":"","meta":{"_acf_changed":false,"inline_featured_image":false},"product_cat":[16033,16027],"product_tag":[25023],"acf":[],"yoast_head":"<!-- This site is optimized with the Yoast SEO Premium plugin v18.6 (Yoast SEO v19.13) - https:\/\/yoast.com\/wordpress\/plugins\/seo\/ -->\n<title>WMF Juego de Cubiertos Philadelphia 60 Piezas - Erresse Shop<\/title>\n<meta name=\"description\" content=\"WMF es conocida por su vers\u00e1til y elegante gama de productos y por su fiabilidad en cuanto a calidad y acabado. Desde hace m\u00e1s de 150 a\u00f1os, WMF hace de la\" \/>\n<meta name=\"robots\" content=\"index, follow, max-snippet:-1, max-image-preview:large, max-video-preview:-1\" \/>\n<link rel=\"canonical\" href=\"https:\/\/www.erresse-shop.it\/es\/shop\/tabla\/cubiertos\/wmf-juego-de-cubiertos-philadelphia-60-piezas\/\" \/>\n<meta property=\"og:locale\" content=\"es_ES\" \/>\n<meta property=\"og:type\" content=\"article\" \/>\n<meta property=\"og:title\" content=\"WMF Juego de Cubiertos Philadelphia 60 Piezas\" \/>\n<meta property=\"og:description\" content=\"WMF es conocida por su vers\u00e1til y elegante gama de productos y por su fiabilidad en cuanto a calidad y acabado. Desde hace m\u00e1s de 150 a\u00f1os, WMF hace de la\" \/>\n<meta property=\"og:url\" content=\"https:\/\/www.erresse-shop.it\/es\/shop\/tabla\/cubiertos\/wmf-juego-de-cubiertos-philadelphia-60-piezas\/\" \/>\n<meta property=\"og:site_name\" content=\"Erresse Shop\" \/>\n<meta property=\"article:modified_time\" content=\"2025-07-14T13:38:02+00:00\" \/>\n<meta property=\"og:image\" content=\"https:\/\/www.erresse-shop.it\/wp-content\/uploads\/2021\/12\/WMF-Philadelphia-60-pezzi.jpg\" \/>\n\t<meta property=\"og:image:width\" content=\"800\" \/>\n\t<meta property=\"og:image:height\" content=\"800\" \/>\n\t<meta property=\"og:image:type\" content=\"image\/jpeg\" \/>\n<meta name=\"twitter:card\" content=\"summary_large_image\" \/>\n<script type=\"application\/ld+json\" class=\"yoast-schema-graph\">{\"@context\":\"https:\/\/schema.org\",\"@graph\":[{\"@type\":\"WebPage\",\"@id\":\"https:\/\/www.erresse-shop.it\/es\/shop\/tabla\/cubiertos\/wmf-juego-de-cubiertos-philadelphia-60-piezas\/\",\"url\":\"https:\/\/www.erresse-shop.it\/es\/shop\/tabla\/cubiertos\/wmf-juego-de-cubiertos-philadelphia-60-piezas\/\",\"name\":\"WMF Juego de Cubiertos Philadelphia 60 Piezas - Erresse Shop\",\"isPartOf\":{\"@id\":\"https:\/\/www.erresse-shop.it\/es\/#website\"},\"datePublished\":\"2021-12-10T14:26:05+00:00\",\"dateModified\":\"2025-07-14T13:38:02+00:00\",\"description\":\"WMF es conocida por su vers\u00e1til y elegante gama de productos y por su fiabilidad en cuanto a calidad y acabado. Desde hace m\u00e1s de 150 a\u00f1os, WMF hace de la\",\"breadcrumb\":{\"@id\":\"https:\/\/www.erresse-shop.it\/es\/shop\/tabla\/cubiertos\/wmf-juego-de-cubiertos-philadelphia-60-piezas\/#breadcrumb\"},\"inLanguage\":\"es\",\"potentialAction\":[{\"@type\":\"ReadAction\",\"target\":[\"https:\/\/www.erresse-shop.it\/es\/shop\/tabla\/cubiertos\/wmf-juego-de-cubiertos-philadelphia-60-piezas\/\"]}]},{\"@type\":\"BreadcrumbList\",\"@id\":\"https:\/\/www.erresse-shop.it\/es\/shop\/tabla\/cubiertos\/wmf-juego-de-cubiertos-philadelphia-60-piezas\/#breadcrumb\",\"itemListElement\":[{\"@type\":\"ListItem\",\"position\":1,\"name\":\"Home\",\"item\":\"https:\/\/www.erresse-shop.it\/es\/\"},{\"@type\":\"ListItem\",\"position\":2,\"name\":\"Shop\",\"item\":\"https:\/\/www.erresse-shop.it\/es\/shop\/\"},{\"@type\":\"ListItem\",\"position\":3,\"name\":\"WMF Juego de Cubiertos Philadelphia 60 Piezas\"}]},{\"@type\":\"WebSite\",\"@id\":\"https:\/\/www.erresse-shop.it\/es\/#website\",\"url\":\"https:\/\/www.erresse-shop.it\/es\/\",\"name\":\"Erresse Shop\",\"description\":\"Articoli di qualit\u00e0 per la casa\",\"potentialAction\":[{\"@type\":\"SearchAction\",\"target\":{\"@type\":\"EntryPoint\",\"urlTemplate\":\"https:\/\/www.erresse-shop.it\/es\/?s={search_term_string}\"},\"query-input\":\"required name=search_term_string\"}],\"inLanguage\":\"es\"}]}<\/script>\n<!-- \/ Yoast SEO Premium plugin. -->","yoast_head_json":{"title":"WMF Juego de Cubiertos Philadelphia 60 Piezas - Erresse Shop","description":"WMF es conocida por su vers\u00e1til y elegante gama de productos y por su fiabilidad en cuanto a calidad y acabado. Desde hace m\u00e1s de 150 a\u00f1os, WMF hace de la","robots":{"index":"index","follow":"follow","max-snippet":"max-snippet:-1","max-image-preview":"max-image-preview:large","max-video-preview":"max-video-preview:-1"},"canonical":"https:\/\/www.erresse-shop.it\/es\/shop\/tabla\/cubiertos\/wmf-juego-de-cubiertos-philadelphia-60-piezas\/","og_locale":"es_ES","og_type":"article","og_title":"WMF Juego de Cubiertos Philadelphia 60 Piezas","og_description":"WMF es conocida por su vers\u00e1til y elegante gama de productos y por su fiabilidad en cuanto a calidad y acabado. Desde hace m\u00e1s de 150 a\u00f1os, WMF hace de la","og_url":"https:\/\/www.erresse-shop.it\/es\/shop\/tabla\/cubiertos\/wmf-juego-de-cubiertos-philadelphia-60-piezas\/","og_site_name":"Erresse Shop","article_modified_time":"2025-07-14T13:38:02+00:00","og_image":[{"width":800,"height":800,"url":"https:\/\/www.erresse-shop.it\/wp-content\/uploads\/2021\/12\/WMF-Philadelphia-60-pezzi.jpg","type":"image\/jpeg"}],"twitter_card":"summary_large_image","schema":{"@context":"https:\/\/schema.org","@graph":[{"@type":"WebPage","@id":"https:\/\/www.erresse-shop.it\/es\/shop\/tabla\/cubiertos\/wmf-juego-de-cubiertos-philadelphia-60-piezas\/","url":"https:\/\/www.erresse-shop.it\/es\/shop\/tabla\/cubiertos\/wmf-juego-de-cubiertos-philadelphia-60-piezas\/","name":"WMF Juego de Cubiertos Philadelphia 60 Piezas - Erresse Shop","isPartOf":{"@id":"https:\/\/www.erresse-shop.it\/es\/#website"},"datePublished":"2021-12-10T14:26:05+00:00","dateModified":"2025-07-14T13:38:02+00:00","description":"WMF es conocida por su vers\u00e1til y elegante gama de productos y por su fiabilidad en cuanto a calidad y acabado. Desde hace m\u00e1s de 150 a\u00f1os, WMF hace de la","breadcrumb":{"@id":"https:\/\/www.erresse-shop.it\/es\/shop\/tabla\/cubiertos\/wmf-juego-de-cubiertos-philadelphia-60-piezas\/#breadcrumb"},"inLanguage":"es","potentialAction":[{"@type":"ReadAction","target":["https:\/\/www.erresse-shop.it\/es\/shop\/tabla\/cubiertos\/wmf-juego-de-cubiertos-philadelphia-60-piezas\/"]}]},{"@type":"BreadcrumbList","@id":"https:\/\/www.erresse-shop.it\/es\/shop\/tabla\/cubiertos\/wmf-juego-de-cubiertos-philadelphia-60-piezas\/#breadcrumb","itemListElement":[{"@type":"ListItem","position":1,"name":"Home","item":"https:\/\/www.erresse-shop.it\/es\/"},{"@type":"ListItem","position":2,"name":"Shop","item":"https:\/\/www.erresse-shop.it\/es\/shop\/"},{"@type":"ListItem","position":3,"name":"WMF Juego de Cubiertos Philadelphia 60 Piezas"}]},{"@type":"WebSite","@id":"https:\/\/www.erresse-shop.it\/es\/#website","url":"https:\/\/www.erresse-shop.it\/es\/","name":"Erresse Shop","description":"Articoli di qualit\u00e0 per la casa","potentialAction":[{"@type":"SearchAction","target":{"@type":"EntryPoint","urlTemplate":"https:\/\/www.erresse-shop.it\/es\/?s={search_term_string}"},"query-input":"required name=search_term_string"}],"inLanguage":"es"}]}},"df_price":104.95,"df_sale_price":104.95,"df_regular_price":238,"df_image_link":"https:\/\/www.erresse-shop.it\/wp-content\/uploads\/2021\/12\/WMF-Philadelphia-60-pezzi-300x300.jpg","_links":{"self":[{"href":"https:\/\/www.erresse-shop.it\/es\/wp-json\/wp\/v2\/product\/135139"}],"collection":[{"href":"https:\/\/www.erresse-shop.it\/es\/wp-json\/wp\/v2\/product"}],"about":[{"href":"https:\/\/www.erresse-shop.it\/es\/wp-json\/wp\/v2\/types\/product"}],"wp:featuredmedia":[{"embeddable":true,"href":"https:\/\/www.erresse-shop.it\/es\/wp-json\/wp\/v2\/media\/332973"}],"wp:attachment":[{"href":"https:\/\/www.erresse-shop.it\/es\/wp-json\/wp\/v2\/media?parent=135139"}],"wp:term":[{"taxonomy":"product_cat","embeddable":true,"href":"https:\/\/www.erresse-shop.it\/es\/wp-json\/wp\/v2\/product_cat?post=135139"},{"taxonomy":"product_tag","embeddable":true,"href":"https:\/\/www.erresse-shop.it\/es\/wp-json\/wp\/v2\/product_tag?post=135139"}],"curies":[{"name":"wp","href":"https:\/\/api.w.org\/{rel}","templated":true}]}}