{"id":135088,"date":"2021-12-10T13:45:45","date_gmt":"2021-12-10T13:45:55","guid":{"rendered":"https:\/\/www.erresse-shop.it\/?post_type=product&#038;p=135088"},"modified":"2023-06-20T13:50:23","modified_gmt":"2023-06-20T13:50:23","slug":"ooni-karu-horno-portatil-de-lena-o-carbon-para-pizza","status":"publish","type":"product","link":"https:\/\/www.erresse-shop.it\/es\/shop\/pequenos-electrodomesticos\/hornos\/ooni-karu-horno-portatil-de-lena-o-carbon-para-pizza\/","title":{"rendered":"OONI Karu Horno Port\u00e1til de Le\u00f1a o Carb\u00f3n para Pizza"},"content":{"rendered":"<p>Horno port\u00e1til alimentado por le\u00f1a o carb\u00f3n, capaz de cocinar aut\u00e9nticas pizzas a la piedra en cualquier espacio exterior en s\u00f3lo 60 segundos. La bandeja de combustible, dise\u00f1ada a medida, maximiza el flujo de aire y garantiza que el horno proporcione una llama potente a una temperatura de 500\u02daC, lista para cocinar a los 15 minutos de ser encendida.<br \/>\nSu excepcional dise\u00f1o est\u00e1 pensado para ser pr\u00e1ctico, manejable y ligero. Es ideal para comer al aire libre y puede llevarse a cualquier parte.<\/p>\n<ul>\n<li>Material: Cuerpo de acero inoxidable aislado con recubrimiento de polvo de fibra cer\u00e1mica. Cuerpo de acero al carbono aislado y con recubrimiento de polvo.<\/li>\n<li>Placa de piedra de cordierita de 30 cm de ancho (10 mm de grosor).<\/li>\n<li>Pizza lista en s\u00f3lo 60 segundos.<\/li>\n<li>Se adapta a cualquier espacio exterior.<\/li>\n<\/ul>\n","protected":false},"excerpt":{"rendered":"<p>Horno port\u00e1til alimentado por le\u00f1a o carb\u00f3n, capaz de cocinar aut\u00e9nticas pizzas a la piedra en cualquier espacio exterior en<\/p>\n","protected":false},"featured_media":504485,"template":"","meta":{"_acf_changed":false,"inline_featured_image":false},"product_cat":[16079,16073],"product_tag":[16402,18045,24605],"acf":[],"yoast_head":"<!-- This site is optimized with the Yoast SEO Premium plugin v18.6 (Yoast SEO v19.13) - https:\/\/yoast.com\/wordpress\/plugins\/seo\/ -->\n<title>OONI Karu Horno Port\u00e1til de Le\u00f1a o Carb\u00f3n para Pizza - Erresse Shop<\/title>\n<meta name=\"description\" content=\"Horno port\u00e1til alimentado por le\u00f1a o carb\u00f3n, capaz de cocinar aut\u00e9nticas pizzas a la piedra en cualquier espacio exterior en s\u00f3lo 60 segundos. La bandeja\" \/>\n<meta name=\"robots\" content=\"index, follow, max-snippet:-1, max-image-preview:large, max-video-preview:-1\" \/>\n<link rel=\"canonical\" href=\"https:\/\/www.erresse-shop.it\/es\/shop\/pequenos-electrodomesticos\/hornos\/ooni-karu-horno-portatil-de-lena-o-carbon-para-pizza\/\" \/>\n<meta property=\"og:locale\" content=\"es_ES\" \/>\n<meta property=\"og:type\" content=\"article\" \/>\n<meta property=\"og:title\" content=\"OONI Karu Horno Port\u00e1til de Le\u00f1a o Carb\u00f3n para Pizza\" \/>\n<meta property=\"og:description\" content=\"Horno port\u00e1til alimentado por le\u00f1a o carb\u00f3n, capaz de cocinar aut\u00e9nticas pizzas a la piedra en cualquier espacio exterior en s\u00f3lo 60 segundos. La bandeja\" \/>\n<meta property=\"og:url\" content=\"https:\/\/www.erresse-shop.it\/es\/shop\/pequenos-electrodomesticos\/hornos\/ooni-karu-horno-portatil-de-lena-o-carbon-para-pizza\/\" \/>\n<meta property=\"og:site_name\" content=\"Erresse Shop\" \/>\n<meta property=\"article:modified_time\" content=\"2023-06-20T13:50:23+00:00\" \/>\n<meta property=\"og:image\" content=\"https:\/\/www.erresse-shop.it\/wp-content\/uploads\/2022\/09\/OONI-Karu-Forno-Portatile-a-Legna-o-Carbone-per-Pizza-3.jpg\" \/>\n\t<meta property=\"og:image:width\" content=\"800\" \/>\n\t<meta property=\"og:image:height\" content=\"800\" \/>\n\t<meta property=\"og:image:type\" content=\"image\/jpeg\" \/>\n<meta name=\"twitter:card\" content=\"summary_large_image\" \/>\n<script type=\"application\/ld+json\" class=\"yoast-schema-graph\">{\"@context\":\"https:\/\/schema.org\",\"@graph\":[{\"@type\":\"WebPage\",\"@id\":\"https:\/\/www.erresse-shop.it\/es\/shop\/pequenos-electrodomesticos\/hornos\/ooni-karu-horno-portatil-de-lena-o-carbon-para-pizza\/\",\"url\":\"https:\/\/www.erresse-shop.it\/es\/shop\/pequenos-electrodomesticos\/hornos\/ooni-karu-horno-portatil-de-lena-o-carbon-para-pizza\/\",\"name\":\"OONI Karu Horno Port\u00e1til de Le\u00f1a o Carb\u00f3n para Pizza - Erresse Shop\",\"isPartOf\":{\"@id\":\"https:\/\/www.erresse-shop.it\/es\/#website\"},\"datePublished\":\"2021-12-10T13:45:55+00:00\",\"dateModified\":\"2023-06-20T13:50:23+00:00\",\"description\":\"Horno port\u00e1til alimentado por le\u00f1a o carb\u00f3n, capaz de cocinar aut\u00e9nticas pizzas a la piedra en cualquier espacio exterior en s\u00f3lo 60 segundos. La bandeja\",\"breadcrumb\":{\"@id\":\"https:\/\/www.erresse-shop.it\/es\/shop\/pequenos-electrodomesticos\/hornos\/ooni-karu-horno-portatil-de-lena-o-carbon-para-pizza\/#breadcrumb\"},\"inLanguage\":\"es\",\"potentialAction\":[{\"@type\":\"ReadAction\",\"target\":[\"https:\/\/www.erresse-shop.it\/es\/shop\/pequenos-electrodomesticos\/hornos\/ooni-karu-horno-portatil-de-lena-o-carbon-para-pizza\/\"]}]},{\"@type\":\"BreadcrumbList\",\"@id\":\"https:\/\/www.erresse-shop.it\/es\/shop\/pequenos-electrodomesticos\/hornos\/ooni-karu-horno-portatil-de-lena-o-carbon-para-pizza\/#breadcrumb\",\"itemListElement\":[{\"@type\":\"ListItem\",\"position\":1,\"name\":\"Home\",\"item\":\"https:\/\/www.erresse-shop.it\/es\/\"},{\"@type\":\"ListItem\",\"position\":2,\"name\":\"Shop\",\"item\":\"https:\/\/www.erresse-shop.it\/es\/shop\/\"},{\"@type\":\"ListItem\",\"position\":3,\"name\":\"OONI Karu Horno Port\u00e1til de Le\u00f1a o Carb\u00f3n para Pizza\"}]},{\"@type\":\"WebSite\",\"@id\":\"https:\/\/www.erresse-shop.it\/es\/#website\",\"url\":\"https:\/\/www.erresse-shop.it\/es\/\",\"name\":\"Erresse Shop\",\"description\":\"Articoli di qualit\u00e0 per la casa\",\"potentialAction\":[{\"@type\":\"SearchAction\",\"target\":{\"@type\":\"EntryPoint\",\"urlTemplate\":\"https:\/\/www.erresse-shop.it\/es\/?s={search_term_string}\"},\"query-input\":\"required name=search_term_string\"}],\"inLanguage\":\"es\"}]}<\/script>\n<!-- \/ Yoast SEO Premium plugin. -->","yoast_head_json":{"title":"OONI Karu Horno Port\u00e1til de Le\u00f1a o Carb\u00f3n para Pizza - Erresse Shop","description":"Horno port\u00e1til alimentado por le\u00f1a o carb\u00f3n, capaz de cocinar aut\u00e9nticas pizzas a la piedra en cualquier espacio exterior en s\u00f3lo 60 segundos. La bandeja","robots":{"index":"index","follow":"follow","max-snippet":"max-snippet:-1","max-image-preview":"max-image-preview:large","max-video-preview":"max-video-preview:-1"},"canonical":"https:\/\/www.erresse-shop.it\/es\/shop\/pequenos-electrodomesticos\/hornos\/ooni-karu-horno-portatil-de-lena-o-carbon-para-pizza\/","og_locale":"es_ES","og_type":"article","og_title":"OONI Karu Horno Port\u00e1til de Le\u00f1a o Carb\u00f3n para Pizza","og_description":"Horno port\u00e1til alimentado por le\u00f1a o carb\u00f3n, capaz de cocinar aut\u00e9nticas pizzas a la piedra en cualquier espacio exterior en s\u00f3lo 60 segundos. La bandeja","og_url":"https:\/\/www.erresse-shop.it\/es\/shop\/pequenos-electrodomesticos\/hornos\/ooni-karu-horno-portatil-de-lena-o-carbon-para-pizza\/","og_site_name":"Erresse Shop","article_modified_time":"2023-06-20T13:50:23+00:00","og_image":[{"width":800,"height":800,"url":"https:\/\/www.erresse-shop.it\/wp-content\/uploads\/2022\/09\/OONI-Karu-Forno-Portatile-a-Legna-o-Carbone-per-Pizza-3.jpg","type":"image\/jpeg"}],"twitter_card":"summary_large_image","schema":{"@context":"https:\/\/schema.org","@graph":[{"@type":"WebPage","@id":"https:\/\/www.erresse-shop.it\/es\/shop\/pequenos-electrodomesticos\/hornos\/ooni-karu-horno-portatil-de-lena-o-carbon-para-pizza\/","url":"https:\/\/www.erresse-shop.it\/es\/shop\/pequenos-electrodomesticos\/hornos\/ooni-karu-horno-portatil-de-lena-o-carbon-para-pizza\/","name":"OONI Karu Horno Port\u00e1til de Le\u00f1a o Carb\u00f3n para Pizza - Erresse Shop","isPartOf":{"@id":"https:\/\/www.erresse-shop.it\/es\/#website"},"datePublished":"2021-12-10T13:45:55+00:00","dateModified":"2023-06-20T13:50:23+00:00","description":"Horno port\u00e1til alimentado por le\u00f1a o carb\u00f3n, capaz de cocinar aut\u00e9nticas pizzas a la piedra en cualquier espacio exterior en s\u00f3lo 60 segundos. La bandeja","breadcrumb":{"@id":"https:\/\/www.erresse-shop.it\/es\/shop\/pequenos-electrodomesticos\/hornos\/ooni-karu-horno-portatil-de-lena-o-carbon-para-pizza\/#breadcrumb"},"inLanguage":"es","potentialAction":[{"@type":"ReadAction","target":["https:\/\/www.erresse-shop.it\/es\/shop\/pequenos-electrodomesticos\/hornos\/ooni-karu-horno-portatil-de-lena-o-carbon-para-pizza\/"]}]},{"@type":"BreadcrumbList","@id":"https:\/\/www.erresse-shop.it\/es\/shop\/pequenos-electrodomesticos\/hornos\/ooni-karu-horno-portatil-de-lena-o-carbon-para-pizza\/#breadcrumb","itemListElement":[{"@type":"ListItem","position":1,"name":"Home","item":"https:\/\/www.erresse-shop.it\/es\/"},{"@type":"ListItem","position":2,"name":"Shop","item":"https:\/\/www.erresse-shop.it\/es\/shop\/"},{"@type":"ListItem","position":3,"name":"OONI Karu Horno Port\u00e1til de Le\u00f1a o Carb\u00f3n para Pizza"}]},{"@type":"WebSite","@id":"https:\/\/www.erresse-shop.it\/es\/#website","url":"https:\/\/www.erresse-shop.it\/es\/","name":"Erresse Shop","description":"Articoli di qualit\u00e0 per la casa","potentialAction":[{"@type":"SearchAction","target":{"@type":"EntryPoint","urlTemplate":"https:\/\/www.erresse-shop.it\/es\/?s={search_term_string}"},"query-input":"required name=search_term_string"}],"inLanguage":"es"}]}},"df_price":261.75,"df_sale_price":261.75,"df_regular_price":349,"df_image_link":"https:\/\/www.erresse-shop.it\/wp-content\/uploads\/2021\/12\/OONI-Karu-Forno-Portatile-per-Pizza-300x300.jpg","_links":{"self":[{"href":"https:\/\/www.erresse-shop.it\/es\/wp-json\/wp\/v2\/product\/135088"}],"collection":[{"href":"https:\/\/www.erresse-shop.it\/es\/wp-json\/wp\/v2\/product"}],"about":[{"href":"https:\/\/www.erresse-shop.it\/es\/wp-json\/wp\/v2\/types\/product"}],"wp:featuredmedia":[{"embeddable":true,"href":"https:\/\/www.erresse-shop.it\/es\/wp-json\/wp\/v2\/media\/504485"}],"wp:attachment":[{"href":"https:\/\/www.erresse-shop.it\/es\/wp-json\/wp\/v2\/media?parent=135088"}],"wp:term":[{"taxonomy":"product_cat","embeddable":true,"href":"https:\/\/www.erresse-shop.it\/es\/wp-json\/wp\/v2\/product_cat?post=135088"},{"taxonomy":"product_tag","embeddable":true,"href":"https:\/\/www.erresse-shop.it\/es\/wp-json\/wp\/v2\/product_tag?post=135088"}],"curies":[{"name":"wp","href":"https:\/\/api.w.org\/{rel}","templated":true}]}}