{"id":133830,"date":"2021-12-03T11:04:43","date_gmt":"2021-12-03T11:04:45","guid":{"rendered":"https:\/\/www.erresse-shop.it\/?post_type=product&#038;p=133830"},"modified":"2022-06-22T13:39:54","modified_gmt":"2022-06-22T13:39:54","slug":"illy-6-paquetes-de-18-capsulas-iperespresso-sabor-clasico","status":"publish","type":"product","link":"https:\/\/www.erresse-shop.it\/es\/shop\/cafe-es\/cafe-en-capsulas\/illy-6-paquetes-de-18-capsulas-iperespresso-sabor-clasico\/","title":{"rendered":"ILLY 6 Paquetes de 18 C\u00e1psulas IperEspresso Sabor Cl\u00e1sico"},"content":{"rendered":"<p><strong>Caja de 18 c\u00e1psulas, total 108 c\u00e1psulas (6 paquetes).<\/strong><\/p>\n<p><strong>NOTAS AROM\u00c1TICAS<\/strong><br \/>\nEl matiz de sabor CLASSICO de la exclusiva mezcla illy 100% Ar\u00e1bica expresa una nota dulce y floral que se combina con toques de pan tostado, caramelo y chocolate. Para los que prefieren una taza de caf\u00e9 con un sabor suave y aterciopelado.<\/p>\n","protected":false},"excerpt":{"rendered":"<p>Caja de 18 c\u00e1psulas, total 108 c\u00e1psulas (6 paquetes). NOTAS AROM\u00c1TICAS El matiz de sabor CLASSICO de la exclusiva mezcla<\/p>\n","protected":false},"featured_media":163919,"template":"","meta":{"_acf_changed":false,"inline_featured_image":false},"product_cat":[25352,25393],"product_tag":[16353,23574],"acf":[],"yoast_head":"<!-- This site is optimized with the Yoast SEO Premium plugin v18.6 (Yoast SEO v19.13) - https:\/\/yoast.com\/wordpress\/plugins\/seo\/ -->\n<title>ILLY 6 Paquetes de 18 C\u00e1psulas IperEspresso Sabor Cl\u00e1sico - Erresse Shop<\/title>\n<meta name=\"description\" content=\"Caja de 18 c\u00e1psulas, total 108 c\u00e1psulas (6 paquetes). NOTAS AROM\u00c1TICAS El matiz de sabor CLASSICO de la exclusiva mezcla illy 100% Ar\u00e1bica expresa una\" \/>\n<meta name=\"robots\" content=\"index, follow, max-snippet:-1, max-image-preview:large, max-video-preview:-1\" \/>\n<link rel=\"canonical\" href=\"https:\/\/www.erresse-shop.it\/es\/shop\/cafe-es\/cafe-en-capsulas\/illy-6-paquetes-de-18-capsulas-iperespresso-sabor-clasico\/\" \/>\n<meta property=\"og:locale\" content=\"es_ES\" \/>\n<meta property=\"og:type\" content=\"article\" \/>\n<meta property=\"og:title\" content=\"ILLY 6 Paquetes de 18 C\u00e1psulas IperEspresso Sabor Cl\u00e1sico\" \/>\n<meta property=\"og:description\" content=\"Caja de 18 c\u00e1psulas, total 108 c\u00e1psulas (6 paquetes). NOTAS AROM\u00c1TICAS El matiz de sabor CLASSICO de la exclusiva mezcla illy 100% Ar\u00e1bica expresa una\" \/>\n<meta property=\"og:url\" content=\"https:\/\/www.erresse-shop.it\/es\/shop\/cafe-es\/cafe-en-capsulas\/illy-6-paquetes-de-18-capsulas-iperespresso-sabor-clasico\/\" \/>\n<meta property=\"og:site_name\" content=\"Erresse Shop\" \/>\n<meta property=\"article:modified_time\" content=\"2022-06-22T13:39:54+00:00\" \/>\n<meta property=\"og:image\" content=\"https:\/\/www.erresse-shop.it\/wp-content\/uploads\/2021\/12\/ILLY-Caffe-Cialde-Classico.jpg\" \/>\n\t<meta property=\"og:image:width\" content=\"800\" \/>\n\t<meta property=\"og:image:height\" content=\"800\" \/>\n\t<meta property=\"og:image:type\" content=\"image\/jpeg\" \/>\n<meta name=\"twitter:card\" content=\"summary_large_image\" \/>\n<script type=\"application\/ld+json\" class=\"yoast-schema-graph\">{\"@context\":\"https:\/\/schema.org\",\"@graph\":[{\"@type\":\"WebPage\",\"@id\":\"https:\/\/www.erresse-shop.it\/es\/shop\/cafe-es\/cafe-en-capsulas\/illy-6-paquetes-de-18-capsulas-iperespresso-sabor-clasico\/\",\"url\":\"https:\/\/www.erresse-shop.it\/es\/shop\/cafe-es\/cafe-en-capsulas\/illy-6-paquetes-de-18-capsulas-iperespresso-sabor-clasico\/\",\"name\":\"ILLY 6 Paquetes de 18 C\u00e1psulas IperEspresso Sabor Cl\u00e1sico - Erresse Shop\",\"isPartOf\":{\"@id\":\"https:\/\/www.erresse-shop.it\/es\/#website\"},\"datePublished\":\"2021-12-03T11:04:45+00:00\",\"dateModified\":\"2022-06-22T13:39:54+00:00\",\"description\":\"Caja de 18 c\u00e1psulas, total 108 c\u00e1psulas (6 paquetes). NOTAS AROM\u00c1TICAS El matiz de sabor CLASSICO de la exclusiva mezcla illy 100% Ar\u00e1bica expresa una\",\"breadcrumb\":{\"@id\":\"https:\/\/www.erresse-shop.it\/es\/shop\/cafe-es\/cafe-en-capsulas\/illy-6-paquetes-de-18-capsulas-iperespresso-sabor-clasico\/#breadcrumb\"},\"inLanguage\":\"es\",\"potentialAction\":[{\"@type\":\"ReadAction\",\"target\":[\"https:\/\/www.erresse-shop.it\/es\/shop\/cafe-es\/cafe-en-capsulas\/illy-6-paquetes-de-18-capsulas-iperespresso-sabor-clasico\/\"]}]},{\"@type\":\"BreadcrumbList\",\"@id\":\"https:\/\/www.erresse-shop.it\/es\/shop\/cafe-es\/cafe-en-capsulas\/illy-6-paquetes-de-18-capsulas-iperespresso-sabor-clasico\/#breadcrumb\",\"itemListElement\":[{\"@type\":\"ListItem\",\"position\":1,\"name\":\"Home\",\"item\":\"https:\/\/www.erresse-shop.it\/es\/\"},{\"@type\":\"ListItem\",\"position\":2,\"name\":\"Shop\",\"item\":\"https:\/\/www.erresse-shop.it\/es\/shop\/\"},{\"@type\":\"ListItem\",\"position\":3,\"name\":\"ILLY 6 Paquetes de 18 C\u00e1psulas IperEspresso Sabor Cl\u00e1sico\"}]},{\"@type\":\"WebSite\",\"@id\":\"https:\/\/www.erresse-shop.it\/es\/#website\",\"url\":\"https:\/\/www.erresse-shop.it\/es\/\",\"name\":\"Erresse Shop\",\"description\":\"Articoli di qualit\u00e0 per la casa\",\"potentialAction\":[{\"@type\":\"SearchAction\",\"target\":{\"@type\":\"EntryPoint\",\"urlTemplate\":\"https:\/\/www.erresse-shop.it\/es\/?s={search_term_string}\"},\"query-input\":\"required name=search_term_string\"}],\"inLanguage\":\"es\"}]}<\/script>\n<!-- \/ Yoast SEO Premium plugin. -->","yoast_head_json":{"title":"ILLY 6 Paquetes de 18 C\u00e1psulas IperEspresso Sabor Cl\u00e1sico - Erresse Shop","description":"Caja de 18 c\u00e1psulas, total 108 c\u00e1psulas (6 paquetes). NOTAS AROM\u00c1TICAS El matiz de sabor CLASSICO de la exclusiva mezcla illy 100% Ar\u00e1bica expresa una","robots":{"index":"index","follow":"follow","max-snippet":"max-snippet:-1","max-image-preview":"max-image-preview:large","max-video-preview":"max-video-preview:-1"},"canonical":"https:\/\/www.erresse-shop.it\/es\/shop\/cafe-es\/cafe-en-capsulas\/illy-6-paquetes-de-18-capsulas-iperespresso-sabor-clasico\/","og_locale":"es_ES","og_type":"article","og_title":"ILLY 6 Paquetes de 18 C\u00e1psulas IperEspresso Sabor Cl\u00e1sico","og_description":"Caja de 18 c\u00e1psulas, total 108 c\u00e1psulas (6 paquetes). NOTAS AROM\u00c1TICAS El matiz de sabor CLASSICO de la exclusiva mezcla illy 100% Ar\u00e1bica expresa una","og_url":"https:\/\/www.erresse-shop.it\/es\/shop\/cafe-es\/cafe-en-capsulas\/illy-6-paquetes-de-18-capsulas-iperespresso-sabor-clasico\/","og_site_name":"Erresse Shop","article_modified_time":"2022-06-22T13:39:54+00:00","og_image":[{"width":800,"height":800,"url":"https:\/\/www.erresse-shop.it\/wp-content\/uploads\/2021\/12\/ILLY-Caffe-Cialde-Classico.jpg","type":"image\/jpeg"}],"twitter_card":"summary_large_image","schema":{"@context":"https:\/\/schema.org","@graph":[{"@type":"WebPage","@id":"https:\/\/www.erresse-shop.it\/es\/shop\/cafe-es\/cafe-en-capsulas\/illy-6-paquetes-de-18-capsulas-iperespresso-sabor-clasico\/","url":"https:\/\/www.erresse-shop.it\/es\/shop\/cafe-es\/cafe-en-capsulas\/illy-6-paquetes-de-18-capsulas-iperespresso-sabor-clasico\/","name":"ILLY 6 Paquetes de 18 C\u00e1psulas IperEspresso Sabor Cl\u00e1sico - Erresse Shop","isPartOf":{"@id":"https:\/\/www.erresse-shop.it\/es\/#website"},"datePublished":"2021-12-03T11:04:45+00:00","dateModified":"2022-06-22T13:39:54+00:00","description":"Caja de 18 c\u00e1psulas, total 108 c\u00e1psulas (6 paquetes). NOTAS AROM\u00c1TICAS El matiz de sabor CLASSICO de la exclusiva mezcla illy 100% Ar\u00e1bica expresa una","breadcrumb":{"@id":"https:\/\/www.erresse-shop.it\/es\/shop\/cafe-es\/cafe-en-capsulas\/illy-6-paquetes-de-18-capsulas-iperespresso-sabor-clasico\/#breadcrumb"},"inLanguage":"es","potentialAction":[{"@type":"ReadAction","target":["https:\/\/www.erresse-shop.it\/es\/shop\/cafe-es\/cafe-en-capsulas\/illy-6-paquetes-de-18-capsulas-iperespresso-sabor-clasico\/"]}]},{"@type":"BreadcrumbList","@id":"https:\/\/www.erresse-shop.it\/es\/shop\/cafe-es\/cafe-en-capsulas\/illy-6-paquetes-de-18-capsulas-iperespresso-sabor-clasico\/#breadcrumb","itemListElement":[{"@type":"ListItem","position":1,"name":"Home","item":"https:\/\/www.erresse-shop.it\/es\/"},{"@type":"ListItem","position":2,"name":"Shop","item":"https:\/\/www.erresse-shop.it\/es\/shop\/"},{"@type":"ListItem","position":3,"name":"ILLY 6 Paquetes de 18 C\u00e1psulas IperEspresso Sabor Cl\u00e1sico"}]},{"@type":"WebSite","@id":"https:\/\/www.erresse-shop.it\/es\/#website","url":"https:\/\/www.erresse-shop.it\/es\/","name":"Erresse Shop","description":"Articoli di qualit\u00e0 per la casa","potentialAction":[{"@type":"SearchAction","target":{"@type":"EntryPoint","urlTemplate":"https:\/\/www.erresse-shop.it\/es\/?s={search_term_string}"},"query-input":"required name=search_term_string"}],"inLanguage":"es"}]}},"df_price":49.95,"df_sale_price":49.95,"df_regular_price":59.4,"df_image_link":"https:\/\/www.erresse-shop.it\/wp-content\/uploads\/2021\/12\/ILLY-Caffe-Cialde-Classico-300x300.jpg","_links":{"self":[{"href":"https:\/\/www.erresse-shop.it\/es\/wp-json\/wp\/v2\/product\/133830"}],"collection":[{"href":"https:\/\/www.erresse-shop.it\/es\/wp-json\/wp\/v2\/product"}],"about":[{"href":"https:\/\/www.erresse-shop.it\/es\/wp-json\/wp\/v2\/types\/product"}],"wp:featuredmedia":[{"embeddable":true,"href":"https:\/\/www.erresse-shop.it\/es\/wp-json\/wp\/v2\/media\/163919"}],"wp:attachment":[{"href":"https:\/\/www.erresse-shop.it\/es\/wp-json\/wp\/v2\/media?parent=133830"}],"wp:term":[{"taxonomy":"product_cat","embeddable":true,"href":"https:\/\/www.erresse-shop.it\/es\/wp-json\/wp\/v2\/product_cat?post=133830"},{"taxonomy":"product_tag","embeddable":true,"href":"https:\/\/www.erresse-shop.it\/es\/wp-json\/wp\/v2\/product_tag?post=133830"}],"curies":[{"name":"wp","href":"https:\/\/api.w.org\/{rel}","templated":true}]}}