{"id":133666,"date":"2021-12-02T14:28:45","date_gmt":"2021-12-02T14:28:48","guid":{"rendered":"https:\/\/www.erresse-shop.it\/?post_type=product&#038;p=133666"},"modified":"2024-07-23T07:07:23","modified_gmt":"2024-07-23T07:07:23","slug":"instant-pot-multicocina-duo-evo-plus-5-7l","status":"publish","type":"product","link":"https:\/\/www.erresse-shop.it\/es\/shop\/pequenos-electrodomesticos\/procesadores-de-alimentos\/instant-pot-multicocina-duo-evo-plus-5-7l\/","title":{"rendered":"INSTANT POT Multicocina Duo Evo Plus 5.7L Acero"},"content":{"rendered":"<p>La multicocina Instant Pot Duo Evo Plus\u2122 es el modelo m\u00e1s popular en Italia y Europa.<\/p>\n<p><strong>El Duo es 10 aparatos en 1:<\/strong><br \/>\nF\u00e1cil de usar, f\u00e1cil de limpiar, r\u00e1pido y vers\u00e1til, con la capacidad ideal para la familia o para quienes tienen invitados. Sustituye a 10 electrodom\u00e9sticos en uno y tiene 48 programas para preparar sabrosas cenas con tiempos de cocci\u00f3n hasta un 70% m\u00e1s r\u00e1pidos que los m\u00e9todos tradicionales. La gran pantalla LCD le ofrece todo lo que necesita saber sobre el tiempo de cocci\u00f3n, la temperatura, la presi\u00f3n y el estado. Los botones le permiten seleccionar un programa inteligente que se adapte a sus necesidades y el sencillo dial central le permite desplazarse para encontrar la opci\u00f3n preestablecida adecuada o personalizar la hora y la temperatura.<\/p>\n<p><strong>CARACTER\u00cdSTICAS T\u00c9CNICAS<\/strong><br \/>\nOlla a presi\u00f3n, olla arrocera, olla de cocci\u00f3n lenta, yogurtera, vaporera, sous vide, sart\u00e9n, chafing dish, m\u00e1quina de tartas y olla cl\u00e1sica.<\/p>\n<ul>\n<li><strong>Material:<\/strong> Tapa y olla interior de acero inoxidable, olla exterior de acero inoxidable cepillado.<br \/>\n48 programas preestablecidos<\/li>\n<li><strong>Verduras:<\/strong> esp\u00e1rragos, jud\u00edas, br\u00f3coli, coles de Bruselas, col, coliflor, calabaza, zanahorias, ma\u00edz y patatas<\/li>\n<li><strong>Carne y huevos:<\/strong> ternera, pollo, cordero, cerdo y huevos<\/li>\n<li><strong>Legumbres:<\/strong> jud\u00edas, lentejas, guisantes, garbanzos, soja, habas<\/li>\n<li><strong>Pescado:<\/strong> mejillones, gambas, marisco<\/li>\n<li><strong>Arroz y cereales:<\/strong> arroz blanco, arroz integral, risotto, trigo, quinoa, avena y gachas<\/li>\n<li><strong>Capacidad:<\/strong> 5,7 L<\/li>\n<li><strong>Potencia:<\/strong> 1200W<\/li>\n<li><strong>Alimentaci\u00f3n:<\/strong> 220V<\/li>\n<li>9 programas est\u00e1ndar Smart one-touch\n<ul>\n<li>cocina a presi\u00f3n<\/li>\n<li>arroz\/cereal<\/li>\n<li>cocinar al vapor<\/li>\n<li>salteado\/parrilla<\/li>\n<li>cocina lenta<\/li>\n<li>al vapor<\/li>\n<li>yogur<\/li>\n<li>tartas<\/li>\n<li>mantener el calor<\/li>\n<\/ul>\n<\/li>\n<\/ul>\n","protected":false},"excerpt":{"rendered":"<p>La multicocina Instant Pot Duo Evo Plus\u2122 es el modelo m\u00e1s popular en Italia y Europa. El Duo es 10<\/p>\n","protected":false},"featured_media":135743,"template":"","meta":{"_acf_changed":false,"inline_featured_image":false},"product_cat":[16073,16077],"product_tag":[17935,16211,16644,17940,16655,16160],"acf":[],"yoast_head":"<!-- This site is optimized with the Yoast SEO Premium plugin v18.6 (Yoast SEO v19.13) - https:\/\/yoast.com\/wordpress\/plugins\/seo\/ -->\n<title>INSTANT POT Multicocina Duo Evo Plus 5.7L Acero - Erresse Shop<\/title>\n<meta name=\"description\" content=\"La multicocina Instant Pot Duo Evo Plus\u2122 es el modelo m\u00e1s popular en Italia y Europa. El Duo es 10 aparatos en 1: F\u00e1cil de usar, f\u00e1cil de limpiar, r\u00e1pido\" \/>\n<meta name=\"robots\" content=\"index, follow, max-snippet:-1, max-image-preview:large, max-video-preview:-1\" \/>\n<link rel=\"canonical\" href=\"https:\/\/www.erresse-shop.it\/es\/shop\/pequenos-electrodomesticos\/procesadores-de-alimentos\/instant-pot-multicocina-duo-evo-plus-5-7l\/\" \/>\n<meta property=\"og:locale\" content=\"es_ES\" \/>\n<meta property=\"og:type\" content=\"article\" \/>\n<meta property=\"og:title\" content=\"INSTANT POT Multicocina Duo Evo Plus 5.7L Acero\" \/>\n<meta property=\"og:description\" content=\"La multicocina Instant Pot Duo Evo Plus\u2122 es el modelo m\u00e1s popular en Italia y Europa. El Duo es 10 aparatos en 1: F\u00e1cil de usar, f\u00e1cil de limpiar, r\u00e1pido\" \/>\n<meta property=\"og:url\" content=\"https:\/\/www.erresse-shop.it\/es\/shop\/pequenos-electrodomesticos\/procesadores-de-alimentos\/instant-pot-multicocina-duo-evo-plus-5-7l\/\" \/>\n<meta property=\"og:site_name\" content=\"Erresse Shop\" \/>\n<meta property=\"article:modified_time\" content=\"2024-07-23T07:07:23+00:00\" \/>\n<meta property=\"og:image\" content=\"https:\/\/www.erresse-shop.it\/wp-content\/uploads\/2021\/12\/INSTANT-POT-Multicooker-Duo-Evo-Plus.jpg\" \/>\n\t<meta property=\"og:image:width\" content=\"1000\" \/>\n\t<meta property=\"og:image:height\" content=\"1000\" \/>\n\t<meta property=\"og:image:type\" content=\"image\/jpeg\" \/>\n<meta name=\"twitter:card\" content=\"summary_large_image\" \/>\n<script type=\"application\/ld+json\" class=\"yoast-schema-graph\">{\"@context\":\"https:\/\/schema.org\",\"@graph\":[{\"@type\":\"WebPage\",\"@id\":\"https:\/\/www.erresse-shop.it\/es\/shop\/pequenos-electrodomesticos\/procesadores-de-alimentos\/instant-pot-multicocina-duo-evo-plus-5-7l\/\",\"url\":\"https:\/\/www.erresse-shop.it\/es\/shop\/pequenos-electrodomesticos\/procesadores-de-alimentos\/instant-pot-multicocina-duo-evo-plus-5-7l\/\",\"name\":\"INSTANT POT Multicocina Duo Evo Plus 5.7L Acero - Erresse Shop\",\"isPartOf\":{\"@id\":\"https:\/\/www.erresse-shop.it\/es\/#website\"},\"datePublished\":\"2021-12-02T14:28:48+00:00\",\"dateModified\":\"2024-07-23T07:07:23+00:00\",\"description\":\"La multicocina Instant Pot Duo Evo Plus\u2122 es el modelo m\u00e1s popular en Italia y Europa. El Duo es 10 aparatos en 1: F\u00e1cil de usar, f\u00e1cil de limpiar, r\u00e1pido\",\"breadcrumb\":{\"@id\":\"https:\/\/www.erresse-shop.it\/es\/shop\/pequenos-electrodomesticos\/procesadores-de-alimentos\/instant-pot-multicocina-duo-evo-plus-5-7l\/#breadcrumb\"},\"inLanguage\":\"es\",\"potentialAction\":[{\"@type\":\"ReadAction\",\"target\":[\"https:\/\/www.erresse-shop.it\/es\/shop\/pequenos-electrodomesticos\/procesadores-de-alimentos\/instant-pot-multicocina-duo-evo-plus-5-7l\/\"]}]},{\"@type\":\"BreadcrumbList\",\"@id\":\"https:\/\/www.erresse-shop.it\/es\/shop\/pequenos-electrodomesticos\/procesadores-de-alimentos\/instant-pot-multicocina-duo-evo-plus-5-7l\/#breadcrumb\",\"itemListElement\":[{\"@type\":\"ListItem\",\"position\":1,\"name\":\"Home\",\"item\":\"https:\/\/www.erresse-shop.it\/es\/\"},{\"@type\":\"ListItem\",\"position\":2,\"name\":\"Shop\",\"item\":\"https:\/\/www.erresse-shop.it\/es\/shop\/\"},{\"@type\":\"ListItem\",\"position\":3,\"name\":\"INSTANT POT Multicocina Duo Evo Plus 5.7L Acero\"}]},{\"@type\":\"WebSite\",\"@id\":\"https:\/\/www.erresse-shop.it\/es\/#website\",\"url\":\"https:\/\/www.erresse-shop.it\/es\/\",\"name\":\"Erresse Shop\",\"description\":\"Articoli di qualit\u00e0 per la casa\",\"potentialAction\":[{\"@type\":\"SearchAction\",\"target\":{\"@type\":\"EntryPoint\",\"urlTemplate\":\"https:\/\/www.erresse-shop.it\/es\/?s={search_term_string}\"},\"query-input\":\"required name=search_term_string\"}],\"inLanguage\":\"es\"}]}<\/script>\n<!-- \/ Yoast SEO Premium plugin. -->","yoast_head_json":{"title":"INSTANT POT Multicocina Duo Evo Plus 5.7L Acero - Erresse Shop","description":"La multicocina Instant Pot Duo Evo Plus\u2122 es el modelo m\u00e1s popular en Italia y Europa. El Duo es 10 aparatos en 1: F\u00e1cil de usar, f\u00e1cil de limpiar, r\u00e1pido","robots":{"index":"index","follow":"follow","max-snippet":"max-snippet:-1","max-image-preview":"max-image-preview:large","max-video-preview":"max-video-preview:-1"},"canonical":"https:\/\/www.erresse-shop.it\/es\/shop\/pequenos-electrodomesticos\/procesadores-de-alimentos\/instant-pot-multicocina-duo-evo-plus-5-7l\/","og_locale":"es_ES","og_type":"article","og_title":"INSTANT POT Multicocina Duo Evo Plus 5.7L Acero","og_description":"La multicocina Instant Pot Duo Evo Plus\u2122 es el modelo m\u00e1s popular en Italia y Europa. El Duo es 10 aparatos en 1: F\u00e1cil de usar, f\u00e1cil de limpiar, r\u00e1pido","og_url":"https:\/\/www.erresse-shop.it\/es\/shop\/pequenos-electrodomesticos\/procesadores-de-alimentos\/instant-pot-multicocina-duo-evo-plus-5-7l\/","og_site_name":"Erresse Shop","article_modified_time":"2024-07-23T07:07:23+00:00","og_image":[{"width":1000,"height":1000,"url":"https:\/\/www.erresse-shop.it\/wp-content\/uploads\/2021\/12\/INSTANT-POT-Multicooker-Duo-Evo-Plus.jpg","type":"image\/jpeg"}],"twitter_card":"summary_large_image","schema":{"@context":"https:\/\/schema.org","@graph":[{"@type":"WebPage","@id":"https:\/\/www.erresse-shop.it\/es\/shop\/pequenos-electrodomesticos\/procesadores-de-alimentos\/instant-pot-multicocina-duo-evo-plus-5-7l\/","url":"https:\/\/www.erresse-shop.it\/es\/shop\/pequenos-electrodomesticos\/procesadores-de-alimentos\/instant-pot-multicocina-duo-evo-plus-5-7l\/","name":"INSTANT POT Multicocina Duo Evo Plus 5.7L Acero - Erresse Shop","isPartOf":{"@id":"https:\/\/www.erresse-shop.it\/es\/#website"},"datePublished":"2021-12-02T14:28:48+00:00","dateModified":"2024-07-23T07:07:23+00:00","description":"La multicocina Instant Pot Duo Evo Plus\u2122 es el modelo m\u00e1s popular en Italia y Europa. El Duo es 10 aparatos en 1: F\u00e1cil de usar, f\u00e1cil de limpiar, r\u00e1pido","breadcrumb":{"@id":"https:\/\/www.erresse-shop.it\/es\/shop\/pequenos-electrodomesticos\/procesadores-de-alimentos\/instant-pot-multicocina-duo-evo-plus-5-7l\/#breadcrumb"},"inLanguage":"es","potentialAction":[{"@type":"ReadAction","target":["https:\/\/www.erresse-shop.it\/es\/shop\/pequenos-electrodomesticos\/procesadores-de-alimentos\/instant-pot-multicocina-duo-evo-plus-5-7l\/"]}]},{"@type":"BreadcrumbList","@id":"https:\/\/www.erresse-shop.it\/es\/shop\/pequenos-electrodomesticos\/procesadores-de-alimentos\/instant-pot-multicocina-duo-evo-plus-5-7l\/#breadcrumb","itemListElement":[{"@type":"ListItem","position":1,"name":"Home","item":"https:\/\/www.erresse-shop.it\/es\/"},{"@type":"ListItem","position":2,"name":"Shop","item":"https:\/\/www.erresse-shop.it\/es\/shop\/"},{"@type":"ListItem","position":3,"name":"INSTANT POT Multicocina Duo Evo Plus 5.7L Acero"}]},{"@type":"WebSite","@id":"https:\/\/www.erresse-shop.it\/es\/#website","url":"https:\/\/www.erresse-shop.it\/es\/","name":"Erresse Shop","description":"Articoli di qualit\u00e0 per la casa","potentialAction":[{"@type":"SearchAction","target":{"@type":"EntryPoint","urlTemplate":"https:\/\/www.erresse-shop.it\/es\/?s={search_term_string}"},"query-input":"required name=search_term_string"}],"inLanguage":"es"}]}},"df_price":142.4925,"df_sale_price":142.4925,"df_regular_price":189.99,"df_image_link":"https:\/\/www.erresse-shop.it\/wp-content\/uploads\/2021\/12\/INSTANT-POT-Multicooker-Duo-Evo-Plus-300x300.jpg","_links":{"self":[{"href":"https:\/\/www.erresse-shop.it\/es\/wp-json\/wp\/v2\/product\/133666"}],"collection":[{"href":"https:\/\/www.erresse-shop.it\/es\/wp-json\/wp\/v2\/product"}],"about":[{"href":"https:\/\/www.erresse-shop.it\/es\/wp-json\/wp\/v2\/types\/product"}],"wp:featuredmedia":[{"embeddable":true,"href":"https:\/\/www.erresse-shop.it\/es\/wp-json\/wp\/v2\/media\/135743"}],"wp:attachment":[{"href":"https:\/\/www.erresse-shop.it\/es\/wp-json\/wp\/v2\/media?parent=133666"}],"wp:term":[{"taxonomy":"product_cat","embeddable":true,"href":"https:\/\/www.erresse-shop.it\/es\/wp-json\/wp\/v2\/product_cat?post=133666"},{"taxonomy":"product_tag","embeddable":true,"href":"https:\/\/www.erresse-shop.it\/es\/wp-json\/wp\/v2\/product_tag?post=133666"}],"curies":[{"name":"wp","href":"https:\/\/api.w.org\/{rel}","templated":true}]}}