{"id":133068,"date":"2021-12-01T11:09:08","date_gmt":"2021-12-01T11:09:19","guid":{"rendered":"https:\/\/www.erresse-shop.it\/?post_type=product&#038;p=133068"},"modified":"2025-02-26T13:34:57","modified_gmt":"2025-02-26T13:34:57","slug":"portmeirion-botanic-garden-exotic-juego-de-4-manteles","status":"publish","type":"product","link":"https:\/\/www.erresse-shop.it\/es\/shop\/tabla\/bandejas\/portmeirion-botanic-garden-exotic-juego-de-4-manteles\/","title":{"rendered":"PORTMEIRION Botanic Garden Exotic Set de 4 Manteles"},"content":{"rendered":"<p>Nuestros manteles individuales de calidad utilizan una cartulina de 5 mm coronada con una impresi\u00f3n art\u00edstica \u00fanica y exclusiva. Cada uno de ellos est\u00e1 completamente sellado con un revestimiento de alta calidad que es resistente a las manchas y al calor hasta 100\u00b0C. A continuaci\u00f3n, el mantel individual se remata con un soporte de corcho.<\/p>\n<p>Un cl\u00e1sico atemporal, Botanic Garden es la colecci\u00f3n m\u00e1s reconocible de la cer\u00e1mica brit\u00e1nica. Los bellos motivos florales y las llamativas mariposas hacen que las ocasiones cotidianas sean especiales, aportando placer a nuestro estilo de vida moderno. Botanic Garden contiene una amplia gama de piezas, para su uso dentro y fuera del hogar. Abraza la magia de la naturaleza y descubre tu propio jard\u00edn secreto.<\/p>\n<p>Portmeirion fue fundada en 1960 por la legendaria dise\u00f1adora de cer\u00e1mica Susan Williams-Ellis y su marido Euan Cooper-Willis.<br \/>\nCon casi cincuenta a\u00f1os de creatividad, la contribuci\u00f3n de Susan Williams Ellis al estilo de dise\u00f1o brit\u00e1nico, a Portmeirion Potteries y a la industria cer\u00e1mica brit\u00e1nica ha sido inconmensurable y la sit\u00faa firmemente en la compa\u00f1\u00eda de un peque\u00f1o grupo de grandes y c\u00e9lebres dise\u00f1adores de cer\u00e1mica del siglo XX. Su filosof\u00eda de que la vajilla debe ser bella y pr\u00e1ctica a la vez seguir\u00e1 impregnando los valores de dise\u00f1o de Portmeirion y determinar\u00e1 el \u00e9xito de la empresa que ella cre\u00f3.<\/p>\n<p><strong>Dimensiones (ancho x alto x fondo) =<\/strong> 40,1 x 0,58 x 20,8 cm<\/p>\n","protected":false},"excerpt":{"rendered":"<p>Nuestros manteles individuales de calidad utilizan una cartulina de 5 mm coronada con una impresi\u00f3n art\u00edstica \u00fanica y exclusiva. Cada<\/p>\n","protected":false},"featured_media":133087,"template":"","meta":{"_acf_changed":false,"inline_featured_image":false},"product_cat":[16036,16027],"product_tag":[16377,23912,16446,24605],"acf":[],"yoast_head":"<!-- This site is optimized with the Yoast SEO Premium plugin v18.6 (Yoast SEO v19.13) - https:\/\/yoast.com\/wordpress\/plugins\/seo\/ -->\n<title>PORTMEIRION Botanic Garden Exotic Set de 4 Manteles - Erresse Shop<\/title>\n<meta name=\"description\" content=\"Nuestros manteles individuales de calidad utilizan una cartulina de 5 mm coronada con una impresi\u00f3n art\u00edstica \u00fanica y exclusiva. Cada uno de ellos est\u00e1\" \/>\n<meta name=\"robots\" content=\"index, follow, max-snippet:-1, max-image-preview:large, max-video-preview:-1\" \/>\n<link rel=\"canonical\" href=\"https:\/\/www.erresse-shop.it\/es\/shop\/tabla\/bandejas\/portmeirion-botanic-garden-exotic-juego-de-4-manteles\/\" \/>\n<meta property=\"og:locale\" content=\"es_ES\" \/>\n<meta property=\"og:type\" content=\"article\" \/>\n<meta property=\"og:title\" content=\"PORTMEIRION Botanic Garden Exotic Set de 4 Manteles\" \/>\n<meta property=\"og:description\" content=\"Nuestros manteles individuales de calidad utilizan una cartulina de 5 mm coronada con una impresi\u00f3n art\u00edstica \u00fanica y exclusiva. Cada uno de ellos est\u00e1\" \/>\n<meta property=\"og:url\" content=\"https:\/\/www.erresse-shop.it\/es\/shop\/tabla\/bandejas\/portmeirion-botanic-garden-exotic-juego-de-4-manteles\/\" \/>\n<meta property=\"og:site_name\" content=\"Erresse Shop\" \/>\n<meta property=\"article:modified_time\" content=\"2025-02-26T13:34:57+00:00\" \/>\n<meta property=\"og:image\" content=\"https:\/\/www.erresse-shop.it\/wp-content\/uploads\/2021\/12\/PORTMEIRION-Exotic-Botanic-Garden-Set-4-Tovagliette-in-Legno.jpg\" \/>\n\t<meta property=\"og:image:width\" content=\"792\" \/>\n\t<meta property=\"og:image:height\" content=\"620\" \/>\n\t<meta property=\"og:image:type\" content=\"image\/jpeg\" \/>\n<meta name=\"twitter:card\" content=\"summary_large_image\" \/>\n<script type=\"application\/ld+json\" class=\"yoast-schema-graph\">{\"@context\":\"https:\/\/schema.org\",\"@graph\":[{\"@type\":\"WebPage\",\"@id\":\"https:\/\/www.erresse-shop.it\/es\/shop\/tabla\/bandejas\/portmeirion-botanic-garden-exotic-juego-de-4-manteles\/\",\"url\":\"https:\/\/www.erresse-shop.it\/es\/shop\/tabla\/bandejas\/portmeirion-botanic-garden-exotic-juego-de-4-manteles\/\",\"name\":\"PORTMEIRION Botanic Garden Exotic Set de 4 Manteles - Erresse Shop\",\"isPartOf\":{\"@id\":\"https:\/\/www.erresse-shop.it\/es\/#website\"},\"datePublished\":\"2021-12-01T11:09:19+00:00\",\"dateModified\":\"2025-02-26T13:34:57+00:00\",\"description\":\"Nuestros manteles individuales de calidad utilizan una cartulina de 5 mm coronada con una impresi\u00f3n art\u00edstica \u00fanica y exclusiva. Cada uno de ellos est\u00e1\",\"breadcrumb\":{\"@id\":\"https:\/\/www.erresse-shop.it\/es\/shop\/tabla\/bandejas\/portmeirion-botanic-garden-exotic-juego-de-4-manteles\/#breadcrumb\"},\"inLanguage\":\"es\",\"potentialAction\":[{\"@type\":\"ReadAction\",\"target\":[\"https:\/\/www.erresse-shop.it\/es\/shop\/tabla\/bandejas\/portmeirion-botanic-garden-exotic-juego-de-4-manteles\/\"]}]},{\"@type\":\"BreadcrumbList\",\"@id\":\"https:\/\/www.erresse-shop.it\/es\/shop\/tabla\/bandejas\/portmeirion-botanic-garden-exotic-juego-de-4-manteles\/#breadcrumb\",\"itemListElement\":[{\"@type\":\"ListItem\",\"position\":1,\"name\":\"Home\",\"item\":\"https:\/\/www.erresse-shop.it\/es\/\"},{\"@type\":\"ListItem\",\"position\":2,\"name\":\"Shop\",\"item\":\"https:\/\/www.erresse-shop.it\/es\/shop\/\"},{\"@type\":\"ListItem\",\"position\":3,\"name\":\"PORTMEIRION Botanic Garden Exotic Set de 4 Manteles\"}]},{\"@type\":\"WebSite\",\"@id\":\"https:\/\/www.erresse-shop.it\/es\/#website\",\"url\":\"https:\/\/www.erresse-shop.it\/es\/\",\"name\":\"Erresse Shop\",\"description\":\"Articoli di qualit\u00e0 per la casa\",\"potentialAction\":[{\"@type\":\"SearchAction\",\"target\":{\"@type\":\"EntryPoint\",\"urlTemplate\":\"https:\/\/www.erresse-shop.it\/es\/?s={search_term_string}\"},\"query-input\":\"required name=search_term_string\"}],\"inLanguage\":\"es\"}]}<\/script>\n<!-- \/ Yoast SEO Premium plugin. -->","yoast_head_json":{"title":"PORTMEIRION Botanic Garden Exotic Set de 4 Manteles - Erresse Shop","description":"Nuestros manteles individuales de calidad utilizan una cartulina de 5 mm coronada con una impresi\u00f3n art\u00edstica \u00fanica y exclusiva. Cada uno de ellos est\u00e1","robots":{"index":"index","follow":"follow","max-snippet":"max-snippet:-1","max-image-preview":"max-image-preview:large","max-video-preview":"max-video-preview:-1"},"canonical":"https:\/\/www.erresse-shop.it\/es\/shop\/tabla\/bandejas\/portmeirion-botanic-garden-exotic-juego-de-4-manteles\/","og_locale":"es_ES","og_type":"article","og_title":"PORTMEIRION Botanic Garden Exotic Set de 4 Manteles","og_description":"Nuestros manteles individuales de calidad utilizan una cartulina de 5 mm coronada con una impresi\u00f3n art\u00edstica \u00fanica y exclusiva. Cada uno de ellos est\u00e1","og_url":"https:\/\/www.erresse-shop.it\/es\/shop\/tabla\/bandejas\/portmeirion-botanic-garden-exotic-juego-de-4-manteles\/","og_site_name":"Erresse Shop","article_modified_time":"2025-02-26T13:34:57+00:00","og_image":[{"width":792,"height":620,"url":"https:\/\/www.erresse-shop.it\/wp-content\/uploads\/2021\/12\/PORTMEIRION-Exotic-Botanic-Garden-Set-4-Tovagliette-in-Legno.jpg","type":"image\/jpeg"}],"twitter_card":"summary_large_image","schema":{"@context":"https:\/\/schema.org","@graph":[{"@type":"WebPage","@id":"https:\/\/www.erresse-shop.it\/es\/shop\/tabla\/bandejas\/portmeirion-botanic-garden-exotic-juego-de-4-manteles\/","url":"https:\/\/www.erresse-shop.it\/es\/shop\/tabla\/bandejas\/portmeirion-botanic-garden-exotic-juego-de-4-manteles\/","name":"PORTMEIRION Botanic Garden Exotic Set de 4 Manteles - Erresse Shop","isPartOf":{"@id":"https:\/\/www.erresse-shop.it\/es\/#website"},"datePublished":"2021-12-01T11:09:19+00:00","dateModified":"2025-02-26T13:34:57+00:00","description":"Nuestros manteles individuales de calidad utilizan una cartulina de 5 mm coronada con una impresi\u00f3n art\u00edstica \u00fanica y exclusiva. Cada uno de ellos est\u00e1","breadcrumb":{"@id":"https:\/\/www.erresse-shop.it\/es\/shop\/tabla\/bandejas\/portmeirion-botanic-garden-exotic-juego-de-4-manteles\/#breadcrumb"},"inLanguage":"es","potentialAction":[{"@type":"ReadAction","target":["https:\/\/www.erresse-shop.it\/es\/shop\/tabla\/bandejas\/portmeirion-botanic-garden-exotic-juego-de-4-manteles\/"]}]},{"@type":"BreadcrumbList","@id":"https:\/\/www.erresse-shop.it\/es\/shop\/tabla\/bandejas\/portmeirion-botanic-garden-exotic-juego-de-4-manteles\/#breadcrumb","itemListElement":[{"@type":"ListItem","position":1,"name":"Home","item":"https:\/\/www.erresse-shop.it\/es\/"},{"@type":"ListItem","position":2,"name":"Shop","item":"https:\/\/www.erresse-shop.it\/es\/shop\/"},{"@type":"ListItem","position":3,"name":"PORTMEIRION Botanic Garden Exotic Set de 4 Manteles"}]},{"@type":"WebSite","@id":"https:\/\/www.erresse-shop.it\/es\/#website","url":"https:\/\/www.erresse-shop.it\/es\/","name":"Erresse Shop","description":"Articoli di qualit\u00e0 per la casa","potentialAction":[{"@type":"SearchAction","target":{"@type":"EntryPoint","urlTemplate":"https:\/\/www.erresse-shop.it\/es\/?s={search_term_string}"},"query-input":"required name=search_term_string"}],"inLanguage":"es"}]}},"df_price":30.03,"df_sale_price":30.03,"df_regular_price":46.2,"df_image_link":"https:\/\/www.erresse-shop.it\/wp-content\/uploads\/2021\/12\/PORTMEIRION-Exotic-Botanic-Garden-Set-4-Tovagliette-in-Legno-300x235.jpg","_links":{"self":[{"href":"https:\/\/www.erresse-shop.it\/es\/wp-json\/wp\/v2\/product\/133068"}],"collection":[{"href":"https:\/\/www.erresse-shop.it\/es\/wp-json\/wp\/v2\/product"}],"about":[{"href":"https:\/\/www.erresse-shop.it\/es\/wp-json\/wp\/v2\/types\/product"}],"wp:featuredmedia":[{"embeddable":true,"href":"https:\/\/www.erresse-shop.it\/es\/wp-json\/wp\/v2\/media\/133087"}],"wp:attachment":[{"href":"https:\/\/www.erresse-shop.it\/es\/wp-json\/wp\/v2\/media?parent=133068"}],"wp:term":[{"taxonomy":"product_cat","embeddable":true,"href":"https:\/\/www.erresse-shop.it\/es\/wp-json\/wp\/v2\/product_cat?post=133068"},{"taxonomy":"product_tag","embeddable":true,"href":"https:\/\/www.erresse-shop.it\/es\/wp-json\/wp\/v2\/product_tag?post=133068"}],"curies":[{"name":"wp","href":"https:\/\/api.w.org\/{rel}","templated":true}]}}