{"id":132952,"date":"2021-12-01T10:07:32","date_gmt":"2021-12-01T10:07:34","guid":{"rendered":"https:\/\/www.erresse-shop.it\/?post_type=product&#038;p=132952"},"modified":"2023-10-09T00:00:08","modified_gmt":"2023-10-09T00:00:08","slug":"sambonet-servicio-de-cubiertos-24-piezas-dream","status":"publish","type":"product","link":"https:\/\/www.erresse-shop.it\/es\/shop\/tabla\/cubiertos\/sambonet-servicio-de-cubiertos-24-piezas-dream\/","title":{"rendered":"SAMBONET Servicio de Cubiertos 24 Piezas Dream"},"content":{"rendered":"<p>Una original y armoniosa forma de gota, de inspiraci\u00f3n moderna y funcional, distingue el dise\u00f1o &#8220;de ensue\u00f1o&#8221; de la colecci\u00f3n Dream. Un verdadero must-have de Sambonet.<\/p>\n<ul>\n<li>Con un mango elegante y robusto, cada pieza de cuberter\u00eda est\u00e1 hecha de acero inoxidable 18\/10. Se puede lavar en el lavavajillas.<\/li>\n<li>Estilo contempor\u00e1neo ideal para embellecer la mesa, tanto en el d\u00eda a d\u00eda como en ocasiones especiales.<\/li>\n<li>Servicio para 6 personas. Incluye: 6 tenedores de mesa, 6 cucharas de mesa, 6 cuchillos de mesa y 6 cucharillas.<\/li>\n<li>Presentado en un elegante envase, tambi\u00e9n es perfecto como idea de regalo.<\/li>\n<li>Con una original y armoniosa forma de l\u00e1grima, a medio camino entre la modernidad y el dise\u00f1o, la colecci\u00f3n es un must-have de Sambonet. Esta cuberter\u00eda embellece la mesa, tanto en la vida cotidiana como en las ocasiones especiales.<\/li>\n<\/ul>\n<p><strong>ANTES Y DESPU\u00c9S DE CADA USO<\/strong><br \/>\nLavar con detergentes adecuados evitando el cloro y la lej\u00eda, aclarar y secar bien. A continuaci\u00f3n, gu\u00e1rdelo en un lugar seco. No utilice esponjas o pa\u00f1os abrasivos ni estropajos met\u00e1licos. Elimine inmediatamente los restos de sal, lim\u00f3n, vinagre, salsas a base de tomate, etc. Si utiliza un lavavajillas, aseg\u00farese de que el tratamiento incluye un perfecto secado y pulido y, si no, h\u00e1galo manualmente. Las hojas de los cuchillos est\u00e1n hechas de acero inoxidable martens\u00edtico 420 endurecido, lo que garantiza la durabilidad del afilado pero hace que el material sea m\u00e1s sensible al ataque corrosivo. Es esencial que los cuchillos se limpien, se laven y se sequen correctamente inmediatamente despu\u00e9s de su uso.<\/p>\n","protected":false},"excerpt":{"rendered":"<p>Una original y armoniosa forma de gota, de inspiraci\u00f3n moderna y funcional, distingue el dise\u00f1o &#8220;de ensue\u00f1o&#8221; de la colecci\u00f3n<\/p>\n","protected":false},"featured_media":132990,"template":"","meta":{"_acf_changed":false,"inline_featured_image":false},"product_cat":[16033,16027],"product_tag":[25090,23912,23692,17199,23662,16830,24430,17200,25023],"acf":[],"yoast_head":"<!-- This site is optimized with the Yoast SEO Premium plugin v18.6 (Yoast SEO v19.13) - https:\/\/yoast.com\/wordpress\/plugins\/seo\/ -->\n<title>SAMBONET Servicio de Cubiertos 24 Piezas Dream - Erresse Shop<\/title>\n<meta name=\"description\" content=\"Una original y armoniosa forma de gota, de inspiraci\u00f3n moderna y funcional, distingue el dise\u00f1o &quot;de ensue\u00f1o&quot; de la colecci\u00f3n Dream. Un verdadero must-have\" \/>\n<meta name=\"robots\" content=\"index, follow, max-snippet:-1, max-image-preview:large, max-video-preview:-1\" \/>\n<link rel=\"canonical\" href=\"https:\/\/www.erresse-shop.it\/es\/shop\/tabla\/cubiertos\/sambonet-servicio-de-cubiertos-24-piezas-dream\/\" \/>\n<meta property=\"og:locale\" content=\"es_ES\" \/>\n<meta property=\"og:type\" content=\"article\" \/>\n<meta property=\"og:title\" content=\"SAMBONET Servicio de Cubiertos 24 Piezas Dream\" \/>\n<meta property=\"og:description\" content=\"Una original y armoniosa forma de gota, de inspiraci\u00f3n moderna y funcional, distingue el dise\u00f1o &quot;de ensue\u00f1o&quot; de la colecci\u00f3n Dream. Un verdadero must-have\" \/>\n<meta property=\"og:url\" content=\"https:\/\/www.erresse-shop.it\/es\/shop\/tabla\/cubiertos\/sambonet-servicio-de-cubiertos-24-piezas-dream\/\" \/>\n<meta property=\"og:site_name\" content=\"Erresse Shop\" \/>\n<meta property=\"article:modified_time\" content=\"2023-10-09T00:00:08+00:00\" \/>\n<meta property=\"og:image\" content=\"https:\/\/www.erresse-shop.it\/wp-content\/uploads\/2021\/12\/SAMBONET-Posate-Dream-24.jpg\" \/>\n\t<meta property=\"og:image:width\" content=\"1000\" \/>\n\t<meta property=\"og:image:height\" content=\"1000\" \/>\n\t<meta property=\"og:image:type\" content=\"image\/jpeg\" \/>\n<meta name=\"twitter:card\" content=\"summary_large_image\" \/>\n<script type=\"application\/ld+json\" class=\"yoast-schema-graph\">{\"@context\":\"https:\/\/schema.org\",\"@graph\":[{\"@type\":\"WebPage\",\"@id\":\"https:\/\/www.erresse-shop.it\/es\/shop\/tabla\/cubiertos\/sambonet-servicio-de-cubiertos-24-piezas-dream\/\",\"url\":\"https:\/\/www.erresse-shop.it\/es\/shop\/tabla\/cubiertos\/sambonet-servicio-de-cubiertos-24-piezas-dream\/\",\"name\":\"SAMBONET Servicio de Cubiertos 24 Piezas Dream - Erresse Shop\",\"isPartOf\":{\"@id\":\"https:\/\/www.erresse-shop.it\/es\/#website\"},\"datePublished\":\"2021-12-01T10:07:34+00:00\",\"dateModified\":\"2023-10-09T00:00:08+00:00\",\"description\":\"Una original y armoniosa forma de gota, de inspiraci\u00f3n moderna y funcional, distingue el dise\u00f1o \\\"de ensue\u00f1o\\\" de la colecci\u00f3n Dream. Un verdadero must-have\",\"breadcrumb\":{\"@id\":\"https:\/\/www.erresse-shop.it\/es\/shop\/tabla\/cubiertos\/sambonet-servicio-de-cubiertos-24-piezas-dream\/#breadcrumb\"},\"inLanguage\":\"es\",\"potentialAction\":[{\"@type\":\"ReadAction\",\"target\":[\"https:\/\/www.erresse-shop.it\/es\/shop\/tabla\/cubiertos\/sambonet-servicio-de-cubiertos-24-piezas-dream\/\"]}]},{\"@type\":\"BreadcrumbList\",\"@id\":\"https:\/\/www.erresse-shop.it\/es\/shop\/tabla\/cubiertos\/sambonet-servicio-de-cubiertos-24-piezas-dream\/#breadcrumb\",\"itemListElement\":[{\"@type\":\"ListItem\",\"position\":1,\"name\":\"Home\",\"item\":\"https:\/\/www.erresse-shop.it\/es\/\"},{\"@type\":\"ListItem\",\"position\":2,\"name\":\"Shop\",\"item\":\"https:\/\/www.erresse-shop.it\/es\/shop\/\"},{\"@type\":\"ListItem\",\"position\":3,\"name\":\"SAMBONET Servicio de Cubiertos 24 Piezas Dream\"}]},{\"@type\":\"WebSite\",\"@id\":\"https:\/\/www.erresse-shop.it\/es\/#website\",\"url\":\"https:\/\/www.erresse-shop.it\/es\/\",\"name\":\"Erresse Shop\",\"description\":\"Articoli di qualit\u00e0 per la casa\",\"potentialAction\":[{\"@type\":\"SearchAction\",\"target\":{\"@type\":\"EntryPoint\",\"urlTemplate\":\"https:\/\/www.erresse-shop.it\/es\/?s={search_term_string}\"},\"query-input\":\"required name=search_term_string\"}],\"inLanguage\":\"es\"}]}<\/script>\n<!-- \/ Yoast SEO Premium plugin. -->","yoast_head_json":{"title":"SAMBONET Servicio de Cubiertos 24 Piezas Dream - Erresse Shop","description":"Una original y armoniosa forma de gota, de inspiraci\u00f3n moderna y funcional, distingue el dise\u00f1o \"de ensue\u00f1o\" de la colecci\u00f3n Dream. Un verdadero must-have","robots":{"index":"index","follow":"follow","max-snippet":"max-snippet:-1","max-image-preview":"max-image-preview:large","max-video-preview":"max-video-preview:-1"},"canonical":"https:\/\/www.erresse-shop.it\/es\/shop\/tabla\/cubiertos\/sambonet-servicio-de-cubiertos-24-piezas-dream\/","og_locale":"es_ES","og_type":"article","og_title":"SAMBONET Servicio de Cubiertos 24 Piezas Dream","og_description":"Una original y armoniosa forma de gota, de inspiraci\u00f3n moderna y funcional, distingue el dise\u00f1o \"de ensue\u00f1o\" de la colecci\u00f3n Dream. Un verdadero must-have","og_url":"https:\/\/www.erresse-shop.it\/es\/shop\/tabla\/cubiertos\/sambonet-servicio-de-cubiertos-24-piezas-dream\/","og_site_name":"Erresse Shop","article_modified_time":"2023-10-09T00:00:08+00:00","og_image":[{"width":1000,"height":1000,"url":"https:\/\/www.erresse-shop.it\/wp-content\/uploads\/2021\/12\/SAMBONET-Posate-Dream-24.jpg","type":"image\/jpeg"}],"twitter_card":"summary_large_image","schema":{"@context":"https:\/\/schema.org","@graph":[{"@type":"WebPage","@id":"https:\/\/www.erresse-shop.it\/es\/shop\/tabla\/cubiertos\/sambonet-servicio-de-cubiertos-24-piezas-dream\/","url":"https:\/\/www.erresse-shop.it\/es\/shop\/tabla\/cubiertos\/sambonet-servicio-de-cubiertos-24-piezas-dream\/","name":"SAMBONET Servicio de Cubiertos 24 Piezas Dream - Erresse Shop","isPartOf":{"@id":"https:\/\/www.erresse-shop.it\/es\/#website"},"datePublished":"2021-12-01T10:07:34+00:00","dateModified":"2023-10-09T00:00:08+00:00","description":"Una original y armoniosa forma de gota, de inspiraci\u00f3n moderna y funcional, distingue el dise\u00f1o \"de ensue\u00f1o\" de la colecci\u00f3n Dream. Un verdadero must-have","breadcrumb":{"@id":"https:\/\/www.erresse-shop.it\/es\/shop\/tabla\/cubiertos\/sambonet-servicio-de-cubiertos-24-piezas-dream\/#breadcrumb"},"inLanguage":"es","potentialAction":[{"@type":"ReadAction","target":["https:\/\/www.erresse-shop.it\/es\/shop\/tabla\/cubiertos\/sambonet-servicio-de-cubiertos-24-piezas-dream\/"]}]},{"@type":"BreadcrumbList","@id":"https:\/\/www.erresse-shop.it\/es\/shop\/tabla\/cubiertos\/sambonet-servicio-de-cubiertos-24-piezas-dream\/#breadcrumb","itemListElement":[{"@type":"ListItem","position":1,"name":"Home","item":"https:\/\/www.erresse-shop.it\/es\/"},{"@type":"ListItem","position":2,"name":"Shop","item":"https:\/\/www.erresse-shop.it\/es\/shop\/"},{"@type":"ListItem","position":3,"name":"SAMBONET Servicio de Cubiertos 24 Piezas Dream"}]},{"@type":"WebSite","@id":"https:\/\/www.erresse-shop.it\/es\/#website","url":"https:\/\/www.erresse-shop.it\/es\/","name":"Erresse Shop","description":"Articoli di qualit\u00e0 per la casa","potentialAction":[{"@type":"SearchAction","target":{"@type":"EntryPoint","urlTemplate":"https:\/\/www.erresse-shop.it\/es\/?s={search_term_string}"},"query-input":"required name=search_term_string"}],"inLanguage":"es"}]}},"df_price":90.42000000000002,"df_sale_price":90.42000000000002,"df_regular_price":164.4,"df_image_link":"https:\/\/www.erresse-shop.it\/wp-content\/uploads\/2021\/12\/SAMBONET-Posate-Dream-24-300x300.jpg","_links":{"self":[{"href":"https:\/\/www.erresse-shop.it\/es\/wp-json\/wp\/v2\/product\/132952"}],"collection":[{"href":"https:\/\/www.erresse-shop.it\/es\/wp-json\/wp\/v2\/product"}],"about":[{"href":"https:\/\/www.erresse-shop.it\/es\/wp-json\/wp\/v2\/types\/product"}],"wp:featuredmedia":[{"embeddable":true,"href":"https:\/\/www.erresse-shop.it\/es\/wp-json\/wp\/v2\/media\/132990"}],"wp:attachment":[{"href":"https:\/\/www.erresse-shop.it\/es\/wp-json\/wp\/v2\/media?parent=132952"}],"wp:term":[{"taxonomy":"product_cat","embeddable":true,"href":"https:\/\/www.erresse-shop.it\/es\/wp-json\/wp\/v2\/product_cat?post=132952"},{"taxonomy":"product_tag","embeddable":true,"href":"https:\/\/www.erresse-shop.it\/es\/wp-json\/wp\/v2\/product_tag?post=132952"}],"curies":[{"name":"wp","href":"https:\/\/api.w.org\/{rel}","templated":true}]}}