{"id":132824,"date":"2021-12-01T08:47:44","date_gmt":"2021-12-01T08:47:46","guid":{"rendered":"https:\/\/www.erresse-shop.it\/?post_type=product&#038;p=132824"},"modified":"2023-06-20T07:50:54","modified_gmt":"2023-06-20T07:50:54","slug":"sambonet-servicio-de-cubiertos-24-piezas-rock","status":"publish","type":"product","link":"https:\/\/www.erresse-shop.it\/es\/shop\/tabla\/cubiertos\/sambonet-servicio-de-cubiertos-24-piezas-rock\/","title":{"rendered":"SAMBONET Servicio de Cubiertos 24 Piezas Rock"},"content":{"rendered":"<p>Para Sambonet, ser &#8220;rockero&#8221; va mucho m\u00e1s all\u00e1 de la est\u00e9tica. Reforzada por un ADN innovador, decidida en el dise\u00f1o y refinada en el estilo, la nueva cuberter\u00eda Rock es extremadamente flexible pero al mismo tiempo aporta car\u00e1cter y empuje a la mesa. Las l\u00edneas cuadradas y el elevado grosor del acero inoxidable la convierten en una colecci\u00f3n funcional y contempor\u00e1nea.<\/p>\n<ul>\n<li>Un dise\u00f1o actual, desenfadado y atractivo que aporta valor a la mesa.<\/li>\n<li>Vajilla para 6 personas. Incluye 6 tenedores de mesa, 6 cucharas de mesa, 6 cuchillos de mesa y 6 cucharillas.<\/li>\n<li>Hecho de acero inoxidable 18\/10 duradero y de alta calidad. Se puede lavar en el lavavajillas.<\/li>\n<li>El pulido Mirror realza la alta calidad del acero Sambonet, resaltando la forma y el dise\u00f1o.<\/li>\n<li>La cautivadora textura Antique, c\u00f3moda al tacto, da un sofisticado y refinado acabado mate al acero. La coloraci\u00f3n PVD -el saber hacer registrado de Sambonet- a\u00f1ade estilo y fuerza a las superficies.<\/li>\n<\/ul>\n<p><strong>ANTES Y DESPU\u00c9S DE CADA USO<\/strong><br \/>\nLavar con detergentes adecuados evitando el cloro y la lej\u00eda, aclarar y secar bien. A continuaci\u00f3n, gu\u00e1rdelo en un lugar seco. No utilice esponjas o pa\u00f1os abrasivos ni estropajos met\u00e1licos. Elimine inmediatamente los restos de sal, lim\u00f3n, vinagre, salsas a base de tomate, etc. Si utiliza un lavavajillas, aseg\u00farese de que el tratamiento incluye un perfecto secado y pulido y, si no, h\u00e1galo manualmente. Las hojas de los cuchillos est\u00e1n hechas de acero inoxidable martens\u00edtico 420 endurecido, lo que garantiza la durabilidad del afilado pero hace que el material sea m\u00e1s sensible al ataque corrosivo. Es esencial que los cuchillos se limpien, se laven y se sequen correctamente inmediatamente despu\u00e9s de su uso.<\/p>\n","protected":false},"excerpt":{"rendered":"<p>Para Sambonet, ser &#8220;rockero&#8221; va mucho m\u00e1s all\u00e1 de la est\u00e9tica. Reforzada por un ADN innovador, decidida en el dise\u00f1o<\/p>\n","protected":false},"featured_media":132850,"template":"","meta":{"_acf_changed":false,"inline_featured_image":false},"product_cat":[16033,16027],"product_tag":[23912,23692,17199,17889,17200],"acf":[],"yoast_head":"<!-- This site is optimized with the Yoast SEO Premium plugin v18.6 (Yoast SEO v19.13) - https:\/\/yoast.com\/wordpress\/plugins\/seo\/ -->\n<title>SAMBONET Servicio de Cubiertos 24 Piezas Rock - Erresse Shop<\/title>\n<meta name=\"description\" content=\"Para Sambonet, ser &quot;rockero&quot; va mucho m\u00e1s all\u00e1 de la est\u00e9tica. Reforzada por un ADN innovador, decidida en el dise\u00f1o y refinada en el estilo, la nueva\" \/>\n<meta name=\"robots\" content=\"index, follow, max-snippet:-1, max-image-preview:large, max-video-preview:-1\" \/>\n<link rel=\"canonical\" href=\"https:\/\/www.erresse-shop.it\/es\/shop\/tabla\/cubiertos\/sambonet-servicio-de-cubiertos-24-piezas-rock\/\" \/>\n<meta property=\"og:locale\" content=\"es_ES\" \/>\n<meta property=\"og:type\" content=\"article\" \/>\n<meta property=\"og:title\" content=\"SAMBONET Servicio de Cubiertos 24 Piezas Rock\" \/>\n<meta property=\"og:description\" content=\"Para Sambonet, ser &quot;rockero&quot; va mucho m\u00e1s all\u00e1 de la est\u00e9tica. Reforzada por un ADN innovador, decidida en el dise\u00f1o y refinada en el estilo, la nueva\" \/>\n<meta property=\"og:url\" content=\"https:\/\/www.erresse-shop.it\/es\/shop\/tabla\/cubiertos\/sambonet-servicio-de-cubiertos-24-piezas-rock\/\" \/>\n<meta property=\"og:site_name\" content=\"Erresse Shop\" \/>\n<meta property=\"article:modified_time\" content=\"2023-06-20T07:50:54+00:00\" \/>\n<meta property=\"og:image\" content=\"https:\/\/www.erresse-shop.it\/wp-content\/uploads\/2021\/12\/Sambinet-Posate-Rock.jpg\" \/>\n\t<meta property=\"og:image:width\" content=\"1000\" \/>\n\t<meta property=\"og:image:height\" content=\"1000\" \/>\n\t<meta property=\"og:image:type\" content=\"image\/jpeg\" \/>\n<meta name=\"twitter:card\" content=\"summary_large_image\" \/>\n<script type=\"application\/ld+json\" class=\"yoast-schema-graph\">{\"@context\":\"https:\/\/schema.org\",\"@graph\":[{\"@type\":\"WebPage\",\"@id\":\"https:\/\/www.erresse-shop.it\/es\/shop\/tabla\/cubiertos\/sambonet-servicio-de-cubiertos-24-piezas-rock\/\",\"url\":\"https:\/\/www.erresse-shop.it\/es\/shop\/tabla\/cubiertos\/sambonet-servicio-de-cubiertos-24-piezas-rock\/\",\"name\":\"SAMBONET Servicio de Cubiertos 24 Piezas Rock - Erresse Shop\",\"isPartOf\":{\"@id\":\"https:\/\/www.erresse-shop.it\/es\/#website\"},\"datePublished\":\"2021-12-01T08:47:46+00:00\",\"dateModified\":\"2023-06-20T07:50:54+00:00\",\"description\":\"Para Sambonet, ser \\\"rockero\\\" va mucho m\u00e1s all\u00e1 de la est\u00e9tica. Reforzada por un ADN innovador, decidida en el dise\u00f1o y refinada en el estilo, la nueva\",\"breadcrumb\":{\"@id\":\"https:\/\/www.erresse-shop.it\/es\/shop\/tabla\/cubiertos\/sambonet-servicio-de-cubiertos-24-piezas-rock\/#breadcrumb\"},\"inLanguage\":\"es\",\"potentialAction\":[{\"@type\":\"ReadAction\",\"target\":[\"https:\/\/www.erresse-shop.it\/es\/shop\/tabla\/cubiertos\/sambonet-servicio-de-cubiertos-24-piezas-rock\/\"]}]},{\"@type\":\"BreadcrumbList\",\"@id\":\"https:\/\/www.erresse-shop.it\/es\/shop\/tabla\/cubiertos\/sambonet-servicio-de-cubiertos-24-piezas-rock\/#breadcrumb\",\"itemListElement\":[{\"@type\":\"ListItem\",\"position\":1,\"name\":\"Home\",\"item\":\"https:\/\/www.erresse-shop.it\/es\/\"},{\"@type\":\"ListItem\",\"position\":2,\"name\":\"Shop\",\"item\":\"https:\/\/www.erresse-shop.it\/es\/shop\/\"},{\"@type\":\"ListItem\",\"position\":3,\"name\":\"SAMBONET Servicio de Cubiertos 24 Piezas Rock\"}]},{\"@type\":\"WebSite\",\"@id\":\"https:\/\/www.erresse-shop.it\/es\/#website\",\"url\":\"https:\/\/www.erresse-shop.it\/es\/\",\"name\":\"Erresse Shop\",\"description\":\"Articoli di qualit\u00e0 per la casa\",\"potentialAction\":[{\"@type\":\"SearchAction\",\"target\":{\"@type\":\"EntryPoint\",\"urlTemplate\":\"https:\/\/www.erresse-shop.it\/es\/?s={search_term_string}\"},\"query-input\":\"required name=search_term_string\"}],\"inLanguage\":\"es\"}]}<\/script>\n<!-- \/ Yoast SEO Premium plugin. -->","yoast_head_json":{"title":"SAMBONET Servicio de Cubiertos 24 Piezas Rock - Erresse Shop","description":"Para Sambonet, ser \"rockero\" va mucho m\u00e1s all\u00e1 de la est\u00e9tica. Reforzada por un ADN innovador, decidida en el dise\u00f1o y refinada en el estilo, la nueva","robots":{"index":"index","follow":"follow","max-snippet":"max-snippet:-1","max-image-preview":"max-image-preview:large","max-video-preview":"max-video-preview:-1"},"canonical":"https:\/\/www.erresse-shop.it\/es\/shop\/tabla\/cubiertos\/sambonet-servicio-de-cubiertos-24-piezas-rock\/","og_locale":"es_ES","og_type":"article","og_title":"SAMBONET Servicio de Cubiertos 24 Piezas Rock","og_description":"Para Sambonet, ser \"rockero\" va mucho m\u00e1s all\u00e1 de la est\u00e9tica. Reforzada por un ADN innovador, decidida en el dise\u00f1o y refinada en el estilo, la nueva","og_url":"https:\/\/www.erresse-shop.it\/es\/shop\/tabla\/cubiertos\/sambonet-servicio-de-cubiertos-24-piezas-rock\/","og_site_name":"Erresse Shop","article_modified_time":"2023-06-20T07:50:54+00:00","og_image":[{"width":1000,"height":1000,"url":"https:\/\/www.erresse-shop.it\/wp-content\/uploads\/2021\/12\/Sambinet-Posate-Rock.jpg","type":"image\/jpeg"}],"twitter_card":"summary_large_image","schema":{"@context":"https:\/\/schema.org","@graph":[{"@type":"WebPage","@id":"https:\/\/www.erresse-shop.it\/es\/shop\/tabla\/cubiertos\/sambonet-servicio-de-cubiertos-24-piezas-rock\/","url":"https:\/\/www.erresse-shop.it\/es\/shop\/tabla\/cubiertos\/sambonet-servicio-de-cubiertos-24-piezas-rock\/","name":"SAMBONET Servicio de Cubiertos 24 Piezas Rock - Erresse Shop","isPartOf":{"@id":"https:\/\/www.erresse-shop.it\/es\/#website"},"datePublished":"2021-12-01T08:47:46+00:00","dateModified":"2023-06-20T07:50:54+00:00","description":"Para Sambonet, ser \"rockero\" va mucho m\u00e1s all\u00e1 de la est\u00e9tica. Reforzada por un ADN innovador, decidida en el dise\u00f1o y refinada en el estilo, la nueva","breadcrumb":{"@id":"https:\/\/www.erresse-shop.it\/es\/shop\/tabla\/cubiertos\/sambonet-servicio-de-cubiertos-24-piezas-rock\/#breadcrumb"},"inLanguage":"es","potentialAction":[{"@type":"ReadAction","target":["https:\/\/www.erresse-shop.it\/es\/shop\/tabla\/cubiertos\/sambonet-servicio-de-cubiertos-24-piezas-rock\/"]}]},{"@type":"BreadcrumbList","@id":"https:\/\/www.erresse-shop.it\/es\/shop\/tabla\/cubiertos\/sambonet-servicio-de-cubiertos-24-piezas-rock\/#breadcrumb","itemListElement":[{"@type":"ListItem","position":1,"name":"Home","item":"https:\/\/www.erresse-shop.it\/es\/"},{"@type":"ListItem","position":2,"name":"Shop","item":"https:\/\/www.erresse-shop.it\/es\/shop\/"},{"@type":"ListItem","position":3,"name":"SAMBONET Servicio de Cubiertos 24 Piezas Rock"}]},{"@type":"WebSite","@id":"https:\/\/www.erresse-shop.it\/es\/#website","url":"https:\/\/www.erresse-shop.it\/es\/","name":"Erresse Shop","description":"Articoli di qualit\u00e0 per la casa","potentialAction":[{"@type":"SearchAction","target":{"@type":"EntryPoint","urlTemplate":"https:\/\/www.erresse-shop.it\/es\/?s={search_term_string}"},"query-input":"required name=search_term_string"}],"inLanguage":"es"}]}},"df_price":43.94500000000001,"df_sale_price":43.94500000000001,"df_regular_price":79.9,"df_image_link":"https:\/\/www.erresse-shop.it\/wp-content\/uploads\/2021\/12\/Sambinet-Posate-Rock-300x300.jpg","_links":{"self":[{"href":"https:\/\/www.erresse-shop.it\/es\/wp-json\/wp\/v2\/product\/132824"}],"collection":[{"href":"https:\/\/www.erresse-shop.it\/es\/wp-json\/wp\/v2\/product"}],"about":[{"href":"https:\/\/www.erresse-shop.it\/es\/wp-json\/wp\/v2\/types\/product"}],"wp:featuredmedia":[{"embeddable":true,"href":"https:\/\/www.erresse-shop.it\/es\/wp-json\/wp\/v2\/media\/132850"}],"wp:attachment":[{"href":"https:\/\/www.erresse-shop.it\/es\/wp-json\/wp\/v2\/media?parent=132824"}],"wp:term":[{"taxonomy":"product_cat","embeddable":true,"href":"https:\/\/www.erresse-shop.it\/es\/wp-json\/wp\/v2\/product_cat?post=132824"},{"taxonomy":"product_tag","embeddable":true,"href":"https:\/\/www.erresse-shop.it\/es\/wp-json\/wp\/v2\/product_tag?post=132824"}],"curies":[{"name":"wp","href":"https:\/\/api.w.org\/{rel}","templated":true}]}}