{"id":132458,"date":"2021-11-26T14:41:33","date_gmt":"2021-11-26T14:41:36","guid":{"rendered":"https:\/\/www.erresse-shop.it\/?post_type=product&#038;p=132458"},"modified":"2021-12-22T16:28:36","modified_gmt":"2021-12-22T16:28:36","slug":"versace-home-cuenco-palacio-rosa-14-cm","status":"publish","type":"product","link":"https:\/\/www.erresse-shop.it\/es\/shop\/mobiliario\/articulos-de-decoracion\/versace-home-cuenco-palacio-rosa-14-cm\/","title":{"rendered":"VERSACE HOME Cuenco Palacio Rosa 14 cm"},"content":{"rendered":"<p>&#8220;La scala del Palazzo&#8221; es una decoraci\u00f3n producida por Versace, inspirada directamente en el Palazzo Versace de Via Ges\u00f9 en Mil\u00e1n. Cuando uno llega al Palazzo Versace, antes de que la famosa e ic\u00f3nica cabeza de Medusa llame la atenci\u00f3n del espectador, le llama especialmente la atenci\u00f3n la majestuosa escalera de m\u00e1rmol de la entrada. El conmovedor estilo del nuevo servicio se ve realzado por la elegancia del rosa pastel, que recuerda el fascinante mundo crom\u00e1tico de los antiguos palacios italianos.<\/p>\n","protected":false},"excerpt":{"rendered":"<p>&#8220;La scala del Palazzo&#8221; es una decoraci\u00f3n producida por Versace, inspirada directamente en el Palazzo Versace de Via Ges\u00f9 en<\/p>\n","protected":false},"featured_media":132466,"template":"","meta":{"_acf_changed":false,"inline_featured_image":false},"product_cat":[16026,16016],"product_tag":[25183,23692,17859,24682,17864,25023,17843],"acf":[],"yoast_head":"<!-- This site is optimized with the Yoast SEO Premium plugin v18.6 (Yoast SEO v19.13) - https:\/\/yoast.com\/wordpress\/plugins\/seo\/ -->\n<title>VERSACE HOME Cuenco Palacio Rosa 14 cm - Erresse Shop<\/title>\n<meta name=\"description\" content=\"&quot;La scala del Palazzo&quot; es una decoraci\u00f3n producida por Versace, inspirada directamente en el Palazzo Versace de Via Ges\u00f9 en Mil\u00e1n. Cuando uno llega al\" \/>\n<meta name=\"robots\" content=\"index, follow, max-snippet:-1, max-image-preview:large, max-video-preview:-1\" \/>\n<link rel=\"canonical\" href=\"https:\/\/www.erresse-shop.it\/es\/shop\/mobiliario\/articulos-de-decoracion\/versace-home-cuenco-palacio-rosa-14-cm\/\" \/>\n<meta property=\"og:locale\" content=\"es_ES\" \/>\n<meta property=\"og:type\" content=\"article\" \/>\n<meta property=\"og:title\" content=\"VERSACE HOME Cuenco Palacio Rosa 14 cm\" \/>\n<meta property=\"og:description\" content=\"&quot;La scala del Palazzo&quot; es una decoraci\u00f3n producida por Versace, inspirada directamente en el Palazzo Versace de Via Ges\u00f9 en Mil\u00e1n. Cuando uno llega al\" \/>\n<meta property=\"og:url\" content=\"https:\/\/www.erresse-shop.it\/es\/shop\/mobiliario\/articulos-de-decoracion\/versace-home-cuenco-palacio-rosa-14-cm\/\" \/>\n<meta property=\"og:site_name\" content=\"Erresse Shop\" \/>\n<meta property=\"article:modified_time\" content=\"2021-12-22T16:28:36+00:00\" \/>\n<meta property=\"og:image\" content=\"https:\/\/www.erresse-shop.it\/wp-content\/uploads\/2021\/11\/VERSACE-HOME-Coppa-14-cm.jpg\" \/>\n\t<meta property=\"og:image:width\" content=\"1000\" \/>\n\t<meta property=\"og:image:height\" content=\"1000\" \/>\n\t<meta property=\"og:image:type\" content=\"image\/jpeg\" \/>\n<meta name=\"twitter:card\" content=\"summary_large_image\" \/>\n<script type=\"application\/ld+json\" class=\"yoast-schema-graph\">{\"@context\":\"https:\/\/schema.org\",\"@graph\":[{\"@type\":\"WebPage\",\"@id\":\"https:\/\/www.erresse-shop.it\/es\/shop\/mobiliario\/articulos-de-decoracion\/versace-home-cuenco-palacio-rosa-14-cm\/\",\"url\":\"https:\/\/www.erresse-shop.it\/es\/shop\/mobiliario\/articulos-de-decoracion\/versace-home-cuenco-palacio-rosa-14-cm\/\",\"name\":\"VERSACE HOME Cuenco Palacio Rosa 14 cm - Erresse Shop\",\"isPartOf\":{\"@id\":\"https:\/\/www.erresse-shop.it\/es\/#website\"},\"datePublished\":\"2021-11-26T14:41:36+00:00\",\"dateModified\":\"2021-12-22T16:28:36+00:00\",\"description\":\"\\\"La scala del Palazzo\\\" es una decoraci\u00f3n producida por Versace, inspirada directamente en el Palazzo Versace de Via Ges\u00f9 en Mil\u00e1n. Cuando uno llega al\",\"breadcrumb\":{\"@id\":\"https:\/\/www.erresse-shop.it\/es\/shop\/mobiliario\/articulos-de-decoracion\/versace-home-cuenco-palacio-rosa-14-cm\/#breadcrumb\"},\"inLanguage\":\"es\",\"potentialAction\":[{\"@type\":\"ReadAction\",\"target\":[\"https:\/\/www.erresse-shop.it\/es\/shop\/mobiliario\/articulos-de-decoracion\/versace-home-cuenco-palacio-rosa-14-cm\/\"]}]},{\"@type\":\"BreadcrumbList\",\"@id\":\"https:\/\/www.erresse-shop.it\/es\/shop\/mobiliario\/articulos-de-decoracion\/versace-home-cuenco-palacio-rosa-14-cm\/#breadcrumb\",\"itemListElement\":[{\"@type\":\"ListItem\",\"position\":1,\"name\":\"Home\",\"item\":\"https:\/\/www.erresse-shop.it\/es\/\"},{\"@type\":\"ListItem\",\"position\":2,\"name\":\"Shop\",\"item\":\"https:\/\/www.erresse-shop.it\/es\/shop\/\"},{\"@type\":\"ListItem\",\"position\":3,\"name\":\"VERSACE HOME Cuenco Palacio Rosa 14 cm\"}]},{\"@type\":\"WebSite\",\"@id\":\"https:\/\/www.erresse-shop.it\/es\/#website\",\"url\":\"https:\/\/www.erresse-shop.it\/es\/\",\"name\":\"Erresse Shop\",\"description\":\"Articoli di qualit\u00e0 per la casa\",\"potentialAction\":[{\"@type\":\"SearchAction\",\"target\":{\"@type\":\"EntryPoint\",\"urlTemplate\":\"https:\/\/www.erresse-shop.it\/es\/?s={search_term_string}\"},\"query-input\":\"required name=search_term_string\"}],\"inLanguage\":\"es\"}]}<\/script>\n<!-- \/ Yoast SEO Premium plugin. -->","yoast_head_json":{"title":"VERSACE HOME Cuenco Palacio Rosa 14 cm - Erresse Shop","description":"\"La scala del Palazzo\" es una decoraci\u00f3n producida por Versace, inspirada directamente en el Palazzo Versace de Via Ges\u00f9 en Mil\u00e1n. Cuando uno llega al","robots":{"index":"index","follow":"follow","max-snippet":"max-snippet:-1","max-image-preview":"max-image-preview:large","max-video-preview":"max-video-preview:-1"},"canonical":"https:\/\/www.erresse-shop.it\/es\/shop\/mobiliario\/articulos-de-decoracion\/versace-home-cuenco-palacio-rosa-14-cm\/","og_locale":"es_ES","og_type":"article","og_title":"VERSACE HOME Cuenco Palacio Rosa 14 cm","og_description":"\"La scala del Palazzo\" es una decoraci\u00f3n producida por Versace, inspirada directamente en el Palazzo Versace de Via Ges\u00f9 en Mil\u00e1n. Cuando uno llega al","og_url":"https:\/\/www.erresse-shop.it\/es\/shop\/mobiliario\/articulos-de-decoracion\/versace-home-cuenco-palacio-rosa-14-cm\/","og_site_name":"Erresse Shop","article_modified_time":"2021-12-22T16:28:36+00:00","og_image":[{"width":1000,"height":1000,"url":"https:\/\/www.erresse-shop.it\/wp-content\/uploads\/2021\/11\/VERSACE-HOME-Coppa-14-cm.jpg","type":"image\/jpeg"}],"twitter_card":"summary_large_image","schema":{"@context":"https:\/\/schema.org","@graph":[{"@type":"WebPage","@id":"https:\/\/www.erresse-shop.it\/es\/shop\/mobiliario\/articulos-de-decoracion\/versace-home-cuenco-palacio-rosa-14-cm\/","url":"https:\/\/www.erresse-shop.it\/es\/shop\/mobiliario\/articulos-de-decoracion\/versace-home-cuenco-palacio-rosa-14-cm\/","name":"VERSACE HOME Cuenco Palacio Rosa 14 cm - Erresse Shop","isPartOf":{"@id":"https:\/\/www.erresse-shop.it\/es\/#website"},"datePublished":"2021-11-26T14:41:36+00:00","dateModified":"2021-12-22T16:28:36+00:00","description":"\"La scala del Palazzo\" es una decoraci\u00f3n producida por Versace, inspirada directamente en el Palazzo Versace de Via Ges\u00f9 en Mil\u00e1n. Cuando uno llega al","breadcrumb":{"@id":"https:\/\/www.erresse-shop.it\/es\/shop\/mobiliario\/articulos-de-decoracion\/versace-home-cuenco-palacio-rosa-14-cm\/#breadcrumb"},"inLanguage":"es","potentialAction":[{"@type":"ReadAction","target":["https:\/\/www.erresse-shop.it\/es\/shop\/mobiliario\/articulos-de-decoracion\/versace-home-cuenco-palacio-rosa-14-cm\/"]}]},{"@type":"BreadcrumbList","@id":"https:\/\/www.erresse-shop.it\/es\/shop\/mobiliario\/articulos-de-decoracion\/versace-home-cuenco-palacio-rosa-14-cm\/#breadcrumb","itemListElement":[{"@type":"ListItem","position":1,"name":"Home","item":"https:\/\/www.erresse-shop.it\/es\/"},{"@type":"ListItem","position":2,"name":"Shop","item":"https:\/\/www.erresse-shop.it\/es\/shop\/"},{"@type":"ListItem","position":3,"name":"VERSACE HOME Cuenco Palacio Rosa 14 cm"}]},{"@type":"WebSite","@id":"https:\/\/www.erresse-shop.it\/es\/#website","url":"https:\/\/www.erresse-shop.it\/es\/","name":"Erresse Shop","description":"Articoli di qualit\u00e0 per la casa","potentialAction":[{"@type":"SearchAction","target":{"@type":"EntryPoint","urlTemplate":"https:\/\/www.erresse-shop.it\/es\/?s={search_term_string}"},"query-input":"required name=search_term_string"}],"inLanguage":"es"}]}},"df_price":169.95,"df_sale_price":169.95,"df_regular_price":235,"df_image_link":"https:\/\/www.erresse-shop.it\/wp-content\/uploads\/2021\/11\/VERSACE-HOME-Coppa-14-cm-300x300.jpg","_links":{"self":[{"href":"https:\/\/www.erresse-shop.it\/es\/wp-json\/wp\/v2\/product\/132458"}],"collection":[{"href":"https:\/\/www.erresse-shop.it\/es\/wp-json\/wp\/v2\/product"}],"about":[{"href":"https:\/\/www.erresse-shop.it\/es\/wp-json\/wp\/v2\/types\/product"}],"wp:featuredmedia":[{"embeddable":true,"href":"https:\/\/www.erresse-shop.it\/es\/wp-json\/wp\/v2\/media\/132466"}],"wp:attachment":[{"href":"https:\/\/www.erresse-shop.it\/es\/wp-json\/wp\/v2\/media?parent=132458"}],"wp:term":[{"taxonomy":"product_cat","embeddable":true,"href":"https:\/\/www.erresse-shop.it\/es\/wp-json\/wp\/v2\/product_cat?post=132458"},{"taxonomy":"product_tag","embeddable":true,"href":"https:\/\/www.erresse-shop.it\/es\/wp-json\/wp\/v2\/product_tag?post=132458"}],"curies":[{"name":"wp","href":"https:\/\/api.w.org\/{rel}","templated":true}]}}