{"id":132380,"date":"2021-11-26T13:17:47","date_gmt":"2021-11-26T13:17:50","guid":{"rendered":"https:\/\/www.erresse-shop.it\/?post_type=product&#038;p=132380"},"modified":"2021-12-22T16:28:24","modified_gmt":"2021-12-22T16:28:24","slug":"versace-home-plato-plano-33-cm-jungle-animal","status":"publish","type":"product","link":"https:\/\/www.erresse-shop.it\/es\/shop\/tabla\/bandejas\/versace-home-plato-plano-33-cm-jungle-animal\/","title":{"rendered":"VERSACE HOME Plato plano 33 cm Jungle Animal"},"content":{"rendered":"<p>Aporta un poco de estilo sartorial a la hora de comer con este plato Jungle Animal de Versace Home. Elaborado en porcelana, est\u00e1 adornado con un estampado de inspiraci\u00f3n selv\u00e1tica con toques de la emblem\u00e1tica Medusa.<\/p>\n<p><span style=\"text-decoration: underline;\"><strong>Atenci\u00f3n:<\/strong><\/span> El uso de colores de alta calidad proh\u00edbe la limpieza en el lavavajillas. Este plato de porcelana s\u00f3lo debe lavarse a mano.<\/p>\n","protected":false},"excerpt":{"rendered":"<p>Aporta un poco de estilo sartorial a la hora de comer con este plato Jungle Animal de Versace Home. Elaborado<\/p>\n","protected":false},"featured_media":499056,"template":"","meta":{"_acf_changed":false,"inline_featured_image":false},"product_cat":[16036,16027],"product_tag":[23692,17848,24682,16133,16361,16407,17843],"acf":[],"yoast_head":"<!-- This site is optimized with the Yoast SEO Premium plugin v18.6 (Yoast SEO v19.13) - https:\/\/yoast.com\/wordpress\/plugins\/seo\/ -->\n<title>VERSACE HOME Plato plano 33 cm Jungle Animal - Erresse Shop<\/title>\n<meta name=\"description\" content=\"Aporta un poco de estilo sartorial a la hora de comer con este plato Jungle Animal de Versace Home. Elaborado en porcelana, est\u00e1 adornado con un estampado\" \/>\n<meta name=\"robots\" content=\"index, follow, max-snippet:-1, max-image-preview:large, max-video-preview:-1\" \/>\n<link rel=\"canonical\" href=\"https:\/\/www.erresse-shop.it\/es\/shop\/tabla\/bandejas\/versace-home-plato-plano-33-cm-jungle-animal\/\" \/>\n<meta property=\"og:locale\" content=\"es_ES\" \/>\n<meta property=\"og:type\" content=\"article\" \/>\n<meta property=\"og:title\" content=\"VERSACE HOME Plato plano 33 cm Jungle Animal\" \/>\n<meta property=\"og:description\" content=\"Aporta un poco de estilo sartorial a la hora de comer con este plato Jungle Animal de Versace Home. Elaborado en porcelana, est\u00e1 adornado con un estampado\" \/>\n<meta property=\"og:url\" content=\"https:\/\/www.erresse-shop.it\/es\/shop\/tabla\/bandejas\/versace-home-plato-plano-33-cm-jungle-animal\/\" \/>\n<meta property=\"og:site_name\" content=\"Erresse Shop\" \/>\n<meta property=\"article:modified_time\" content=\"2021-12-22T16:28:24+00:00\" \/>\n<meta property=\"og:image\" content=\"https:\/\/www.erresse-shop.it\/wp-content\/uploads\/2021\/11\/VERSACE-HOME-Piatto-Piano-33-cm-Jungle-Animal-1.jpg\" \/>\n\t<meta property=\"og:image:width\" content=\"1200\" \/>\n\t<meta property=\"og:image:height\" content=\"1200\" \/>\n\t<meta property=\"og:image:type\" content=\"image\/jpeg\" \/>\n<meta name=\"twitter:card\" content=\"summary_large_image\" \/>\n<script type=\"application\/ld+json\" class=\"yoast-schema-graph\">{\"@context\":\"https:\/\/schema.org\",\"@graph\":[{\"@type\":\"WebPage\",\"@id\":\"https:\/\/www.erresse-shop.it\/es\/shop\/tabla\/bandejas\/versace-home-plato-plano-33-cm-jungle-animal\/\",\"url\":\"https:\/\/www.erresse-shop.it\/es\/shop\/tabla\/bandejas\/versace-home-plato-plano-33-cm-jungle-animal\/\",\"name\":\"VERSACE HOME Plato plano 33 cm Jungle Animal - Erresse Shop\",\"isPartOf\":{\"@id\":\"https:\/\/www.erresse-shop.it\/es\/#website\"},\"datePublished\":\"2021-11-26T13:17:50+00:00\",\"dateModified\":\"2021-12-22T16:28:24+00:00\",\"description\":\"Aporta un poco de estilo sartorial a la hora de comer con este plato Jungle Animal de Versace Home. Elaborado en porcelana, est\u00e1 adornado con un estampado\",\"breadcrumb\":{\"@id\":\"https:\/\/www.erresse-shop.it\/es\/shop\/tabla\/bandejas\/versace-home-plato-plano-33-cm-jungle-animal\/#breadcrumb\"},\"inLanguage\":\"es\",\"potentialAction\":[{\"@type\":\"ReadAction\",\"target\":[\"https:\/\/www.erresse-shop.it\/es\/shop\/tabla\/bandejas\/versace-home-plato-plano-33-cm-jungle-animal\/\"]}]},{\"@type\":\"BreadcrumbList\",\"@id\":\"https:\/\/www.erresse-shop.it\/es\/shop\/tabla\/bandejas\/versace-home-plato-plano-33-cm-jungle-animal\/#breadcrumb\",\"itemListElement\":[{\"@type\":\"ListItem\",\"position\":1,\"name\":\"Home\",\"item\":\"https:\/\/www.erresse-shop.it\/es\/\"},{\"@type\":\"ListItem\",\"position\":2,\"name\":\"Shop\",\"item\":\"https:\/\/www.erresse-shop.it\/es\/shop\/\"},{\"@type\":\"ListItem\",\"position\":3,\"name\":\"VERSACE HOME Plato plano 33 cm Jungle Animal\"}]},{\"@type\":\"WebSite\",\"@id\":\"https:\/\/www.erresse-shop.it\/es\/#website\",\"url\":\"https:\/\/www.erresse-shop.it\/es\/\",\"name\":\"Erresse Shop\",\"description\":\"Articoli di qualit\u00e0 per la casa\",\"potentialAction\":[{\"@type\":\"SearchAction\",\"target\":{\"@type\":\"EntryPoint\",\"urlTemplate\":\"https:\/\/www.erresse-shop.it\/es\/?s={search_term_string}\"},\"query-input\":\"required name=search_term_string\"}],\"inLanguage\":\"es\"}]}<\/script>\n<!-- \/ Yoast SEO Premium plugin. -->","yoast_head_json":{"title":"VERSACE HOME Plato plano 33 cm Jungle Animal - Erresse Shop","description":"Aporta un poco de estilo sartorial a la hora de comer con este plato Jungle Animal de Versace Home. Elaborado en porcelana, est\u00e1 adornado con un estampado","robots":{"index":"index","follow":"follow","max-snippet":"max-snippet:-1","max-image-preview":"max-image-preview:large","max-video-preview":"max-video-preview:-1"},"canonical":"https:\/\/www.erresse-shop.it\/es\/shop\/tabla\/bandejas\/versace-home-plato-plano-33-cm-jungle-animal\/","og_locale":"es_ES","og_type":"article","og_title":"VERSACE HOME Plato plano 33 cm Jungle Animal","og_description":"Aporta un poco de estilo sartorial a la hora de comer con este plato Jungle Animal de Versace Home. Elaborado en porcelana, est\u00e1 adornado con un estampado","og_url":"https:\/\/www.erresse-shop.it\/es\/shop\/tabla\/bandejas\/versace-home-plato-plano-33-cm-jungle-animal\/","og_site_name":"Erresse Shop","article_modified_time":"2021-12-22T16:28:24+00:00","og_image":[{"width":1200,"height":1200,"url":"https:\/\/www.erresse-shop.it\/wp-content\/uploads\/2021\/11\/VERSACE-HOME-Piatto-Piano-33-cm-Jungle-Animal-1.jpg","type":"image\/jpeg"}],"twitter_card":"summary_large_image","schema":{"@context":"https:\/\/schema.org","@graph":[{"@type":"WebPage","@id":"https:\/\/www.erresse-shop.it\/es\/shop\/tabla\/bandejas\/versace-home-plato-plano-33-cm-jungle-animal\/","url":"https:\/\/www.erresse-shop.it\/es\/shop\/tabla\/bandejas\/versace-home-plato-plano-33-cm-jungle-animal\/","name":"VERSACE HOME Plato plano 33 cm Jungle Animal - Erresse Shop","isPartOf":{"@id":"https:\/\/www.erresse-shop.it\/es\/#website"},"datePublished":"2021-11-26T13:17:50+00:00","dateModified":"2021-12-22T16:28:24+00:00","description":"Aporta un poco de estilo sartorial a la hora de comer con este plato Jungle Animal de Versace Home. Elaborado en porcelana, est\u00e1 adornado con un estampado","breadcrumb":{"@id":"https:\/\/www.erresse-shop.it\/es\/shop\/tabla\/bandejas\/versace-home-plato-plano-33-cm-jungle-animal\/#breadcrumb"},"inLanguage":"es","potentialAction":[{"@type":"ReadAction","target":["https:\/\/www.erresse-shop.it\/es\/shop\/tabla\/bandejas\/versace-home-plato-plano-33-cm-jungle-animal\/"]}]},{"@type":"BreadcrumbList","@id":"https:\/\/www.erresse-shop.it\/es\/shop\/tabla\/bandejas\/versace-home-plato-plano-33-cm-jungle-animal\/#breadcrumb","itemListElement":[{"@type":"ListItem","position":1,"name":"Home","item":"https:\/\/www.erresse-shop.it\/es\/"},{"@type":"ListItem","position":2,"name":"Shop","item":"https:\/\/www.erresse-shop.it\/es\/shop\/"},{"@type":"ListItem","position":3,"name":"VERSACE HOME Plato plano 33 cm Jungle Animal"}]},{"@type":"WebSite","@id":"https:\/\/www.erresse-shop.it\/es\/#website","url":"https:\/\/www.erresse-shop.it\/es\/","name":"Erresse Shop","description":"Articoli di qualit\u00e0 per la casa","potentialAction":[{"@type":"SearchAction","target":{"@type":"EntryPoint","urlTemplate":"https:\/\/www.erresse-shop.it\/es\/?s={search_term_string}"},"query-input":"required name=search_term_string"}],"inLanguage":"es"}]}},"df_price":129.5,"df_sale_price":129.5,"df_regular_price":259,"df_image_link":"https:\/\/www.erresse-shop.it\/wp-content\/uploads\/2021\/11\/VERSACE-HOME-Piatto-Piano-33-cm-Jungle-Animal-1-300x300.jpg","_links":{"self":[{"href":"https:\/\/www.erresse-shop.it\/es\/wp-json\/wp\/v2\/product\/132380"}],"collection":[{"href":"https:\/\/www.erresse-shop.it\/es\/wp-json\/wp\/v2\/product"}],"about":[{"href":"https:\/\/www.erresse-shop.it\/es\/wp-json\/wp\/v2\/types\/product"}],"wp:featuredmedia":[{"embeddable":true,"href":"https:\/\/www.erresse-shop.it\/es\/wp-json\/wp\/v2\/media\/499056"}],"wp:attachment":[{"href":"https:\/\/www.erresse-shop.it\/es\/wp-json\/wp\/v2\/media?parent=132380"}],"wp:term":[{"taxonomy":"product_cat","embeddable":true,"href":"https:\/\/www.erresse-shop.it\/es\/wp-json\/wp\/v2\/product_cat?post=132380"},{"taxonomy":"product_tag","embeddable":true,"href":"https:\/\/www.erresse-shop.it\/es\/wp-json\/wp\/v2\/product_tag?post=132380"}],"curies":[{"name":"wp","href":"https:\/\/api.w.org\/{rel}","templated":true}]}}