{"id":131675,"date":"2021-11-24T13:50:51","date_gmt":"2021-11-24T13:50:53","guid":{"rendered":"https:\/\/www.erresse-shop.it\/?post_type=product&#038;p=131675"},"modified":"2024-03-19T07:39:05","modified_gmt":"2024-03-19T07:39:05","slug":"zwilling-rejilla-de-vacio","status":"publish","type":"product","link":"https:\/\/www.erresse-shop.it\/es\/shop\/cocina\/vacio\/zwilling-rejilla-de-vacio\/","title":{"rendered":"ZWILLING Rejilla de vac\u00edo"},"content":{"rendered":"<p>El grill sous-vide de <strong>ZWILLING<\/strong> es el complemento perfecto para la gama de cocci\u00f3n al vac\u00edo, para que \u00e9sta sea a\u00fan m\u00e1s f\u00e1cil. Sumerja la pr\u00e1ctica parrilla sous-vide en el ba\u00f1o de cocci\u00f3n: es perfecta, entre otras cosas, porque est\u00e1 hecha de acero inoxidable. Esto le permite introducir varias bolsas de vac\u00edo, manteniendo la distancia ideal entre ellas. Esto asegura una circulaci\u00f3n uniforme del agua y al mismo tiempo evita que las bolsas &#8220;floten&#8221; en la olla. Una idea pr\u00e1ctica e ingeniosa, especialmente cuando se necesita cocinar al vac\u00edo muchas porciones al mismo tiempo. \u00bfSab\u00edas que puedes ajustar el tama\u00f1o de la parrilla? Con sus 15 cm y hasta 47 cm, puedes ajustarlo para que quepan todas las sartenes que quieras. Adem\u00e1s, es s\u00faper pr\u00e1ctico y f\u00e1cil de montar y desmontar. Despu\u00e9s de su uso, basta con limpiar la parrilla a mano, desmontarla y guardarla para ahorrar espacio.<\/p>\n<ul>\n<li>De 15 a 47 cm de ancho, se adapta a la mayor\u00eda de las cacerolas<\/li>\n<li>Garantiza una circulaci\u00f3n uniforme del agua, incluso con varias bolsas sumergidas<\/li>\n<li>De acero inoxidable<\/li>\n<li>F\u00e1cil de desmontar<\/li>\n<li>Almacenamiento que ahorra espacio<\/li>\n<\/ul>\n","protected":false},"excerpt":{"rendered":"<p>El grill sous-vide de ZWILLING es el complemento perfecto para la gama de cocci\u00f3n al vac\u00edo, para que \u00e9sta sea<\/p>\n","protected":false},"featured_media":131718,"template":"","meta":{"_acf_changed":false,"inline_featured_image":false},"product_cat":[16040,26044],"product_tag":[16878],"acf":[],"yoast_head":"<!-- This site is optimized with the Yoast SEO Premium plugin v18.6 (Yoast SEO v19.13) - https:\/\/yoast.com\/wordpress\/plugins\/seo\/ -->\n<title>ZWILLING Rejilla de vac\u00edo - Erresse Shop<\/title>\n<meta name=\"description\" content=\"El grill sous-vide de ZWILLING es el complemento perfecto para la gama de cocci\u00f3n al vac\u00edo, para que \u00e9sta sea a\u00fan m\u00e1s f\u00e1cil. Sumerja la pr\u00e1ctica parrilla\" \/>\n<meta name=\"robots\" content=\"index, follow, max-snippet:-1, max-image-preview:large, max-video-preview:-1\" \/>\n<link rel=\"canonical\" href=\"https:\/\/www.erresse-shop.it\/es\/shop\/cocina\/vacio\/zwilling-rejilla-de-vacio\/\" \/>\n<meta property=\"og:locale\" content=\"es_ES\" \/>\n<meta property=\"og:type\" content=\"article\" \/>\n<meta property=\"og:title\" content=\"ZWILLING Rejilla de vac\u00edo\" \/>\n<meta property=\"og:description\" content=\"El grill sous-vide de ZWILLING es el complemento perfecto para la gama de cocci\u00f3n al vac\u00edo, para que \u00e9sta sea a\u00fan m\u00e1s f\u00e1cil. Sumerja la pr\u00e1ctica parrilla\" \/>\n<meta property=\"og:url\" content=\"https:\/\/www.erresse-shop.it\/es\/shop\/cocina\/vacio\/zwilling-rejilla-de-vacio\/\" \/>\n<meta property=\"og:site_name\" content=\"Erresse Shop\" \/>\n<meta property=\"article:modified_time\" content=\"2024-03-19T07:39:05+00:00\" \/>\n<meta property=\"og:image\" content=\"https:\/\/www.erresse-shop.it\/wp-content\/uploads\/2021\/11\/ZWILLING-Griglia-per-Sottovuoto.jpg\" \/>\n\t<meta property=\"og:image:width\" content=\"1350\" \/>\n\t<meta property=\"og:image:height\" content=\"1350\" \/>\n\t<meta property=\"og:image:type\" content=\"image\/jpeg\" \/>\n<meta name=\"twitter:card\" content=\"summary_large_image\" \/>\n<script type=\"application\/ld+json\" class=\"yoast-schema-graph\">{\"@context\":\"https:\/\/schema.org\",\"@graph\":[{\"@type\":\"WebPage\",\"@id\":\"https:\/\/www.erresse-shop.it\/es\/shop\/cocina\/vacio\/zwilling-rejilla-de-vacio\/\",\"url\":\"https:\/\/www.erresse-shop.it\/es\/shop\/cocina\/vacio\/zwilling-rejilla-de-vacio\/\",\"name\":\"ZWILLING Rejilla de vac\u00edo - Erresse Shop\",\"isPartOf\":{\"@id\":\"https:\/\/www.erresse-shop.it\/es\/#website\"},\"datePublished\":\"2021-11-24T13:50:53+00:00\",\"dateModified\":\"2024-03-19T07:39:05+00:00\",\"description\":\"El grill sous-vide de ZWILLING es el complemento perfecto para la gama de cocci\u00f3n al vac\u00edo, para que \u00e9sta sea a\u00fan m\u00e1s f\u00e1cil. Sumerja la pr\u00e1ctica parrilla\",\"breadcrumb\":{\"@id\":\"https:\/\/www.erresse-shop.it\/es\/shop\/cocina\/vacio\/zwilling-rejilla-de-vacio\/#breadcrumb\"},\"inLanguage\":\"es\",\"potentialAction\":[{\"@type\":\"ReadAction\",\"target\":[\"https:\/\/www.erresse-shop.it\/es\/shop\/cocina\/vacio\/zwilling-rejilla-de-vacio\/\"]}]},{\"@type\":\"BreadcrumbList\",\"@id\":\"https:\/\/www.erresse-shop.it\/es\/shop\/cocina\/vacio\/zwilling-rejilla-de-vacio\/#breadcrumb\",\"itemListElement\":[{\"@type\":\"ListItem\",\"position\":1,\"name\":\"Home\",\"item\":\"https:\/\/www.erresse-shop.it\/es\/\"},{\"@type\":\"ListItem\",\"position\":2,\"name\":\"Shop\",\"item\":\"https:\/\/www.erresse-shop.it\/es\/shop\/\"},{\"@type\":\"ListItem\",\"position\":3,\"name\":\"ZWILLING Rejilla de vac\u00edo\"}]},{\"@type\":\"WebSite\",\"@id\":\"https:\/\/www.erresse-shop.it\/es\/#website\",\"url\":\"https:\/\/www.erresse-shop.it\/es\/\",\"name\":\"Erresse Shop\",\"description\":\"Articoli di qualit\u00e0 per la casa\",\"potentialAction\":[{\"@type\":\"SearchAction\",\"target\":{\"@type\":\"EntryPoint\",\"urlTemplate\":\"https:\/\/www.erresse-shop.it\/es\/?s={search_term_string}\"},\"query-input\":\"required name=search_term_string\"}],\"inLanguage\":\"es\"}]}<\/script>\n<!-- \/ Yoast SEO Premium plugin. -->","yoast_head_json":{"title":"ZWILLING Rejilla de vac\u00edo - Erresse Shop","description":"El grill sous-vide de ZWILLING es el complemento perfecto para la gama de cocci\u00f3n al vac\u00edo, para que \u00e9sta sea a\u00fan m\u00e1s f\u00e1cil. Sumerja la pr\u00e1ctica parrilla","robots":{"index":"index","follow":"follow","max-snippet":"max-snippet:-1","max-image-preview":"max-image-preview:large","max-video-preview":"max-video-preview:-1"},"canonical":"https:\/\/www.erresse-shop.it\/es\/shop\/cocina\/vacio\/zwilling-rejilla-de-vacio\/","og_locale":"es_ES","og_type":"article","og_title":"ZWILLING Rejilla de vac\u00edo","og_description":"El grill sous-vide de ZWILLING es el complemento perfecto para la gama de cocci\u00f3n al vac\u00edo, para que \u00e9sta sea a\u00fan m\u00e1s f\u00e1cil. Sumerja la pr\u00e1ctica parrilla","og_url":"https:\/\/www.erresse-shop.it\/es\/shop\/cocina\/vacio\/zwilling-rejilla-de-vacio\/","og_site_name":"Erresse Shop","article_modified_time":"2024-03-19T07:39:05+00:00","og_image":[{"width":1350,"height":1350,"url":"https:\/\/www.erresse-shop.it\/wp-content\/uploads\/2021\/11\/ZWILLING-Griglia-per-Sottovuoto.jpg","type":"image\/jpeg"}],"twitter_card":"summary_large_image","schema":{"@context":"https:\/\/schema.org","@graph":[{"@type":"WebPage","@id":"https:\/\/www.erresse-shop.it\/es\/shop\/cocina\/vacio\/zwilling-rejilla-de-vacio\/","url":"https:\/\/www.erresse-shop.it\/es\/shop\/cocina\/vacio\/zwilling-rejilla-de-vacio\/","name":"ZWILLING Rejilla de vac\u00edo - Erresse Shop","isPartOf":{"@id":"https:\/\/www.erresse-shop.it\/es\/#website"},"datePublished":"2021-11-24T13:50:53+00:00","dateModified":"2024-03-19T07:39:05+00:00","description":"El grill sous-vide de ZWILLING es el complemento perfecto para la gama de cocci\u00f3n al vac\u00edo, para que \u00e9sta sea a\u00fan m\u00e1s f\u00e1cil. Sumerja la pr\u00e1ctica parrilla","breadcrumb":{"@id":"https:\/\/www.erresse-shop.it\/es\/shop\/cocina\/vacio\/zwilling-rejilla-de-vacio\/#breadcrumb"},"inLanguage":"es","potentialAction":[{"@type":"ReadAction","target":["https:\/\/www.erresse-shop.it\/es\/shop\/cocina\/vacio\/zwilling-rejilla-de-vacio\/"]}]},{"@type":"BreadcrumbList","@id":"https:\/\/www.erresse-shop.it\/es\/shop\/cocina\/vacio\/zwilling-rejilla-de-vacio\/#breadcrumb","itemListElement":[{"@type":"ListItem","position":1,"name":"Home","item":"https:\/\/www.erresse-shop.it\/es\/"},{"@type":"ListItem","position":2,"name":"Shop","item":"https:\/\/www.erresse-shop.it\/es\/shop\/"},{"@type":"ListItem","position":3,"name":"ZWILLING Rejilla de vac\u00edo"}]},{"@type":"WebSite","@id":"https:\/\/www.erresse-shop.it\/es\/#website","url":"https:\/\/www.erresse-shop.it\/es\/","name":"Erresse Shop","description":"Articoli di qualit\u00e0 per la casa","potentialAction":[{"@type":"SearchAction","target":{"@type":"EntryPoint","urlTemplate":"https:\/\/www.erresse-shop.it\/es\/?s={search_term_string}"},"query-input":"required name=search_term_string"}],"inLanguage":"es"}]}},"df_price":7.475,"df_sale_price":7.475,"df_regular_price":14.95,"df_image_link":"https:\/\/www.erresse-shop.it\/wp-content\/uploads\/2021\/11\/ZWILLING-Griglia-per-Sottovuoto-300x300.jpg","_links":{"self":[{"href":"https:\/\/www.erresse-shop.it\/es\/wp-json\/wp\/v2\/product\/131675"}],"collection":[{"href":"https:\/\/www.erresse-shop.it\/es\/wp-json\/wp\/v2\/product"}],"about":[{"href":"https:\/\/www.erresse-shop.it\/es\/wp-json\/wp\/v2\/types\/product"}],"wp:featuredmedia":[{"embeddable":true,"href":"https:\/\/www.erresse-shop.it\/es\/wp-json\/wp\/v2\/media\/131718"}],"wp:attachment":[{"href":"https:\/\/www.erresse-shop.it\/es\/wp-json\/wp\/v2\/media?parent=131675"}],"wp:term":[{"taxonomy":"product_cat","embeddable":true,"href":"https:\/\/www.erresse-shop.it\/es\/wp-json\/wp\/v2\/product_cat?post=131675"},{"taxonomy":"product_tag","embeddable":true,"href":"https:\/\/www.erresse-shop.it\/es\/wp-json\/wp\/v2\/product_tag?post=131675"}],"curies":[{"name":"wp","href":"https:\/\/api.w.org\/{rel}","templated":true}]}}