{"id":131481,"date":"2021-11-24T11:10:02","date_gmt":"2021-11-24T11:10:03","guid":{"rendered":"https:\/\/www.erresse-shop.it\/?post_type=product&#038;p=131481"},"modified":"2021-12-22T16:26:30","modified_gmt":"2021-12-22T16:26:30","slug":"zwilling-set-de-vacio-mix-freshsave-7-piezas","status":"publish","type":"product","link":"https:\/\/www.erresse-shop.it\/es\/shop\/cocina\/vacio\/zwilling-set-de-vacio-mix-freshsave-7-piezas\/","title":{"rendered":"ZWILLING Set de Vac\u00edo Mix Fresh&#038;Save 7 piezas"},"content":{"rendered":"<p>Primer set de vac\u00edo de vidrio <strong>FRESH &amp; SAVE<\/strong>: la forma m\u00e1s relajada de disfrutar de la frescura.<\/p>\n<p>Este set le conquistar\u00e1 r\u00e1pidamente: el gran y elegante recipiente de vidrio para el vac\u00edo, la fiambrera mediana de pl\u00e1stico ligero e irrompible, las cuatro bolsas de vac\u00edo reutilizables y la bomba de vac\u00edo (\u00a1pr\u00e1ctica, autom\u00e1tica e inal\u00e1mbrica!) ser\u00e1n sus nuevos aliados en la cocina.<\/p>\n<p>En comparaci\u00f3n con los m\u00e9todos normales de almacenamiento, los alimentos se mantienen frescos hasta cinco veces m\u00e1s gracias al envasado al vac\u00edo.<\/p>\n<p>Puedes ir a lo grande y guardar fruta, verdura, carne o pescado en la nevera (o en el congelador) con los envases de vidrio al vac\u00edo FRESH &amp; SAVE, o utilizando bolsas de vac\u00edo para hacer tu propio mostrador de alimentos frescos en casa. Tambi\u00e9n puede preparar deliciosos platos con d\u00edas de antelaci\u00f3n y disfrutarlos frescos cuando lo decida. Y en la fiambrera, gracias al pr\u00e1ctico divisor flexible, podr\u00e1s llevar lo que quieras. \u00bfSab\u00eda que tambi\u00e9n puede utilizar los recipientes al vac\u00edo para cocinar al vac\u00edo o marinar la carne en s\u00f3lo 30 minutos? Y cuando est\u00e9s fuera de casa, en el colegio, en la oficina o de viaje, el pr\u00e1ctico envase al vac\u00edo te permite conservar sabrosos tentempi\u00e9s.<\/p>\n<p>\u00bfPero c\u00f3mo funciona? Basta con colocar la bomba sobre la v\u00e1lvula y pulsar el bot\u00f3n para que en pocos segundos se cree el vac\u00edo. La bomba se detiene autom\u00e1ticamente cuando ha creado suficiente vac\u00edo. Y puede estar seguro de que los sabores y las vitaminas permanecer\u00e1n inalterados.<\/p>\n<p>Con la app ZWILLING Culinary World, siempre tendr\u00e1s tus provisiones bajo control: s\u00f3lo tienes que escanear el c\u00f3digo QR de los recipientes o bolsas de vac\u00edo y recibir\u00e1s un recordatorio de cu\u00e1ndo debes consumir lo que tienes guardado. El innovador primer set de aspiraci\u00f3n FRESH &amp; SAVE: dise\u00f1ado para hacer la vida m\u00e1s f\u00e1cil.<\/p>\n<ul>\n<li>\u00bfC\u00f3mo funciona el envasado al vac\u00edo? En comparaci\u00f3n con los m\u00e9todos normales de almacenamiento, los alimentos se mantienen frescos hasta cinco veces m\u00e1s, conservando intactos los sabores y nutrientes y reduciendo el desperdicio de alimentos.<\/li>\n<li>Puedes guardar los alimentos apilados en el frigor\u00edfico o el congelador, lo que tambi\u00e9n ahorra espacio.<\/li>\n<li>El atractivo recipiente de cristal tambi\u00e9n es perfecto para servir en la mesa \/ apto para el horno (sin tapa, para temperaturas de hasta 180 \u00b0C).<\/li>\n<li>Fiambrera ultraligera e irrompible para llevar lo que quieras, gracias al pr\u00e1ctico separador flexible.<\/li>\n<li>Almacenamiento seguro de alimentos y comidas preparadas (el vac\u00edo reduce las quemaduras del congelador).<\/li>\n<li>Bolsas de vac\u00edo reutilizables: seguras, resistentes al calor, perfectas para cocinar al vac\u00edo, aptas para el microondas.<\/li>\n<li>El set incluye una bomba de vac\u00edo, 1 contenedor de vidrio, 1 fiambrera y 4 bolsas reutilizables (dos de la talla S y dos de la talla M). Capacidad del recipiente, sin tapa \/ nivel m\u00e1ximo de llenado: M 0,8 l \/ 0,65 l; L 2,0 l \/ 1,6 l; bolsa de vac\u00edo: S 1,25 l \/ M 4 l<\/li>\n<li>Materiales: sin BPA; recipientes de vidrio: vidrio borosilicato (base), pl\u00e1stico (tapa), silicona (v\u00e1lvula, cierre); bolsa reutilizable: pl\u00e1stico (bolsa, cierre), silicona (v\u00e1lvula).<\/li>\n<li>Todo est\u00e1 siempre bajo control gracias a la app ZWILLING Culinary World y al c\u00f3digo QR de la tapa, \u00fatil para llevar un control de los alimentos y su vida \u00fatil.<\/li>\n<li>La aplicaci\u00f3n gratuita calcula el tiempo que pueden conservarse los alimentos y los platos en el vac\u00edo, y la funci\u00f3n de recordatorio le permite saber cu\u00e1ndo es el momento de consumir lo que ha almacenado. La aplicaci\u00f3n tambi\u00e9n incluye recetas, un v\u00eddeo explicativo y una funci\u00f3n de lista de la compra.<\/li>\n<li>La aplicaci\u00f3n gratuita calcula la vida \u00fatil de los alimentos y los platos y la funci\u00f3n de recordatorio le indica cu\u00e1ndo es el momento de consumir lo que ha almacenado. Adem\u00e1s, en la aplicaci\u00f3n, recetas, v\u00eddeo explicativo y funci\u00f3n de lista de la compra.<\/li>\n<\/ul>\n","protected":false},"excerpt":{"rendered":"<p>Primer set de vac\u00edo de vidrio FRESH &amp; SAVE: la forma m\u00e1s relajada de disfrutar de la frescura. Este set<\/p>\n","protected":false},"featured_media":131572,"template":"","meta":{"_acf_changed":false,"inline_featured_image":false},"product_cat":[16040,26044],"product_tag":[16878,23667,16877],"acf":[],"yoast_head":"<!-- This site is optimized with the Yoast SEO Premium plugin v18.6 (Yoast SEO v19.13) - https:\/\/yoast.com\/wordpress\/plugins\/seo\/ -->\n<title>ZWILLING Set de Vac\u00edo Mix Fresh&amp;Save 7 piezas - Erresse Shop<\/title>\n<meta name=\"description\" content=\"Primer set de vac\u00edo de vidrio FRESH &amp; SAVE: la forma m\u00e1s relajada de disfrutar de la frescura. Este set le conquistar\u00e1 r\u00e1pidamente: el gran y elegante\" \/>\n<meta name=\"robots\" content=\"index, follow, max-snippet:-1, max-image-preview:large, max-video-preview:-1\" \/>\n<link rel=\"canonical\" href=\"https:\/\/www.erresse-shop.it\/es\/shop\/cocina\/vacio\/zwilling-set-de-vacio-mix-freshsave-7-piezas\/\" \/>\n<meta property=\"og:locale\" content=\"es_ES\" \/>\n<meta property=\"og:type\" content=\"article\" \/>\n<meta property=\"og:title\" content=\"ZWILLING Set de Vac\u00edo Mix Fresh&amp;Save 7 piezas\" \/>\n<meta property=\"og:description\" content=\"Primer set de vac\u00edo de vidrio FRESH &amp; SAVE: la forma m\u00e1s relajada de disfrutar de la frescura. Este set le conquistar\u00e1 r\u00e1pidamente: el gran y elegante\" \/>\n<meta property=\"og:url\" content=\"https:\/\/www.erresse-shop.it\/es\/shop\/cocina\/vacio\/zwilling-set-de-vacio-mix-freshsave-7-piezas\/\" \/>\n<meta property=\"og:site_name\" content=\"Erresse Shop\" \/>\n<meta property=\"article:modified_time\" content=\"2021-12-22T16:26:30+00:00\" \/>\n<meta property=\"og:image\" content=\"https:\/\/www.erresse-shop.it\/wp-content\/uploads\/2021\/11\/ZWILLING-Set-Sottovuoto-Mix-FreshSave-7-Pezzi.jpg\" \/>\n\t<meta property=\"og:image:width\" content=\"1350\" \/>\n\t<meta property=\"og:image:height\" content=\"1350\" \/>\n\t<meta property=\"og:image:type\" content=\"image\/jpeg\" \/>\n<meta name=\"twitter:card\" content=\"summary_large_image\" \/>\n<script type=\"application\/ld+json\" class=\"yoast-schema-graph\">{\"@context\":\"https:\/\/schema.org\",\"@graph\":[{\"@type\":\"WebPage\",\"@id\":\"https:\/\/www.erresse-shop.it\/es\/shop\/cocina\/vacio\/zwilling-set-de-vacio-mix-freshsave-7-piezas\/\",\"url\":\"https:\/\/www.erresse-shop.it\/es\/shop\/cocina\/vacio\/zwilling-set-de-vacio-mix-freshsave-7-piezas\/\",\"name\":\"ZWILLING Set de Vac\u00edo Mix Fresh&Save 7 piezas - Erresse Shop\",\"isPartOf\":{\"@id\":\"https:\/\/www.erresse-shop.it\/es\/#website\"},\"datePublished\":\"2021-11-24T11:10:03+00:00\",\"dateModified\":\"2021-12-22T16:26:30+00:00\",\"description\":\"Primer set de vac\u00edo de vidrio FRESH &amp; SAVE: la forma m\u00e1s relajada de disfrutar de la frescura. Este set le conquistar\u00e1 r\u00e1pidamente: el gran y elegante\",\"breadcrumb\":{\"@id\":\"https:\/\/www.erresse-shop.it\/es\/shop\/cocina\/vacio\/zwilling-set-de-vacio-mix-freshsave-7-piezas\/#breadcrumb\"},\"inLanguage\":\"es\",\"potentialAction\":[{\"@type\":\"ReadAction\",\"target\":[\"https:\/\/www.erresse-shop.it\/es\/shop\/cocina\/vacio\/zwilling-set-de-vacio-mix-freshsave-7-piezas\/\"]}]},{\"@type\":\"BreadcrumbList\",\"@id\":\"https:\/\/www.erresse-shop.it\/es\/shop\/cocina\/vacio\/zwilling-set-de-vacio-mix-freshsave-7-piezas\/#breadcrumb\",\"itemListElement\":[{\"@type\":\"ListItem\",\"position\":1,\"name\":\"Home\",\"item\":\"https:\/\/www.erresse-shop.it\/es\/\"},{\"@type\":\"ListItem\",\"position\":2,\"name\":\"Shop\",\"item\":\"https:\/\/www.erresse-shop.it\/es\/shop\/\"},{\"@type\":\"ListItem\",\"position\":3,\"name\":\"ZWILLING Set de Vac\u00edo Mix Fresh&#038;Save 7 piezas\"}]},{\"@type\":\"WebSite\",\"@id\":\"https:\/\/www.erresse-shop.it\/es\/#website\",\"url\":\"https:\/\/www.erresse-shop.it\/es\/\",\"name\":\"Erresse Shop\",\"description\":\"Articoli di qualit\u00e0 per la casa\",\"potentialAction\":[{\"@type\":\"SearchAction\",\"target\":{\"@type\":\"EntryPoint\",\"urlTemplate\":\"https:\/\/www.erresse-shop.it\/es\/?s={search_term_string}\"},\"query-input\":\"required name=search_term_string\"}],\"inLanguage\":\"es\"}]}<\/script>\n<!-- \/ Yoast SEO Premium plugin. -->","yoast_head_json":{"title":"ZWILLING Set de Vac\u00edo Mix Fresh&Save 7 piezas - Erresse Shop","description":"Primer set de vac\u00edo de vidrio FRESH &amp; SAVE: la forma m\u00e1s relajada de disfrutar de la frescura. Este set le conquistar\u00e1 r\u00e1pidamente: el gran y elegante","robots":{"index":"index","follow":"follow","max-snippet":"max-snippet:-1","max-image-preview":"max-image-preview:large","max-video-preview":"max-video-preview:-1"},"canonical":"https:\/\/www.erresse-shop.it\/es\/shop\/cocina\/vacio\/zwilling-set-de-vacio-mix-freshsave-7-piezas\/","og_locale":"es_ES","og_type":"article","og_title":"ZWILLING Set de Vac\u00edo Mix Fresh&Save 7 piezas","og_description":"Primer set de vac\u00edo de vidrio FRESH &amp; SAVE: la forma m\u00e1s relajada de disfrutar de la frescura. Este set le conquistar\u00e1 r\u00e1pidamente: el gran y elegante","og_url":"https:\/\/www.erresse-shop.it\/es\/shop\/cocina\/vacio\/zwilling-set-de-vacio-mix-freshsave-7-piezas\/","og_site_name":"Erresse Shop","article_modified_time":"2021-12-22T16:26:30+00:00","og_image":[{"width":1350,"height":1350,"url":"https:\/\/www.erresse-shop.it\/wp-content\/uploads\/2021\/11\/ZWILLING-Set-Sottovuoto-Mix-FreshSave-7-Pezzi.jpg","type":"image\/jpeg"}],"twitter_card":"summary_large_image","schema":{"@context":"https:\/\/schema.org","@graph":[{"@type":"WebPage","@id":"https:\/\/www.erresse-shop.it\/es\/shop\/cocina\/vacio\/zwilling-set-de-vacio-mix-freshsave-7-piezas\/","url":"https:\/\/www.erresse-shop.it\/es\/shop\/cocina\/vacio\/zwilling-set-de-vacio-mix-freshsave-7-piezas\/","name":"ZWILLING Set de Vac\u00edo Mix Fresh&Save 7 piezas - Erresse Shop","isPartOf":{"@id":"https:\/\/www.erresse-shop.it\/es\/#website"},"datePublished":"2021-11-24T11:10:03+00:00","dateModified":"2021-12-22T16:26:30+00:00","description":"Primer set de vac\u00edo de vidrio FRESH &amp; SAVE: la forma m\u00e1s relajada de disfrutar de la frescura. Este set le conquistar\u00e1 r\u00e1pidamente: el gran y elegante","breadcrumb":{"@id":"https:\/\/www.erresse-shop.it\/es\/shop\/cocina\/vacio\/zwilling-set-de-vacio-mix-freshsave-7-piezas\/#breadcrumb"},"inLanguage":"es","potentialAction":[{"@type":"ReadAction","target":["https:\/\/www.erresse-shop.it\/es\/shop\/cocina\/vacio\/zwilling-set-de-vacio-mix-freshsave-7-piezas\/"]}]},{"@type":"BreadcrumbList","@id":"https:\/\/www.erresse-shop.it\/es\/shop\/cocina\/vacio\/zwilling-set-de-vacio-mix-freshsave-7-piezas\/#breadcrumb","itemListElement":[{"@type":"ListItem","position":1,"name":"Home","item":"https:\/\/www.erresse-shop.it\/es\/"},{"@type":"ListItem","position":2,"name":"Shop","item":"https:\/\/www.erresse-shop.it\/es\/shop\/"},{"@type":"ListItem","position":3,"name":"ZWILLING Set de Vac\u00edo Mix Fresh&#038;Save 7 piezas"}]},{"@type":"WebSite","@id":"https:\/\/www.erresse-shop.it\/es\/#website","url":"https:\/\/www.erresse-shop.it\/es\/","name":"Erresse Shop","description":"Articoli di qualit\u00e0 per la casa","potentialAction":[{"@type":"SearchAction","target":{"@type":"EntryPoint","urlTemplate":"https:\/\/www.erresse-shop.it\/es\/?s={search_term_string}"},"query-input":"required name=search_term_string"}],"inLanguage":"es"}]}},"df_price":49.975,"df_sale_price":49.975,"df_regular_price":99.95,"df_image_link":"https:\/\/www.erresse-shop.it\/wp-content\/uploads\/2021\/11\/ZWILLING-Set-Sottovuoto-Mix-FreshSave-7-Pezzi-300x300.jpg","_links":{"self":[{"href":"https:\/\/www.erresse-shop.it\/es\/wp-json\/wp\/v2\/product\/131481"}],"collection":[{"href":"https:\/\/www.erresse-shop.it\/es\/wp-json\/wp\/v2\/product"}],"about":[{"href":"https:\/\/www.erresse-shop.it\/es\/wp-json\/wp\/v2\/types\/product"}],"wp:featuredmedia":[{"embeddable":true,"href":"https:\/\/www.erresse-shop.it\/es\/wp-json\/wp\/v2\/media\/131572"}],"wp:attachment":[{"href":"https:\/\/www.erresse-shop.it\/es\/wp-json\/wp\/v2\/media?parent=131481"}],"wp:term":[{"taxonomy":"product_cat","embeddable":true,"href":"https:\/\/www.erresse-shop.it\/es\/wp-json\/wp\/v2\/product_cat?post=131481"},{"taxonomy":"product_tag","embeddable":true,"href":"https:\/\/www.erresse-shop.it\/es\/wp-json\/wp\/v2\/product_tag?post=131481"}],"curies":[{"name":"wp","href":"https:\/\/api.w.org\/{rel}","templated":true}]}}