{"id":131145,"date":"2021-11-23T13:41:01","date_gmt":"2021-11-23T13:41:03","guid":{"rendered":"https:\/\/www.erresse-shop.it\/?post_type=product&#038;p=131145"},"modified":"2021-12-22T16:25:45","modified_gmt":"2021-12-22T16:25:45","slug":"zwilling-juego-de-cocina-a-baja-temperatura-freshsave-8-piezas","status":"publish","type":"product","link":"https:\/\/www.erresse-shop.it\/es\/shop\/cocina\/vacio\/zwilling-juego-de-cocina-a-baja-temperatura-freshsave-8-piezas\/","title":{"rendered":"ZWILLING Juego de cocina a baja temperatura Fresh&#038;Save 8 piezas"},"content":{"rendered":"<p>\u00bfQuiere conseguir los mejores resultados de cocci\u00f3n mientras se relaja? Con el primer set de cocina a baja temperatura <strong>ZWILLING FRESH &amp; SAVE<\/strong>, \u00a1prep\u00e1rese para dominar el reino de la cocina al vac\u00edo! El set contiene: una potente y pr\u00e1ctica barra de cocci\u00f3n a baja temperatura, 6 bolsas de vac\u00edo resistentes al calor y una c\u00f3moda y eficaz bomba de vac\u00edo a pilas. Con la cocci\u00f3n sous-vide, puede cocinar carne, pescado, pero tambi\u00e9n verduras y frutas envasadas al vac\u00edo en agua a la temperatura m\u00e1s baja posible, es decir, a la temperatura ideal. \u00bfEl resultado? Siempre cocinar\u00e1 los alimentos de forma perfecta y uniforme desde el exterior hasta el interior. Y con el set de cocci\u00f3n a baja temperatura, es realmente f\u00e1cil: s\u00f3lo tiene que colocar la varilla de cocci\u00f3n a baja temperatura en una olla llena de agua y, a continuaci\u00f3n, ajustar la temperatura y el tiempo ideales mediante la intuitiva pantalla t\u00e1ctil LED. Mientras la varilla lleva el agua a la temperatura deseada, tienes tiempo de verter los ingredientes en las bolsas reutilizables, que simplemente puedes cerrar con cremallera. Olv\u00eddese de todas las molestias: \u00a1se acabaron las engorrosas operaciones, el sellado y el corte de las bolsas de vac\u00edo! En pocos segundos, tras colocar la bomba de vac\u00edo en la bolsa con cremallera, pulse el bot\u00f3n para aspirar. Sumerja la bolsa de vac\u00edo en el ba\u00f1o de cocci\u00f3n y la varilla har\u00e1 el resto. La funci\u00f3n de temporizador integrada le permite ocuparse de todas las dem\u00e1s tareas en la cocina o con sus invitados, con total relajaci\u00f3n: cuando la cocci\u00f3n termina, la varilla emite una se\u00f1al ac\u00fastica para avisarle y se detiene autom\u00e1ticamente. Y si quiere comer su comida m\u00e1s tarde, no hay problema: deje todo en el ba\u00f1o de cocci\u00f3n a la temperatura establecida. El grado de cocci\u00f3n permanecer\u00e1 inalterado y perfecto. \u00a1Y voil\u00e0, la magia del sous-vide se revela!<\/p>\n<ul>\n<li>Juego de 8 piezas: Barra de cocci\u00f3n a baja temperatura ZWILLING ENFINIGY, bomba de vac\u00edo ZWILLING FRESH &amp; SAVE, 3 bolsas de vac\u00edo tama\u00f1o S, 3 bolsas de vac\u00edo tama\u00f1o M<\/li>\n<li>Varilla de cocci\u00f3n a baja temperatura ZWILLING ENFINIGY: pantalla t\u00e1ctil LED intuitiva que muestra la temperatura y el temporizador \/ Ajuste de la temperatura de 0 a 90 \u00b0C en pasos de 0,5 \u00b0C \/ M\u00e1xima precisi\u00f3n de la temperatura de +\/- 0,1 \u00b0C &#8211; 0,2 \u00b0C en el rango de 40 \u00b0C &#8211; 70 \u00b0C \/ Funci\u00f3n de temporizador de 0 a 99:59 horas en pasos de 1 minuto \/ Se\u00f1al ac\u00fastica al final de la cocci\u00f3n \/ Incluye tablas de tiempos de cocci\u00f3n, libro de recetas y pr\u00e1ctica bolsa de tela para guardar la varilla con seguridad<\/li>\n<li>Bomba de vac\u00edo ZWILLING FRESH &amp; SAVE: pulse el bot\u00f3n para envasar al vac\u00edo en segundos y de forma muy silenciosa \/ sin cables, f\u00e1cil de manejar \/ siempre lista para usar, gracias a la bater\u00eda de iones de litio de larga duraci\u00f3n, recargable \/ cable USB incluido \/ ocupa poco espacio \/ le ofrece la m\u00e1xima versatilidad combinada con los otros productos de la serie ZWILLING FRESH &amp; SAVE para conservar sus ingredientes durante mucho tiempo<\/li>\n<li>Bolsas de vac\u00edo ZWILLING FRESH &amp; SAVE: perfectas para cocinar al vac\u00edo, pero tambi\u00e9n para marinar y conservar sus alimentos en el frigor\u00edfico y el congelador durante mucho tiempo \/ tecnolog\u00eda innovadora con v\u00e1lvula \/ reutilizables gracias al pr\u00e1ctico cierre de cremallera \/ sin BPA \/ capacidad S: 1,25 l, dimensiones: 23 x 20 cm (ancho x alto); capacidad M: 4 l, dimensiones: 35 x 25 cm (ancho x alto) \/ gracias al c\u00f3digo QR, podr\u00e1 organizar todas sus provisiones con la pr\u00e1ctica aplicaci\u00f3n<\/li>\n<li>Incluye una barrera contra l\u00edquidos para el envasado al vac\u00edo de alimentos con l\u00edquidos, como aceite o jugos de carne<\/li>\n<\/ul>\n<p><strong>CARACTER\u00cdSTICAS<\/strong><br \/>\nColor: Blanco<br \/>\nMaterial: Pl\u00e1stico<br \/>\nApto para el congelador: S\u00ed<br \/>\nN\u00famero de piezas: 8<br \/>\nTensi\u00f3n: 110-240 V<\/p>\n<p><strong>DIMENSI\u00d3N<\/strong><br \/>\nPeso neto: 1,64 kg<br \/>\nLongitud del producto: 11,20 cm<br \/>\nAnchura del producto: 30,00 cm<br \/>\nAltura del producto: 37,30 cm<\/p>\n","protected":false},"excerpt":{"rendered":"<p>\u00bfQuiere conseguir los mejores resultados de cocci\u00f3n mientras se relaja? Con el primer set de cocina a baja temperatura ZWILLING<\/p>\n","protected":false},"featured_media":131224,"template":"","meta":{"_acf_changed":false,"inline_featured_image":false},"product_cat":[16040,26044],"product_tag":[16878,23667,16877],"acf":[],"yoast_head":"<!-- This site is optimized with the Yoast SEO Premium plugin v18.6 (Yoast SEO v19.13) - https:\/\/yoast.com\/wordpress\/plugins\/seo\/ -->\n<title>ZWILLING Juego de cocina a baja temperatura Fresh&amp;Save 8 piezas - Erresse Shop<\/title>\n<meta name=\"description\" content=\"\u00bfQuiere conseguir los mejores resultados de cocci\u00f3n mientras se relaja? Con el primer set de cocina a baja temperatura ZWILLING FRESH &amp; SAVE,\" \/>\n<meta name=\"robots\" content=\"index, follow, max-snippet:-1, max-image-preview:large, max-video-preview:-1\" \/>\n<link rel=\"canonical\" href=\"https:\/\/www.erresse-shop.it\/es\/shop\/cocina\/vacio\/zwilling-juego-de-cocina-a-baja-temperatura-freshsave-8-piezas\/\" \/>\n<meta property=\"og:locale\" content=\"es_ES\" \/>\n<meta property=\"og:type\" content=\"article\" \/>\n<meta property=\"og:title\" content=\"ZWILLING Juego de cocina a baja temperatura Fresh&amp;Save 8 piezas\" \/>\n<meta property=\"og:description\" content=\"\u00bfQuiere conseguir los mejores resultados de cocci\u00f3n mientras se relaja? Con el primer set de cocina a baja temperatura ZWILLING FRESH &amp; SAVE,\" \/>\n<meta property=\"og:url\" content=\"https:\/\/www.erresse-shop.it\/es\/shop\/cocina\/vacio\/zwilling-juego-de-cocina-a-baja-temperatura-freshsave-8-piezas\/\" \/>\n<meta property=\"og:site_name\" content=\"Erresse Shop\" \/>\n<meta property=\"article:modified_time\" content=\"2021-12-22T16:25:45+00:00\" \/>\n<meta property=\"og:image\" content=\"https:\/\/www.erresse-shop.it\/wp-content\/uploads\/2021\/11\/ZWILLING-Set-Cottura-Bassa-Temperatura-FreshSave-8-Pezzi.jpg\" \/>\n\t<meta property=\"og:image:width\" content=\"1350\" \/>\n\t<meta property=\"og:image:height\" content=\"1350\" \/>\n\t<meta property=\"og:image:type\" content=\"image\/jpeg\" \/>\n<meta name=\"twitter:card\" content=\"summary_large_image\" \/>\n<script type=\"application\/ld+json\" class=\"yoast-schema-graph\">{\"@context\":\"https:\/\/schema.org\",\"@graph\":[{\"@type\":\"WebPage\",\"@id\":\"https:\/\/www.erresse-shop.it\/es\/shop\/cocina\/vacio\/zwilling-juego-de-cocina-a-baja-temperatura-freshsave-8-piezas\/\",\"url\":\"https:\/\/www.erresse-shop.it\/es\/shop\/cocina\/vacio\/zwilling-juego-de-cocina-a-baja-temperatura-freshsave-8-piezas\/\",\"name\":\"ZWILLING Juego de cocina a baja temperatura Fresh&Save 8 piezas - Erresse Shop\",\"isPartOf\":{\"@id\":\"https:\/\/www.erresse-shop.it\/es\/#website\"},\"datePublished\":\"2021-11-23T13:41:03+00:00\",\"dateModified\":\"2021-12-22T16:25:45+00:00\",\"description\":\"\u00bfQuiere conseguir los mejores resultados de cocci\u00f3n mientras se relaja? Con el primer set de cocina a baja temperatura ZWILLING FRESH &amp; SAVE,\",\"breadcrumb\":{\"@id\":\"https:\/\/www.erresse-shop.it\/es\/shop\/cocina\/vacio\/zwilling-juego-de-cocina-a-baja-temperatura-freshsave-8-piezas\/#breadcrumb\"},\"inLanguage\":\"es\",\"potentialAction\":[{\"@type\":\"ReadAction\",\"target\":[\"https:\/\/www.erresse-shop.it\/es\/shop\/cocina\/vacio\/zwilling-juego-de-cocina-a-baja-temperatura-freshsave-8-piezas\/\"]}]},{\"@type\":\"BreadcrumbList\",\"@id\":\"https:\/\/www.erresse-shop.it\/es\/shop\/cocina\/vacio\/zwilling-juego-de-cocina-a-baja-temperatura-freshsave-8-piezas\/#breadcrumb\",\"itemListElement\":[{\"@type\":\"ListItem\",\"position\":1,\"name\":\"Home\",\"item\":\"https:\/\/www.erresse-shop.it\/es\/\"},{\"@type\":\"ListItem\",\"position\":2,\"name\":\"Shop\",\"item\":\"https:\/\/www.erresse-shop.it\/es\/shop\/\"},{\"@type\":\"ListItem\",\"position\":3,\"name\":\"ZWILLING Juego de cocina a baja temperatura Fresh&#038;Save 8 piezas\"}]},{\"@type\":\"WebSite\",\"@id\":\"https:\/\/www.erresse-shop.it\/es\/#website\",\"url\":\"https:\/\/www.erresse-shop.it\/es\/\",\"name\":\"Erresse Shop\",\"description\":\"Articoli di qualit\u00e0 per la casa\",\"potentialAction\":[{\"@type\":\"SearchAction\",\"target\":{\"@type\":\"EntryPoint\",\"urlTemplate\":\"https:\/\/www.erresse-shop.it\/es\/?s={search_term_string}\"},\"query-input\":\"required name=search_term_string\"}],\"inLanguage\":\"es\"}]}<\/script>\n<!-- \/ Yoast SEO Premium plugin. -->","yoast_head_json":{"title":"ZWILLING Juego de cocina a baja temperatura Fresh&Save 8 piezas - Erresse Shop","description":"\u00bfQuiere conseguir los mejores resultados de cocci\u00f3n mientras se relaja? Con el primer set de cocina a baja temperatura ZWILLING FRESH &amp; SAVE,","robots":{"index":"index","follow":"follow","max-snippet":"max-snippet:-1","max-image-preview":"max-image-preview:large","max-video-preview":"max-video-preview:-1"},"canonical":"https:\/\/www.erresse-shop.it\/es\/shop\/cocina\/vacio\/zwilling-juego-de-cocina-a-baja-temperatura-freshsave-8-piezas\/","og_locale":"es_ES","og_type":"article","og_title":"ZWILLING Juego de cocina a baja temperatura Fresh&Save 8 piezas","og_description":"\u00bfQuiere conseguir los mejores resultados de cocci\u00f3n mientras se relaja? Con el primer set de cocina a baja temperatura ZWILLING FRESH &amp; SAVE,","og_url":"https:\/\/www.erresse-shop.it\/es\/shop\/cocina\/vacio\/zwilling-juego-de-cocina-a-baja-temperatura-freshsave-8-piezas\/","og_site_name":"Erresse Shop","article_modified_time":"2021-12-22T16:25:45+00:00","og_image":[{"width":1350,"height":1350,"url":"https:\/\/www.erresse-shop.it\/wp-content\/uploads\/2021\/11\/ZWILLING-Set-Cottura-Bassa-Temperatura-FreshSave-8-Pezzi.jpg","type":"image\/jpeg"}],"twitter_card":"summary_large_image","schema":{"@context":"https:\/\/schema.org","@graph":[{"@type":"WebPage","@id":"https:\/\/www.erresse-shop.it\/es\/shop\/cocina\/vacio\/zwilling-juego-de-cocina-a-baja-temperatura-freshsave-8-piezas\/","url":"https:\/\/www.erresse-shop.it\/es\/shop\/cocina\/vacio\/zwilling-juego-de-cocina-a-baja-temperatura-freshsave-8-piezas\/","name":"ZWILLING Juego de cocina a baja temperatura Fresh&Save 8 piezas - Erresse Shop","isPartOf":{"@id":"https:\/\/www.erresse-shop.it\/es\/#website"},"datePublished":"2021-11-23T13:41:03+00:00","dateModified":"2021-12-22T16:25:45+00:00","description":"\u00bfQuiere conseguir los mejores resultados de cocci\u00f3n mientras se relaja? Con el primer set de cocina a baja temperatura ZWILLING FRESH &amp; SAVE,","breadcrumb":{"@id":"https:\/\/www.erresse-shop.it\/es\/shop\/cocina\/vacio\/zwilling-juego-de-cocina-a-baja-temperatura-freshsave-8-piezas\/#breadcrumb"},"inLanguage":"es","potentialAction":[{"@type":"ReadAction","target":["https:\/\/www.erresse-shop.it\/es\/shop\/cocina\/vacio\/zwilling-juego-de-cocina-a-baja-temperatura-freshsave-8-piezas\/"]}]},{"@type":"BreadcrumbList","@id":"https:\/\/www.erresse-shop.it\/es\/shop\/cocina\/vacio\/zwilling-juego-de-cocina-a-baja-temperatura-freshsave-8-piezas\/#breadcrumb","itemListElement":[{"@type":"ListItem","position":1,"name":"Home","item":"https:\/\/www.erresse-shop.it\/es\/"},{"@type":"ListItem","position":2,"name":"Shop","item":"https:\/\/www.erresse-shop.it\/es\/shop\/"},{"@type":"ListItem","position":3,"name":"ZWILLING Juego de cocina a baja temperatura Fresh&#038;Save 8 piezas"}]},{"@type":"WebSite","@id":"https:\/\/www.erresse-shop.it\/es\/#website","url":"https:\/\/www.erresse-shop.it\/es\/","name":"Erresse Shop","description":"Articoli di qualit\u00e0 per la casa","potentialAction":[{"@type":"SearchAction","target":{"@type":"EntryPoint","urlTemplate":"https:\/\/www.erresse-shop.it\/es\/?s={search_term_string}"},"query-input":"required name=search_term_string"}],"inLanguage":"es"}]}},"df_price":99.5,"df_sale_price":99.5,"df_regular_price":199,"df_image_link":"https:\/\/www.erresse-shop.it\/wp-content\/uploads\/2021\/11\/ZWILLING-Set-Cottura-Bassa-Temperatura-FreshSave-8-Pezzi-300x300.jpg","_links":{"self":[{"href":"https:\/\/www.erresse-shop.it\/es\/wp-json\/wp\/v2\/product\/131145"}],"collection":[{"href":"https:\/\/www.erresse-shop.it\/es\/wp-json\/wp\/v2\/product"}],"about":[{"href":"https:\/\/www.erresse-shop.it\/es\/wp-json\/wp\/v2\/types\/product"}],"wp:featuredmedia":[{"embeddable":true,"href":"https:\/\/www.erresse-shop.it\/es\/wp-json\/wp\/v2\/media\/131224"}],"wp:attachment":[{"href":"https:\/\/www.erresse-shop.it\/es\/wp-json\/wp\/v2\/media?parent=131145"}],"wp:term":[{"taxonomy":"product_cat","embeddable":true,"href":"https:\/\/www.erresse-shop.it\/es\/wp-json\/wp\/v2\/product_cat?post=131145"},{"taxonomy":"product_tag","embeddable":true,"href":"https:\/\/www.erresse-shop.it\/es\/wp-json\/wp\/v2\/product_tag?post=131145"}],"curies":[{"name":"wp","href":"https:\/\/api.w.org\/{rel}","templated":true}]}}