{"id":131114,"date":"2021-11-23T11:51:34","date_gmt":"2021-11-23T11:51:37","guid":{"rendered":"https:\/\/www.erresse-shop.it\/?post_type=product&#038;p=131114"},"modified":"2021-12-22T16:25:43","modified_gmt":"2021-12-22T16:25:43","slug":"staub-cocotte-redonda-20-cm-cereza","status":"publish","type":"product","link":"https:\/\/www.erresse-shop.it\/es\/shop\/sartenes-y-ollas\/marmitas-y-cocottes\/staub-cocotte-redonda-20-cm-cereza\/","title":{"rendered":"STAUB Cocotte Redonda 20 cm Cereza"},"content":{"rendered":"<p>Un jugoso asado no es s\u00f3lo un manjar de domingo. Tanto si se trata de una cazuela de carne, pescado o verduras, con una cocotte Staub podr\u00e1 crear buenos platos de forma f\u00e1cil y segura. La cocotte es una olla de hierro fundido que sirve para preparar diversos platos a fuego lento. Gracias a su dise\u00f1o cl\u00e1sico con el logotipo en relieve y el pomo plateado, esta cocotte es el utensilio con el que servir la comida en la mesa se hace con estilo. La cocotte tiene un di\u00e1metro de 24 cm o 30 cm, incluidas las asas. La cacerola Staub tiene 15 cm de altura incluyendo la tapa. Tiene una capacidad de 3,8 litros. La cocotte de hierro fundido tiene un esmalte negro mate en su interior. Esto da a los alimentos el t\u00edpico sabor a estofado y resalta el sabor natural de los ingredientes frescos. La propia cocotte retiene el calor y lo libera lentamente. Su comida se mantendr\u00e1 caliente durante mucho tiempo, incluso en la mesa. La bater\u00eda de cocina de hierro fundido Staub es adecuada para preparar muchos platos diferentes. La cocotte de color rojo cereza llamar\u00e1 la atenci\u00f3n en la mesa y complementar\u00e1 su juego de cocina, siendo funcional, robusta, f\u00e1cil de mantener y utilizable en diversas situaciones.<\/p>\n<p>&#8211; Ideal para sellar y cocinar a fuego lento carne, pescado o verduras<br \/>\n&#8211; Para un resultado de cocci\u00f3n jugoso y tierno gracias a la tapa<br \/>\n&#8211; El esmaltado interior negro mate es ideal para un dorado especialmente crujiente y es muy duradero<br \/>\n&#8211; Apto para todo tipo de cocinas, incluida la de inducci\u00f3n, tambi\u00e9n puede utilizarse en el horno\/parrilla<\/p>\n<p><strong>Caracter\u00edsticas<\/strong><br \/>\n&#8211; Resistencia al calor (\u00b0C): 240,00 \u00baC<br \/>\n&#8211; Resistencia al fr\u00edo: -20,00 \u00baC<br \/>\n&#8211; Material: hierro fundido<br \/>\n&#8211; Tapa existente: s\u00ed<br \/>\n&#8211; Inducci\u00f3n: S\u00ed<br \/>\n&#8211; Apto para el horno: S\u00ed<br \/>\n&#8211; Apto para el congelador: S\u00ed<br \/>\n&#8211; Apto para la cocina: s\u00ed<br \/>\n&#8211; Apto para el lavavajillas: s\u00ed<\/p>\n<p><strong>Tama\u00f1o<\/strong><br \/>\n&#8211; Peso neto: 3,60 kg<br \/>\n&#8211; Capacidad: 2,20 l<br \/>\n&#8211; Longitud del producto: 26,30 cm<br \/>\n&#8211; Anchura del producto: 20,00 cm<br \/>\n&#8211; Altura del producto: 14,20 cm<br \/>\n&#8211; Altura sin tapa: 9,50 cm<br \/>\n&#8211; Di\u00e1metro superior: 20,00 cm<br \/>\n&#8211; Di\u00e1metro del fondo: 16,10 cm<br \/>\n&#8211; Longitud del mango: 3,00 cm<\/p>\n","protected":false},"excerpt":{"rendered":"<p>Un jugoso asado no es s\u00f3lo un manjar de domingo. Tanto si se trata de una cazuela de carne, pescado<\/p>\n","protected":false},"featured_media":120754,"template":"","meta":{"_acf_changed":false,"inline_featured_image":false},"product_cat":[16065,16058],"product_tag":[25090,16111,16211,16781,16158,16654,25023],"acf":[],"yoast_head":"<!-- This site is optimized with the Yoast SEO Premium plugin v18.6 (Yoast SEO v19.13) - https:\/\/yoast.com\/wordpress\/plugins\/seo\/ -->\n<title>STAUB Cocotte Redonda 20 cm Cereza - Erresse Shop<\/title>\n<meta name=\"description\" content=\"Un jugoso asado no es s\u00f3lo un manjar de domingo. Tanto si se trata de una cazuela de carne, pescado o verduras, con una cocotte Staub podr\u00e1 crear buenos\" \/>\n<meta name=\"robots\" content=\"index, follow, max-snippet:-1, max-image-preview:large, max-video-preview:-1\" \/>\n<link rel=\"canonical\" href=\"https:\/\/www.erresse-shop.it\/es\/shop\/sartenes-y-ollas\/marmitas-y-cocottes\/staub-cocotte-redonda-20-cm-cereza\/\" \/>\n<meta property=\"og:locale\" content=\"es_ES\" \/>\n<meta property=\"og:type\" content=\"article\" \/>\n<meta property=\"og:title\" content=\"STAUB Cocotte Redonda 20 cm Cereza\" \/>\n<meta property=\"og:description\" content=\"Un jugoso asado no es s\u00f3lo un manjar de domingo. Tanto si se trata de una cazuela de carne, pescado o verduras, con una cocotte Staub podr\u00e1 crear buenos\" \/>\n<meta property=\"og:url\" content=\"https:\/\/www.erresse-shop.it\/es\/shop\/sartenes-y-ollas\/marmitas-y-cocottes\/staub-cocotte-redonda-20-cm-cereza\/\" \/>\n<meta property=\"og:site_name\" content=\"Erresse Shop\" \/>\n<meta property=\"article:modified_time\" content=\"2021-12-22T16:25:43+00:00\" \/>\n<meta property=\"og:image\" content=\"https:\/\/www.erresse-shop.it\/wp-content\/uploads\/2015\/01\/products-staub-tonda-cm.jpg\" \/>\n\t<meta property=\"og:image:width\" content=\"400\" \/>\n\t<meta property=\"og:image:height\" content=\"400\" \/>\n\t<meta property=\"og:image:type\" content=\"image\/jpeg\" \/>\n<meta name=\"twitter:card\" content=\"summary_large_image\" \/>\n<script type=\"application\/ld+json\" class=\"yoast-schema-graph\">{\"@context\":\"https:\/\/schema.org\",\"@graph\":[{\"@type\":\"WebPage\",\"@id\":\"https:\/\/www.erresse-shop.it\/es\/shop\/sartenes-y-ollas\/marmitas-y-cocottes\/staub-cocotte-redonda-20-cm-cereza\/\",\"url\":\"https:\/\/www.erresse-shop.it\/es\/shop\/sartenes-y-ollas\/marmitas-y-cocottes\/staub-cocotte-redonda-20-cm-cereza\/\",\"name\":\"STAUB Cocotte Redonda 20 cm Cereza - Erresse Shop\",\"isPartOf\":{\"@id\":\"https:\/\/www.erresse-shop.it\/es\/#website\"},\"datePublished\":\"2021-11-23T11:51:37+00:00\",\"dateModified\":\"2021-12-22T16:25:43+00:00\",\"description\":\"Un jugoso asado no es s\u00f3lo un manjar de domingo. Tanto si se trata de una cazuela de carne, pescado o verduras, con una cocotte Staub podr\u00e1 crear buenos\",\"breadcrumb\":{\"@id\":\"https:\/\/www.erresse-shop.it\/es\/shop\/sartenes-y-ollas\/marmitas-y-cocottes\/staub-cocotte-redonda-20-cm-cereza\/#breadcrumb\"},\"inLanguage\":\"es\",\"potentialAction\":[{\"@type\":\"ReadAction\",\"target\":[\"https:\/\/www.erresse-shop.it\/es\/shop\/sartenes-y-ollas\/marmitas-y-cocottes\/staub-cocotte-redonda-20-cm-cereza\/\"]}]},{\"@type\":\"BreadcrumbList\",\"@id\":\"https:\/\/www.erresse-shop.it\/es\/shop\/sartenes-y-ollas\/marmitas-y-cocottes\/staub-cocotte-redonda-20-cm-cereza\/#breadcrumb\",\"itemListElement\":[{\"@type\":\"ListItem\",\"position\":1,\"name\":\"Home\",\"item\":\"https:\/\/www.erresse-shop.it\/es\/\"},{\"@type\":\"ListItem\",\"position\":2,\"name\":\"Shop\",\"item\":\"https:\/\/www.erresse-shop.it\/es\/shop\/\"},{\"@type\":\"ListItem\",\"position\":3,\"name\":\"STAUB Cocotte Redonda 20 cm Cereza\"}]},{\"@type\":\"WebSite\",\"@id\":\"https:\/\/www.erresse-shop.it\/es\/#website\",\"url\":\"https:\/\/www.erresse-shop.it\/es\/\",\"name\":\"Erresse Shop\",\"description\":\"Articoli di qualit\u00e0 per la casa\",\"potentialAction\":[{\"@type\":\"SearchAction\",\"target\":{\"@type\":\"EntryPoint\",\"urlTemplate\":\"https:\/\/www.erresse-shop.it\/es\/?s={search_term_string}\"},\"query-input\":\"required name=search_term_string\"}],\"inLanguage\":\"es\"}]}<\/script>\n<!-- \/ Yoast SEO Premium plugin. -->","yoast_head_json":{"title":"STAUB Cocotte Redonda 20 cm Cereza - Erresse Shop","description":"Un jugoso asado no es s\u00f3lo un manjar de domingo. Tanto si se trata de una cazuela de carne, pescado o verduras, con una cocotte Staub podr\u00e1 crear buenos","robots":{"index":"index","follow":"follow","max-snippet":"max-snippet:-1","max-image-preview":"max-image-preview:large","max-video-preview":"max-video-preview:-1"},"canonical":"https:\/\/www.erresse-shop.it\/es\/shop\/sartenes-y-ollas\/marmitas-y-cocottes\/staub-cocotte-redonda-20-cm-cereza\/","og_locale":"es_ES","og_type":"article","og_title":"STAUB Cocotte Redonda 20 cm Cereza","og_description":"Un jugoso asado no es s\u00f3lo un manjar de domingo. Tanto si se trata de una cazuela de carne, pescado o verduras, con una cocotte Staub podr\u00e1 crear buenos","og_url":"https:\/\/www.erresse-shop.it\/es\/shop\/sartenes-y-ollas\/marmitas-y-cocottes\/staub-cocotte-redonda-20-cm-cereza\/","og_site_name":"Erresse Shop","article_modified_time":"2021-12-22T16:25:43+00:00","og_image":[{"width":400,"height":400,"url":"https:\/\/www.erresse-shop.it\/wp-content\/uploads\/2015\/01\/products-staub-tonda-cm.jpg","type":"image\/jpeg"}],"twitter_card":"summary_large_image","schema":{"@context":"https:\/\/schema.org","@graph":[{"@type":"WebPage","@id":"https:\/\/www.erresse-shop.it\/es\/shop\/sartenes-y-ollas\/marmitas-y-cocottes\/staub-cocotte-redonda-20-cm-cereza\/","url":"https:\/\/www.erresse-shop.it\/es\/shop\/sartenes-y-ollas\/marmitas-y-cocottes\/staub-cocotte-redonda-20-cm-cereza\/","name":"STAUB Cocotte Redonda 20 cm Cereza - Erresse Shop","isPartOf":{"@id":"https:\/\/www.erresse-shop.it\/es\/#website"},"datePublished":"2021-11-23T11:51:37+00:00","dateModified":"2021-12-22T16:25:43+00:00","description":"Un jugoso asado no es s\u00f3lo un manjar de domingo. Tanto si se trata de una cazuela de carne, pescado o verduras, con una cocotte Staub podr\u00e1 crear buenos","breadcrumb":{"@id":"https:\/\/www.erresse-shop.it\/es\/shop\/sartenes-y-ollas\/marmitas-y-cocottes\/staub-cocotte-redonda-20-cm-cereza\/#breadcrumb"},"inLanguage":"es","potentialAction":[{"@type":"ReadAction","target":["https:\/\/www.erresse-shop.it\/es\/shop\/sartenes-y-ollas\/marmitas-y-cocottes\/staub-cocotte-redonda-20-cm-cereza\/"]}]},{"@type":"BreadcrumbList","@id":"https:\/\/www.erresse-shop.it\/es\/shop\/sartenes-y-ollas\/marmitas-y-cocottes\/staub-cocotte-redonda-20-cm-cereza\/#breadcrumb","itemListElement":[{"@type":"ListItem","position":1,"name":"Home","item":"https:\/\/www.erresse-shop.it\/es\/"},{"@type":"ListItem","position":2,"name":"Shop","item":"https:\/\/www.erresse-shop.it\/es\/shop\/"},{"@type":"ListItem","position":3,"name":"STAUB Cocotte Redonda 20 cm Cereza"}]},{"@type":"WebSite","@id":"https:\/\/www.erresse-shop.it\/es\/#website","url":"https:\/\/www.erresse-shop.it\/es\/","name":"Erresse Shop","description":"Articoli di qualit\u00e0 per la casa","potentialAction":[{"@type":"SearchAction","target":{"@type":"EntryPoint","urlTemplate":"https:\/\/www.erresse-shop.it\/es\/?s={search_term_string}"},"query-input":"required name=search_term_string"}],"inLanguage":"es"}]}},"df_price":114.5,"df_sale_price":114.5,"df_regular_price":229,"df_image_link":"https:\/\/www.erresse-shop.it\/wp-content\/uploads\/2015\/01\/products-staub-tonda-cm-300x300.jpg","_links":{"self":[{"href":"https:\/\/www.erresse-shop.it\/es\/wp-json\/wp\/v2\/product\/131114"}],"collection":[{"href":"https:\/\/www.erresse-shop.it\/es\/wp-json\/wp\/v2\/product"}],"about":[{"href":"https:\/\/www.erresse-shop.it\/es\/wp-json\/wp\/v2\/types\/product"}],"wp:featuredmedia":[{"embeddable":true,"href":"https:\/\/www.erresse-shop.it\/es\/wp-json\/wp\/v2\/media\/120754"}],"wp:attachment":[{"href":"https:\/\/www.erresse-shop.it\/es\/wp-json\/wp\/v2\/media?parent=131114"}],"wp:term":[{"taxonomy":"product_cat","embeddable":true,"href":"https:\/\/www.erresse-shop.it\/es\/wp-json\/wp\/v2\/product_cat?post=131114"},{"taxonomy":"product_tag","embeddable":true,"href":"https:\/\/www.erresse-shop.it\/es\/wp-json\/wp\/v2\/product_tag?post=131114"}],"curies":[{"name":"wp","href":"https:\/\/api.w.org\/{rel}","templated":true}]}}