{"id":131082,"date":"2021-11-23T11:32:10","date_gmt":"2021-11-23T11:32:18","guid":{"rendered":"https:\/\/www.erresse-shop.it\/?post_type=product&#038;p=131082"},"modified":"2021-12-22T16:25:41","modified_gmt":"2021-12-22T16:25:41","slug":"staub-cocotte-redonda-20-cm-gris-grafito","status":"publish","type":"product","link":"https:\/\/www.erresse-shop.it\/es\/shop\/sartenes-y-ollas\/marmitas-y-cocottes\/staub-cocotte-redonda-20-cm-gris-grafito\/","title":{"rendered":"STAUB Cocotte Redonda 20 cm Gris Grafito"},"content":{"rendered":"<p>La cocotte Staub es ideal para una cocina delicada y saludable. Con 30 cm de longitud, la cocotte gris grafito ofrece mucho espacio para asados, verduras o pescado. Tiene una capacidad total de 6,7 litros. Adem\u00e1s, la cocotte Staub puede utilizarse en cualquier tipo de cocina. La caracter\u00edstica m\u00e1s eficaz de esta cacerola es el esmalte. El revestimiento interior negro mate garantiza que la cocotte est\u00e9 r\u00e1pidamente lista para su uso y proporciona un excepcional efecto de cocci\u00f3n al vapor que mejora progresivamente con cada uso. El esmalte ofrece una excelente conducci\u00f3n del calor. Tanto los entusiastas de la cocina como los chefs profesionales disfrutar\u00e1n de esta cocotte Staub. Est\u00e1 hecho de hierro fundido, lo que hace que el plato sea muy duradero. Otra ventaja pr\u00e1ctica es que este material facilita mucho la limpieza, ahorrando un tiempo valioso. Un dise\u00f1o especial de media esfera en la parte inferior de la tapa permite que la condensaci\u00f3n gotee uniformemente sobre los alimentos que se est\u00e1n cocinando. Esta cocotte tiene revestimientos eficaces y es f\u00e1cil de usar. Ofrece unos resultados de cocci\u00f3n perfectos que son f\u00e1ciles de experimentar por uno mismo.<\/p>\n<p>&#8211; Ideal para sellar y cocinar a fuego lento carne, pescado o verduras<br \/>\n&#8211; Para un resultado de cocci\u00f3n jugoso y tierno gracias a la tapa<br \/>\n&#8211; El esmaltado interior negro mate es ideal para un dorado especialmente crujiente y es muy duradero<br \/>\n&#8211; Apto para todo tipo de cocinas, incluida la de inducci\u00f3n, tambi\u00e9n puede utilizarse en el horno\/parrilla<\/p>\n<p><strong>Caracter\u00edsticas<\/strong><br \/>\n&#8211; Resistencia al calor (\u00b0C): 240,00 \u00baC<br \/>\n&#8211; Material: hierro fundido<br \/>\n&#8211; Tapa existente: s\u00ed<br \/>\n&#8211; Inducci\u00f3n: S\u00ed<br \/>\n&#8211; Apto para el horno: S\u00ed<br \/>\n&#8211; Apto para el congelador: S\u00ed<br \/>\n&#8211; Apto para la cocina: s\u00ed<br \/>\n&#8211; Apto para el lavavajillas: s\u00ed<\/p>\n<p><strong>Tama\u00f1o<\/strong><br \/>\n&#8211; Peso neto: 6,90 kg<br \/>\n&#8211; Capacidad: 6,70 l<br \/>\n&#8211; Longitud del producto: 35,20 cm<br \/>\n&#8211; Anchura del producto: 28,00 cm<br \/>\n&#8211; Altura del producto: 18,20 cm<br \/>\n&#8211; Altura sin tapa: 13,20 cm<br \/>\n&#8211; Di\u00e1metro superior: 28,00 cm<br \/>\n&#8211; Di\u00e1metro del fondo: 23,70 cm<br \/>\n&#8211; Longitud del mango: 3,50 cm<\/p>\n","protected":false},"excerpt":{"rendered":"<p>La cocotte Staub es ideal para una cocina delicada y saludable. Con 30 cm de longitud, la cocotte gris grafito<\/p>\n","protected":false},"featured_media":131108,"template":"","meta":{"_acf_changed":false,"inline_featured_image":false},"product_cat":[16065,16058],"product_tag":[25090,16111,16211,16781,16158,16654,25023],"acf":[],"yoast_head":"<!-- This site is optimized with the Yoast SEO Premium plugin v18.6 (Yoast SEO v19.13) - https:\/\/yoast.com\/wordpress\/plugins\/seo\/ -->\n<title>STAUB Cocotte Redonda 20 cm Gris Grafito - Erresse Shop<\/title>\n<meta name=\"description\" content=\"La cocotte Staub es ideal para una cocina delicada y saludable. Con 30 cm de longitud, la cocotte gris grafito ofrece mucho espacio para asados, verduras\" \/>\n<meta name=\"robots\" content=\"index, follow, max-snippet:-1, max-image-preview:large, max-video-preview:-1\" \/>\n<link rel=\"canonical\" href=\"https:\/\/www.erresse-shop.it\/es\/shop\/sartenes-y-ollas\/marmitas-y-cocottes\/staub-cocotte-redonda-20-cm-gris-grafito\/\" \/>\n<meta property=\"og:locale\" content=\"es_ES\" \/>\n<meta property=\"og:type\" content=\"article\" \/>\n<meta property=\"og:title\" content=\"STAUB Cocotte Redonda 20 cm Gris Grafito\" \/>\n<meta property=\"og:description\" content=\"La cocotte Staub es ideal para una cocina delicada y saludable. Con 30 cm de longitud, la cocotte gris grafito ofrece mucho espacio para asados, verduras\" \/>\n<meta property=\"og:url\" content=\"https:\/\/www.erresse-shop.it\/es\/shop\/sartenes-y-ollas\/marmitas-y-cocottes\/staub-cocotte-redonda-20-cm-gris-grafito\/\" \/>\n<meta property=\"og:site_name\" content=\"Erresse Shop\" \/>\n<meta property=\"article:modified_time\" content=\"2021-12-22T16:25:41+00:00\" \/>\n<meta property=\"og:image\" content=\"https:\/\/www.erresse-shop.it\/wp-content\/uploads\/2021\/11\/STAUB-Cocotte-Tonda-20-cm-Grigio-Grafite.jpg\" \/>\n\t<meta property=\"og:image:width\" content=\"1350\" \/>\n\t<meta property=\"og:image:height\" content=\"1350\" \/>\n\t<meta property=\"og:image:type\" content=\"image\/jpeg\" \/>\n<meta name=\"twitter:card\" content=\"summary_large_image\" \/>\n<script type=\"application\/ld+json\" class=\"yoast-schema-graph\">{\"@context\":\"https:\/\/schema.org\",\"@graph\":[{\"@type\":\"WebPage\",\"@id\":\"https:\/\/www.erresse-shop.it\/es\/shop\/sartenes-y-ollas\/marmitas-y-cocottes\/staub-cocotte-redonda-20-cm-gris-grafito\/\",\"url\":\"https:\/\/www.erresse-shop.it\/es\/shop\/sartenes-y-ollas\/marmitas-y-cocottes\/staub-cocotte-redonda-20-cm-gris-grafito\/\",\"name\":\"STAUB Cocotte Redonda 20 cm Gris Grafito - Erresse Shop\",\"isPartOf\":{\"@id\":\"https:\/\/www.erresse-shop.it\/es\/#website\"},\"datePublished\":\"2021-11-23T11:32:18+00:00\",\"dateModified\":\"2021-12-22T16:25:41+00:00\",\"description\":\"La cocotte Staub es ideal para una cocina delicada y saludable. Con 30 cm de longitud, la cocotte gris grafito ofrece mucho espacio para asados, verduras\",\"breadcrumb\":{\"@id\":\"https:\/\/www.erresse-shop.it\/es\/shop\/sartenes-y-ollas\/marmitas-y-cocottes\/staub-cocotte-redonda-20-cm-gris-grafito\/#breadcrumb\"},\"inLanguage\":\"es\",\"potentialAction\":[{\"@type\":\"ReadAction\",\"target\":[\"https:\/\/www.erresse-shop.it\/es\/shop\/sartenes-y-ollas\/marmitas-y-cocottes\/staub-cocotte-redonda-20-cm-gris-grafito\/\"]}]},{\"@type\":\"BreadcrumbList\",\"@id\":\"https:\/\/www.erresse-shop.it\/es\/shop\/sartenes-y-ollas\/marmitas-y-cocottes\/staub-cocotte-redonda-20-cm-gris-grafito\/#breadcrumb\",\"itemListElement\":[{\"@type\":\"ListItem\",\"position\":1,\"name\":\"Home\",\"item\":\"https:\/\/www.erresse-shop.it\/es\/\"},{\"@type\":\"ListItem\",\"position\":2,\"name\":\"Shop\",\"item\":\"https:\/\/www.erresse-shop.it\/es\/shop\/\"},{\"@type\":\"ListItem\",\"position\":3,\"name\":\"STAUB Cocotte Redonda 20 cm Gris Grafito\"}]},{\"@type\":\"WebSite\",\"@id\":\"https:\/\/www.erresse-shop.it\/es\/#website\",\"url\":\"https:\/\/www.erresse-shop.it\/es\/\",\"name\":\"Erresse Shop\",\"description\":\"Articoli di qualit\u00e0 per la casa\",\"potentialAction\":[{\"@type\":\"SearchAction\",\"target\":{\"@type\":\"EntryPoint\",\"urlTemplate\":\"https:\/\/www.erresse-shop.it\/es\/?s={search_term_string}\"},\"query-input\":\"required name=search_term_string\"}],\"inLanguage\":\"es\"}]}<\/script>\n<!-- \/ Yoast SEO Premium plugin. -->","yoast_head_json":{"title":"STAUB Cocotte Redonda 20 cm Gris Grafito - Erresse Shop","description":"La cocotte Staub es ideal para una cocina delicada y saludable. Con 30 cm de longitud, la cocotte gris grafito ofrece mucho espacio para asados, verduras","robots":{"index":"index","follow":"follow","max-snippet":"max-snippet:-1","max-image-preview":"max-image-preview:large","max-video-preview":"max-video-preview:-1"},"canonical":"https:\/\/www.erresse-shop.it\/es\/shop\/sartenes-y-ollas\/marmitas-y-cocottes\/staub-cocotte-redonda-20-cm-gris-grafito\/","og_locale":"es_ES","og_type":"article","og_title":"STAUB Cocotte Redonda 20 cm Gris Grafito","og_description":"La cocotte Staub es ideal para una cocina delicada y saludable. Con 30 cm de longitud, la cocotte gris grafito ofrece mucho espacio para asados, verduras","og_url":"https:\/\/www.erresse-shop.it\/es\/shop\/sartenes-y-ollas\/marmitas-y-cocottes\/staub-cocotte-redonda-20-cm-gris-grafito\/","og_site_name":"Erresse Shop","article_modified_time":"2021-12-22T16:25:41+00:00","og_image":[{"width":1350,"height":1350,"url":"https:\/\/www.erresse-shop.it\/wp-content\/uploads\/2021\/11\/STAUB-Cocotte-Tonda-20-cm-Grigio-Grafite.jpg","type":"image\/jpeg"}],"twitter_card":"summary_large_image","schema":{"@context":"https:\/\/schema.org","@graph":[{"@type":"WebPage","@id":"https:\/\/www.erresse-shop.it\/es\/shop\/sartenes-y-ollas\/marmitas-y-cocottes\/staub-cocotte-redonda-20-cm-gris-grafito\/","url":"https:\/\/www.erresse-shop.it\/es\/shop\/sartenes-y-ollas\/marmitas-y-cocottes\/staub-cocotte-redonda-20-cm-gris-grafito\/","name":"STAUB Cocotte Redonda 20 cm Gris Grafito - Erresse Shop","isPartOf":{"@id":"https:\/\/www.erresse-shop.it\/es\/#website"},"datePublished":"2021-11-23T11:32:18+00:00","dateModified":"2021-12-22T16:25:41+00:00","description":"La cocotte Staub es ideal para una cocina delicada y saludable. Con 30 cm de longitud, la cocotte gris grafito ofrece mucho espacio para asados, verduras","breadcrumb":{"@id":"https:\/\/www.erresse-shop.it\/es\/shop\/sartenes-y-ollas\/marmitas-y-cocottes\/staub-cocotte-redonda-20-cm-gris-grafito\/#breadcrumb"},"inLanguage":"es","potentialAction":[{"@type":"ReadAction","target":["https:\/\/www.erresse-shop.it\/es\/shop\/sartenes-y-ollas\/marmitas-y-cocottes\/staub-cocotte-redonda-20-cm-gris-grafito\/"]}]},{"@type":"BreadcrumbList","@id":"https:\/\/www.erresse-shop.it\/es\/shop\/sartenes-y-ollas\/marmitas-y-cocottes\/staub-cocotte-redonda-20-cm-gris-grafito\/#breadcrumb","itemListElement":[{"@type":"ListItem","position":1,"name":"Home","item":"https:\/\/www.erresse-shop.it\/es\/"},{"@type":"ListItem","position":2,"name":"Shop","item":"https:\/\/www.erresse-shop.it\/es\/shop\/"},{"@type":"ListItem","position":3,"name":"STAUB Cocotte Redonda 20 cm Gris Grafito"}]},{"@type":"WebSite","@id":"https:\/\/www.erresse-shop.it\/es\/#website","url":"https:\/\/www.erresse-shop.it\/es\/","name":"Erresse Shop","description":"Articoli di qualit\u00e0 per la casa","potentialAction":[{"@type":"SearchAction","target":{"@type":"EntryPoint","urlTemplate":"https:\/\/www.erresse-shop.it\/es\/?s={search_term_string}"},"query-input":"required name=search_term_string"}],"inLanguage":"es"}]}},"df_price":145.95,"df_sale_price":145.95,"df_regular_price":229,"df_image_link":"https:\/\/www.erresse-shop.it\/wp-content\/uploads\/2021\/11\/STAUB-Cocotte-Tonda-20-cm-Grigio-Grafite-300x300.jpg","_links":{"self":[{"href":"https:\/\/www.erresse-shop.it\/es\/wp-json\/wp\/v2\/product\/131082"}],"collection":[{"href":"https:\/\/www.erresse-shop.it\/es\/wp-json\/wp\/v2\/product"}],"about":[{"href":"https:\/\/www.erresse-shop.it\/es\/wp-json\/wp\/v2\/types\/product"}],"wp:featuredmedia":[{"embeddable":true,"href":"https:\/\/www.erresse-shop.it\/es\/wp-json\/wp\/v2\/media\/131108"}],"wp:attachment":[{"href":"https:\/\/www.erresse-shop.it\/es\/wp-json\/wp\/v2\/media?parent=131082"}],"wp:term":[{"taxonomy":"product_cat","embeddable":true,"href":"https:\/\/www.erresse-shop.it\/es\/wp-json\/wp\/v2\/product_cat?post=131082"},{"taxonomy":"product_tag","embeddable":true,"href":"https:\/\/www.erresse-shop.it\/es\/wp-json\/wp\/v2\/product_tag?post=131082"}],"curies":[{"name":"wp","href":"https:\/\/api.w.org\/{rel}","templated":true}]}}