{"id":130831,"date":"2021-11-23T09:18:49","date_gmt":"2021-11-23T09:18:51","guid":{"rendered":"https:\/\/www.erresse-shop.it\/?post_type=product&#038;p=130831"},"modified":"2024-04-08T00:00:26","modified_gmt":"2024-04-08T00:00:26","slug":"zwilling-enfinigy-batidora-de-mesa-negro","status":"publish","type":"product","link":"https:\/\/www.erresse-shop.it\/es\/shop\/pequenos-electrodomesticos\/licuadoras\/zwilling-enfinigy-batidora-de-mesa-negro\/","title":{"rendered":"ZWILLING Enfinigy Batidora de Mesa Negro"},"content":{"rendered":"<p>Los componentes m\u00e1s importantes de una batidora son la cuchilla y el motor. Por eso, todas las batidoras ZWILLING est\u00e1n equipadas con cuchillas originales de acero inoxidable ZWILLING. El motor, la jarra de la batidora y la cuchilla est\u00e1n perfectamente calibrados entre s\u00ed. \u00bfEl efecto? Un resultado de mezcla que hace honor a la marca ZWILLING.<\/p>\n<p><strong>LOS DETALLES MARCAN LA DIFERENCIA<\/strong><br \/>\nHoja ZWILLING con dentado especial Pira\u00f1a<br \/>\nCuchilla ZWILLING con \u00f3ptima resistencia y afilado<br \/>\nCuchilla ZWILLING &#8211; desarrollada en Solingen, Alemania<\/p>\n<p><strong>REDUCIR CUALQUIER TAMA\u00d1O<\/strong><br \/>\nIntuitivo, como un cuchillo. Con hasta siete programas autom\u00e1ticos y 12 ajustes de velocidad, podr\u00e1 encontrar sin esfuerzo el ajuste adecuado para cada ocasi\u00f3n, con s\u00f3lo girar un bot\u00f3n.<\/p>\n<p><strong>ELECTRODOM\u00c9STICOS PREMIUM PARA COCINAS MODERNAS: FUNCIONES<\/strong><br \/>\n&#8211; Pulso: La batidora funciona a velocidad m\u00ednima y m\u00e1xima. Adecuado para mezclas cortas y manuales y para mezclas extra para resultados a\u00fan m\u00e1s refinados.<br \/>\n&#8211; Smoothie: Transforma la fruta y la verdura en deliciosos y cremosos batidos.<br \/>\n&#8211; C\u00f3cteles: Adecuado para bebidas como los c\u00f3cteles con hielo, como las Margaritas, as\u00ed como los batidos verdes con alto contenido en clorofila y las bebidas caseras de frutos secos.<br \/>\n&#8211; Helados: Para preparar r\u00e1pida y f\u00e1cilmente sus propias especialidades de helado. Pueden ser sorbetes de fruta fresca o congelada combinada con cubitos de hielo. O pruebe el delicioso helado con productos l\u00e1cteos.<br \/>\n&#8211; Triturador de hielo: Convierte cualquier tipo de cubito en hielo finamente picado.<br \/>\n&#8211; Sopa: Pica y calienta los ingredientes con el calor de la rotaci\u00f3n de la cuchilla. En s\u00f3lo 10 minutos, las sopas y los potajes de verduras se calientan y est\u00e1n listos para servir.<br \/>\n&#8211; Limpieza: La forma m\u00e1s sencilla de limpiar la batidora: basta con a\u00f1adir un poco de agua y una gota de detergente, poner en marcha el programa de limpieza y aclarar.<\/p>\n<p><strong>MAYOR VIDA \u00daTIL<\/strong><br \/>\nEl dise\u00f1o de las batidoras ZWILLING no s\u00f3lo es intemporal, sino que los aparatos en s\u00ed son incre\u00edblemente duraderos. Las cuchillas son de acero inoxidable y las jarras de Tritan resistente. Tritan es un material de alta calidad que pesa la mitad que el vidrio y es mucho m\u00e1s robusto. Es resistente tanto al calor como al fr\u00edo y es muy resistente a la rotura.<\/p>\n<p><strong>CORTA A TRAV\u00c9S DE CUALQUIER COSA. EXCEPTO TU DEDO<\/strong><br \/>\nEl bloqueo de seguridad de la batidora y el dentado especial Pira\u00f1a garantizan la seguridad del batido.<br \/>\nBloqueo de seguridad: el aparato s\u00f3lo se pone en marcha cuando la tapa est\u00e1 bien colocada.<br \/>\nFunci\u00f3n de desconexi\u00f3n autom\u00e1tica: la batidora se desconecta autom\u00e1ticamente cuando se abre durante el proceso de batido.<br \/>\nDentado especial Pira\u00f1a: S\u00f3lo est\u00e1 afilado el peque\u00f1o dentado del interior de la hoja. Esto garantiza la seguridad de la limpieza de las manos.<\/p>\n<p><strong>MEZCLADOR DE MESA<\/strong><br \/>\nTodos los hogares deber\u00edan tener un cuchillo de buena calidad. Ahora tambi\u00e9n estar\u00e1 presente en la batidora. La batidora de mesa impresiona con su cuchilla en cruz de alta calidad de la marca ZWILLING. La cuchilla de acero inoxidable se ha desarrollado en Solingen para la nueva batidora y su dise\u00f1o especial de dientes de pira\u00f1a garantiza un funcionamiento perfecto. El motor de 1200 vatios es especialmente potente y est\u00e1 perfectamente calibrado para la cuchilla y su carcasa. \u00bfEl resultado? Una mezcla perfecta. La jarra de 1,4 litros, fabricada en Tritan sin BPA, es irrompible y soporta tanto el calor como el fr\u00edo. Se recomienda lavarla a mano o con el programa de limpieza integrado. La superficie exterior de la batidora es f\u00e1cil de limpiar gracias al moderno dise\u00f1o de un solo bot\u00f3n con pantalla integrada. La funci\u00f3n de seguridad integrada impide que la batidora de alto rendimiento funcione sin la tapa cerrada, evitando as\u00ed cualquier riesgo de lesi\u00f3n. El mando de funcionamiento de la batidora permite elegir f\u00e1cilmente entre seis programas autom\u00e1ticos (pulso, batido, c\u00f3ctel, helado, triturador de hielo y limpieza) y 12 ajustes de velocidad. Puede preparar batidos, salsas y mucho m\u00e1s a la velocidad \u00f3ptima. Adem\u00e1s, con la compra se incluye una serie de accesorios: un vaso medidor y una picadora de verduras de alta calidad.<\/p>\n<p>Potente motor de 1200 vatios de alto rendimiento para una mezcla consistente<br \/>\nHoja doble ZWILLING con dentado Pira\u00f1a de una aleaci\u00f3n de acero especial para una trituraci\u00f3n \u00f3ptima<br \/>\nCinco funciones autom\u00e1ticas: Batido, C\u00f3ctel, Triturador de hielo, Limpieza, Pulso<br \/>\nNumerosas funciones adicionales, como el bloqueo de seguridad y la pantalla LED<br \/>\nTaza medidora de alta calidad y pasapur\u00e9s incluidos como pr\u00e1cticos accesorios<br \/>\nJarra de Tritan de 1,4 L, sin BPA, duradera y f\u00e1cil de limpiar<br \/>\nDesarrollado por ZWILLING en Alemania, dise\u00f1ado en Mil\u00e1n, Italia, por Matteo Thun &amp; Antonio Rodr\u00edguez<\/p>\n<p><span style=\"text-decoration: underline;\"><strong>No se vende fuera de Europa<\/strong><\/span><\/p>\n","protected":false},"excerpt":{"rendered":"<p>Los componentes m\u00e1s importantes de una batidora son la cuchilla y el motor. Por eso, todas las batidoras ZWILLING est\u00e1n<\/p>\n","protected":false},"featured_media":130880,"template":"","meta":{"_acf_changed":false,"inline_featured_image":false},"product_cat":[16075,16073],"product_tag":[25039,16554,16259,16178,16553,25023],"acf":[],"yoast_head":"<!-- This site is optimized with the Yoast SEO Premium plugin v18.6 (Yoast SEO v19.13) - https:\/\/yoast.com\/wordpress\/plugins\/seo\/ -->\n<title>ZWILLING Enfinigy Batidora de Mesa Negro - Erresse Shop<\/title>\n<meta name=\"description\" content=\"Los componentes m\u00e1s importantes de una batidora son la cuchilla y el motor. Por eso, todas las batidoras ZWILLING est\u00e1n equipadas con cuchillas originales\" \/>\n<meta name=\"robots\" content=\"index, follow, max-snippet:-1, max-image-preview:large, max-video-preview:-1\" \/>\n<link rel=\"canonical\" href=\"https:\/\/www.erresse-shop.it\/es\/shop\/pequenos-electrodomesticos\/licuadoras\/zwilling-enfinigy-batidora-de-mesa-negro\/\" \/>\n<meta property=\"og:locale\" content=\"es_ES\" \/>\n<meta property=\"og:type\" content=\"article\" \/>\n<meta property=\"og:title\" content=\"ZWILLING Enfinigy Batidora de Mesa Negro\" \/>\n<meta property=\"og:description\" content=\"Los componentes m\u00e1s importantes de una batidora son la cuchilla y el motor. Por eso, todas las batidoras ZWILLING est\u00e1n equipadas con cuchillas originales\" \/>\n<meta property=\"og:url\" content=\"https:\/\/www.erresse-shop.it\/es\/shop\/pequenos-electrodomesticos\/licuadoras\/zwilling-enfinigy-batidora-de-mesa-negro\/\" \/>\n<meta property=\"og:site_name\" content=\"Erresse Shop\" \/>\n<meta property=\"article:modified_time\" content=\"2024-04-08T00:00:26+00:00\" \/>\n<meta property=\"og:image\" content=\"https:\/\/www.erresse-shop.it\/wp-content\/uploads\/2021\/11\/ZWILLING-Enfinigy-Frullatore-da-Tavolo-Nero.jpg\" \/>\n\t<meta property=\"og:image:width\" content=\"1350\" \/>\n\t<meta property=\"og:image:height\" content=\"1350\" \/>\n\t<meta property=\"og:image:type\" content=\"image\/jpeg\" \/>\n<meta name=\"twitter:card\" content=\"summary_large_image\" \/>\n<script type=\"application\/ld+json\" class=\"yoast-schema-graph\">{\"@context\":\"https:\/\/schema.org\",\"@graph\":[{\"@type\":\"WebPage\",\"@id\":\"https:\/\/www.erresse-shop.it\/es\/shop\/pequenos-electrodomesticos\/licuadoras\/zwilling-enfinigy-batidora-de-mesa-negro\/\",\"url\":\"https:\/\/www.erresse-shop.it\/es\/shop\/pequenos-electrodomesticos\/licuadoras\/zwilling-enfinigy-batidora-de-mesa-negro\/\",\"name\":\"ZWILLING Enfinigy Batidora de Mesa Negro - Erresse Shop\",\"isPartOf\":{\"@id\":\"https:\/\/www.erresse-shop.it\/es\/#website\"},\"datePublished\":\"2021-11-23T09:18:51+00:00\",\"dateModified\":\"2024-04-08T00:00:26+00:00\",\"description\":\"Los componentes m\u00e1s importantes de una batidora son la cuchilla y el motor. Por eso, todas las batidoras ZWILLING est\u00e1n equipadas con cuchillas originales\",\"breadcrumb\":{\"@id\":\"https:\/\/www.erresse-shop.it\/es\/shop\/pequenos-electrodomesticos\/licuadoras\/zwilling-enfinigy-batidora-de-mesa-negro\/#breadcrumb\"},\"inLanguage\":\"es\",\"potentialAction\":[{\"@type\":\"ReadAction\",\"target\":[\"https:\/\/www.erresse-shop.it\/es\/shop\/pequenos-electrodomesticos\/licuadoras\/zwilling-enfinigy-batidora-de-mesa-negro\/\"]}]},{\"@type\":\"BreadcrumbList\",\"@id\":\"https:\/\/www.erresse-shop.it\/es\/shop\/pequenos-electrodomesticos\/licuadoras\/zwilling-enfinigy-batidora-de-mesa-negro\/#breadcrumb\",\"itemListElement\":[{\"@type\":\"ListItem\",\"position\":1,\"name\":\"Home\",\"item\":\"https:\/\/www.erresse-shop.it\/es\/\"},{\"@type\":\"ListItem\",\"position\":2,\"name\":\"Shop\",\"item\":\"https:\/\/www.erresse-shop.it\/es\/shop\/\"},{\"@type\":\"ListItem\",\"position\":3,\"name\":\"ZWILLING Enfinigy Batidora de Mesa Negro\"}]},{\"@type\":\"WebSite\",\"@id\":\"https:\/\/www.erresse-shop.it\/es\/#website\",\"url\":\"https:\/\/www.erresse-shop.it\/es\/\",\"name\":\"Erresse Shop\",\"description\":\"Articoli di qualit\u00e0 per la casa\",\"potentialAction\":[{\"@type\":\"SearchAction\",\"target\":{\"@type\":\"EntryPoint\",\"urlTemplate\":\"https:\/\/www.erresse-shop.it\/es\/?s={search_term_string}\"},\"query-input\":\"required name=search_term_string\"}],\"inLanguage\":\"es\"}]}<\/script>\n<!-- \/ Yoast SEO Premium plugin. -->","yoast_head_json":{"title":"ZWILLING Enfinigy Batidora de Mesa Negro - Erresse Shop","description":"Los componentes m\u00e1s importantes de una batidora son la cuchilla y el motor. Por eso, todas las batidoras ZWILLING est\u00e1n equipadas con cuchillas originales","robots":{"index":"index","follow":"follow","max-snippet":"max-snippet:-1","max-image-preview":"max-image-preview:large","max-video-preview":"max-video-preview:-1"},"canonical":"https:\/\/www.erresse-shop.it\/es\/shop\/pequenos-electrodomesticos\/licuadoras\/zwilling-enfinigy-batidora-de-mesa-negro\/","og_locale":"es_ES","og_type":"article","og_title":"ZWILLING Enfinigy Batidora de Mesa Negro","og_description":"Los componentes m\u00e1s importantes de una batidora son la cuchilla y el motor. Por eso, todas las batidoras ZWILLING est\u00e1n equipadas con cuchillas originales","og_url":"https:\/\/www.erresse-shop.it\/es\/shop\/pequenos-electrodomesticos\/licuadoras\/zwilling-enfinigy-batidora-de-mesa-negro\/","og_site_name":"Erresse Shop","article_modified_time":"2024-04-08T00:00:26+00:00","og_image":[{"width":1350,"height":1350,"url":"https:\/\/www.erresse-shop.it\/wp-content\/uploads\/2021\/11\/ZWILLING-Enfinigy-Frullatore-da-Tavolo-Nero.jpg","type":"image\/jpeg"}],"twitter_card":"summary_large_image","schema":{"@context":"https:\/\/schema.org","@graph":[{"@type":"WebPage","@id":"https:\/\/www.erresse-shop.it\/es\/shop\/pequenos-electrodomesticos\/licuadoras\/zwilling-enfinigy-batidora-de-mesa-negro\/","url":"https:\/\/www.erresse-shop.it\/es\/shop\/pequenos-electrodomesticos\/licuadoras\/zwilling-enfinigy-batidora-de-mesa-negro\/","name":"ZWILLING Enfinigy Batidora de Mesa Negro - Erresse Shop","isPartOf":{"@id":"https:\/\/www.erresse-shop.it\/es\/#website"},"datePublished":"2021-11-23T09:18:51+00:00","dateModified":"2024-04-08T00:00:26+00:00","description":"Los componentes m\u00e1s importantes de una batidora son la cuchilla y el motor. Por eso, todas las batidoras ZWILLING est\u00e1n equipadas con cuchillas originales","breadcrumb":{"@id":"https:\/\/www.erresse-shop.it\/es\/shop\/pequenos-electrodomesticos\/licuadoras\/zwilling-enfinigy-batidora-de-mesa-negro\/#breadcrumb"},"inLanguage":"es","potentialAction":[{"@type":"ReadAction","target":["https:\/\/www.erresse-shop.it\/es\/shop\/pequenos-electrodomesticos\/licuadoras\/zwilling-enfinigy-batidora-de-mesa-negro\/"]}]},{"@type":"BreadcrumbList","@id":"https:\/\/www.erresse-shop.it\/es\/shop\/pequenos-electrodomesticos\/licuadoras\/zwilling-enfinigy-batidora-de-mesa-negro\/#breadcrumb","itemListElement":[{"@type":"ListItem","position":1,"name":"Home","item":"https:\/\/www.erresse-shop.it\/es\/"},{"@type":"ListItem","position":2,"name":"Shop","item":"https:\/\/www.erresse-shop.it\/es\/shop\/"},{"@type":"ListItem","position":3,"name":"ZWILLING Enfinigy Batidora de Mesa Negro"}]},{"@type":"WebSite","@id":"https:\/\/www.erresse-shop.it\/es\/#website","url":"https:\/\/www.erresse-shop.it\/es\/","name":"Erresse Shop","description":"Articoli di qualit\u00e0 per la casa","potentialAction":[{"@type":"SearchAction","target":{"@type":"EntryPoint","urlTemplate":"https:\/\/www.erresse-shop.it\/es\/?s={search_term_string}"},"query-input":"required name=search_term_string"}],"inLanguage":"es"}]}},"df_price":169.95,"df_sale_price":169.95,"df_regular_price":199,"df_image_link":"https:\/\/www.erresse-shop.it\/wp-content\/uploads\/2021\/11\/ZWILLING-Enfinigy-Frullatore-da-Tavolo-Nero-300x300.jpg","_links":{"self":[{"href":"https:\/\/www.erresse-shop.it\/es\/wp-json\/wp\/v2\/product\/130831"}],"collection":[{"href":"https:\/\/www.erresse-shop.it\/es\/wp-json\/wp\/v2\/product"}],"about":[{"href":"https:\/\/www.erresse-shop.it\/es\/wp-json\/wp\/v2\/types\/product"}],"wp:featuredmedia":[{"embeddable":true,"href":"https:\/\/www.erresse-shop.it\/es\/wp-json\/wp\/v2\/media\/130880"}],"wp:attachment":[{"href":"https:\/\/www.erresse-shop.it\/es\/wp-json\/wp\/v2\/media?parent=130831"}],"wp:term":[{"taxonomy":"product_cat","embeddable":true,"href":"https:\/\/www.erresse-shop.it\/es\/wp-json\/wp\/v2\/product_cat?post=130831"},{"taxonomy":"product_tag","embeddable":true,"href":"https:\/\/www.erresse-shop.it\/es\/wp-json\/wp\/v2\/product_tag?post=130831"}],"curies":[{"name":"wp","href":"https:\/\/api.w.org\/{rel}","templated":true}]}}