{"id":130677,"date":"2021-11-22T15:30:20","date_gmt":"2021-11-22T15:30:22","guid":{"rendered":"https:\/\/www.erresse-shop.it\/?post_type=product&#038;p=130677"},"modified":"2023-07-08T00:18:46","modified_gmt":"2023-07-08T00:18:46","slug":"zwilling-hervidor-electrico-enfinigy-negro","status":"publish","type":"product","link":"https:\/\/www.erresse-shop.it\/es\/shop\/pequenos-electrodomesticos\/hervidores-electricos\/zwilling-hervidor-electrico-enfinigy-negro\/","title":{"rendered":"ZWILLING Hervidor El\u00e9ctrico Enfinigy Negro"},"content":{"rendered":"<p>Una pieza de dise\u00f1o para el uso diario: hervidor de primera clase en dise\u00f1o moderno de ZWILLING con aislamiento t\u00e9rmico. El cuerpo de doble pared mantiene el calor en el interior del hervidor de 1850 vatios durante m\u00e1s tiempo, a la vez que permanece fr\u00edo en el exterior. Adem\u00e1s, la tapa tiene un \u00e1ngulo de apertura m\u00e1ximo de 70 grados para evitar el contacto directo con el vapor hirviendo. Adem\u00e1s, el recipiente de acero inoxidable sin juntas de 1,5 l es muy f\u00e1cil de limpiar y el filtro anticalc\u00e1reo, tambi\u00e9n en parte de acero inoxidable, garantiza un mejor sabor. El filtro herm\u00e9tico sella la boquilla cuando la tapa est\u00e1 cerrada, para que pueda evitar los derrames al m\u00ednimo, incluso cuando se golpea inadvertidamente con el hervidor. Otra caracter\u00edstica de seguridad es la protecci\u00f3n contra la ebullici\u00f3n en seco y el sobrecalentamiento, que desconecta autom\u00e1ticamente el hervidor para evitar que se da\u00f1e la resistencia. El hervidor tambi\u00e9n se apaga cuando se saca de su alojamiento. La carcasa con carrete de cable facilita el almacenamiento.<\/p>\n<p>&#8211; El cuerpo de doble pared mantiene el calor en su interior durante m\u00e1s tiempo, a la vez que permanece fresco al tacto.<br \/>\n&#8211; La tapa se abre hasta un m\u00e1ximo de 70 grados para evitar el contacto directo con el vapor caliente<br \/>\n&#8211; Protecci\u00f3n contra la ebullici\u00f3n en seco y el sobrecalentamiento con desconexi\u00f3n autom\u00e1tica<br \/>\n&#8211; Recipiente de acero inoxidable sin costuras para una limpieza f\u00e1cil y sin residuos<br \/>\n&#8211; Filtro de cal parcialmente de acero inoxidable para un mejor sabor y menos cal en su t\u00e9 y caf\u00e9<br \/>\n&#8211; Enrollador de cables integrado para un c\u00f3modo almacenamiento<br \/>\n&#8211; Desarrollado por ZWILLING en Alemania, dise\u00f1ado en Mil\u00e1n, Italia, por Matteo Thun &amp; Antonio Rodr\u00edguez<\/p>\n<p>Caracter\u00edsticas<br \/>\n&#8211; Color: plateado<br \/>\n&#8211; Material: pl\u00e1stico<br \/>\n&#8211; Tensi\u00f3n: 220-240 V<br \/>\n&#8211; Frecuencia: 50\/60 Hz<br \/>\n&#8211; Carrete de cable integrado: S\u00ed<br \/>\n&#8211; Potencia de entrada: 1.850 W<\/p>\n<p>Tama\u00f1o<br \/>\n&#8211; Peso neto: 1,30 kg<br \/>\n&#8211; Capacidad: 1,50 l<br \/>\n&#8211; Longitud del producto: 15,20 cm<br \/>\n&#8211; Anchura del producto: 15,20 cm<br \/>\n&#8211; Altura del producto: 24,40 cm<\/p>\n<p><span style=\"text-decoration: underline;\"><strong>No se vende fuera de Europa<\/strong><\/span><\/p>\n","protected":false},"excerpt":{"rendered":"<p>Una pieza de dise\u00f1o para el uso diario: hervidor de primera clase en dise\u00f1o moderno de ZWILLING con aislamiento t\u00e9rmico.<\/p>\n","protected":false},"featured_media":130709,"template":"","meta":{"_acf_changed":false,"inline_featured_image":false},"product_cat":[16074,16073],"product_tag":[25039,16259,16178,16553,16258,21823,25023,17812],"acf":[],"yoast_head":"<!-- This site is optimized with the Yoast SEO Premium plugin v18.6 (Yoast SEO v19.13) - https:\/\/yoast.com\/wordpress\/plugins\/seo\/ -->\n<title>ZWILLING Hervidor El\u00e9ctrico Enfinigy Negro - Erresse Shop<\/title>\n<meta name=\"description\" content=\"Una pieza de dise\u00f1o para el uso diario: hervidor de primera clase en dise\u00f1o moderno de ZWILLING con aislamiento t\u00e9rmico. El cuerpo de doble pared mantiene\" \/>\n<meta name=\"robots\" content=\"index, follow, max-snippet:-1, max-image-preview:large, max-video-preview:-1\" \/>\n<link rel=\"canonical\" href=\"https:\/\/www.erresse-shop.it\/es\/shop\/pequenos-electrodomesticos\/hervidores-electricos\/zwilling-hervidor-electrico-enfinigy-negro\/\" \/>\n<meta property=\"og:locale\" content=\"es_ES\" \/>\n<meta property=\"og:type\" content=\"article\" \/>\n<meta property=\"og:title\" content=\"ZWILLING Hervidor El\u00e9ctrico Enfinigy Negro\" \/>\n<meta property=\"og:description\" content=\"Una pieza de dise\u00f1o para el uso diario: hervidor de primera clase en dise\u00f1o moderno de ZWILLING con aislamiento t\u00e9rmico. El cuerpo de doble pared mantiene\" \/>\n<meta property=\"og:url\" content=\"https:\/\/www.erresse-shop.it\/es\/shop\/pequenos-electrodomesticos\/hervidores-electricos\/zwilling-hervidor-electrico-enfinigy-negro\/\" \/>\n<meta property=\"og:site_name\" content=\"Erresse Shop\" \/>\n<meta property=\"article:modified_time\" content=\"2023-07-08T00:18:46+00:00\" \/>\n<meta property=\"og:image\" content=\"https:\/\/www.erresse-shop.it\/wp-content\/uploads\/2021\/11\/ZWILLING-Enfinigy-Bollitore-Elettrico-Nero.jpg\" \/>\n\t<meta property=\"og:image:width\" content=\"1350\" \/>\n\t<meta property=\"og:image:height\" content=\"1350\" \/>\n\t<meta property=\"og:image:type\" content=\"image\/jpeg\" \/>\n<meta name=\"twitter:card\" content=\"summary_large_image\" \/>\n<script type=\"application\/ld+json\" class=\"yoast-schema-graph\">{\"@context\":\"https:\/\/schema.org\",\"@graph\":[{\"@type\":\"WebPage\",\"@id\":\"https:\/\/www.erresse-shop.it\/es\/shop\/pequenos-electrodomesticos\/hervidores-electricos\/zwilling-hervidor-electrico-enfinigy-negro\/\",\"url\":\"https:\/\/www.erresse-shop.it\/es\/shop\/pequenos-electrodomesticos\/hervidores-electricos\/zwilling-hervidor-electrico-enfinigy-negro\/\",\"name\":\"ZWILLING Hervidor El\u00e9ctrico Enfinigy Negro - Erresse Shop\",\"isPartOf\":{\"@id\":\"https:\/\/www.erresse-shop.it\/es\/#website\"},\"datePublished\":\"2021-11-22T15:30:22+00:00\",\"dateModified\":\"2023-07-08T00:18:46+00:00\",\"description\":\"Una pieza de dise\u00f1o para el uso diario: hervidor de primera clase en dise\u00f1o moderno de ZWILLING con aislamiento t\u00e9rmico. El cuerpo de doble pared mantiene\",\"breadcrumb\":{\"@id\":\"https:\/\/www.erresse-shop.it\/es\/shop\/pequenos-electrodomesticos\/hervidores-electricos\/zwilling-hervidor-electrico-enfinigy-negro\/#breadcrumb\"},\"inLanguage\":\"es\",\"potentialAction\":[{\"@type\":\"ReadAction\",\"target\":[\"https:\/\/www.erresse-shop.it\/es\/shop\/pequenos-electrodomesticos\/hervidores-electricos\/zwilling-hervidor-electrico-enfinigy-negro\/\"]}]},{\"@type\":\"BreadcrumbList\",\"@id\":\"https:\/\/www.erresse-shop.it\/es\/shop\/pequenos-electrodomesticos\/hervidores-electricos\/zwilling-hervidor-electrico-enfinigy-negro\/#breadcrumb\",\"itemListElement\":[{\"@type\":\"ListItem\",\"position\":1,\"name\":\"Home\",\"item\":\"https:\/\/www.erresse-shop.it\/es\/\"},{\"@type\":\"ListItem\",\"position\":2,\"name\":\"Shop\",\"item\":\"https:\/\/www.erresse-shop.it\/es\/shop\/\"},{\"@type\":\"ListItem\",\"position\":3,\"name\":\"ZWILLING Hervidor El\u00e9ctrico Enfinigy Negro\"}]},{\"@type\":\"WebSite\",\"@id\":\"https:\/\/www.erresse-shop.it\/es\/#website\",\"url\":\"https:\/\/www.erresse-shop.it\/es\/\",\"name\":\"Erresse Shop\",\"description\":\"Articoli di qualit\u00e0 per la casa\",\"potentialAction\":[{\"@type\":\"SearchAction\",\"target\":{\"@type\":\"EntryPoint\",\"urlTemplate\":\"https:\/\/www.erresse-shop.it\/es\/?s={search_term_string}\"},\"query-input\":\"required name=search_term_string\"}],\"inLanguage\":\"es\"}]}<\/script>\n<!-- \/ Yoast SEO Premium plugin. -->","yoast_head_json":{"title":"ZWILLING Hervidor El\u00e9ctrico Enfinigy Negro - Erresse Shop","description":"Una pieza de dise\u00f1o para el uso diario: hervidor de primera clase en dise\u00f1o moderno de ZWILLING con aislamiento t\u00e9rmico. El cuerpo de doble pared mantiene","robots":{"index":"index","follow":"follow","max-snippet":"max-snippet:-1","max-image-preview":"max-image-preview:large","max-video-preview":"max-video-preview:-1"},"canonical":"https:\/\/www.erresse-shop.it\/es\/shop\/pequenos-electrodomesticos\/hervidores-electricos\/zwilling-hervidor-electrico-enfinigy-negro\/","og_locale":"es_ES","og_type":"article","og_title":"ZWILLING Hervidor El\u00e9ctrico Enfinigy Negro","og_description":"Una pieza de dise\u00f1o para el uso diario: hervidor de primera clase en dise\u00f1o moderno de ZWILLING con aislamiento t\u00e9rmico. El cuerpo de doble pared mantiene","og_url":"https:\/\/www.erresse-shop.it\/es\/shop\/pequenos-electrodomesticos\/hervidores-electricos\/zwilling-hervidor-electrico-enfinigy-negro\/","og_site_name":"Erresse Shop","article_modified_time":"2023-07-08T00:18:46+00:00","og_image":[{"width":1350,"height":1350,"url":"https:\/\/www.erresse-shop.it\/wp-content\/uploads\/2021\/11\/ZWILLING-Enfinigy-Bollitore-Elettrico-Nero.jpg","type":"image\/jpeg"}],"twitter_card":"summary_large_image","schema":{"@context":"https:\/\/schema.org","@graph":[{"@type":"WebPage","@id":"https:\/\/www.erresse-shop.it\/es\/shop\/pequenos-electrodomesticos\/hervidores-electricos\/zwilling-hervidor-electrico-enfinigy-negro\/","url":"https:\/\/www.erresse-shop.it\/es\/shop\/pequenos-electrodomesticos\/hervidores-electricos\/zwilling-hervidor-electrico-enfinigy-negro\/","name":"ZWILLING Hervidor El\u00e9ctrico Enfinigy Negro - Erresse Shop","isPartOf":{"@id":"https:\/\/www.erresse-shop.it\/es\/#website"},"datePublished":"2021-11-22T15:30:22+00:00","dateModified":"2023-07-08T00:18:46+00:00","description":"Una pieza de dise\u00f1o para el uso diario: hervidor de primera clase en dise\u00f1o moderno de ZWILLING con aislamiento t\u00e9rmico. El cuerpo de doble pared mantiene","breadcrumb":{"@id":"https:\/\/www.erresse-shop.it\/es\/shop\/pequenos-electrodomesticos\/hervidores-electricos\/zwilling-hervidor-electrico-enfinigy-negro\/#breadcrumb"},"inLanguage":"es","potentialAction":[{"@type":"ReadAction","target":["https:\/\/www.erresse-shop.it\/es\/shop\/pequenos-electrodomesticos\/hervidores-electricos\/zwilling-hervidor-electrico-enfinigy-negro\/"]}]},{"@type":"BreadcrumbList","@id":"https:\/\/www.erresse-shop.it\/es\/shop\/pequenos-electrodomesticos\/hervidores-electricos\/zwilling-hervidor-electrico-enfinigy-negro\/#breadcrumb","itemListElement":[{"@type":"ListItem","position":1,"name":"Home","item":"https:\/\/www.erresse-shop.it\/es\/"},{"@type":"ListItem","position":2,"name":"Shop","item":"https:\/\/www.erresse-shop.it\/es\/shop\/"},{"@type":"ListItem","position":3,"name":"ZWILLING Hervidor El\u00e9ctrico Enfinigy Negro"}]},{"@type":"WebSite","@id":"https:\/\/www.erresse-shop.it\/es\/#website","url":"https:\/\/www.erresse-shop.it\/es\/","name":"Erresse Shop","description":"Articoli di qualit\u00e0 per la casa","potentialAction":[{"@type":"SearchAction","target":{"@type":"EntryPoint","urlTemplate":"https:\/\/www.erresse-shop.it\/es\/?s={search_term_string}"},"query-input":"required name=search_term_string"}],"inLanguage":"es"}]}},"df_price":44.975,"df_sale_price":44.975,"df_regular_price":89.95,"df_image_link":"https:\/\/www.erresse-shop.it\/wp-content\/uploads\/2021\/11\/ZWILLING-Enfinigy-Bollitore-Elettrico-Nero-300x300.jpg","_links":{"self":[{"href":"https:\/\/www.erresse-shop.it\/es\/wp-json\/wp\/v2\/product\/130677"}],"collection":[{"href":"https:\/\/www.erresse-shop.it\/es\/wp-json\/wp\/v2\/product"}],"about":[{"href":"https:\/\/www.erresse-shop.it\/es\/wp-json\/wp\/v2\/types\/product"}],"wp:featuredmedia":[{"embeddable":true,"href":"https:\/\/www.erresse-shop.it\/es\/wp-json\/wp\/v2\/media\/130709"}],"wp:attachment":[{"href":"https:\/\/www.erresse-shop.it\/es\/wp-json\/wp\/v2\/media?parent=130677"}],"wp:term":[{"taxonomy":"product_cat","embeddable":true,"href":"https:\/\/www.erresse-shop.it\/es\/wp-json\/wp\/v2\/product_cat?post=130677"},{"taxonomy":"product_tag","embeddable":true,"href":"https:\/\/www.erresse-shop.it\/es\/wp-json\/wp\/v2\/product_tag?post=130677"}],"curies":[{"name":"wp","href":"https:\/\/api.w.org\/{rel}","templated":true}]}}