{"id":130652,"date":"2021-11-22T15:06:15","date_gmt":"2021-11-22T15:06:18","guid":{"rendered":"https:\/\/www.erresse-shop.it\/?post_type=product&#038;p=130652"},"modified":"2023-03-03T13:26:20","modified_gmt":"2023-03-03T13:26:20","slug":"zwilling-enfinigy-balanza-negro","status":"publish","type":"product","link":"https:\/\/www.erresse-shop.it\/es\/shop\/pequenos-electrodomesticos\/escalas\/zwilling-enfinigy-balanza-negro\/","title":{"rendered":"ZWILLING Enfinigy Balanza Negro"},"content":{"rendered":"<p>ZWILLING y las balanzas: una combinaci\u00f3n perfecta. La nueva b\u00e1scula digital de cocina combina un dise\u00f1o aut\u00e9ntico y moderno con una precisi\u00f3n absoluta. La bater\u00eda de iones de litio recargable est\u00e1 integrada en el cuerpo de la b\u00e1scula, por lo que la compra de pilas nuevas es s\u00f3lo un recuerdo lejano. La b\u00e1scula electr\u00f3nica puede recargarse mediante un cable USB. Se enciende y apaga mediante el sensor t\u00e1ctil de la pantalla y se apaga autom\u00e1ticamente cuando no se utiliza. La superficie de pesaje de cristal de alta calidad es incre\u00edblemente f\u00e1cil de limpiar y permite pesar incluso carne y fruta directamente sobre ella. Adem\u00e1s, la gran superficie de pesaje garantiza que la pantalla LCD permanezca siempre visible incluso cuando se pesan grandes cantidades de alimentos. Puede cambiar f\u00e1cilmente entre gramos y onzas, lo que resulta especialmente \u00fatil cuando se preparan recetas internacionales. La balanza ZWILLING puede medir con precisi\u00f3n hasta 10 kg. Gracias a la funci\u00f3n de tara tambi\u00e9n puede utilizar recipientes pesados y grandes cantidades de diferentes ingredientes. Gran precisi\u00f3n para grandes ocasiones.<\/p>\n<p>Ideal para grandes cantidades, con un peso de hasta 10 kg y una precisi\u00f3n de 1 gramo.<br \/>\nDesarrollado por ZWILLING en Alemania, dise\u00f1ado en Mil\u00e1n por Matteo Thun &amp; Antonio Rodr\u00edguez<br \/>\nLa gran superficie de pesaje permite ver la pantalla LCD incluso cuando se pesan grandes cantidades y recipientes<br \/>\nLa pr\u00e1ctica funci\u00f3n de tara permite calcular el peso del recipiente<br \/>\nLa pantalla no es visible cuando est\u00e1 apagada<br \/>\nDos tipos de pesaje: gramos (g) y onzas (oz)<br \/>\nBater\u00eda de iones de litio recargable integrada con cable de carga<\/p>\n<p><span style=\"text-decoration: underline;\"><strong>No se vende fuera de Europa<\/strong><\/span><\/p>\n","protected":false},"excerpt":{"rendered":"<p>ZWILLING y las balanzas: una combinaci\u00f3n perfecta. La nueva b\u00e1scula digital de cocina combina un dise\u00f1o aut\u00e9ntico y moderno con<\/p>\n","protected":false},"featured_media":130672,"template":"","meta":{"_acf_changed":false,"inline_featured_image":false},"product_cat":[25979,16073],"product_tag":[16259,16178,16553,21823,17812],"acf":[],"yoast_head":"<!-- This site is optimized with the Yoast SEO Premium plugin v18.6 (Yoast SEO v19.13) - https:\/\/yoast.com\/wordpress\/plugins\/seo\/ -->\n<title>ZWILLING Enfinigy Balanza Negro - Erresse Shop<\/title>\n<meta name=\"description\" content=\"ZWILLING y las balanzas: una combinaci\u00f3n perfecta. La nueva b\u00e1scula digital de cocina combina un dise\u00f1o aut\u00e9ntico y moderno con una precisi\u00f3n absoluta. La\" \/>\n<meta name=\"robots\" content=\"index, follow, max-snippet:-1, max-image-preview:large, max-video-preview:-1\" \/>\n<link rel=\"canonical\" href=\"https:\/\/www.erresse-shop.it\/es\/shop\/pequenos-electrodomesticos\/escalas\/zwilling-enfinigy-balanza-negro\/\" \/>\n<meta property=\"og:locale\" content=\"es_ES\" \/>\n<meta property=\"og:type\" content=\"article\" \/>\n<meta property=\"og:title\" content=\"ZWILLING Enfinigy Balanza Negro\" \/>\n<meta property=\"og:description\" content=\"ZWILLING y las balanzas: una combinaci\u00f3n perfecta. La nueva b\u00e1scula digital de cocina combina un dise\u00f1o aut\u00e9ntico y moderno con una precisi\u00f3n absoluta. La\" \/>\n<meta property=\"og:url\" content=\"https:\/\/www.erresse-shop.it\/es\/shop\/pequenos-electrodomesticos\/escalas\/zwilling-enfinigy-balanza-negro\/\" \/>\n<meta property=\"og:site_name\" content=\"Erresse Shop\" \/>\n<meta property=\"article:modified_time\" content=\"2023-03-03T13:26:20+00:00\" \/>\n<meta property=\"og:image\" content=\"https:\/\/www.erresse-shop.it\/wp-content\/uploads\/2021\/11\/ZWILLING-Enfinigy-Bilancia-Nera.jpg\" \/>\n\t<meta property=\"og:image:width\" content=\"1350\" \/>\n\t<meta property=\"og:image:height\" content=\"1350\" \/>\n\t<meta property=\"og:image:type\" content=\"image\/jpeg\" \/>\n<meta name=\"twitter:card\" content=\"summary_large_image\" \/>\n<script type=\"application\/ld+json\" class=\"yoast-schema-graph\">{\"@context\":\"https:\/\/schema.org\",\"@graph\":[{\"@type\":\"WebPage\",\"@id\":\"https:\/\/www.erresse-shop.it\/es\/shop\/pequenos-electrodomesticos\/escalas\/zwilling-enfinigy-balanza-negro\/\",\"url\":\"https:\/\/www.erresse-shop.it\/es\/shop\/pequenos-electrodomesticos\/escalas\/zwilling-enfinigy-balanza-negro\/\",\"name\":\"ZWILLING Enfinigy Balanza Negro - Erresse Shop\",\"isPartOf\":{\"@id\":\"https:\/\/www.erresse-shop.it\/es\/#website\"},\"datePublished\":\"2021-11-22T15:06:18+00:00\",\"dateModified\":\"2023-03-03T13:26:20+00:00\",\"description\":\"ZWILLING y las balanzas: una combinaci\u00f3n perfecta. La nueva b\u00e1scula digital de cocina combina un dise\u00f1o aut\u00e9ntico y moderno con una precisi\u00f3n absoluta. La\",\"breadcrumb\":{\"@id\":\"https:\/\/www.erresse-shop.it\/es\/shop\/pequenos-electrodomesticos\/escalas\/zwilling-enfinigy-balanza-negro\/#breadcrumb\"},\"inLanguage\":\"es\",\"potentialAction\":[{\"@type\":\"ReadAction\",\"target\":[\"https:\/\/www.erresse-shop.it\/es\/shop\/pequenos-electrodomesticos\/escalas\/zwilling-enfinigy-balanza-negro\/\"]}]},{\"@type\":\"BreadcrumbList\",\"@id\":\"https:\/\/www.erresse-shop.it\/es\/shop\/pequenos-electrodomesticos\/escalas\/zwilling-enfinigy-balanza-negro\/#breadcrumb\",\"itemListElement\":[{\"@type\":\"ListItem\",\"position\":1,\"name\":\"Home\",\"item\":\"https:\/\/www.erresse-shop.it\/es\/\"},{\"@type\":\"ListItem\",\"position\":2,\"name\":\"Shop\",\"item\":\"https:\/\/www.erresse-shop.it\/es\/shop\/\"},{\"@type\":\"ListItem\",\"position\":3,\"name\":\"ZWILLING Enfinigy Balanza Negro\"}]},{\"@type\":\"WebSite\",\"@id\":\"https:\/\/www.erresse-shop.it\/es\/#website\",\"url\":\"https:\/\/www.erresse-shop.it\/es\/\",\"name\":\"Erresse Shop\",\"description\":\"Articoli di qualit\u00e0 per la casa\",\"potentialAction\":[{\"@type\":\"SearchAction\",\"target\":{\"@type\":\"EntryPoint\",\"urlTemplate\":\"https:\/\/www.erresse-shop.it\/es\/?s={search_term_string}\"},\"query-input\":\"required name=search_term_string\"}],\"inLanguage\":\"es\"}]}<\/script>\n<!-- \/ Yoast SEO Premium plugin. -->","yoast_head_json":{"title":"ZWILLING Enfinigy Balanza Negro - Erresse Shop","description":"ZWILLING y las balanzas: una combinaci\u00f3n perfecta. La nueva b\u00e1scula digital de cocina combina un dise\u00f1o aut\u00e9ntico y moderno con una precisi\u00f3n absoluta. La","robots":{"index":"index","follow":"follow","max-snippet":"max-snippet:-1","max-image-preview":"max-image-preview:large","max-video-preview":"max-video-preview:-1"},"canonical":"https:\/\/www.erresse-shop.it\/es\/shop\/pequenos-electrodomesticos\/escalas\/zwilling-enfinigy-balanza-negro\/","og_locale":"es_ES","og_type":"article","og_title":"ZWILLING Enfinigy Balanza Negro","og_description":"ZWILLING y las balanzas: una combinaci\u00f3n perfecta. La nueva b\u00e1scula digital de cocina combina un dise\u00f1o aut\u00e9ntico y moderno con una precisi\u00f3n absoluta. La","og_url":"https:\/\/www.erresse-shop.it\/es\/shop\/pequenos-electrodomesticos\/escalas\/zwilling-enfinigy-balanza-negro\/","og_site_name":"Erresse Shop","article_modified_time":"2023-03-03T13:26:20+00:00","og_image":[{"width":1350,"height":1350,"url":"https:\/\/www.erresse-shop.it\/wp-content\/uploads\/2021\/11\/ZWILLING-Enfinigy-Bilancia-Nera.jpg","type":"image\/jpeg"}],"twitter_card":"summary_large_image","schema":{"@context":"https:\/\/schema.org","@graph":[{"@type":"WebPage","@id":"https:\/\/www.erresse-shop.it\/es\/shop\/pequenos-electrodomesticos\/escalas\/zwilling-enfinigy-balanza-negro\/","url":"https:\/\/www.erresse-shop.it\/es\/shop\/pequenos-electrodomesticos\/escalas\/zwilling-enfinigy-balanza-negro\/","name":"ZWILLING Enfinigy Balanza Negro - Erresse Shop","isPartOf":{"@id":"https:\/\/www.erresse-shop.it\/es\/#website"},"datePublished":"2021-11-22T15:06:18+00:00","dateModified":"2023-03-03T13:26:20+00:00","description":"ZWILLING y las balanzas: una combinaci\u00f3n perfecta. La nueva b\u00e1scula digital de cocina combina un dise\u00f1o aut\u00e9ntico y moderno con una precisi\u00f3n absoluta. La","breadcrumb":{"@id":"https:\/\/www.erresse-shop.it\/es\/shop\/pequenos-electrodomesticos\/escalas\/zwilling-enfinigy-balanza-negro\/#breadcrumb"},"inLanguage":"es","potentialAction":[{"@type":"ReadAction","target":["https:\/\/www.erresse-shop.it\/es\/shop\/pequenos-electrodomesticos\/escalas\/zwilling-enfinigy-balanza-negro\/"]}]},{"@type":"BreadcrumbList","@id":"https:\/\/www.erresse-shop.it\/es\/shop\/pequenos-electrodomesticos\/escalas\/zwilling-enfinigy-balanza-negro\/#breadcrumb","itemListElement":[{"@type":"ListItem","position":1,"name":"Home","item":"https:\/\/www.erresse-shop.it\/es\/"},{"@type":"ListItem","position":2,"name":"Shop","item":"https:\/\/www.erresse-shop.it\/es\/shop\/"},{"@type":"ListItem","position":3,"name":"ZWILLING Enfinigy Balanza Negro"}]},{"@type":"WebSite","@id":"https:\/\/www.erresse-shop.it\/es\/#website","url":"https:\/\/www.erresse-shop.it\/es\/","name":"Erresse Shop","description":"Articoli di qualit\u00e0 per la casa","potentialAction":[{"@type":"SearchAction","target":{"@type":"EntryPoint","urlTemplate":"https:\/\/www.erresse-shop.it\/es\/?s={search_term_string}"},"query-input":"required name=search_term_string"}],"inLanguage":"es"}]}},"df_price":19.975,"df_sale_price":19.975,"df_regular_price":39.95,"df_image_link":"https:\/\/www.erresse-shop.it\/wp-content\/uploads\/2021\/11\/ZWILLING-Enfinigy-Bilancia-Nera-300x300.jpg","_links":{"self":[{"href":"https:\/\/www.erresse-shop.it\/es\/wp-json\/wp\/v2\/product\/130652"}],"collection":[{"href":"https:\/\/www.erresse-shop.it\/es\/wp-json\/wp\/v2\/product"}],"about":[{"href":"https:\/\/www.erresse-shop.it\/es\/wp-json\/wp\/v2\/types\/product"}],"wp:featuredmedia":[{"embeddable":true,"href":"https:\/\/www.erresse-shop.it\/es\/wp-json\/wp\/v2\/media\/130672"}],"wp:attachment":[{"href":"https:\/\/www.erresse-shop.it\/es\/wp-json\/wp\/v2\/media?parent=130652"}],"wp:term":[{"taxonomy":"product_cat","embeddable":true,"href":"https:\/\/www.erresse-shop.it\/es\/wp-json\/wp\/v2\/product_cat?post=130652"},{"taxonomy":"product_tag","embeddable":true,"href":"https:\/\/www.erresse-shop.it\/es\/wp-json\/wp\/v2\/product_tag?post=130652"}],"curies":[{"name":"wp","href":"https:\/\/api.w.org\/{rel}","templated":true}]}}