{"id":129597,"date":"2021-11-16T11:44:44","date_gmt":"2021-11-16T11:44:47","guid":{"rendered":"https:\/\/www.erresse-shop.it\/?post_type=product&#038;p=129597"},"modified":"2024-05-06T10:38:32","modified_gmt":"2024-05-06T10:38:32","slug":"lagostina-olla-a-presion-la-classica-5-l-22-cm","status":"publish","type":"product","link":"https:\/\/www.erresse-shop.it\/es\/shop\/sartenes-y-ollas\/ollas-y-cacerolas\/lagostina-olla-a-presion-la-classica-5-l-22-cm\/","title":{"rendered":"LAGOSTINA Olla a presi\u00f3n La Classica 5 L 22 cm"},"content":{"rendered":"<p>Desde los a\u00f1os 60, Lagostina es sin\u00f3nimo de ollas a presi\u00f3n para los italianos que aman los valores de la familia, el compartir y el estar juntos. <strong>La Classica Lagofusion\u00ae<\/strong> vuelve a nuestras cocinas con el dise\u00f1o original de la olla a presi\u00f3n, combinado con las m\u00e1s modernas tecnolog\u00edas de acero inoxidable y seguridad: el fondo Lagofusion\u00ae, de hecho, garantiza un 50% m\u00e1s de difusi\u00f3n del calor, para una cocci\u00f3n a\u00fan m\u00e1s homog\u00e9nea de los alimentos. Equipada con una cesta, una ecodosis, La Classica Lagofusion\u00ae lleva el sabor de la autenticidad a las mesas de las nuevas generaciones de italianos, uniendo el saber hacer del pasado con el deseo de experimentar con pasi\u00f3n, diversi\u00f3n y facilidad de uso.<\/p>\n<p><strong>V\u00e1lvula de funcionamiento<\/strong><br \/>\nComienza a funcionar, liberando gradualmente el vapor una vez que la presi\u00f3n interna alcanza la temperatura de cocci\u00f3n preestablecida.<\/p>\n<p><strong>Leverblock<\/strong><br \/>\nEvita que se abra accidentalmente hasta que se haya descargado todo el vapor de la olla.<\/p>\n<p><strong>V\u00e1lvula de seguridad<\/strong><br \/>\nLa v\u00e1lvula de seguridad funciona, permitiendo que el exceso de vapor salga.<\/p>\n","protected":false},"excerpt":{"rendered":"<p>Desde los a\u00f1os 60, Lagostina es sin\u00f3nimo de ollas a presi\u00f3n para los italianos que aman los valores de la<\/p>\n","protected":false},"featured_media":129660,"template":"","meta":{"_acf_changed":false,"inline_featured_image":false},"product_cat":[16067,16058],"product_tag":[19361,24405,25023],"acf":[],"yoast_head":"<!-- This site is optimized with the Yoast SEO Premium plugin v18.6 (Yoast SEO v19.13) - https:\/\/yoast.com\/wordpress\/plugins\/seo\/ -->\n<title>LAGOSTINA Olla a presi\u00f3n La Classica 5 L 22 cm - Erresse Shop<\/title>\n<meta name=\"description\" content=\"Desde los a\u00f1os 60, Lagostina es sin\u00f3nimo de ollas a presi\u00f3n para los italianos que aman los valores de la familia, el compartir y el estar juntos. La\" \/>\n<meta name=\"robots\" content=\"index, follow, max-snippet:-1, max-image-preview:large, max-video-preview:-1\" \/>\n<link rel=\"canonical\" href=\"https:\/\/www.erresse-shop.it\/es\/shop\/sartenes-y-ollas\/ollas-y-cacerolas\/lagostina-olla-a-presion-la-classica-5-l-22-cm\/\" \/>\n<meta property=\"og:locale\" content=\"es_ES\" \/>\n<meta property=\"og:type\" content=\"article\" \/>\n<meta property=\"og:title\" content=\"LAGOSTINA Olla a presi\u00f3n La Classica 5 L 22 cm\" \/>\n<meta property=\"og:description\" content=\"Desde los a\u00f1os 60, Lagostina es sin\u00f3nimo de ollas a presi\u00f3n para los italianos que aman los valores de la familia, el compartir y el estar juntos. La\" \/>\n<meta property=\"og:url\" content=\"https:\/\/www.erresse-shop.it\/es\/shop\/sartenes-y-ollas\/ollas-y-cacerolas\/lagostina-olla-a-presion-la-classica-5-l-22-cm\/\" \/>\n<meta property=\"og:site_name\" content=\"Erresse Shop\" \/>\n<meta property=\"article:modified_time\" content=\"2024-05-06T10:38:32+00:00\" \/>\n<meta property=\"og:image\" content=\"https:\/\/www.erresse-shop.it\/wp-content\/uploads\/2021\/11\/Lagostina-Pentola-Pressione-La-Classica-5-L-22-cm.jpg\" \/>\n\t<meta property=\"og:image:width\" content=\"555\" \/>\n\t<meta property=\"og:image:height\" content=\"555\" \/>\n\t<meta property=\"og:image:type\" content=\"image\/jpeg\" \/>\n<meta name=\"twitter:card\" content=\"summary_large_image\" \/>\n<script type=\"application\/ld+json\" class=\"yoast-schema-graph\">{\"@context\":\"https:\/\/schema.org\",\"@graph\":[{\"@type\":\"WebPage\",\"@id\":\"https:\/\/www.erresse-shop.it\/es\/shop\/sartenes-y-ollas\/ollas-y-cacerolas\/lagostina-olla-a-presion-la-classica-5-l-22-cm\/\",\"url\":\"https:\/\/www.erresse-shop.it\/es\/shop\/sartenes-y-ollas\/ollas-y-cacerolas\/lagostina-olla-a-presion-la-classica-5-l-22-cm\/\",\"name\":\"LAGOSTINA Olla a presi\u00f3n La Classica 5 L 22 cm - Erresse Shop\",\"isPartOf\":{\"@id\":\"https:\/\/www.erresse-shop.it\/es\/#website\"},\"datePublished\":\"2021-11-16T11:44:47+00:00\",\"dateModified\":\"2024-05-06T10:38:32+00:00\",\"description\":\"Desde los a\u00f1os 60, Lagostina es sin\u00f3nimo de ollas a presi\u00f3n para los italianos que aman los valores de la familia, el compartir y el estar juntos. La\",\"breadcrumb\":{\"@id\":\"https:\/\/www.erresse-shop.it\/es\/shop\/sartenes-y-ollas\/ollas-y-cacerolas\/lagostina-olla-a-presion-la-classica-5-l-22-cm\/#breadcrumb\"},\"inLanguage\":\"es\",\"potentialAction\":[{\"@type\":\"ReadAction\",\"target\":[\"https:\/\/www.erresse-shop.it\/es\/shop\/sartenes-y-ollas\/ollas-y-cacerolas\/lagostina-olla-a-presion-la-classica-5-l-22-cm\/\"]}]},{\"@type\":\"BreadcrumbList\",\"@id\":\"https:\/\/www.erresse-shop.it\/es\/shop\/sartenes-y-ollas\/ollas-y-cacerolas\/lagostina-olla-a-presion-la-classica-5-l-22-cm\/#breadcrumb\",\"itemListElement\":[{\"@type\":\"ListItem\",\"position\":1,\"name\":\"Home\",\"item\":\"https:\/\/www.erresse-shop.it\/es\/\"},{\"@type\":\"ListItem\",\"position\":2,\"name\":\"Shop\",\"item\":\"https:\/\/www.erresse-shop.it\/es\/shop\/\"},{\"@type\":\"ListItem\",\"position\":3,\"name\":\"LAGOSTINA Olla a presi\u00f3n La Classica 5 L 22 cm\"}]},{\"@type\":\"WebSite\",\"@id\":\"https:\/\/www.erresse-shop.it\/es\/#website\",\"url\":\"https:\/\/www.erresse-shop.it\/es\/\",\"name\":\"Erresse Shop\",\"description\":\"Articoli di qualit\u00e0 per la casa\",\"potentialAction\":[{\"@type\":\"SearchAction\",\"target\":{\"@type\":\"EntryPoint\",\"urlTemplate\":\"https:\/\/www.erresse-shop.it\/es\/?s={search_term_string}\"},\"query-input\":\"required name=search_term_string\"}],\"inLanguage\":\"es\"}]}<\/script>\n<!-- \/ Yoast SEO Premium plugin. -->","yoast_head_json":{"title":"LAGOSTINA Olla a presi\u00f3n La Classica 5 L 22 cm - Erresse Shop","description":"Desde los a\u00f1os 60, Lagostina es sin\u00f3nimo de ollas a presi\u00f3n para los italianos que aman los valores de la familia, el compartir y el estar juntos. La","robots":{"index":"index","follow":"follow","max-snippet":"max-snippet:-1","max-image-preview":"max-image-preview:large","max-video-preview":"max-video-preview:-1"},"canonical":"https:\/\/www.erresse-shop.it\/es\/shop\/sartenes-y-ollas\/ollas-y-cacerolas\/lagostina-olla-a-presion-la-classica-5-l-22-cm\/","og_locale":"es_ES","og_type":"article","og_title":"LAGOSTINA Olla a presi\u00f3n La Classica 5 L 22 cm","og_description":"Desde los a\u00f1os 60, Lagostina es sin\u00f3nimo de ollas a presi\u00f3n para los italianos que aman los valores de la familia, el compartir y el estar juntos. La","og_url":"https:\/\/www.erresse-shop.it\/es\/shop\/sartenes-y-ollas\/ollas-y-cacerolas\/lagostina-olla-a-presion-la-classica-5-l-22-cm\/","og_site_name":"Erresse Shop","article_modified_time":"2024-05-06T10:38:32+00:00","og_image":[{"width":555,"height":555,"url":"https:\/\/www.erresse-shop.it\/wp-content\/uploads\/2021\/11\/Lagostina-Pentola-Pressione-La-Classica-5-L-22-cm.jpg","type":"image\/jpeg"}],"twitter_card":"summary_large_image","schema":{"@context":"https:\/\/schema.org","@graph":[{"@type":"WebPage","@id":"https:\/\/www.erresse-shop.it\/es\/shop\/sartenes-y-ollas\/ollas-y-cacerolas\/lagostina-olla-a-presion-la-classica-5-l-22-cm\/","url":"https:\/\/www.erresse-shop.it\/es\/shop\/sartenes-y-ollas\/ollas-y-cacerolas\/lagostina-olla-a-presion-la-classica-5-l-22-cm\/","name":"LAGOSTINA Olla a presi\u00f3n La Classica 5 L 22 cm - Erresse Shop","isPartOf":{"@id":"https:\/\/www.erresse-shop.it\/es\/#website"},"datePublished":"2021-11-16T11:44:47+00:00","dateModified":"2024-05-06T10:38:32+00:00","description":"Desde los a\u00f1os 60, Lagostina es sin\u00f3nimo de ollas a presi\u00f3n para los italianos que aman los valores de la familia, el compartir y el estar juntos. La","breadcrumb":{"@id":"https:\/\/www.erresse-shop.it\/es\/shop\/sartenes-y-ollas\/ollas-y-cacerolas\/lagostina-olla-a-presion-la-classica-5-l-22-cm\/#breadcrumb"},"inLanguage":"es","potentialAction":[{"@type":"ReadAction","target":["https:\/\/www.erresse-shop.it\/es\/shop\/sartenes-y-ollas\/ollas-y-cacerolas\/lagostina-olla-a-presion-la-classica-5-l-22-cm\/"]}]},{"@type":"BreadcrumbList","@id":"https:\/\/www.erresse-shop.it\/es\/shop\/sartenes-y-ollas\/ollas-y-cacerolas\/lagostina-olla-a-presion-la-classica-5-l-22-cm\/#breadcrumb","itemListElement":[{"@type":"ListItem","position":1,"name":"Home","item":"https:\/\/www.erresse-shop.it\/es\/"},{"@type":"ListItem","position":2,"name":"Shop","item":"https:\/\/www.erresse-shop.it\/es\/shop\/"},{"@type":"ListItem","position":3,"name":"LAGOSTINA Olla a presi\u00f3n La Classica 5 L 22 cm"}]},{"@type":"WebSite","@id":"https:\/\/www.erresse-shop.it\/es\/#website","url":"https:\/\/www.erresse-shop.it\/es\/","name":"Erresse Shop","description":"Articoli di qualit\u00e0 per la casa","potentialAction":[{"@type":"SearchAction","target":{"@type":"EntryPoint","urlTemplate":"https:\/\/www.erresse-shop.it\/es\/?s={search_term_string}"},"query-input":"required name=search_term_string"}],"inLanguage":"es"}]}},"df_price":78.6,"df_sale_price":78.6,"df_regular_price":157.2,"df_image_link":"https:\/\/www.erresse-shop.it\/wp-content\/uploads\/2021\/11\/Lagostina-Pentola-Pressione-La-Classica-5-L-22-cm-300x300.jpg","_links":{"self":[{"href":"https:\/\/www.erresse-shop.it\/es\/wp-json\/wp\/v2\/product\/129597"}],"collection":[{"href":"https:\/\/www.erresse-shop.it\/es\/wp-json\/wp\/v2\/product"}],"about":[{"href":"https:\/\/www.erresse-shop.it\/es\/wp-json\/wp\/v2\/types\/product"}],"wp:featuredmedia":[{"embeddable":true,"href":"https:\/\/www.erresse-shop.it\/es\/wp-json\/wp\/v2\/media\/129660"}],"wp:attachment":[{"href":"https:\/\/www.erresse-shop.it\/es\/wp-json\/wp\/v2\/media?parent=129597"}],"wp:term":[{"taxonomy":"product_cat","embeddable":true,"href":"https:\/\/www.erresse-shop.it\/es\/wp-json\/wp\/v2\/product_cat?post=129597"},{"taxonomy":"product_tag","embeddable":true,"href":"https:\/\/www.erresse-shop.it\/es\/wp-json\/wp\/v2\/product_tag?post=129597"}],"curies":[{"name":"wp","href":"https:\/\/api.w.org\/{rel}","templated":true}]}}