{"id":128779,"date":"2021-11-12T13:21:31","date_gmt":"2021-11-12T13:21:33","guid":{"rendered":"https:\/\/www.erresse-shop.it\/?post_type=product&#038;p=128779"},"modified":"2024-05-06T00:01:07","modified_gmt":"2024-05-06T00:01:07","slug":"villeroy-boch-loop-juego-de-platos-12-piezas-arena","status":"publish","type":"product","link":"https:\/\/www.erresse-shop.it\/es\/shop\/tabla\/platos\/villeroy-boch-loop-juego-de-platos-12-piezas-arena\/","title":{"rendered":"VILLEROY &#038; BOCH Loop Juego de Platos 12 Piezas Arena"},"content":{"rendered":"<p><strong>Material:<\/strong> porcelana<br \/>\n<strong>Se puede lavar en el lavavajillas<\/strong><br \/>\n<strong>Apto para microondas<\/strong><\/p>\n<p>Los colores refinados y la superficie rugosa dan a la gama Color Loop un encanto original y muy especial. La porcelana de primera calidad hace que la colecci\u00f3n sea refinada y resistente, perfecta para el uso diario. El juego de 12 piezas consta de 4 platos llanos (di\u00e1metro 28,5 cm), 4 platos hondos (di\u00e1metro 23,5 cm) y 4 platos de desayuno (di\u00e1metro 21,5 cm). Combine sus colores favoritos de la gama de forma armoniosa e individual. El conjunto se compone de:<\/p>\n<p>4x plato llano, 28,5 cm<br \/>\n4x Plato de desayuno, 21,5cm<br \/>\n4x plato hondo, 23,5cm<\/p>\n","protected":false},"excerpt":{"rendered":"<p>Material: porcelana Se puede lavar en el lavavajillas Apto para microondas Los colores refinados y la superficie rugosa dan a<\/p>\n","protected":false},"featured_media":128799,"template":"","meta":{"_acf_changed":false,"inline_featured_image":false},"product_cat":[16031,16027],"product_tag":[25029,23912,23662,24399,16133,16407,21823,25023],"acf":[],"yoast_head":"<!-- This site is optimized with the Yoast SEO Premium plugin v18.6 (Yoast SEO v19.13) - https:\/\/yoast.com\/wordpress\/plugins\/seo\/ -->\n<title>VILLEROY &amp; BOCH Loop Juego de Platos 12 Piezas Arena - Erresse Shop<\/title>\n<meta name=\"description\" content=\"Material: porcelana Se puede lavar en el lavavajillas Apto para microondas Los colores refinados y la superficie rugosa dan a la gama Color Loop un\" \/>\n<meta name=\"robots\" content=\"index, follow, max-snippet:-1, max-image-preview:large, max-video-preview:-1\" \/>\n<link rel=\"canonical\" href=\"https:\/\/www.erresse-shop.it\/es\/shop\/tabla\/platos\/villeroy-boch-loop-juego-de-platos-12-piezas-arena\/\" \/>\n<meta property=\"og:locale\" content=\"es_ES\" \/>\n<meta property=\"og:type\" content=\"article\" \/>\n<meta property=\"og:title\" content=\"VILLEROY &amp; BOCH Loop Juego de Platos 12 Piezas Arena\" \/>\n<meta property=\"og:description\" content=\"Material: porcelana Se puede lavar en el lavavajillas Apto para microondas Los colores refinados y la superficie rugosa dan a la gama Color Loop un\" \/>\n<meta property=\"og:url\" content=\"https:\/\/www.erresse-shop.it\/es\/shop\/tabla\/platos\/villeroy-boch-loop-juego-de-platos-12-piezas-arena\/\" \/>\n<meta property=\"og:site_name\" content=\"Erresse Shop\" \/>\n<meta property=\"article:modified_time\" content=\"2024-05-06T00:01:07+00:00\" \/>\n<meta property=\"og:image\" content=\"https:\/\/www.erresse-shop.it\/wp-content\/uploads\/2021\/11\/VILLEROY-BOCH-Set-Piatti-Sabbia.jpg\" \/>\n\t<meta property=\"og:image:width\" content=\"1000\" \/>\n\t<meta property=\"og:image:height\" content=\"1000\" \/>\n\t<meta property=\"og:image:type\" content=\"image\/jpeg\" \/>\n<meta name=\"twitter:card\" content=\"summary_large_image\" \/>\n<script type=\"application\/ld+json\" class=\"yoast-schema-graph\">{\"@context\":\"https:\/\/schema.org\",\"@graph\":[{\"@type\":\"WebPage\",\"@id\":\"https:\/\/www.erresse-shop.it\/es\/shop\/tabla\/platos\/villeroy-boch-loop-juego-de-platos-12-piezas-arena\/\",\"url\":\"https:\/\/www.erresse-shop.it\/es\/shop\/tabla\/platos\/villeroy-boch-loop-juego-de-platos-12-piezas-arena\/\",\"name\":\"VILLEROY & BOCH Loop Juego de Platos 12 Piezas Arena - Erresse Shop\",\"isPartOf\":{\"@id\":\"https:\/\/www.erresse-shop.it\/es\/#website\"},\"datePublished\":\"2021-11-12T13:21:33+00:00\",\"dateModified\":\"2024-05-06T00:01:07+00:00\",\"description\":\"Material: porcelana Se puede lavar en el lavavajillas Apto para microondas Los colores refinados y la superficie rugosa dan a la gama Color Loop un\",\"breadcrumb\":{\"@id\":\"https:\/\/www.erresse-shop.it\/es\/shop\/tabla\/platos\/villeroy-boch-loop-juego-de-platos-12-piezas-arena\/#breadcrumb\"},\"inLanguage\":\"es\",\"potentialAction\":[{\"@type\":\"ReadAction\",\"target\":[\"https:\/\/www.erresse-shop.it\/es\/shop\/tabla\/platos\/villeroy-boch-loop-juego-de-platos-12-piezas-arena\/\"]}]},{\"@type\":\"BreadcrumbList\",\"@id\":\"https:\/\/www.erresse-shop.it\/es\/shop\/tabla\/platos\/villeroy-boch-loop-juego-de-platos-12-piezas-arena\/#breadcrumb\",\"itemListElement\":[{\"@type\":\"ListItem\",\"position\":1,\"name\":\"Home\",\"item\":\"https:\/\/www.erresse-shop.it\/es\/\"},{\"@type\":\"ListItem\",\"position\":2,\"name\":\"Shop\",\"item\":\"https:\/\/www.erresse-shop.it\/es\/shop\/\"},{\"@type\":\"ListItem\",\"position\":3,\"name\":\"VILLEROY &#038; BOCH Loop Juego de Platos 12 Piezas Arena\"}]},{\"@type\":\"WebSite\",\"@id\":\"https:\/\/www.erresse-shop.it\/es\/#website\",\"url\":\"https:\/\/www.erresse-shop.it\/es\/\",\"name\":\"Erresse Shop\",\"description\":\"Articoli di qualit\u00e0 per la casa\",\"potentialAction\":[{\"@type\":\"SearchAction\",\"target\":{\"@type\":\"EntryPoint\",\"urlTemplate\":\"https:\/\/www.erresse-shop.it\/es\/?s={search_term_string}\"},\"query-input\":\"required name=search_term_string\"}],\"inLanguage\":\"es\"}]}<\/script>\n<!-- \/ Yoast SEO Premium plugin. -->","yoast_head_json":{"title":"VILLEROY & BOCH Loop Juego de Platos 12 Piezas Arena - Erresse Shop","description":"Material: porcelana Se puede lavar en el lavavajillas Apto para microondas Los colores refinados y la superficie rugosa dan a la gama Color Loop un","robots":{"index":"index","follow":"follow","max-snippet":"max-snippet:-1","max-image-preview":"max-image-preview:large","max-video-preview":"max-video-preview:-1"},"canonical":"https:\/\/www.erresse-shop.it\/es\/shop\/tabla\/platos\/villeroy-boch-loop-juego-de-platos-12-piezas-arena\/","og_locale":"es_ES","og_type":"article","og_title":"VILLEROY & BOCH Loop Juego de Platos 12 Piezas Arena","og_description":"Material: porcelana Se puede lavar en el lavavajillas Apto para microondas Los colores refinados y la superficie rugosa dan a la gama Color Loop un","og_url":"https:\/\/www.erresse-shop.it\/es\/shop\/tabla\/platos\/villeroy-boch-loop-juego-de-platos-12-piezas-arena\/","og_site_name":"Erresse Shop","article_modified_time":"2024-05-06T00:01:07+00:00","og_image":[{"width":1000,"height":1000,"url":"https:\/\/www.erresse-shop.it\/wp-content\/uploads\/2021\/11\/VILLEROY-BOCH-Set-Piatti-Sabbia.jpg","type":"image\/jpeg"}],"twitter_card":"summary_large_image","schema":{"@context":"https:\/\/schema.org","@graph":[{"@type":"WebPage","@id":"https:\/\/www.erresse-shop.it\/es\/shop\/tabla\/platos\/villeroy-boch-loop-juego-de-platos-12-piezas-arena\/","url":"https:\/\/www.erresse-shop.it\/es\/shop\/tabla\/platos\/villeroy-boch-loop-juego-de-platos-12-piezas-arena\/","name":"VILLEROY & BOCH Loop Juego de Platos 12 Piezas Arena - Erresse Shop","isPartOf":{"@id":"https:\/\/www.erresse-shop.it\/es\/#website"},"datePublished":"2021-11-12T13:21:33+00:00","dateModified":"2024-05-06T00:01:07+00:00","description":"Material: porcelana Se puede lavar en el lavavajillas Apto para microondas Los colores refinados y la superficie rugosa dan a la gama Color Loop un","breadcrumb":{"@id":"https:\/\/www.erresse-shop.it\/es\/shop\/tabla\/platos\/villeroy-boch-loop-juego-de-platos-12-piezas-arena\/#breadcrumb"},"inLanguage":"es","potentialAction":[{"@type":"ReadAction","target":["https:\/\/www.erresse-shop.it\/es\/shop\/tabla\/platos\/villeroy-boch-loop-juego-de-platos-12-piezas-arena\/"]}]},{"@type":"BreadcrumbList","@id":"https:\/\/www.erresse-shop.it\/es\/shop\/tabla\/platos\/villeroy-boch-loop-juego-de-platos-12-piezas-arena\/#breadcrumb","itemListElement":[{"@type":"ListItem","position":1,"name":"Home","item":"https:\/\/www.erresse-shop.it\/es\/"},{"@type":"ListItem","position":2,"name":"Shop","item":"https:\/\/www.erresse-shop.it\/es\/shop\/"},{"@type":"ListItem","position":3,"name":"VILLEROY &#038; BOCH Loop Juego de Platos 12 Piezas Arena"}]},{"@type":"WebSite","@id":"https:\/\/www.erresse-shop.it\/es\/#website","url":"https:\/\/www.erresse-shop.it\/es\/","name":"Erresse Shop","description":"Articoli di qualit\u00e0 per la casa","potentialAction":[{"@type":"SearchAction","target":{"@type":"EntryPoint","urlTemplate":"https:\/\/www.erresse-shop.it\/es\/?s={search_term_string}"},"query-input":"required name=search_term_string"}],"inLanguage":"es"}]}},"df_price":69.5,"df_sale_price":69.5,"df_regular_price":139,"df_image_link":"https:\/\/www.erresse-shop.it\/wp-content\/uploads\/2021\/11\/VILLEROY-BOCH-Set-Piatti-Sabbia-300x300.jpg","_links":{"self":[{"href":"https:\/\/www.erresse-shop.it\/es\/wp-json\/wp\/v2\/product\/128779"}],"collection":[{"href":"https:\/\/www.erresse-shop.it\/es\/wp-json\/wp\/v2\/product"}],"about":[{"href":"https:\/\/www.erresse-shop.it\/es\/wp-json\/wp\/v2\/types\/product"}],"wp:featuredmedia":[{"embeddable":true,"href":"https:\/\/www.erresse-shop.it\/es\/wp-json\/wp\/v2\/media\/128799"}],"wp:attachment":[{"href":"https:\/\/www.erresse-shop.it\/es\/wp-json\/wp\/v2\/media?parent=128779"}],"wp:term":[{"taxonomy":"product_cat","embeddable":true,"href":"https:\/\/www.erresse-shop.it\/es\/wp-json\/wp\/v2\/product_cat?post=128779"},{"taxonomy":"product_tag","embeddable":true,"href":"https:\/\/www.erresse-shop.it\/es\/wp-json\/wp\/v2\/product_tag?post=128779"}],"curies":[{"name":"wp","href":"https:\/\/api.w.org\/{rel}","templated":true}]}}