{"id":128499,"date":"2021-11-12T09:52:00","date_gmt":"2021-11-12T09:52:03","guid":{"rendered":"https:\/\/www.erresse-shop.it\/?post_type=product&#038;p=128499"},"modified":"2024-07-02T16:10:52","modified_gmt":"2024-07-02T16:10:52","slug":"villeroy-boch-iconic-platos-la-boule-blanco-y-negro","status":"publish","type":"product","link":"https:\/\/www.erresse-shop.it\/es\/shop\/tabla\/platos\/villeroy-boch-iconic-platos-la-boule-blanco-y-negro\/","title":{"rendered":"VILLEROY &#038; BOCH Iconic Platos La Boule Blanco y Negro"},"content":{"rendered":"<p><strong>Material:<\/strong> porcelana<br \/>\n<strong>Se puede lavar en el lavavajillas<\/strong><br \/>\n<strong>Apto para microondas<\/strong><\/p>\n<p>La colecci\u00f3n Iconic encarna los valores de dise\u00f1o, modernidad y calidad que est\u00e1n profundamente arraigados en el ADN de Villeroy &amp; Boch. Las vers\u00e1tiles piezas combinables convencen con su gama de colores minimalistas, blanco brillante y negro natural. La funcionalidad y el dise\u00f1o ic\u00f3nico hacen que cada La Boule no s\u00f3lo sea un punto de atracci\u00f3n en cada mesa, sino tambi\u00e9n un objeto muy especial para los interiores. La Boule se compone de dos ensaladeras, dos cuencos planos y dos platos universales, as\u00ed como de una fuente de servir. Embellezca su mesa y su hogar con un delicado dise\u00f1o.<\/p>\n<p><strong>El juego se compone de:<\/strong><br \/>\n1x Taz\u00f3n, 620ml, blanco<br \/>\n1x Taz\u00f3n, 620ml, negro<br \/>\n1x Taz\u00f3n, 500ml, blanco<br \/>\n1x Taz\u00f3n, 500ml, negro<br \/>\n1x Plato universal, 24cm, blanco<br \/>\n1x Placa universal, 24cm, negra<br \/>\n1x Plato para servir, 23,9cm, negro<\/p>\n","protected":false},"excerpt":{"rendered":"<p>Material: porcelana Se puede lavar en el lavavajillas Apto para microondas La colecci\u00f3n Iconic encarna los valores de dise\u00f1o, modernidad<\/p>\n","protected":false},"featured_media":128549,"template":"","meta":{"_acf_changed":false,"inline_featured_image":false},"product_cat":[16031,16027],"product_tag":[25029,22626,22625,23912,17528,16407,16445,19362,24605,25023],"acf":[],"yoast_head":"<!-- This site is optimized with the Yoast SEO Premium plugin v18.6 (Yoast SEO v19.13) - https:\/\/yoast.com\/wordpress\/plugins\/seo\/ -->\n<title>VILLEROY &amp; BOCH Iconic Platos La Boule Blanco y Negro - Erresse Shop<\/title>\n<meta name=\"description\" content=\"Material: porcelana Se puede lavar en el lavavajillas Apto para microondas La colecci\u00f3n Iconic encarna los valores de dise\u00f1o, modernidad y calidad que\" \/>\n<meta name=\"robots\" content=\"index, follow, max-snippet:-1, max-image-preview:large, max-video-preview:-1\" \/>\n<link rel=\"canonical\" href=\"https:\/\/www.erresse-shop.it\/es\/shop\/tabla\/platos\/villeroy-boch-iconic-platos-la-boule-blanco-y-negro\/\" \/>\n<meta property=\"og:locale\" content=\"es_ES\" \/>\n<meta property=\"og:type\" content=\"article\" \/>\n<meta property=\"og:title\" content=\"VILLEROY &amp; BOCH Iconic Platos La Boule Blanco y Negro\" \/>\n<meta property=\"og:description\" content=\"Material: porcelana Se puede lavar en el lavavajillas Apto para microondas La colecci\u00f3n Iconic encarna los valores de dise\u00f1o, modernidad y calidad que\" \/>\n<meta property=\"og:url\" content=\"https:\/\/www.erresse-shop.it\/es\/shop\/tabla\/platos\/villeroy-boch-iconic-platos-la-boule-blanco-y-negro\/\" \/>\n<meta property=\"og:site_name\" content=\"Erresse Shop\" \/>\n<meta property=\"article:modified_time\" content=\"2024-07-02T16:10:52+00:00\" \/>\n<meta property=\"og:image\" content=\"https:\/\/www.erresse-shop.it\/wp-content\/uploads\/2021\/11\/VILLEROY-BOCH-Iconic-La-Boule-Nero-e-Bianco.jpg\" \/>\n\t<meta property=\"og:image:width\" content=\"1000\" \/>\n\t<meta property=\"og:image:height\" content=\"1000\" \/>\n\t<meta property=\"og:image:type\" content=\"image\/jpeg\" \/>\n<meta name=\"twitter:card\" content=\"summary_large_image\" \/>\n<script type=\"application\/ld+json\" class=\"yoast-schema-graph\">{\"@context\":\"https:\/\/schema.org\",\"@graph\":[{\"@type\":\"WebPage\",\"@id\":\"https:\/\/www.erresse-shop.it\/es\/shop\/tabla\/platos\/villeroy-boch-iconic-platos-la-boule-blanco-y-negro\/\",\"url\":\"https:\/\/www.erresse-shop.it\/es\/shop\/tabla\/platos\/villeroy-boch-iconic-platos-la-boule-blanco-y-negro\/\",\"name\":\"VILLEROY & BOCH Iconic Platos La Boule Blanco y Negro - Erresse Shop\",\"isPartOf\":{\"@id\":\"https:\/\/www.erresse-shop.it\/es\/#website\"},\"datePublished\":\"2021-11-12T09:52:03+00:00\",\"dateModified\":\"2024-07-02T16:10:52+00:00\",\"description\":\"Material: porcelana Se puede lavar en el lavavajillas Apto para microondas La colecci\u00f3n Iconic encarna los valores de dise\u00f1o, modernidad y calidad que\",\"breadcrumb\":{\"@id\":\"https:\/\/www.erresse-shop.it\/es\/shop\/tabla\/platos\/villeroy-boch-iconic-platos-la-boule-blanco-y-negro\/#breadcrumb\"},\"inLanguage\":\"es\",\"potentialAction\":[{\"@type\":\"ReadAction\",\"target\":[\"https:\/\/www.erresse-shop.it\/es\/shop\/tabla\/platos\/villeroy-boch-iconic-platos-la-boule-blanco-y-negro\/\"]}]},{\"@type\":\"BreadcrumbList\",\"@id\":\"https:\/\/www.erresse-shop.it\/es\/shop\/tabla\/platos\/villeroy-boch-iconic-platos-la-boule-blanco-y-negro\/#breadcrumb\",\"itemListElement\":[{\"@type\":\"ListItem\",\"position\":1,\"name\":\"Home\",\"item\":\"https:\/\/www.erresse-shop.it\/es\/\"},{\"@type\":\"ListItem\",\"position\":2,\"name\":\"Shop\",\"item\":\"https:\/\/www.erresse-shop.it\/es\/shop\/\"},{\"@type\":\"ListItem\",\"position\":3,\"name\":\"VILLEROY &#038; BOCH Iconic Platos La Boule Blanco y Negro\"}]},{\"@type\":\"WebSite\",\"@id\":\"https:\/\/www.erresse-shop.it\/es\/#website\",\"url\":\"https:\/\/www.erresse-shop.it\/es\/\",\"name\":\"Erresse Shop\",\"description\":\"Articoli di qualit\u00e0 per la casa\",\"potentialAction\":[{\"@type\":\"SearchAction\",\"target\":{\"@type\":\"EntryPoint\",\"urlTemplate\":\"https:\/\/www.erresse-shop.it\/es\/?s={search_term_string}\"},\"query-input\":\"required name=search_term_string\"}],\"inLanguage\":\"es\"}]}<\/script>\n<!-- \/ Yoast SEO Premium plugin. -->","yoast_head_json":{"title":"VILLEROY & BOCH Iconic Platos La Boule Blanco y Negro - Erresse Shop","description":"Material: porcelana Se puede lavar en el lavavajillas Apto para microondas La colecci\u00f3n Iconic encarna los valores de dise\u00f1o, modernidad y calidad que","robots":{"index":"index","follow":"follow","max-snippet":"max-snippet:-1","max-image-preview":"max-image-preview:large","max-video-preview":"max-video-preview:-1"},"canonical":"https:\/\/www.erresse-shop.it\/es\/shop\/tabla\/platos\/villeroy-boch-iconic-platos-la-boule-blanco-y-negro\/","og_locale":"es_ES","og_type":"article","og_title":"VILLEROY & BOCH Iconic Platos La Boule Blanco y Negro","og_description":"Material: porcelana Se puede lavar en el lavavajillas Apto para microondas La colecci\u00f3n Iconic encarna los valores de dise\u00f1o, modernidad y calidad que","og_url":"https:\/\/www.erresse-shop.it\/es\/shop\/tabla\/platos\/villeroy-boch-iconic-platos-la-boule-blanco-y-negro\/","og_site_name":"Erresse Shop","article_modified_time":"2024-07-02T16:10:52+00:00","og_image":[{"width":1000,"height":1000,"url":"https:\/\/www.erresse-shop.it\/wp-content\/uploads\/2021\/11\/VILLEROY-BOCH-Iconic-La-Boule-Nero-e-Bianco.jpg","type":"image\/jpeg"}],"twitter_card":"summary_large_image","schema":{"@context":"https:\/\/schema.org","@graph":[{"@type":"WebPage","@id":"https:\/\/www.erresse-shop.it\/es\/shop\/tabla\/platos\/villeroy-boch-iconic-platos-la-boule-blanco-y-negro\/","url":"https:\/\/www.erresse-shop.it\/es\/shop\/tabla\/platos\/villeroy-boch-iconic-platos-la-boule-blanco-y-negro\/","name":"VILLEROY & BOCH Iconic Platos La Boule Blanco y Negro - Erresse Shop","isPartOf":{"@id":"https:\/\/www.erresse-shop.it\/es\/#website"},"datePublished":"2021-11-12T09:52:03+00:00","dateModified":"2024-07-02T16:10:52+00:00","description":"Material: porcelana Se puede lavar en el lavavajillas Apto para microondas La colecci\u00f3n Iconic encarna los valores de dise\u00f1o, modernidad y calidad que","breadcrumb":{"@id":"https:\/\/www.erresse-shop.it\/es\/shop\/tabla\/platos\/villeroy-boch-iconic-platos-la-boule-blanco-y-negro\/#breadcrumb"},"inLanguage":"es","potentialAction":[{"@type":"ReadAction","target":["https:\/\/www.erresse-shop.it\/es\/shop\/tabla\/platos\/villeroy-boch-iconic-platos-la-boule-blanco-y-negro\/"]}]},{"@type":"BreadcrumbList","@id":"https:\/\/www.erresse-shop.it\/es\/shop\/tabla\/platos\/villeroy-boch-iconic-platos-la-boule-blanco-y-negro\/#breadcrumb","itemListElement":[{"@type":"ListItem","position":1,"name":"Home","item":"https:\/\/www.erresse-shop.it\/es\/"},{"@type":"ListItem","position":2,"name":"Shop","item":"https:\/\/www.erresse-shop.it\/es\/shop\/"},{"@type":"ListItem","position":3,"name":"VILLEROY &#038; BOCH Iconic Platos La Boule Blanco y Negro"}]},{"@type":"WebSite","@id":"https:\/\/www.erresse-shop.it\/es\/#website","url":"https:\/\/www.erresse-shop.it\/es\/","name":"Erresse Shop","description":"Articoli di qualit\u00e0 per la casa","potentialAction":[{"@type":"SearchAction","target":{"@type":"EntryPoint","urlTemplate":"https:\/\/www.erresse-shop.it\/es\/?s={search_term_string}"},"query-input":"required name=search_term_string"}],"inLanguage":"es"}]}},"df_price":254,"df_sale_price":254,"df_regular_price":299,"df_image_link":"https:\/\/www.erresse-shop.it\/wp-content\/uploads\/2021\/11\/VILLEROY-BOCH-Iconic-La-Boule-Nero-e-Bianco-300x300.jpg","_links":{"self":[{"href":"https:\/\/www.erresse-shop.it\/es\/wp-json\/wp\/v2\/product\/128499"}],"collection":[{"href":"https:\/\/www.erresse-shop.it\/es\/wp-json\/wp\/v2\/product"}],"about":[{"href":"https:\/\/www.erresse-shop.it\/es\/wp-json\/wp\/v2\/types\/product"}],"wp:featuredmedia":[{"embeddable":true,"href":"https:\/\/www.erresse-shop.it\/es\/wp-json\/wp\/v2\/media\/128549"}],"wp:attachment":[{"href":"https:\/\/www.erresse-shop.it\/es\/wp-json\/wp\/v2\/media?parent=128499"}],"wp:term":[{"taxonomy":"product_cat","embeddable":true,"href":"https:\/\/www.erresse-shop.it\/es\/wp-json\/wp\/v2\/product_cat?post=128499"},{"taxonomy":"product_tag","embeddable":true,"href":"https:\/\/www.erresse-shop.it\/es\/wp-json\/wp\/v2\/product_tag?post=128499"}],"curies":[{"name":"wp","href":"https:\/\/api.w.org\/{rel}","templated":true}]}}