{"id":128194,"date":"2021-11-11T14:14:45","date_gmt":"2021-11-11T14:14:48","guid":{"rendered":"https:\/\/www.erresse-shop.it\/?post_type=product&#038;p=128194"},"modified":"2021-12-22T16:21:23","modified_gmt":"2021-12-22T16:21:23","slug":"seletti-lampara-led-sardinaglow","status":"publish","type":"product","link":"https:\/\/www.erresse-shop.it\/es\/shop\/mobiliario\/lamparas\/seletti-lampara-led-sardinaglow\/","title":{"rendered":"SELETTI L\u00e1mpara Led Sardinaglow"},"content":{"rendered":"<p>Ilumina tu d\u00eda a d\u00eda<br \/>\nL\u00e1mpara Led<\/p>\n<p><strong>Dise\u00f1o:<\/strong> Alessandro Zambelli<br \/>\n<strong>Material:<\/strong> Resina<br \/>\n<strong>Medidas:<\/strong> Cm.18X8 h.16,5<\/p>\n<p>Tecnolog\u00eda USB &#8211; 3,7 V \/ 2600 Ma &#8211; 20h a m\u00e1xima potencia &#8211; 120h a m\u00ednima potencia<br \/>\nRecarga completa: 6h<\/p>\n","protected":false},"excerpt":{"rendered":"<p>Ilumina tu d\u00eda a d\u00eda L\u00e1mpara Led Dise\u00f1o: Alessandro Zambelli Material: Resina Medidas: Cm.18X8 h.16,5 Tecnolog\u00eda USB &#8211; 3,7 V<\/p>\n","protected":false},"featured_media":128219,"template":"","meta":{"_acf_changed":false,"inline_featured_image":false},"product_cat":[16017,16016],"product_tag":[16338,21823,25023],"acf":[],"yoast_head":"<!-- This site is optimized with the Yoast SEO Premium plugin v18.6 (Yoast SEO v19.13) - https:\/\/yoast.com\/wordpress\/plugins\/seo\/ -->\n<title>SELETTI L\u00e1mpara Led Sardinaglow - Erresse Shop<\/title>\n<meta name=\"description\" content=\"Ilumina tu d\u00eda a d\u00eda L\u00e1mpara Led Dise\u00f1o: Alessandro Zambelli Material: Resina Medidas: Cm.18X8 h.16,5 Tecnolog\u00eda USB - 3,7 V \/ 2600 Ma - 20h a m\u00e1xima\" \/>\n<meta name=\"robots\" content=\"index, follow, max-snippet:-1, max-image-preview:large, max-video-preview:-1\" \/>\n<link rel=\"canonical\" href=\"https:\/\/www.erresse-shop.it\/es\/shop\/mobiliario\/lamparas\/seletti-lampara-led-sardinaglow\/\" \/>\n<meta property=\"og:locale\" content=\"es_ES\" \/>\n<meta property=\"og:type\" content=\"article\" \/>\n<meta property=\"og:title\" content=\"SELETTI L\u00e1mpara Led Sardinaglow\" \/>\n<meta property=\"og:description\" content=\"Ilumina tu d\u00eda a d\u00eda L\u00e1mpara Led Dise\u00f1o: Alessandro Zambelli Material: Resina Medidas: Cm.18X8 h.16,5 Tecnolog\u00eda USB - 3,7 V \/ 2600 Ma - 20h a m\u00e1xima\" \/>\n<meta property=\"og:url\" content=\"https:\/\/www.erresse-shop.it\/es\/shop\/mobiliario\/lamparas\/seletti-lampara-led-sardinaglow\/\" \/>\n<meta property=\"og:site_name\" content=\"Erresse Shop\" \/>\n<meta property=\"article:modified_time\" content=\"2021-12-22T16:21:23+00:00\" \/>\n<meta property=\"og:image\" content=\"https:\/\/www.erresse-shop.it\/wp-content\/uploads\/2021\/11\/Seletti-Lampada-Led-Sardinaglow.jpg\" \/>\n\t<meta property=\"og:image:width\" content=\"900\" \/>\n\t<meta property=\"og:image:height\" content=\"1200\" \/>\n\t<meta property=\"og:image:type\" content=\"image\/jpeg\" \/>\n<meta name=\"twitter:card\" content=\"summary_large_image\" \/>\n<script type=\"application\/ld+json\" class=\"yoast-schema-graph\">{\"@context\":\"https:\/\/schema.org\",\"@graph\":[{\"@type\":\"WebPage\",\"@id\":\"https:\/\/www.erresse-shop.it\/es\/shop\/mobiliario\/lamparas\/seletti-lampara-led-sardinaglow\/\",\"url\":\"https:\/\/www.erresse-shop.it\/es\/shop\/mobiliario\/lamparas\/seletti-lampara-led-sardinaglow\/\",\"name\":\"SELETTI L\u00e1mpara Led Sardinaglow - Erresse Shop\",\"isPartOf\":{\"@id\":\"https:\/\/www.erresse-shop.it\/es\/#website\"},\"datePublished\":\"2021-11-11T14:14:48+00:00\",\"dateModified\":\"2021-12-22T16:21:23+00:00\",\"description\":\"Ilumina tu d\u00eda a d\u00eda L\u00e1mpara Led Dise\u00f1o: Alessandro Zambelli Material: Resina Medidas: Cm.18X8 h.16,5 Tecnolog\u00eda USB - 3,7 V \/ 2600 Ma - 20h a m\u00e1xima\",\"breadcrumb\":{\"@id\":\"https:\/\/www.erresse-shop.it\/es\/shop\/mobiliario\/lamparas\/seletti-lampara-led-sardinaglow\/#breadcrumb\"},\"inLanguage\":\"es\",\"potentialAction\":[{\"@type\":\"ReadAction\",\"target\":[\"https:\/\/www.erresse-shop.it\/es\/shop\/mobiliario\/lamparas\/seletti-lampara-led-sardinaglow\/\"]}]},{\"@type\":\"BreadcrumbList\",\"@id\":\"https:\/\/www.erresse-shop.it\/es\/shop\/mobiliario\/lamparas\/seletti-lampara-led-sardinaglow\/#breadcrumb\",\"itemListElement\":[{\"@type\":\"ListItem\",\"position\":1,\"name\":\"Home\",\"item\":\"https:\/\/www.erresse-shop.it\/es\/\"},{\"@type\":\"ListItem\",\"position\":2,\"name\":\"Shop\",\"item\":\"https:\/\/www.erresse-shop.it\/es\/shop\/\"},{\"@type\":\"ListItem\",\"position\":3,\"name\":\"SELETTI L\u00e1mpara Led Sardinaglow\"}]},{\"@type\":\"WebSite\",\"@id\":\"https:\/\/www.erresse-shop.it\/es\/#website\",\"url\":\"https:\/\/www.erresse-shop.it\/es\/\",\"name\":\"Erresse Shop\",\"description\":\"Articoli di qualit\u00e0 per la casa\",\"potentialAction\":[{\"@type\":\"SearchAction\",\"target\":{\"@type\":\"EntryPoint\",\"urlTemplate\":\"https:\/\/www.erresse-shop.it\/es\/?s={search_term_string}\"},\"query-input\":\"required name=search_term_string\"}],\"inLanguage\":\"es\"}]}<\/script>\n<!-- \/ Yoast SEO Premium plugin. -->","yoast_head_json":{"title":"SELETTI L\u00e1mpara Led Sardinaglow - Erresse Shop","description":"Ilumina tu d\u00eda a d\u00eda L\u00e1mpara Led Dise\u00f1o: Alessandro Zambelli Material: Resina Medidas: Cm.18X8 h.16,5 Tecnolog\u00eda USB - 3,7 V \/ 2600 Ma - 20h a m\u00e1xima","robots":{"index":"index","follow":"follow","max-snippet":"max-snippet:-1","max-image-preview":"max-image-preview:large","max-video-preview":"max-video-preview:-1"},"canonical":"https:\/\/www.erresse-shop.it\/es\/shop\/mobiliario\/lamparas\/seletti-lampara-led-sardinaglow\/","og_locale":"es_ES","og_type":"article","og_title":"SELETTI L\u00e1mpara Led Sardinaglow","og_description":"Ilumina tu d\u00eda a d\u00eda L\u00e1mpara Led Dise\u00f1o: Alessandro Zambelli Material: Resina Medidas: Cm.18X8 h.16,5 Tecnolog\u00eda USB - 3,7 V \/ 2600 Ma - 20h a m\u00e1xima","og_url":"https:\/\/www.erresse-shop.it\/es\/shop\/mobiliario\/lamparas\/seletti-lampara-led-sardinaglow\/","og_site_name":"Erresse Shop","article_modified_time":"2021-12-22T16:21:23+00:00","og_image":[{"width":900,"height":1200,"url":"https:\/\/www.erresse-shop.it\/wp-content\/uploads\/2021\/11\/Seletti-Lampada-Led-Sardinaglow.jpg","type":"image\/jpeg"}],"twitter_card":"summary_large_image","schema":{"@context":"https:\/\/schema.org","@graph":[{"@type":"WebPage","@id":"https:\/\/www.erresse-shop.it\/es\/shop\/mobiliario\/lamparas\/seletti-lampara-led-sardinaglow\/","url":"https:\/\/www.erresse-shop.it\/es\/shop\/mobiliario\/lamparas\/seletti-lampara-led-sardinaglow\/","name":"SELETTI L\u00e1mpara Led Sardinaglow - Erresse Shop","isPartOf":{"@id":"https:\/\/www.erresse-shop.it\/es\/#website"},"datePublished":"2021-11-11T14:14:48+00:00","dateModified":"2021-12-22T16:21:23+00:00","description":"Ilumina tu d\u00eda a d\u00eda L\u00e1mpara Led Dise\u00f1o: Alessandro Zambelli Material: Resina Medidas: Cm.18X8 h.16,5 Tecnolog\u00eda USB - 3,7 V \/ 2600 Ma - 20h a m\u00e1xima","breadcrumb":{"@id":"https:\/\/www.erresse-shop.it\/es\/shop\/mobiliario\/lamparas\/seletti-lampara-led-sardinaglow\/#breadcrumb"},"inLanguage":"es","potentialAction":[{"@type":"ReadAction","target":["https:\/\/www.erresse-shop.it\/es\/shop\/mobiliario\/lamparas\/seletti-lampara-led-sardinaglow\/"]}]},{"@type":"BreadcrumbList","@id":"https:\/\/www.erresse-shop.it\/es\/shop\/mobiliario\/lamparas\/seletti-lampara-led-sardinaglow\/#breadcrumb","itemListElement":[{"@type":"ListItem","position":1,"name":"Home","item":"https:\/\/www.erresse-shop.it\/es\/"},{"@type":"ListItem","position":2,"name":"Shop","item":"https:\/\/www.erresse-shop.it\/es\/shop\/"},{"@type":"ListItem","position":3,"name":"SELETTI L\u00e1mpara Led Sardinaglow"}]},{"@type":"WebSite","@id":"https:\/\/www.erresse-shop.it\/es\/#website","url":"https:\/\/www.erresse-shop.it\/es\/","name":"Erresse Shop","description":"Articoli di qualit\u00e0 per la casa","potentialAction":[{"@type":"SearchAction","target":{"@type":"EntryPoint","urlTemplate":"https:\/\/www.erresse-shop.it\/es\/?s={search_term_string}"},"query-input":"required name=search_term_string"}],"inLanguage":"es"}]}},"df_price":44.550000000000004,"df_sale_price":44.550000000000004,"df_regular_price":99,"df_image_link":"https:\/\/www.erresse-shop.it\/wp-content\/uploads\/2021\/11\/Seletti-Lampada-Led-Sardinaglow-225x300.jpg","_links":{"self":[{"href":"https:\/\/www.erresse-shop.it\/es\/wp-json\/wp\/v2\/product\/128194"}],"collection":[{"href":"https:\/\/www.erresse-shop.it\/es\/wp-json\/wp\/v2\/product"}],"about":[{"href":"https:\/\/www.erresse-shop.it\/es\/wp-json\/wp\/v2\/types\/product"}],"wp:featuredmedia":[{"embeddable":true,"href":"https:\/\/www.erresse-shop.it\/es\/wp-json\/wp\/v2\/media\/128219"}],"wp:attachment":[{"href":"https:\/\/www.erresse-shop.it\/es\/wp-json\/wp\/v2\/media?parent=128194"}],"wp:term":[{"taxonomy":"product_cat","embeddable":true,"href":"https:\/\/www.erresse-shop.it\/es\/wp-json\/wp\/v2\/product_cat?post=128194"},{"taxonomy":"product_tag","embeddable":true,"href":"https:\/\/www.erresse-shop.it\/es\/wp-json\/wp\/v2\/product_tag?post=128194"}],"curies":[{"name":"wp","href":"https:\/\/api.w.org\/{rel}","templated":true}]}}