{"id":128107,"date":"2021-11-11T11:41:18","date_gmt":"2021-11-11T11:41:21","guid":{"rendered":"https:\/\/www.erresse-shop.it\/?post_type=product&#038;p=128107"},"modified":"2026-02-05T10:57:41","modified_gmt":"2026-02-05T10:57:41","slug":"venini-jarron-labuan-rosa-h38-5","status":"publish","type":"product","link":"https:\/\/www.erresse-shop.it\/es\/shop\/mobiliario\/jarrones\/venini-jarron-labuan-rosa-h38-5\/","title":{"rendered":"VENINI Jarr\u00f3n Labuan Rosa H38.5"},"content":{"rendered":"<p><span class=\"HwtZe\" lang=\"es\"><span class=\"jCAhz ChMk0b\"><span class=\"ryNqvb\"><em>Obras Maestras de Murano<\/em> <\/span><\/span><\/span><\/p>\n<p><span class=\"HwtZe\" lang=\"es\"><span class=\"jCAhz ChMk0b\"><span class=\"ryNqvb\"><strong>Labuan Rosa<\/strong> <\/span><\/span><\/span><\/p>\n<p><span class=\"HwtZe\" lang=\"es\"><span class=\"jCAhz ChMk0b\"><span class=\"ryNqvb\">&#8220;Un viaje que comenz\u00f3 en 1933, entre Oriente y Occidente, capturado en un soplo de cristal.&#8221;<\/span><\/span> <\/span><\/p>\n<p><span class=\"HwtZe\" lang=\"es\"><span class=\"jCAhz ChMk0b\"><span class=\"ryNqvb\"><em>Venini desde 1921<\/em> <\/span><\/span><\/span><\/p>\n<p><span class=\"HwtZe\" lang=\"es\"><span class=\"jCAhz ChMk0b\"><span class=\"ryNqvb\"><strong>El Alma de Labuan<\/strong> <\/span><\/span><\/span><\/p>\n<p><span class=\"HwtZe\" lang=\"es\"><span class=\"jCAhz ChMk0b\"><span class=\"ryNqvb\">Un eco de tierras lejanas cristaliza en una silueta que desaf\u00eda el tiempo, donde la elegancia de Oriente se fusiona con la alquimia veneciana en un abrazo de luz pura y cristal.<\/span><\/span> <span class=\"jCAhz ChMk0b\"><span class=\"ryNqvb\">El jarr\u00f3n Labuan no es un simple objeto, sino una visi\u00f3n on\u00edrica que encarna el encanto de viajes legendarios y la perfecci\u00f3n de una forma que parece respirar la esencia de otro mundo.<\/span><\/span> <\/span><\/p>\n<p><span class=\"HwtZe\" lang=\"es\"><span class=\"jCAhz ChMk0b\"><span class=\"ryNqvb\"><em>El Arte del Maestro Vidriero<\/em> <\/span><\/span><\/span><\/p>\n<p><span class=\"HwtZe\" lang=\"es\"><span class=\"jCAhz ChMk0b\"><span class=\"ryNqvb\"><strong>Opalino Soplado y Lattimo<\/strong> <\/span><\/span><\/span><\/p>\n<p><span class=\"HwtZe\" lang=\"es\"><span class=\"jCAhz ChMk0b\"><span class=\"ryNqvb\">La excelencia del &#8216;Opalino Soplado&#8217; se revela en un ritual milenario de excepcional maestr\u00eda: el alma de &#8216;<strong>Lattimo<\/strong>&#8216;, un vidrio blanco opaco con una densidad lechosa, se superpone a capas de vidrio transparente y coloreado.<\/span><\/span> <span class=\"jCAhz ChMk0b\"><span class=\"ryNqvb\">Esta t\u00e9cnica confiere a Labuan una densidad crom\u00e1tica suspendida entre la opacidad y el reflejo, una textura et\u00e9rea y profunda que convierte cada pieza en una obra de arte \u00fanica, soplada y elaborada a mano con absoluta precisi\u00f3n.<\/span><\/span> <\/span><\/p>\n<p><span class=\"HwtZe\" lang=\"es\"><span class=\"jCAhz ChMk0b\"><span class=\"ryNqvb\"><em>Patrimonio Hist\u00f3rico<\/em> <\/span><\/span><\/span><\/p>\n<p><span class=\"HwtZe\" lang=\"es\"><span class=\"jCAhz ChMk0b\"><span class=\"ryNqvb\"><strong>Dise\u00f1o de 1933<\/strong> Nacida en 1933 por el genio visionario de <strong>Paolo Venini<\/strong>, <strong>Labuan<\/strong> representa el puente cultural definitivo entre Venecia y Oriente.<\/span><\/span> <span class=\"jCAhz ChMk0b\"><span class=\"ryNqvb\">Originalmente concebida para adornar los tonos Aguamarina y Horizonte, esta ic\u00f3nica pieza ha perdurado a lo largo de las d\u00e9cadas, manteni\u00e9ndose como un s\u00edmbolo del estilo vanguardista.<\/span><\/span> <span class=\"jCAhz\"><span class=\"ryNqvb\">Su trayectoria, iniciada a mediados del siglo XX, contin\u00faa redefiniendo el concepto de lujo internacional, llevando la herencia de Murano a todos los rincones del mundo.<\/span><\/span> <\/span><\/p>\n<p><span class=\"HwtZe\" lang=\"es\"><span class=\"jCAhz ChMk0b\"><span class=\"ryNqvb\"><strong>Experiencia Sensorial<\/strong> <\/span><\/span><\/span><\/p>\n<p><span class=\"HwtZe\" lang=\"es\"><span class=\"jCAhz ChMk0b\"><span class=\"ryNqvb\">Al tacto, la suave superficie del cristal rosa irradia una nobleza sedosa, mientras que la luz, filtr\u00e1ndose a trav\u00e9s de las capas opalinas, se transforma en una aurora perpetua que envuelve el espacio circundante.<\/span><\/span> <\/span><\/p>\n<p><strong><span class=\"HwtZe\" lang=\"es\"><span class=\"jCAhz ChMk0b\"><span class=\"ryNqvb\">Labuan Rosa no solo amuebla una habitaci\u00f3n, sino que transforma su atm\u00f3sfera, infundiendo una sensaci\u00f3n de calma lujosa y elegancia enrarecida que acaricia los sentidos y encanta la vista.<\/span><\/span><\/span><\/strong><\/p>\n","protected":false},"excerpt":{"rendered":"<p>Obras Maestras de Murano Labuan Rosa &#8220;Un viaje que comenz\u00f3 en 1933, entre Oriente y Occidente, capturado en un soplo<\/p>\n","protected":false},"featured_media":128091,"template":"","meta":{"_acf_changed":false,"inline_featured_image":false},"product_cat":[16024,16016],"product_tag":[25183,17489,24682,16307,25023],"acf":[],"yoast_head":"<!-- This site is optimized with the Yoast SEO Premium plugin v18.6 (Yoast SEO v19.13) - https:\/\/yoast.com\/wordpress\/plugins\/seo\/ -->\n<title>VENINI Jarr\u00f3n Labuan Rosa H38.5 - Erresse Shop<\/title>\n<meta name=\"description\" content=\"Obras Maestras de Murano Labuan Rosa &quot;Un viaje que comenz\u00f3 en 1933, entre Oriente y Occidente, capturado en un soplo de cristal.&quot; Venini desde 1921 El\" \/>\n<meta name=\"robots\" content=\"index, follow, max-snippet:-1, max-image-preview:large, max-video-preview:-1\" \/>\n<link rel=\"canonical\" href=\"https:\/\/www.erresse-shop.it\/es\/shop\/mobiliario\/jarrones\/venini-jarron-labuan-rosa-h38-5\/\" \/>\n<meta property=\"og:locale\" content=\"es_ES\" \/>\n<meta property=\"og:type\" content=\"article\" \/>\n<meta property=\"og:title\" content=\"VENINI Jarr\u00f3n Labuan Rosa H38.5\" \/>\n<meta property=\"og:description\" content=\"Obras Maestras de Murano Labuan Rosa &quot;Un viaje que comenz\u00f3 en 1933, entre Oriente y Occidente, capturado en un soplo de cristal.&quot; Venini desde 1921 El\" \/>\n<meta property=\"og:url\" content=\"https:\/\/www.erresse-shop.it\/es\/shop\/mobiliario\/jarrones\/venini-jarron-labuan-rosa-h38-5\/\" \/>\n<meta property=\"og:site_name\" content=\"Erresse Shop\" \/>\n<meta property=\"article:modified_time\" content=\"2026-02-05T10:57:41+00:00\" \/>\n<meta property=\"og:image\" content=\"https:\/\/www.erresse-shop.it\/wp-content\/uploads\/2021\/11\/VENINI-Vaso-Labuan-Rosa-H38.5.jpg\" \/>\n\t<meta property=\"og:image:width\" content=\"1000\" \/>\n\t<meta property=\"og:image:height\" content=\"1000\" \/>\n\t<meta property=\"og:image:type\" content=\"image\/jpeg\" \/>\n<meta name=\"twitter:card\" content=\"summary_large_image\" \/>\n<script type=\"application\/ld+json\" class=\"yoast-schema-graph\">{\"@context\":\"https:\/\/schema.org\",\"@graph\":[{\"@type\":\"WebPage\",\"@id\":\"https:\/\/www.erresse-shop.it\/es\/shop\/mobiliario\/jarrones\/venini-jarron-labuan-rosa-h38-5\/\",\"url\":\"https:\/\/www.erresse-shop.it\/es\/shop\/mobiliario\/jarrones\/venini-jarron-labuan-rosa-h38-5\/\",\"name\":\"VENINI Jarr\u00f3n Labuan Rosa H38.5 - Erresse Shop\",\"isPartOf\":{\"@id\":\"https:\/\/www.erresse-shop.it\/es\/#website\"},\"datePublished\":\"2021-11-11T11:41:21+00:00\",\"dateModified\":\"2026-02-05T10:57:41+00:00\",\"description\":\"Obras Maestras de Murano Labuan Rosa \\\"Un viaje que comenz\u00f3 en 1933, entre Oriente y Occidente, capturado en un soplo de cristal.\\\" Venini desde 1921 El\",\"breadcrumb\":{\"@id\":\"https:\/\/www.erresse-shop.it\/es\/shop\/mobiliario\/jarrones\/venini-jarron-labuan-rosa-h38-5\/#breadcrumb\"},\"inLanguage\":\"es\",\"potentialAction\":[{\"@type\":\"ReadAction\",\"target\":[\"https:\/\/www.erresse-shop.it\/es\/shop\/mobiliario\/jarrones\/venini-jarron-labuan-rosa-h38-5\/\"]}]},{\"@type\":\"BreadcrumbList\",\"@id\":\"https:\/\/www.erresse-shop.it\/es\/shop\/mobiliario\/jarrones\/venini-jarron-labuan-rosa-h38-5\/#breadcrumb\",\"itemListElement\":[{\"@type\":\"ListItem\",\"position\":1,\"name\":\"Home\",\"item\":\"https:\/\/www.erresse-shop.it\/es\/\"},{\"@type\":\"ListItem\",\"position\":2,\"name\":\"Shop\",\"item\":\"https:\/\/www.erresse-shop.it\/es\/shop\/\"},{\"@type\":\"ListItem\",\"position\":3,\"name\":\"VENINI Jarr\u00f3n Labuan Rosa H38.5\"}]},{\"@type\":\"WebSite\",\"@id\":\"https:\/\/www.erresse-shop.it\/es\/#website\",\"url\":\"https:\/\/www.erresse-shop.it\/es\/\",\"name\":\"Erresse Shop\",\"description\":\"Articoli di qualit\u00e0 per la casa\",\"potentialAction\":[{\"@type\":\"SearchAction\",\"target\":{\"@type\":\"EntryPoint\",\"urlTemplate\":\"https:\/\/www.erresse-shop.it\/es\/?s={search_term_string}\"},\"query-input\":\"required name=search_term_string\"}],\"inLanguage\":\"es\"}]}<\/script>\n<!-- \/ Yoast SEO Premium plugin. -->","yoast_head_json":{"title":"VENINI Jarr\u00f3n Labuan Rosa H38.5 - Erresse Shop","description":"Obras Maestras de Murano Labuan Rosa \"Un viaje que comenz\u00f3 en 1933, entre Oriente y Occidente, capturado en un soplo de cristal.\" Venini desde 1921 El","robots":{"index":"index","follow":"follow","max-snippet":"max-snippet:-1","max-image-preview":"max-image-preview:large","max-video-preview":"max-video-preview:-1"},"canonical":"https:\/\/www.erresse-shop.it\/es\/shop\/mobiliario\/jarrones\/venini-jarron-labuan-rosa-h38-5\/","og_locale":"es_ES","og_type":"article","og_title":"VENINI Jarr\u00f3n Labuan Rosa H38.5","og_description":"Obras Maestras de Murano Labuan Rosa \"Un viaje que comenz\u00f3 en 1933, entre Oriente y Occidente, capturado en un soplo de cristal.\" Venini desde 1921 El","og_url":"https:\/\/www.erresse-shop.it\/es\/shop\/mobiliario\/jarrones\/venini-jarron-labuan-rosa-h38-5\/","og_site_name":"Erresse Shop","article_modified_time":"2026-02-05T10:57:41+00:00","og_image":[{"width":1000,"height":1000,"url":"https:\/\/www.erresse-shop.it\/wp-content\/uploads\/2021\/11\/VENINI-Vaso-Labuan-Rosa-H38.5.jpg","type":"image\/jpeg"}],"twitter_card":"summary_large_image","schema":{"@context":"https:\/\/schema.org","@graph":[{"@type":"WebPage","@id":"https:\/\/www.erresse-shop.it\/es\/shop\/mobiliario\/jarrones\/venini-jarron-labuan-rosa-h38-5\/","url":"https:\/\/www.erresse-shop.it\/es\/shop\/mobiliario\/jarrones\/venini-jarron-labuan-rosa-h38-5\/","name":"VENINI Jarr\u00f3n Labuan Rosa H38.5 - Erresse Shop","isPartOf":{"@id":"https:\/\/www.erresse-shop.it\/es\/#website"},"datePublished":"2021-11-11T11:41:21+00:00","dateModified":"2026-02-05T10:57:41+00:00","description":"Obras Maestras de Murano Labuan Rosa \"Un viaje que comenz\u00f3 en 1933, entre Oriente y Occidente, capturado en un soplo de cristal.\" Venini desde 1921 El","breadcrumb":{"@id":"https:\/\/www.erresse-shop.it\/es\/shop\/mobiliario\/jarrones\/venini-jarron-labuan-rosa-h38-5\/#breadcrumb"},"inLanguage":"es","potentialAction":[{"@type":"ReadAction","target":["https:\/\/www.erresse-shop.it\/es\/shop\/mobiliario\/jarrones\/venini-jarron-labuan-rosa-h38-5\/"]}]},{"@type":"BreadcrumbList","@id":"https:\/\/www.erresse-shop.it\/es\/shop\/mobiliario\/jarrones\/venini-jarron-labuan-rosa-h38-5\/#breadcrumb","itemListElement":[{"@type":"ListItem","position":1,"name":"Home","item":"https:\/\/www.erresse-shop.it\/es\/"},{"@type":"ListItem","position":2,"name":"Shop","item":"https:\/\/www.erresse-shop.it\/es\/shop\/"},{"@type":"ListItem","position":3,"name":"VENINI Jarr\u00f3n Labuan Rosa H38.5"}]},{"@type":"WebSite","@id":"https:\/\/www.erresse-shop.it\/es\/#website","url":"https:\/\/www.erresse-shop.it\/es\/","name":"Erresse Shop","description":"Articoli di qualit\u00e0 per la casa","potentialAction":[{"@type":"SearchAction","target":{"@type":"EntryPoint","urlTemplate":"https:\/\/www.erresse-shop.it\/es\/?s={search_term_string}"},"query-input":"required name=search_term_string"}],"inLanguage":"es"}]}},"df_price":569.95,"df_sale_price":569.95,"df_regular_price":890,"df_image_link":"https:\/\/www.erresse-shop.it\/wp-content\/uploads\/2021\/11\/VENINI-Vaso-Labuan-Rosa-H38.5-300x300.jpg","_links":{"self":[{"href":"https:\/\/www.erresse-shop.it\/es\/wp-json\/wp\/v2\/product\/128107"}],"collection":[{"href":"https:\/\/www.erresse-shop.it\/es\/wp-json\/wp\/v2\/product"}],"about":[{"href":"https:\/\/www.erresse-shop.it\/es\/wp-json\/wp\/v2\/types\/product"}],"wp:featuredmedia":[{"embeddable":true,"href":"https:\/\/www.erresse-shop.it\/es\/wp-json\/wp\/v2\/media\/128091"}],"wp:attachment":[{"href":"https:\/\/www.erresse-shop.it\/es\/wp-json\/wp\/v2\/media?parent=128107"}],"wp:term":[{"taxonomy":"product_cat","embeddable":true,"href":"https:\/\/www.erresse-shop.it\/es\/wp-json\/wp\/v2\/product_cat?post=128107"},{"taxonomy":"product_tag","embeddable":true,"href":"https:\/\/www.erresse-shop.it\/es\/wp-json\/wp\/v2\/product_tag?post=128107"}],"curies":[{"name":"wp","href":"https:\/\/api.w.org\/{rel}","templated":true}]}}