{"id":128046,"date":"2021-11-11T10:25:36","date_gmt":"2021-11-11T10:25:42","guid":{"rendered":"https:\/\/www.erresse-shop.it\/?post_type=product&#038;p=128046"},"modified":"2023-06-19T06:32:18","modified_gmt":"2023-06-19T06:32:18","slug":"venini-jarron-fazzoletto-ambar-y-lattimo-h-24-cm","status":"publish","type":"product","link":"https:\/\/www.erresse-shop.it\/es\/shop\/mobiliario\/jarrones\/venini-jarron-fazzoletto-ambar-y-lattimo-h-24-cm\/","title":{"rendered":"VENINI Jarr\u00f3n Fazzoletto \u00c1mbar y Lattimo H 24 cm"},"content":{"rendered":"<p>El jarr\u00f3n <strong>Fazzoletto<\/strong> de Fulvio Bianconi es una variaci\u00f3n de un jarr\u00f3n anterior, el jarr\u00f3n Cartoccio, dise\u00f1ado por Piero Chiesa para FontanaArte en 1985. Mientras que el jarr\u00f3n Cartoccio estaba hecho de vidrio industrial prensado en un molde y ten\u00eda un borde superior inclinado, el jarr\u00f3n de Bianconi se diferenciaba por sus puntas asim\u00e9tricas, creadas haciendo girar el vidrio fundido en un c\u00edrculo y dejando que la fuerza de la gravedad formara las puntas al azar.<\/p>\n<p>El vidrio fundido, que, en el &#8220;barril&#8221; de soplado, hab\u00eda sido concebido inicialmente para convertirse en un globo, se convert\u00eda, durante el soplado, en una forma que revoloteaba libremente en el espacio, como un pa\u00f1uelo de encaje sostenido en el aire por el viento.<\/p>\n<p>A partir de 1960 <strong>Venini<\/strong> empez\u00f3 a producirlo en colores s\u00f3lidos y en 1987 el modelo obtenido superponiendo dos colores se llam\u00f3 <strong>Fazzoletto Opalino<\/strong>.<\/p>\n<p>Este jarr\u00f3n se convirti\u00f3 pronto en uno de los objetos de mayor \u00e9xito de <strong>Venini<\/strong> y se comercializ\u00f3 internacionalmente, aumentando su popularidad tras ser incluido en la exposici\u00f3n itinerante Italy at Work que recorri\u00f3 Estados Unidos entre 1951 y 1953.<\/p>\n<p>El jarr\u00f3n Fazzoletto se fabrica desde hace d\u00e9cadas y se ha convertido en un objeto representativo de la <strong>vidrier\u00eda<\/strong> <strong>italiana<\/strong> de los a\u00f1os cincuenta.<\/p>\n<p><strong>SOFFIATO OPALINO<\/strong><br \/>\nEl vidrio opalino se sopla y trabaja a mano y se obtiene superponiendo el lattimo con otros vidrios. La t\u00e9cnica se define as\u00ed porque los artesanos expanden y dan forma al vidrio soplando aire en una larga varilla met\u00e1lica conectada a \u00e9l, seg\u00fan la tradici\u00f3n milenaria de la vidrier\u00eda. Esta acci\u00f3n milenaria, combinada con la experiencia y habilidad de los maestros vidrieros, transforma el simple vidrio en verdaderas obras maestras art\u00edsticas, \u00fanicas en su g\u00e9nero.<\/p>\n<p><strong>MANO QUE VUELA<br \/>\n<\/strong> Es la expresi\u00f3n que indica el movimiento \u00e1gil y experto de la mano del maestro vidriero en el trabajo en caliente de un vidrio fino.<\/p>\n","protected":false},"excerpt":{"rendered":"<p>El jarr\u00f3n Fazzoletto de Fulvio Bianconi es una variaci\u00f3n de un jarr\u00f3n anterior, el jarr\u00f3n Cartoccio, dise\u00f1ado por Piero Chiesa<\/p>\n","protected":false},"featured_media":128006,"template":"","meta":{"_acf_changed":false,"inline_featured_image":false},"product_cat":[16024,16016],"product_tag":[16119,17474,17475,16122,16121,24682,16307,17476],"acf":[],"yoast_head":"<!-- This site is optimized with the Yoast SEO Premium plugin v18.6 (Yoast SEO v19.13) - https:\/\/yoast.com\/wordpress\/plugins\/seo\/ -->\n<title>VENINI Jarr\u00f3n Fazzoletto \u00c1mbar y Lattimo H 24 cm - Erresse Shop<\/title>\n<meta name=\"description\" content=\"El jarr\u00f3n Fazzoletto de Fulvio Bianconi es una variaci\u00f3n de un jarr\u00f3n anterior, el jarr\u00f3n Cartoccio, dise\u00f1ado por Piero Chiesa para FontanaArte en 1985.\" \/>\n<meta name=\"robots\" content=\"index, follow, max-snippet:-1, max-image-preview:large, max-video-preview:-1\" \/>\n<link rel=\"canonical\" href=\"https:\/\/www.erresse-shop.it\/es\/shop\/mobiliario\/jarrones\/venini-jarron-fazzoletto-ambar-y-lattimo-h-24-cm\/\" \/>\n<meta property=\"og:locale\" content=\"es_ES\" \/>\n<meta property=\"og:type\" content=\"article\" \/>\n<meta property=\"og:title\" content=\"VENINI Jarr\u00f3n Fazzoletto \u00c1mbar y Lattimo H 24 cm\" \/>\n<meta property=\"og:description\" content=\"El jarr\u00f3n Fazzoletto de Fulvio Bianconi es una variaci\u00f3n de un jarr\u00f3n anterior, el jarr\u00f3n Cartoccio, dise\u00f1ado por Piero Chiesa para FontanaArte en 1985.\" \/>\n<meta property=\"og:url\" content=\"https:\/\/www.erresse-shop.it\/es\/shop\/mobiliario\/jarrones\/venini-jarron-fazzoletto-ambar-y-lattimo-h-24-cm\/\" \/>\n<meta property=\"og:site_name\" content=\"Erresse Shop\" \/>\n<meta property=\"article:modified_time\" content=\"2023-06-19T06:32:18+00:00\" \/>\n<meta property=\"og:image\" content=\"https:\/\/www.erresse-shop.it\/wp-content\/uploads\/2021\/11\/VENINI-Vaso-Fazzoletto-Giallo-H24.jpg\" \/>\n\t<meta property=\"og:image:width\" content=\"1000\" \/>\n\t<meta property=\"og:image:height\" content=\"1000\" \/>\n\t<meta property=\"og:image:type\" content=\"image\/jpeg\" \/>\n<meta name=\"twitter:card\" content=\"summary_large_image\" \/>\n<script type=\"application\/ld+json\" class=\"yoast-schema-graph\">{\"@context\":\"https:\/\/schema.org\",\"@graph\":[{\"@type\":\"WebPage\",\"@id\":\"https:\/\/www.erresse-shop.it\/es\/shop\/mobiliario\/jarrones\/venini-jarron-fazzoletto-ambar-y-lattimo-h-24-cm\/\",\"url\":\"https:\/\/www.erresse-shop.it\/es\/shop\/mobiliario\/jarrones\/venini-jarron-fazzoletto-ambar-y-lattimo-h-24-cm\/\",\"name\":\"VENINI Jarr\u00f3n Fazzoletto \u00c1mbar y Lattimo H 24 cm - Erresse Shop\",\"isPartOf\":{\"@id\":\"https:\/\/www.erresse-shop.it\/es\/#website\"},\"datePublished\":\"2021-11-11T10:25:42+00:00\",\"dateModified\":\"2023-06-19T06:32:18+00:00\",\"description\":\"El jarr\u00f3n Fazzoletto de Fulvio Bianconi es una variaci\u00f3n de un jarr\u00f3n anterior, el jarr\u00f3n Cartoccio, dise\u00f1ado por Piero Chiesa para FontanaArte en 1985.\",\"breadcrumb\":{\"@id\":\"https:\/\/www.erresse-shop.it\/es\/shop\/mobiliario\/jarrones\/venini-jarron-fazzoletto-ambar-y-lattimo-h-24-cm\/#breadcrumb\"},\"inLanguage\":\"es\",\"potentialAction\":[{\"@type\":\"ReadAction\",\"target\":[\"https:\/\/www.erresse-shop.it\/es\/shop\/mobiliario\/jarrones\/venini-jarron-fazzoletto-ambar-y-lattimo-h-24-cm\/\"]}]},{\"@type\":\"BreadcrumbList\",\"@id\":\"https:\/\/www.erresse-shop.it\/es\/shop\/mobiliario\/jarrones\/venini-jarron-fazzoletto-ambar-y-lattimo-h-24-cm\/#breadcrumb\",\"itemListElement\":[{\"@type\":\"ListItem\",\"position\":1,\"name\":\"Home\",\"item\":\"https:\/\/www.erresse-shop.it\/es\/\"},{\"@type\":\"ListItem\",\"position\":2,\"name\":\"Shop\",\"item\":\"https:\/\/www.erresse-shop.it\/es\/shop\/\"},{\"@type\":\"ListItem\",\"position\":3,\"name\":\"VENINI Jarr\u00f3n Fazzoletto \u00c1mbar y Lattimo H 24 cm\"}]},{\"@type\":\"WebSite\",\"@id\":\"https:\/\/www.erresse-shop.it\/es\/#website\",\"url\":\"https:\/\/www.erresse-shop.it\/es\/\",\"name\":\"Erresse Shop\",\"description\":\"Articoli di qualit\u00e0 per la casa\",\"potentialAction\":[{\"@type\":\"SearchAction\",\"target\":{\"@type\":\"EntryPoint\",\"urlTemplate\":\"https:\/\/www.erresse-shop.it\/es\/?s={search_term_string}\"},\"query-input\":\"required name=search_term_string\"}],\"inLanguage\":\"es\"}]}<\/script>\n<!-- \/ Yoast SEO Premium plugin. -->","yoast_head_json":{"title":"VENINI Jarr\u00f3n Fazzoletto \u00c1mbar y Lattimo H 24 cm - Erresse Shop","description":"El jarr\u00f3n Fazzoletto de Fulvio Bianconi es una variaci\u00f3n de un jarr\u00f3n anterior, el jarr\u00f3n Cartoccio, dise\u00f1ado por Piero Chiesa para FontanaArte en 1985.","robots":{"index":"index","follow":"follow","max-snippet":"max-snippet:-1","max-image-preview":"max-image-preview:large","max-video-preview":"max-video-preview:-1"},"canonical":"https:\/\/www.erresse-shop.it\/es\/shop\/mobiliario\/jarrones\/venini-jarron-fazzoletto-ambar-y-lattimo-h-24-cm\/","og_locale":"es_ES","og_type":"article","og_title":"VENINI Jarr\u00f3n Fazzoletto \u00c1mbar y Lattimo H 24 cm","og_description":"El jarr\u00f3n Fazzoletto de Fulvio Bianconi es una variaci\u00f3n de un jarr\u00f3n anterior, el jarr\u00f3n Cartoccio, dise\u00f1ado por Piero Chiesa para FontanaArte en 1985.","og_url":"https:\/\/www.erresse-shop.it\/es\/shop\/mobiliario\/jarrones\/venini-jarron-fazzoletto-ambar-y-lattimo-h-24-cm\/","og_site_name":"Erresse Shop","article_modified_time":"2023-06-19T06:32:18+00:00","og_image":[{"width":1000,"height":1000,"url":"https:\/\/www.erresse-shop.it\/wp-content\/uploads\/2021\/11\/VENINI-Vaso-Fazzoletto-Giallo-H24.jpg","type":"image\/jpeg"}],"twitter_card":"summary_large_image","schema":{"@context":"https:\/\/schema.org","@graph":[{"@type":"WebPage","@id":"https:\/\/www.erresse-shop.it\/es\/shop\/mobiliario\/jarrones\/venini-jarron-fazzoletto-ambar-y-lattimo-h-24-cm\/","url":"https:\/\/www.erresse-shop.it\/es\/shop\/mobiliario\/jarrones\/venini-jarron-fazzoletto-ambar-y-lattimo-h-24-cm\/","name":"VENINI Jarr\u00f3n Fazzoletto \u00c1mbar y Lattimo H 24 cm - Erresse Shop","isPartOf":{"@id":"https:\/\/www.erresse-shop.it\/es\/#website"},"datePublished":"2021-11-11T10:25:42+00:00","dateModified":"2023-06-19T06:32:18+00:00","description":"El jarr\u00f3n Fazzoletto de Fulvio Bianconi es una variaci\u00f3n de un jarr\u00f3n anterior, el jarr\u00f3n Cartoccio, dise\u00f1ado por Piero Chiesa para FontanaArte en 1985.","breadcrumb":{"@id":"https:\/\/www.erresse-shop.it\/es\/shop\/mobiliario\/jarrones\/venini-jarron-fazzoletto-ambar-y-lattimo-h-24-cm\/#breadcrumb"},"inLanguage":"es","potentialAction":[{"@type":"ReadAction","target":["https:\/\/www.erresse-shop.it\/es\/shop\/mobiliario\/jarrones\/venini-jarron-fazzoletto-ambar-y-lattimo-h-24-cm\/"]}]},{"@type":"BreadcrumbList","@id":"https:\/\/www.erresse-shop.it\/es\/shop\/mobiliario\/jarrones\/venini-jarron-fazzoletto-ambar-y-lattimo-h-24-cm\/#breadcrumb","itemListElement":[{"@type":"ListItem","position":1,"name":"Home","item":"https:\/\/www.erresse-shop.it\/es\/"},{"@type":"ListItem","position":2,"name":"Shop","item":"https:\/\/www.erresse-shop.it\/es\/shop\/"},{"@type":"ListItem","position":3,"name":"VENINI Jarr\u00f3n Fazzoletto \u00c1mbar y Lattimo H 24 cm"}]},{"@type":"WebSite","@id":"https:\/\/www.erresse-shop.it\/es\/#website","url":"https:\/\/www.erresse-shop.it\/es\/","name":"Erresse Shop","description":"Articoli di qualit\u00e0 per la casa","potentialAction":[{"@type":"SearchAction","target":{"@type":"EntryPoint","urlTemplate":"https:\/\/www.erresse-shop.it\/es\/?s={search_term_string}"},"query-input":"required name=search_term_string"}],"inLanguage":"es"}]}},"df_price":387.40000000000003,"df_sale_price":387.40000000000003,"df_regular_price":745,"df_image_link":"https:\/\/www.erresse-shop.it\/wp-content\/uploads\/2021\/11\/VENINI-Vaso-Fazzoletto-Giallo-H24-300x300.jpg","_links":{"self":[{"href":"https:\/\/www.erresse-shop.it\/es\/wp-json\/wp\/v2\/product\/128046"}],"collection":[{"href":"https:\/\/www.erresse-shop.it\/es\/wp-json\/wp\/v2\/product"}],"about":[{"href":"https:\/\/www.erresse-shop.it\/es\/wp-json\/wp\/v2\/types\/product"}],"wp:featuredmedia":[{"embeddable":true,"href":"https:\/\/www.erresse-shop.it\/es\/wp-json\/wp\/v2\/media\/128006"}],"wp:attachment":[{"href":"https:\/\/www.erresse-shop.it\/es\/wp-json\/wp\/v2\/media?parent=128046"}],"wp:term":[{"taxonomy":"product_cat","embeddable":true,"href":"https:\/\/www.erresse-shop.it\/es\/wp-json\/wp\/v2\/product_cat?post=128046"},{"taxonomy":"product_tag","embeddable":true,"href":"https:\/\/www.erresse-shop.it\/es\/wp-json\/wp\/v2\/product_tag?post=128046"}],"curies":[{"name":"wp","href":"https:\/\/api.w.org\/{rel}","templated":true}]}}