{"id":127936,"date":"2021-11-11T08:11:53","date_gmt":"2021-11-11T08:11:56","guid":{"rendered":"https:\/\/www.erresse-shop.it\/?post_type=product&#038;p=127936"},"modified":"2024-06-11T00:00:46","modified_gmt":"2024-06-11T00:00:46","slug":"venini-jarron-idria-ambar-y-lattimo-h-27-cm","status":"publish","type":"product","link":"https:\/\/www.erresse-shop.it\/es\/shop\/mobiliario\/jarrones\/venini-jarron-idria-ambar-y-lattimo-h-27-cm\/","title":{"rendered":"VENINI Jarr\u00f3n Idria \u00c1mbar y Lattimo H 27 cm"},"content":{"rendered":"<p>El antiguo contenedor de agua griego es transformado de terracota a vidrio por <strong>Venini<\/strong>. En sus l\u00edneas habla de ritmos que ya no existen y los devuelve a la vida, revelando lo intemporal que es la belleza.<br \/>\nEl jarr\u00f3n <strong>Idria<\/strong> se inspira en el pasado, en las tradiciones, pero es de las creaciones m\u00e1s recientes, de 2016.<br \/>\nDel griego Hydria, el propio nombre recuerda el agua, que tradicionalmente se transportaba en este tipo de \u00e1nfora. En su forma, Hydria cuenta una historia que tiene el encanto de los antiguos rituales cotidianos.<br \/>\nSoplada y trabajada a mano mediante la t\u00e9cnica del <strong>Soffiato Opalino<\/strong>. Se obtiene superponiendo vidrio &#8220;lattimo&#8221; con uno o varios vidrios finos transparentes y coloreados, lo que da como resultado espl\u00e9ndidos objetos de colores intensos y brillantes.<\/p>\n<p><strong>OPALINO SOPLADO<\/strong><br \/>\nEl vidrio opalino, soplado y trabajado a mano, se obtiene mediante la superposici\u00f3n de &#8220;lattimo&#8221; con otros vidrios. La t\u00e9cnica se denomina as\u00ed porque los artesanos expanden y dan forma al vidrio soplando aire en una larga varilla met\u00e1lica conectada a \u00e9l, seg\u00fan la tradici\u00f3n milenaria de la fabricaci\u00f3n del vidrio. Esta antigua acci\u00f3n, combinada con la experiencia y habilidad de los maestros vidrieros, transforma el simple vidrio en verdaderas obras maestras art\u00edsticas, \u00fanicas en su g\u00e9nero.<\/p>\n","protected":false},"excerpt":{"rendered":"<p>El antiguo contenedor de agua griego es transformado de terracota a vidrio por Venini. En sus l\u00edneas habla de ritmos<\/p>\n","protected":false},"featured_media":127926,"template":"","meta":{"_acf_changed":false,"inline_featured_image":false},"product_cat":[16024,16016],"product_tag":[25183,16119,17386,16122,16121,24682,16307,25023],"acf":[],"yoast_head":"<!-- This site is optimized with the Yoast SEO Premium plugin v18.6 (Yoast SEO v19.13) - https:\/\/yoast.com\/wordpress\/plugins\/seo\/ -->\n<title>VENINI Jarr\u00f3n Idria \u00c1mbar y Lattimo H 27 cm - Erresse Shop<\/title>\n<meta name=\"description\" content=\"El antiguo contenedor de agua griego es transformado de terracota a vidrio por Venini. En sus l\u00edneas habla de ritmos que ya no existen y los devuelve a la\" \/>\n<meta name=\"robots\" content=\"index, follow, max-snippet:-1, max-image-preview:large, max-video-preview:-1\" \/>\n<link rel=\"canonical\" href=\"https:\/\/www.erresse-shop.it\/es\/shop\/mobiliario\/jarrones\/venini-jarron-idria-ambar-y-lattimo-h-27-cm\/\" \/>\n<meta property=\"og:locale\" content=\"es_ES\" \/>\n<meta property=\"og:type\" content=\"article\" \/>\n<meta property=\"og:title\" content=\"VENINI Jarr\u00f3n Idria \u00c1mbar y Lattimo H 27 cm\" \/>\n<meta property=\"og:description\" content=\"El antiguo contenedor de agua griego es transformado de terracota a vidrio por Venini. En sus l\u00edneas habla de ritmos que ya no existen y los devuelve a la\" \/>\n<meta property=\"og:url\" content=\"https:\/\/www.erresse-shop.it\/es\/shop\/mobiliario\/jarrones\/venini-jarron-idria-ambar-y-lattimo-h-27-cm\/\" \/>\n<meta property=\"og:site_name\" content=\"Erresse Shop\" \/>\n<meta property=\"article:modified_time\" content=\"2024-06-11T00:00:46+00:00\" \/>\n<meta property=\"og:image\" content=\"https:\/\/www.erresse-shop.it\/wp-content\/uploads\/2021\/11\/VENINI-Vaso-Idria-Giallo-H27.jpg\" \/>\n\t<meta property=\"og:image:width\" content=\"1000\" \/>\n\t<meta property=\"og:image:height\" content=\"1000\" \/>\n\t<meta property=\"og:image:type\" content=\"image\/jpeg\" \/>\n<meta name=\"twitter:card\" content=\"summary_large_image\" \/>\n<script type=\"application\/ld+json\" class=\"yoast-schema-graph\">{\"@context\":\"https:\/\/schema.org\",\"@graph\":[{\"@type\":\"WebPage\",\"@id\":\"https:\/\/www.erresse-shop.it\/es\/shop\/mobiliario\/jarrones\/venini-jarron-idria-ambar-y-lattimo-h-27-cm\/\",\"url\":\"https:\/\/www.erresse-shop.it\/es\/shop\/mobiliario\/jarrones\/venini-jarron-idria-ambar-y-lattimo-h-27-cm\/\",\"name\":\"VENINI Jarr\u00f3n Idria \u00c1mbar y Lattimo H 27 cm - Erresse Shop\",\"isPartOf\":{\"@id\":\"https:\/\/www.erresse-shop.it\/es\/#website\"},\"datePublished\":\"2021-11-11T08:11:56+00:00\",\"dateModified\":\"2024-06-11T00:00:46+00:00\",\"description\":\"El antiguo contenedor de agua griego es transformado de terracota a vidrio por Venini. En sus l\u00edneas habla de ritmos que ya no existen y los devuelve a la\",\"breadcrumb\":{\"@id\":\"https:\/\/www.erresse-shop.it\/es\/shop\/mobiliario\/jarrones\/venini-jarron-idria-ambar-y-lattimo-h-27-cm\/#breadcrumb\"},\"inLanguage\":\"es\",\"potentialAction\":[{\"@type\":\"ReadAction\",\"target\":[\"https:\/\/www.erresse-shop.it\/es\/shop\/mobiliario\/jarrones\/venini-jarron-idria-ambar-y-lattimo-h-27-cm\/\"]}]},{\"@type\":\"BreadcrumbList\",\"@id\":\"https:\/\/www.erresse-shop.it\/es\/shop\/mobiliario\/jarrones\/venini-jarron-idria-ambar-y-lattimo-h-27-cm\/#breadcrumb\",\"itemListElement\":[{\"@type\":\"ListItem\",\"position\":1,\"name\":\"Home\",\"item\":\"https:\/\/www.erresse-shop.it\/es\/\"},{\"@type\":\"ListItem\",\"position\":2,\"name\":\"Shop\",\"item\":\"https:\/\/www.erresse-shop.it\/es\/shop\/\"},{\"@type\":\"ListItem\",\"position\":3,\"name\":\"VENINI Jarr\u00f3n Idria \u00c1mbar y Lattimo H 27 cm\"}]},{\"@type\":\"WebSite\",\"@id\":\"https:\/\/www.erresse-shop.it\/es\/#website\",\"url\":\"https:\/\/www.erresse-shop.it\/es\/\",\"name\":\"Erresse Shop\",\"description\":\"Articoli di qualit\u00e0 per la casa\",\"potentialAction\":[{\"@type\":\"SearchAction\",\"target\":{\"@type\":\"EntryPoint\",\"urlTemplate\":\"https:\/\/www.erresse-shop.it\/es\/?s={search_term_string}\"},\"query-input\":\"required name=search_term_string\"}],\"inLanguage\":\"es\"}]}<\/script>\n<!-- \/ Yoast SEO Premium plugin. -->","yoast_head_json":{"title":"VENINI Jarr\u00f3n Idria \u00c1mbar y Lattimo H 27 cm - Erresse Shop","description":"El antiguo contenedor de agua griego es transformado de terracota a vidrio por Venini. En sus l\u00edneas habla de ritmos que ya no existen y los devuelve a la","robots":{"index":"index","follow":"follow","max-snippet":"max-snippet:-1","max-image-preview":"max-image-preview:large","max-video-preview":"max-video-preview:-1"},"canonical":"https:\/\/www.erresse-shop.it\/es\/shop\/mobiliario\/jarrones\/venini-jarron-idria-ambar-y-lattimo-h-27-cm\/","og_locale":"es_ES","og_type":"article","og_title":"VENINI Jarr\u00f3n Idria \u00c1mbar y Lattimo H 27 cm","og_description":"El antiguo contenedor de agua griego es transformado de terracota a vidrio por Venini. En sus l\u00edneas habla de ritmos que ya no existen y los devuelve a la","og_url":"https:\/\/www.erresse-shop.it\/es\/shop\/mobiliario\/jarrones\/venini-jarron-idria-ambar-y-lattimo-h-27-cm\/","og_site_name":"Erresse Shop","article_modified_time":"2024-06-11T00:00:46+00:00","og_image":[{"width":1000,"height":1000,"url":"https:\/\/www.erresse-shop.it\/wp-content\/uploads\/2021\/11\/VENINI-Vaso-Idria-Giallo-H27.jpg","type":"image\/jpeg"}],"twitter_card":"summary_large_image","schema":{"@context":"https:\/\/schema.org","@graph":[{"@type":"WebPage","@id":"https:\/\/www.erresse-shop.it\/es\/shop\/mobiliario\/jarrones\/venini-jarron-idria-ambar-y-lattimo-h-27-cm\/","url":"https:\/\/www.erresse-shop.it\/es\/shop\/mobiliario\/jarrones\/venini-jarron-idria-ambar-y-lattimo-h-27-cm\/","name":"VENINI Jarr\u00f3n Idria \u00c1mbar y Lattimo H 27 cm - Erresse Shop","isPartOf":{"@id":"https:\/\/www.erresse-shop.it\/es\/#website"},"datePublished":"2021-11-11T08:11:56+00:00","dateModified":"2024-06-11T00:00:46+00:00","description":"El antiguo contenedor de agua griego es transformado de terracota a vidrio por Venini. En sus l\u00edneas habla de ritmos que ya no existen y los devuelve a la","breadcrumb":{"@id":"https:\/\/www.erresse-shop.it\/es\/shop\/mobiliario\/jarrones\/venini-jarron-idria-ambar-y-lattimo-h-27-cm\/#breadcrumb"},"inLanguage":"es","potentialAction":[{"@type":"ReadAction","target":["https:\/\/www.erresse-shop.it\/es\/shop\/mobiliario\/jarrones\/venini-jarron-idria-ambar-y-lattimo-h-27-cm\/"]}]},{"@type":"BreadcrumbList","@id":"https:\/\/www.erresse-shop.it\/es\/shop\/mobiliario\/jarrones\/venini-jarron-idria-ambar-y-lattimo-h-27-cm\/#breadcrumb","itemListElement":[{"@type":"ListItem","position":1,"name":"Home","item":"https:\/\/www.erresse-shop.it\/es\/"},{"@type":"ListItem","position":2,"name":"Shop","item":"https:\/\/www.erresse-shop.it\/es\/shop\/"},{"@type":"ListItem","position":3,"name":"VENINI Jarr\u00f3n Idria \u00c1mbar y Lattimo H 27 cm"}]},{"@type":"WebSite","@id":"https:\/\/www.erresse-shop.it\/es\/#website","url":"https:\/\/www.erresse-shop.it\/es\/","name":"Erresse Shop","description":"Articoli di qualit\u00e0 per la casa","potentialAction":[{"@type":"SearchAction","target":{"@type":"EntryPoint","urlTemplate":"https:\/\/www.erresse-shop.it\/es\/?s={search_term_string}"},"query-input":"required name=search_term_string"}],"inLanguage":"es"}]}},"df_price":589.95,"df_sale_price":589.95,"df_regular_price":890,"df_image_link":"https:\/\/www.erresse-shop.it\/wp-content\/uploads\/2021\/11\/VENINI-Vaso-Idria-Giallo-H27-300x300.jpg","_links":{"self":[{"href":"https:\/\/www.erresse-shop.it\/es\/wp-json\/wp\/v2\/product\/127936"}],"collection":[{"href":"https:\/\/www.erresse-shop.it\/es\/wp-json\/wp\/v2\/product"}],"about":[{"href":"https:\/\/www.erresse-shop.it\/es\/wp-json\/wp\/v2\/types\/product"}],"wp:featuredmedia":[{"embeddable":true,"href":"https:\/\/www.erresse-shop.it\/es\/wp-json\/wp\/v2\/media\/127926"}],"wp:attachment":[{"href":"https:\/\/www.erresse-shop.it\/es\/wp-json\/wp\/v2\/media?parent=127936"}],"wp:term":[{"taxonomy":"product_cat","embeddable":true,"href":"https:\/\/www.erresse-shop.it\/es\/wp-json\/wp\/v2\/product_cat?post=127936"},{"taxonomy":"product_tag","embeddable":true,"href":"https:\/\/www.erresse-shop.it\/es\/wp-json\/wp\/v2\/product_tag?post=127936"}],"curies":[{"name":"wp","href":"https:\/\/api.w.org\/{rel}","templated":true}]}}