{"id":127576,"date":"2021-11-09T14:43:15","date_gmt":"2021-11-09T14:43:20","guid":{"rendered":"https:\/\/www.erresse-shop.it\/?post_type=product&#038;p=127576"},"modified":"2023-06-19T06:34:22","modified_gmt":"2023-06-19T06:34:22","slug":"venini-jarron-opalino-rojo-h-42-cm","status":"publish","type":"product","link":"https:\/\/www.erresse-shop.it\/es\/shop\/mobiliario\/jarrones\/venini-jarron-opalino-rojo-h-42-cm\/","title":{"rendered":"VENINI Jarr\u00f3n Opalino Rojo H 42 cm"},"content":{"rendered":"<p>El jarr\u00f3n <strong>Opalino<\/strong> naci\u00f3 en 1932 de la mente de <strong>Paolo Venini<\/strong>, tan gr\u00e1cil en el tono como en la forma.<br \/>\nUn viaje en el tiempo enlaza el siglo XV con el neoclasicismo del movimiento del siglo XX, hasta llegar a la creaci\u00f3n del jarr\u00f3n <strong>Opalino<\/strong>.<br \/>\nEs el descubrimiento de un nuevo orden de l\u00edneas esenciales y depuradas. Se presenta en colores refinados, hechos \u00fanicos por el antiguo y complejo trabajo del vidrio Lattimo, nacido en el siglo XV para imitar la porcelana y retomado por los experimentos del Horno.<\/p>\n<p><strong>OPALINO SOPLADO<\/strong><br \/>\nEl vidrio Opalino, soplado y trabajado a mano, se obtiene superponiendo el vidrio Lattimo a otros vidrios. La t\u00e9cnica se define as\u00ed porque los artesanos expanden y dan forma al vidrio soplando aire en una larga varilla met\u00e1lica conectada a \u00e9l, de acuerdo con la tradici\u00f3n milenaria de la fabricaci\u00f3n del vidrio. Esta antigua acci\u00f3n, combinada con la experiencia y habilidad de los maestros vidrieros, transforma el simple vidrio en verdaderas obras maestras art\u00edsticas, \u00fanicas en su g\u00e9nero.<\/p>\n","protected":false},"excerpt":{"rendered":"<p>El jarr\u00f3n Opalino naci\u00f3 en 1932 de la mente de Paolo Venini, tan gr\u00e1cil en el tono como en la<\/p>\n","protected":false},"featured_media":127602,"template":"","meta":{"_acf_changed":false,"inline_featured_image":false},"product_cat":[16024,16016],"product_tag":[16119,16122,16121,16307,17377],"acf":[],"yoast_head":"<!-- This site is optimized with the Yoast SEO Premium plugin v18.6 (Yoast SEO v19.13) - https:\/\/yoast.com\/wordpress\/plugins\/seo\/ -->\n<title>VENINI Jarr\u00f3n Opalino Rojo H 42 cm - Erresse Shop<\/title>\n<meta name=\"description\" content=\"El jarr\u00f3n Opalino naci\u00f3 en 1932 de la mente de Paolo Venini, tan gr\u00e1cil en el tono como en la forma. Un viaje en el tiempo enlaza el siglo XV con el\" \/>\n<meta name=\"robots\" content=\"index, follow, max-snippet:-1, max-image-preview:large, max-video-preview:-1\" \/>\n<link rel=\"canonical\" href=\"https:\/\/www.erresse-shop.it\/es\/shop\/mobiliario\/jarrones\/venini-jarron-opalino-rojo-h-42-cm\/\" \/>\n<meta property=\"og:locale\" content=\"es_ES\" \/>\n<meta property=\"og:type\" content=\"article\" \/>\n<meta property=\"og:title\" content=\"VENINI Jarr\u00f3n Opalino Rojo H 42 cm\" \/>\n<meta property=\"og:description\" content=\"El jarr\u00f3n Opalino naci\u00f3 en 1932 de la mente de Paolo Venini, tan gr\u00e1cil en el tono como en la forma. Un viaje en el tiempo enlaza el siglo XV con el\" \/>\n<meta property=\"og:url\" content=\"https:\/\/www.erresse-shop.it\/es\/shop\/mobiliario\/jarrones\/venini-jarron-opalino-rojo-h-42-cm\/\" \/>\n<meta property=\"og:site_name\" content=\"Erresse Shop\" \/>\n<meta property=\"article:modified_time\" content=\"2023-06-19T06:34:22+00:00\" \/>\n<meta property=\"og:image\" content=\"https:\/\/www.erresse-shop.it\/wp-content\/uploads\/2021\/11\/VENINI-Vaso-Opalino-Rosso-1.jpg\" \/>\n\t<meta property=\"og:image:width\" content=\"1000\" \/>\n\t<meta property=\"og:image:height\" content=\"1000\" \/>\n\t<meta property=\"og:image:type\" content=\"image\/jpeg\" \/>\n<meta name=\"twitter:card\" content=\"summary_large_image\" \/>\n<script type=\"application\/ld+json\" class=\"yoast-schema-graph\">{\"@context\":\"https:\/\/schema.org\",\"@graph\":[{\"@type\":\"WebPage\",\"@id\":\"https:\/\/www.erresse-shop.it\/es\/shop\/mobiliario\/jarrones\/venini-jarron-opalino-rojo-h-42-cm\/\",\"url\":\"https:\/\/www.erresse-shop.it\/es\/shop\/mobiliario\/jarrones\/venini-jarron-opalino-rojo-h-42-cm\/\",\"name\":\"VENINI Jarr\u00f3n Opalino Rojo H 42 cm - Erresse Shop\",\"isPartOf\":{\"@id\":\"https:\/\/www.erresse-shop.it\/es\/#website\"},\"datePublished\":\"2021-11-09T14:43:20+00:00\",\"dateModified\":\"2023-06-19T06:34:22+00:00\",\"description\":\"El jarr\u00f3n Opalino naci\u00f3 en 1932 de la mente de Paolo Venini, tan gr\u00e1cil en el tono como en la forma. Un viaje en el tiempo enlaza el siglo XV con el\",\"breadcrumb\":{\"@id\":\"https:\/\/www.erresse-shop.it\/es\/shop\/mobiliario\/jarrones\/venini-jarron-opalino-rojo-h-42-cm\/#breadcrumb\"},\"inLanguage\":\"es\",\"potentialAction\":[{\"@type\":\"ReadAction\",\"target\":[\"https:\/\/www.erresse-shop.it\/es\/shop\/mobiliario\/jarrones\/venini-jarron-opalino-rojo-h-42-cm\/\"]}]},{\"@type\":\"BreadcrumbList\",\"@id\":\"https:\/\/www.erresse-shop.it\/es\/shop\/mobiliario\/jarrones\/venini-jarron-opalino-rojo-h-42-cm\/#breadcrumb\",\"itemListElement\":[{\"@type\":\"ListItem\",\"position\":1,\"name\":\"Home\",\"item\":\"https:\/\/www.erresse-shop.it\/es\/\"},{\"@type\":\"ListItem\",\"position\":2,\"name\":\"Shop\",\"item\":\"https:\/\/www.erresse-shop.it\/es\/shop\/\"},{\"@type\":\"ListItem\",\"position\":3,\"name\":\"VENINI Jarr\u00f3n Opalino Rojo H 42 cm\"}]},{\"@type\":\"WebSite\",\"@id\":\"https:\/\/www.erresse-shop.it\/es\/#website\",\"url\":\"https:\/\/www.erresse-shop.it\/es\/\",\"name\":\"Erresse Shop\",\"description\":\"Articoli di qualit\u00e0 per la casa\",\"potentialAction\":[{\"@type\":\"SearchAction\",\"target\":{\"@type\":\"EntryPoint\",\"urlTemplate\":\"https:\/\/www.erresse-shop.it\/es\/?s={search_term_string}\"},\"query-input\":\"required name=search_term_string\"}],\"inLanguage\":\"es\"}]}<\/script>\n<!-- \/ Yoast SEO Premium plugin. -->","yoast_head_json":{"title":"VENINI Jarr\u00f3n Opalino Rojo H 42 cm - Erresse Shop","description":"El jarr\u00f3n Opalino naci\u00f3 en 1932 de la mente de Paolo Venini, tan gr\u00e1cil en el tono como en la forma. Un viaje en el tiempo enlaza el siglo XV con el","robots":{"index":"index","follow":"follow","max-snippet":"max-snippet:-1","max-image-preview":"max-image-preview:large","max-video-preview":"max-video-preview:-1"},"canonical":"https:\/\/www.erresse-shop.it\/es\/shop\/mobiliario\/jarrones\/venini-jarron-opalino-rojo-h-42-cm\/","og_locale":"es_ES","og_type":"article","og_title":"VENINI Jarr\u00f3n Opalino Rojo H 42 cm","og_description":"El jarr\u00f3n Opalino naci\u00f3 en 1932 de la mente de Paolo Venini, tan gr\u00e1cil en el tono como en la forma. Un viaje en el tiempo enlaza el siglo XV con el","og_url":"https:\/\/www.erresse-shop.it\/es\/shop\/mobiliario\/jarrones\/venini-jarron-opalino-rojo-h-42-cm\/","og_site_name":"Erresse Shop","article_modified_time":"2023-06-19T06:34:22+00:00","og_image":[{"width":1000,"height":1000,"url":"https:\/\/www.erresse-shop.it\/wp-content\/uploads\/2021\/11\/VENINI-Vaso-Opalino-Rosso-1.jpg","type":"image\/jpeg"}],"twitter_card":"summary_large_image","schema":{"@context":"https:\/\/schema.org","@graph":[{"@type":"WebPage","@id":"https:\/\/www.erresse-shop.it\/es\/shop\/mobiliario\/jarrones\/venini-jarron-opalino-rojo-h-42-cm\/","url":"https:\/\/www.erresse-shop.it\/es\/shop\/mobiliario\/jarrones\/venini-jarron-opalino-rojo-h-42-cm\/","name":"VENINI Jarr\u00f3n Opalino Rojo H 42 cm - Erresse Shop","isPartOf":{"@id":"https:\/\/www.erresse-shop.it\/es\/#website"},"datePublished":"2021-11-09T14:43:20+00:00","dateModified":"2023-06-19T06:34:22+00:00","description":"El jarr\u00f3n Opalino naci\u00f3 en 1932 de la mente de Paolo Venini, tan gr\u00e1cil en el tono como en la forma. Un viaje en el tiempo enlaza el siglo XV con el","breadcrumb":{"@id":"https:\/\/www.erresse-shop.it\/es\/shop\/mobiliario\/jarrones\/venini-jarron-opalino-rojo-h-42-cm\/#breadcrumb"},"inLanguage":"es","potentialAction":[{"@type":"ReadAction","target":["https:\/\/www.erresse-shop.it\/es\/shop\/mobiliario\/jarrones\/venini-jarron-opalino-rojo-h-42-cm\/"]}]},{"@type":"BreadcrumbList","@id":"https:\/\/www.erresse-shop.it\/es\/shop\/mobiliario\/jarrones\/venini-jarron-opalino-rojo-h-42-cm\/#breadcrumb","itemListElement":[{"@type":"ListItem","position":1,"name":"Home","item":"https:\/\/www.erresse-shop.it\/es\/"},{"@type":"ListItem","position":2,"name":"Shop","item":"https:\/\/www.erresse-shop.it\/es\/shop\/"},{"@type":"ListItem","position":3,"name":"VENINI Jarr\u00f3n Opalino Rojo H 42 cm"}]},{"@type":"WebSite","@id":"https:\/\/www.erresse-shop.it\/es\/#website","url":"https:\/\/www.erresse-shop.it\/es\/","name":"Erresse Shop","description":"Articoli di qualit\u00e0 per la casa","potentialAction":[{"@type":"SearchAction","target":{"@type":"EntryPoint","urlTemplate":"https:\/\/www.erresse-shop.it\/es\/?s={search_term_string}"},"query-input":"required name=search_term_string"}],"inLanguage":"es"}]}},"df_price":501.8,"df_sale_price":501.8,"df_regular_price":965,"df_image_link":"https:\/\/www.erresse-shop.it\/wp-content\/uploads\/2021\/11\/VENINI-Vaso-Opalino-Rosso-1-300x300.jpg","_links":{"self":[{"href":"https:\/\/www.erresse-shop.it\/es\/wp-json\/wp\/v2\/product\/127576"}],"collection":[{"href":"https:\/\/www.erresse-shop.it\/es\/wp-json\/wp\/v2\/product"}],"about":[{"href":"https:\/\/www.erresse-shop.it\/es\/wp-json\/wp\/v2\/types\/product"}],"wp:featuredmedia":[{"embeddable":true,"href":"https:\/\/www.erresse-shop.it\/es\/wp-json\/wp\/v2\/media\/127602"}],"wp:attachment":[{"href":"https:\/\/www.erresse-shop.it\/es\/wp-json\/wp\/v2\/media?parent=127576"}],"wp:term":[{"taxonomy":"product_cat","embeddable":true,"href":"https:\/\/www.erresse-shop.it\/es\/wp-json\/wp\/v2\/product_cat?post=127576"},{"taxonomy":"product_tag","embeddable":true,"href":"https:\/\/www.erresse-shop.it\/es\/wp-json\/wp\/v2\/product_tag?post=127576"}],"curies":[{"name":"wp","href":"https:\/\/api.w.org\/{rel}","templated":true}]}}