{"id":127470,"date":"2021-11-08T14:33:28","date_gmt":"2021-11-08T14:33:31","guid":{"rendered":"https:\/\/www.erresse-shop.it\/?post_type=product&#038;p=127470"},"modified":"2026-01-15T08:52:55","modified_gmt":"2026-01-15T08:52:55","slug":"venini-jarron-monofiori-marron-con-hilo-rojo-h24-5","status":"publish","type":"product","link":"https:\/\/www.erresse-shop.it\/es\/shop\/mobiliario\/jarrones\/venini-jarron-monofiori-marron-con-hilo-rojo-h24-5\/","title":{"rendered":"VENINI Jarr\u00f3n Monofiori Marr\u00f3n con Hilo Rojo H24.5"},"content":{"rendered":"<p>El vidrio soplado se elabora artesanalmente mediante la t\u00e9cnica tradicional del balot\u00f3n con un molde met\u00e1lico para lograr un efecto de relieve entrecruzado.<\/p>\n<p>Los jarrones <strong>Venini Monofiore<\/strong> se elaboran mediante la t\u00e9cnica tradicional del <strong>Balloton<\/strong>. Esta t\u00e9cnica se emplea para lograr un efecto \u00f3ptico \u00fanico. Consiste en el uso de un molde met\u00e1lico con peque\u00f1as puntas piramidales de base cuadrada en su interior, que, al soplar, confieren al objeto un efecto de relieve entrecruzado.<br \/>\nPosteriormente, al cubrir el jarr\u00f3n con una manta estampada con balot\u00f3n, se consigue el efecto bullicante o burbuja, consistente en innumerables burbujas de aire atrapadas entre las dos capas de vidrio. Los jarrones Balloton monofiori se soplan en varios colores transparentes que cambian anualmente, siempre con un hilo rojo o verde aplicado en caliente en la parte superior del objeto. Se fabrican en cuatro tama\u00f1os diferentes.<\/p>\n<p>Venini tambi\u00e9n crea ediciones limitadas y numeradas.<\/p>\n<p>Elegir <strong>VENINI<\/strong> para uno mismo o como regalo demuestra la conciencia de entrar en un mundo donde la exquisitez es sin\u00f3nimo de la propia marca.<\/p>\n<p>La exclusividad de sus creaciones, los detalles refinados, la intrincada artesan\u00eda de los materiales y la atenci\u00f3n al detalle transmiten una forma de lujo que representa la belleza m\u00e1s pura del arte en vidrio.<\/p>\n<p>La tradici\u00f3n cambi\u00f3 en 1970 y volvi\u00f3 a cambiar en 2016. La esencia permanece: parece suave, pero es vidrio. La ilusi\u00f3n \u00f3ptica del Monofiori de VENINI reside en su nombre: Balloton, el proceso \u00fanico que recrea un efecto acolchado en la superficie. La pieza est\u00e1 hecha a mano, soplada en un molde met\u00e1lico caracter\u00edstico, y su fino cuello se remata con un hilo de color aplicado en caliente, cuyo color var\u00eda.<\/p>\n","protected":false},"excerpt":{"rendered":"<p>El vidrio soplado se elabora artesanalmente mediante la t\u00e9cnica tradicional del balot\u00f3n con un molde met\u00e1lico para lograr un efecto<\/p>\n","protected":false},"featured_media":127454,"template":"","meta":{"_acf_changed":false,"inline_featured_image":false},"product_cat":[16024,16016],"product_tag":[17267,16119,16122,16121,24682,16307,17367,16120],"acf":[],"yoast_head":"<!-- This site is optimized with the Yoast SEO Premium plugin v18.6 (Yoast SEO v19.13) - https:\/\/yoast.com\/wordpress\/plugins\/seo\/ -->\n<title>VENINI Jarr\u00f3n Monofiori Marr\u00f3n con Hilo Rojo H24.5 - Erresse Shop<\/title>\n<meta name=\"description\" content=\"El vidrio soplado se elabora artesanalmente mediante la t\u00e9cnica tradicional del balot\u00f3n con un molde met\u00e1lico para lograr un efecto de relieve\" \/>\n<meta name=\"robots\" content=\"index, follow, max-snippet:-1, max-image-preview:large, max-video-preview:-1\" \/>\n<link rel=\"canonical\" href=\"https:\/\/www.erresse-shop.it\/es\/shop\/mobiliario\/jarrones\/venini-jarron-monofiori-marron-con-hilo-rojo-h24-5\/\" \/>\n<meta property=\"og:locale\" content=\"es_ES\" \/>\n<meta property=\"og:type\" content=\"article\" \/>\n<meta property=\"og:title\" content=\"VENINI Jarr\u00f3n Monofiori Marr\u00f3n con Hilo Rojo H24.5\" \/>\n<meta property=\"og:description\" content=\"El vidrio soplado se elabora artesanalmente mediante la t\u00e9cnica tradicional del balot\u00f3n con un molde met\u00e1lico para lograr un efecto de relieve\" \/>\n<meta property=\"og:url\" content=\"https:\/\/www.erresse-shop.it\/es\/shop\/mobiliario\/jarrones\/venini-jarron-monofiori-marron-con-hilo-rojo-h24-5\/\" \/>\n<meta property=\"og:site_name\" content=\"Erresse Shop\" \/>\n<meta property=\"article:modified_time\" content=\"2026-01-15T08:52:55+00:00\" \/>\n<meta property=\"og:image\" content=\"https:\/\/www.erresse-shop.it\/wp-content\/uploads\/2021\/11\/VENINI-Monofiore-Rosso-con-Filo-Marrone.jpg\" \/>\n\t<meta property=\"og:image:width\" content=\"1000\" \/>\n\t<meta property=\"og:image:height\" content=\"1000\" \/>\n\t<meta property=\"og:image:type\" content=\"image\/jpeg\" \/>\n<meta name=\"twitter:card\" content=\"summary_large_image\" \/>\n<script type=\"application\/ld+json\" class=\"yoast-schema-graph\">{\"@context\":\"https:\/\/schema.org\",\"@graph\":[{\"@type\":\"WebPage\",\"@id\":\"https:\/\/www.erresse-shop.it\/es\/shop\/mobiliario\/jarrones\/venini-jarron-monofiori-marron-con-hilo-rojo-h24-5\/\",\"url\":\"https:\/\/www.erresse-shop.it\/es\/shop\/mobiliario\/jarrones\/venini-jarron-monofiori-marron-con-hilo-rojo-h24-5\/\",\"name\":\"VENINI Jarr\u00f3n Monofiori Marr\u00f3n con Hilo Rojo H24.5 - Erresse Shop\",\"isPartOf\":{\"@id\":\"https:\/\/www.erresse-shop.it\/es\/#website\"},\"datePublished\":\"2021-11-08T14:33:31+00:00\",\"dateModified\":\"2026-01-15T08:52:55+00:00\",\"description\":\"El vidrio soplado se elabora artesanalmente mediante la t\u00e9cnica tradicional del balot\u00f3n con un molde met\u00e1lico para lograr un efecto de relieve\",\"breadcrumb\":{\"@id\":\"https:\/\/www.erresse-shop.it\/es\/shop\/mobiliario\/jarrones\/venini-jarron-monofiori-marron-con-hilo-rojo-h24-5\/#breadcrumb\"},\"inLanguage\":\"es\",\"potentialAction\":[{\"@type\":\"ReadAction\",\"target\":[\"https:\/\/www.erresse-shop.it\/es\/shop\/mobiliario\/jarrones\/venini-jarron-monofiori-marron-con-hilo-rojo-h24-5\/\"]}]},{\"@type\":\"BreadcrumbList\",\"@id\":\"https:\/\/www.erresse-shop.it\/es\/shop\/mobiliario\/jarrones\/venini-jarron-monofiori-marron-con-hilo-rojo-h24-5\/#breadcrumb\",\"itemListElement\":[{\"@type\":\"ListItem\",\"position\":1,\"name\":\"Home\",\"item\":\"https:\/\/www.erresse-shop.it\/es\/\"},{\"@type\":\"ListItem\",\"position\":2,\"name\":\"Shop\",\"item\":\"https:\/\/www.erresse-shop.it\/es\/shop\/\"},{\"@type\":\"ListItem\",\"position\":3,\"name\":\"VENINI Jarr\u00f3n Monofiori Marr\u00f3n con Hilo Rojo H24.5\"}]},{\"@type\":\"WebSite\",\"@id\":\"https:\/\/www.erresse-shop.it\/es\/#website\",\"url\":\"https:\/\/www.erresse-shop.it\/es\/\",\"name\":\"Erresse Shop\",\"description\":\"Articoli di qualit\u00e0 per la casa\",\"potentialAction\":[{\"@type\":\"SearchAction\",\"target\":{\"@type\":\"EntryPoint\",\"urlTemplate\":\"https:\/\/www.erresse-shop.it\/es\/?s={search_term_string}\"},\"query-input\":\"required name=search_term_string\"}],\"inLanguage\":\"es\"}]}<\/script>\n<!-- \/ Yoast SEO Premium plugin. -->","yoast_head_json":{"title":"VENINI Jarr\u00f3n Monofiori Marr\u00f3n con Hilo Rojo H24.5 - Erresse Shop","description":"El vidrio soplado se elabora artesanalmente mediante la t\u00e9cnica tradicional del balot\u00f3n con un molde met\u00e1lico para lograr un efecto de relieve","robots":{"index":"index","follow":"follow","max-snippet":"max-snippet:-1","max-image-preview":"max-image-preview:large","max-video-preview":"max-video-preview:-1"},"canonical":"https:\/\/www.erresse-shop.it\/es\/shop\/mobiliario\/jarrones\/venini-jarron-monofiori-marron-con-hilo-rojo-h24-5\/","og_locale":"es_ES","og_type":"article","og_title":"VENINI Jarr\u00f3n Monofiori Marr\u00f3n con Hilo Rojo H24.5","og_description":"El vidrio soplado se elabora artesanalmente mediante la t\u00e9cnica tradicional del balot\u00f3n con un molde met\u00e1lico para lograr un efecto de relieve","og_url":"https:\/\/www.erresse-shop.it\/es\/shop\/mobiliario\/jarrones\/venini-jarron-monofiori-marron-con-hilo-rojo-h24-5\/","og_site_name":"Erresse Shop","article_modified_time":"2026-01-15T08:52:55+00:00","og_image":[{"width":1000,"height":1000,"url":"https:\/\/www.erresse-shop.it\/wp-content\/uploads\/2021\/11\/VENINI-Monofiore-Rosso-con-Filo-Marrone.jpg","type":"image\/jpeg"}],"twitter_card":"summary_large_image","schema":{"@context":"https:\/\/schema.org","@graph":[{"@type":"WebPage","@id":"https:\/\/www.erresse-shop.it\/es\/shop\/mobiliario\/jarrones\/venini-jarron-monofiori-marron-con-hilo-rojo-h24-5\/","url":"https:\/\/www.erresse-shop.it\/es\/shop\/mobiliario\/jarrones\/venini-jarron-monofiori-marron-con-hilo-rojo-h24-5\/","name":"VENINI Jarr\u00f3n Monofiori Marr\u00f3n con Hilo Rojo H24.5 - Erresse Shop","isPartOf":{"@id":"https:\/\/www.erresse-shop.it\/es\/#website"},"datePublished":"2021-11-08T14:33:31+00:00","dateModified":"2026-01-15T08:52:55+00:00","description":"El vidrio soplado se elabora artesanalmente mediante la t\u00e9cnica tradicional del balot\u00f3n con un molde met\u00e1lico para lograr un efecto de relieve","breadcrumb":{"@id":"https:\/\/www.erresse-shop.it\/es\/shop\/mobiliario\/jarrones\/venini-jarron-monofiori-marron-con-hilo-rojo-h24-5\/#breadcrumb"},"inLanguage":"es","potentialAction":[{"@type":"ReadAction","target":["https:\/\/www.erresse-shop.it\/es\/shop\/mobiliario\/jarrones\/venini-jarron-monofiori-marron-con-hilo-rojo-h24-5\/"]}]},{"@type":"BreadcrumbList","@id":"https:\/\/www.erresse-shop.it\/es\/shop\/mobiliario\/jarrones\/venini-jarron-monofiori-marron-con-hilo-rojo-h24-5\/#breadcrumb","itemListElement":[{"@type":"ListItem","position":1,"name":"Home","item":"https:\/\/www.erresse-shop.it\/es\/"},{"@type":"ListItem","position":2,"name":"Shop","item":"https:\/\/www.erresse-shop.it\/es\/shop\/"},{"@type":"ListItem","position":3,"name":"VENINI Jarr\u00f3n Monofiori Marr\u00f3n con Hilo Rojo H24.5"}]},{"@type":"WebSite","@id":"https:\/\/www.erresse-shop.it\/es\/#website","url":"https:\/\/www.erresse-shop.it\/es\/","name":"Erresse Shop","description":"Articoli di qualit\u00e0 per la casa","potentialAction":[{"@type":"SearchAction","target":{"@type":"EntryPoint","urlTemplate":"https:\/\/www.erresse-shop.it\/es\/?s={search_term_string}"},"query-input":"required name=search_term_string"}],"inLanguage":"es"}]}},"df_price":369,"df_sale_price":369,"df_regular_price":535,"df_image_link":"https:\/\/www.erresse-shop.it\/wp-content\/uploads\/2021\/11\/VENINI-Monofiore-Rosso-con-Filo-Marrone-300x300.jpg","_links":{"self":[{"href":"https:\/\/www.erresse-shop.it\/es\/wp-json\/wp\/v2\/product\/127470"}],"collection":[{"href":"https:\/\/www.erresse-shop.it\/es\/wp-json\/wp\/v2\/product"}],"about":[{"href":"https:\/\/www.erresse-shop.it\/es\/wp-json\/wp\/v2\/types\/product"}],"wp:featuredmedia":[{"embeddable":true,"href":"https:\/\/www.erresse-shop.it\/es\/wp-json\/wp\/v2\/media\/127454"}],"wp:attachment":[{"href":"https:\/\/www.erresse-shop.it\/es\/wp-json\/wp\/v2\/media?parent=127470"}],"wp:term":[{"taxonomy":"product_cat","embeddable":true,"href":"https:\/\/www.erresse-shop.it\/es\/wp-json\/wp\/v2\/product_cat?post=127470"},{"taxonomy":"product_tag","embeddable":true,"href":"https:\/\/www.erresse-shop.it\/es\/wp-json\/wp\/v2\/product_tag?post=127470"}],"curies":[{"name":"wp","href":"https:\/\/api.w.org\/{rel}","templated":true}]}}