{"id":127383,"date":"2021-11-08T10:37:36","date_gmt":"2021-11-08T10:37:40","guid":{"rendered":"https:\/\/www.erresse-shop.it\/?post_type=product&#038;p=127383"},"modified":"2024-05-27T00:00:31","modified_gmt":"2024-05-27T00:00:31","slug":"berkel-rebanadora-domestica-red-line-250-rojo","status":"publish","type":"product","link":"https:\/\/www.erresse-shop.it\/es\/shop\/pequenos-electrodomesticos\/cortadoras\/berkel-rebanadora-domestica-red-line-250-rojo\/","title":{"rendered":"BERKEL Rebanadora Dom\u00e9stica Red Line 250 Rojo"},"content":{"rendered":"<p><strong>V\u00eddeo:<\/strong>\u00a0<a href=\"https:\/\/www.youtube.com\/watch?time_continue=5&amp;v=5qQWViCkaUQ&amp;feature=emb_logo\">Red Line 250<\/a><\/p>\n<p><strong>LA TRADICI\u00d3N SE UNE A LA INNOVACI\u00d3N<\/strong><br \/>\nLa cortadora el\u00e9ctrica con la profesionalidad y calidad de Berkel, ahora con un dise\u00f1o innovador. Las dimensiones compactas, la facilidad de uso y las soluciones t\u00e9cnicas avanzadas garantizan un corte perfecto, todos los d\u00edas.<\/p>\n<p><strong>CARACTER\u00cdSTICAS<\/strong><\/p>\n<ul>\n<li>Espesor m\u00ednimo de la \u00faltima rebanada para minimizar el desperdicio de producto<\/li>\n<li>Pomo de apertura de la cuchilla con 14 ajustes milim\u00e9tricos progresivos para un ajuste perfecto<\/li>\n<li>Plano inclinado que aprovecha la gravedad para un corte m\u00e1s preciso y sin esfuerzo<\/li>\n<li>Cuchilla de acero cromado con perfil profesional: reduce el desperdicio y garantiza cortes uniformes<\/li>\n<li>Motor profesional de 0,25 CV (0,42 CV en la versi\u00f3n 300) para un excelente rendimiento de corte<\/li>\n<li>Protecci\u00f3n de acero para facilitar la liberaci\u00f3n de la rodaja<\/li>\n<li>Estructura de la caja en aleaci\u00f3n especial de aluminio y pies de goma para una m\u00e1xima estabilidad durante el uso<\/li>\n<li>Panel de control totalmente sellado IP65<\/li>\n<li>Afilador integrado con sistema de afilado de movimiento independiente para una m\u00e1xima precisi\u00f3n<\/li>\n<\/ul>\n<p><strong>LIMPIEZA E HIGIENE<\/strong><\/p>\n<ul>\n<li>Carcasa de fundici\u00f3n de una sola pieza sin huecos<\/li>\n<li>Protector de cuchilla de aluminio de calidad alimentaria con extracci\u00f3n r\u00e1pida para facilitar la limpieza de la cuchilla<\/li>\n<li>Placa profesional con sistema de liberaci\u00f3n r\u00e1pida para la limpieza r\u00e1pida del cuerpo<\/li>\n<li>Amplio espacio para la limpieza<\/li>\n<\/ul>\n<p><strong>SEGURIDAD<\/strong><\/p>\n<ul>\n<li>Panel de control profesional con interruptores ON\/OFF iluminados por LEDs de alta visibilidad<\/li>\n<li>Anillo de protecci\u00f3n de la hoja de aluminio de calidad alimentaria para mayor seguridad<\/li>\n<li>Controles ergon\u00f3micos en una posici\u00f3n f\u00e1cil para minimizar el esfuerzo del operador<\/li>\n<li>Cierre total de la vela para una m\u00e1xima seguridad durante las operaciones de limpieza y presencia de bloqueo CE para evitar su apertura una vez retirada la placa<\/li>\n<li>Empujador de aluminio con puntas de acero y sistema de estacionamiento con enclavamiento para evitar la liberaci\u00f3n accidental<\/li>\n<li>Desconexi\u00f3n autom\u00e1tica de la m\u00e1quina en caso de fallo de alimentaci\u00f3n<\/li>\n<\/ul>\n<p><strong>CARACTER\u00cdSTICAS T\u00c9CNICAS<\/strong><br \/>\n<strong>Peso:<\/strong> 22 kg<br \/>\n<strong>Altura:<\/strong> 42 cm<br \/>\n<strong>Profundidad:<\/strong> 51,5 cm<br \/>\n<strong>Anchura:<\/strong> 50,5 cm<br \/>\n<strong>Di\u00e1metro de la hoja:<\/strong> 25 cm<br \/>\n<strong>Enchufe:<\/strong> El cable se suministra con enchufe de la UE<br \/>\n<strong>Especificaciones el\u00e9ctricas:<\/strong> 230 V 50 Hz<br \/>\n<strong>Potencia del motor:<\/strong> 0,19 kW<br \/>\n<strong>Espesor de corte:<\/strong> 0 &#8211; 14 mm<br \/>\n<strong>Capacidad de corte (circular):<\/strong> 178 mm<br \/>\n<strong>Capacidad de corte (rectangular):<\/strong> 185X175 mm<br \/>\n<strong>Detalles:<\/strong> Cuchilla basculante 20\u00b0.<br \/>\n<strong>Piezas desmontables:<\/strong> Disco protector de la cuchilla, soporte de la cuchilla, deflector de aletas<br \/>\n<strong>Afilador:<\/strong> incluido, con dos movimientos<br \/>\n<strong>Extractor de cuchillas:<\/strong> Espacios amplios de limpieza: no es necesario<\/p>\n","protected":false},"excerpt":{"rendered":"<p>V\u00eddeo:\u00a0Red Line 250 LA TRADICI\u00d3N SE UNE A LA INNOVACI\u00d3N La cortadora el\u00e9ctrica con la profesionalidad y calidad de Berkel,<\/p>\n","protected":false},"featured_media":162079,"template":"","meta":{"_acf_changed":false,"inline_featured_image":false},"product_cat":[17345,16073],"product_tag":[23912,17292,17356,16307,17357],"acf":[],"yoast_head":"<!-- This site is optimized with the Yoast SEO Premium plugin v18.6 (Yoast SEO v19.13) - https:\/\/yoast.com\/wordpress\/plugins\/seo\/ -->\n<title>BERKEL Rebanadora Dom\u00e9stica Red Line 250 Rojo - Erresse Shop<\/title>\n<meta name=\"description\" content=\"V\u00eddeo:\u00a0Red Line 250 LA TRADICI\u00d3N SE UNE A LA INNOVACI\u00d3N La cortadora el\u00e9ctrica con la profesionalidad y calidad de Berkel, ahora con un dise\u00f1o innovador.\" \/>\n<meta name=\"robots\" content=\"index, follow, max-snippet:-1, max-image-preview:large, max-video-preview:-1\" \/>\n<link rel=\"canonical\" href=\"https:\/\/www.erresse-shop.it\/es\/shop\/pequenos-electrodomesticos\/cortadoras\/berkel-rebanadora-domestica-red-line-250-rojo\/\" \/>\n<meta property=\"og:locale\" content=\"es_ES\" \/>\n<meta property=\"og:type\" content=\"article\" \/>\n<meta property=\"og:title\" content=\"BERKEL Rebanadora Dom\u00e9stica Red Line 250 Rojo\" \/>\n<meta property=\"og:description\" content=\"V\u00eddeo:\u00a0Red Line 250 LA TRADICI\u00d3N SE UNE A LA INNOVACI\u00d3N La cortadora el\u00e9ctrica con la profesionalidad y calidad de Berkel, ahora con un dise\u00f1o innovador.\" \/>\n<meta property=\"og:url\" content=\"https:\/\/www.erresse-shop.it\/es\/shop\/pequenos-electrodomesticos\/cortadoras\/berkel-rebanadora-domestica-red-line-250-rojo\/\" \/>\n<meta property=\"og:site_name\" content=\"Erresse Shop\" \/>\n<meta property=\"article:modified_time\" content=\"2024-05-27T00:00:31+00:00\" \/>\n<meta property=\"og:image\" content=\"https:\/\/www.erresse-shop.it\/wp-content\/uploads\/2021\/11\/BERKEL-Affettatrice-Domestica-Red-Line-250-Rosso-1.jpg\" \/>\n\t<meta property=\"og:image:width\" content=\"800\" \/>\n\t<meta property=\"og:image:height\" content=\"800\" \/>\n\t<meta property=\"og:image:type\" content=\"image\/jpeg\" \/>\n<meta name=\"twitter:card\" content=\"summary_large_image\" \/>\n<script type=\"application\/ld+json\" class=\"yoast-schema-graph\">{\"@context\":\"https:\/\/schema.org\",\"@graph\":[{\"@type\":\"WebPage\",\"@id\":\"https:\/\/www.erresse-shop.it\/es\/shop\/pequenos-electrodomesticos\/cortadoras\/berkel-rebanadora-domestica-red-line-250-rojo\/\",\"url\":\"https:\/\/www.erresse-shop.it\/es\/shop\/pequenos-electrodomesticos\/cortadoras\/berkel-rebanadora-domestica-red-line-250-rojo\/\",\"name\":\"BERKEL Rebanadora Dom\u00e9stica Red Line 250 Rojo - Erresse Shop\",\"isPartOf\":{\"@id\":\"https:\/\/www.erresse-shop.it\/es\/#website\"},\"datePublished\":\"2021-11-08T10:37:40+00:00\",\"dateModified\":\"2024-05-27T00:00:31+00:00\",\"description\":\"V\u00eddeo:\u00a0Red Line 250 LA TRADICI\u00d3N SE UNE A LA INNOVACI\u00d3N La cortadora el\u00e9ctrica con la profesionalidad y calidad de Berkel, ahora con un dise\u00f1o innovador.\",\"breadcrumb\":{\"@id\":\"https:\/\/www.erresse-shop.it\/es\/shop\/pequenos-electrodomesticos\/cortadoras\/berkel-rebanadora-domestica-red-line-250-rojo\/#breadcrumb\"},\"inLanguage\":\"es\",\"potentialAction\":[{\"@type\":\"ReadAction\",\"target\":[\"https:\/\/www.erresse-shop.it\/es\/shop\/pequenos-electrodomesticos\/cortadoras\/berkel-rebanadora-domestica-red-line-250-rojo\/\"]}]},{\"@type\":\"BreadcrumbList\",\"@id\":\"https:\/\/www.erresse-shop.it\/es\/shop\/pequenos-electrodomesticos\/cortadoras\/berkel-rebanadora-domestica-red-line-250-rojo\/#breadcrumb\",\"itemListElement\":[{\"@type\":\"ListItem\",\"position\":1,\"name\":\"Home\",\"item\":\"https:\/\/www.erresse-shop.it\/es\/\"},{\"@type\":\"ListItem\",\"position\":2,\"name\":\"Shop\",\"item\":\"https:\/\/www.erresse-shop.it\/es\/shop\/\"},{\"@type\":\"ListItem\",\"position\":3,\"name\":\"BERKEL Rebanadora Dom\u00e9stica Red Line 250 Rojo\"}]},{\"@type\":\"WebSite\",\"@id\":\"https:\/\/www.erresse-shop.it\/es\/#website\",\"url\":\"https:\/\/www.erresse-shop.it\/es\/\",\"name\":\"Erresse Shop\",\"description\":\"Articoli di qualit\u00e0 per la casa\",\"potentialAction\":[{\"@type\":\"SearchAction\",\"target\":{\"@type\":\"EntryPoint\",\"urlTemplate\":\"https:\/\/www.erresse-shop.it\/es\/?s={search_term_string}\"},\"query-input\":\"required name=search_term_string\"}],\"inLanguage\":\"es\"}]}<\/script>\n<!-- \/ Yoast SEO Premium plugin. -->","yoast_head_json":{"title":"BERKEL Rebanadora Dom\u00e9stica Red Line 250 Rojo - Erresse Shop","description":"V\u00eddeo:\u00a0Red Line 250 LA TRADICI\u00d3N SE UNE A LA INNOVACI\u00d3N La cortadora el\u00e9ctrica con la profesionalidad y calidad de Berkel, ahora con un dise\u00f1o innovador.","robots":{"index":"index","follow":"follow","max-snippet":"max-snippet:-1","max-image-preview":"max-image-preview:large","max-video-preview":"max-video-preview:-1"},"canonical":"https:\/\/www.erresse-shop.it\/es\/shop\/pequenos-electrodomesticos\/cortadoras\/berkel-rebanadora-domestica-red-line-250-rojo\/","og_locale":"es_ES","og_type":"article","og_title":"BERKEL Rebanadora Dom\u00e9stica Red Line 250 Rojo","og_description":"V\u00eddeo:\u00a0Red Line 250 LA TRADICI\u00d3N SE UNE A LA INNOVACI\u00d3N La cortadora el\u00e9ctrica con la profesionalidad y calidad de Berkel, ahora con un dise\u00f1o innovador.","og_url":"https:\/\/www.erresse-shop.it\/es\/shop\/pequenos-electrodomesticos\/cortadoras\/berkel-rebanadora-domestica-red-line-250-rojo\/","og_site_name":"Erresse Shop","article_modified_time":"2024-05-27T00:00:31+00:00","og_image":[{"width":800,"height":800,"url":"https:\/\/www.erresse-shop.it\/wp-content\/uploads\/2021\/11\/BERKEL-Affettatrice-Domestica-Red-Line-250-Rosso-1.jpg","type":"image\/jpeg"}],"twitter_card":"summary_large_image","schema":{"@context":"https:\/\/schema.org","@graph":[{"@type":"WebPage","@id":"https:\/\/www.erresse-shop.it\/es\/shop\/pequenos-electrodomesticos\/cortadoras\/berkel-rebanadora-domestica-red-line-250-rojo\/","url":"https:\/\/www.erresse-shop.it\/es\/shop\/pequenos-electrodomesticos\/cortadoras\/berkel-rebanadora-domestica-red-line-250-rojo\/","name":"BERKEL Rebanadora Dom\u00e9stica Red Line 250 Rojo - Erresse Shop","isPartOf":{"@id":"https:\/\/www.erresse-shop.it\/es\/#website"},"datePublished":"2021-11-08T10:37:40+00:00","dateModified":"2024-05-27T00:00:31+00:00","description":"V\u00eddeo:\u00a0Red Line 250 LA TRADICI\u00d3N SE UNE A LA INNOVACI\u00d3N La cortadora el\u00e9ctrica con la profesionalidad y calidad de Berkel, ahora con un dise\u00f1o innovador.","breadcrumb":{"@id":"https:\/\/www.erresse-shop.it\/es\/shop\/pequenos-electrodomesticos\/cortadoras\/berkel-rebanadora-domestica-red-line-250-rojo\/#breadcrumb"},"inLanguage":"es","potentialAction":[{"@type":"ReadAction","target":["https:\/\/www.erresse-shop.it\/es\/shop\/pequenos-electrodomesticos\/cortadoras\/berkel-rebanadora-domestica-red-line-250-rojo\/"]}]},{"@type":"BreadcrumbList","@id":"https:\/\/www.erresse-shop.it\/es\/shop\/pequenos-electrodomesticos\/cortadoras\/berkel-rebanadora-domestica-red-line-250-rojo\/#breadcrumb","itemListElement":[{"@type":"ListItem","position":1,"name":"Home","item":"https:\/\/www.erresse-shop.it\/es\/"},{"@type":"ListItem","position":2,"name":"Shop","item":"https:\/\/www.erresse-shop.it\/es\/shop\/"},{"@type":"ListItem","position":3,"name":"BERKEL Rebanadora Dom\u00e9stica Red Line 250 Rojo"}]},{"@type":"WebSite","@id":"https:\/\/www.erresse-shop.it\/es\/#website","url":"https:\/\/www.erresse-shop.it\/es\/","name":"Erresse Shop","description":"Articoli di qualit\u00e0 per la casa","potentialAction":[{"@type":"SearchAction","target":{"@type":"EntryPoint","urlTemplate":"https:\/\/www.erresse-shop.it\/es\/?s={search_term_string}"},"query-input":"required name=search_term_string"}],"inLanguage":"es"}]}},"df_price":549.5,"df_sale_price":549.5,"df_regular_price":1099,"df_image_link":"https:\/\/www.erresse-shop.it\/wp-content\/uploads\/2021\/11\/BERKEL-Affettatrice-Domestica-Red-Line-250-Rosso-1-300x300.jpg","_links":{"self":[{"href":"https:\/\/www.erresse-shop.it\/es\/wp-json\/wp\/v2\/product\/127383"}],"collection":[{"href":"https:\/\/www.erresse-shop.it\/es\/wp-json\/wp\/v2\/product"}],"about":[{"href":"https:\/\/www.erresse-shop.it\/es\/wp-json\/wp\/v2\/types\/product"}],"wp:featuredmedia":[{"embeddable":true,"href":"https:\/\/www.erresse-shop.it\/es\/wp-json\/wp\/v2\/media\/162079"}],"wp:attachment":[{"href":"https:\/\/www.erresse-shop.it\/es\/wp-json\/wp\/v2\/media?parent=127383"}],"wp:term":[{"taxonomy":"product_cat","embeddable":true,"href":"https:\/\/www.erresse-shop.it\/es\/wp-json\/wp\/v2\/product_cat?post=127383"},{"taxonomy":"product_tag","embeddable":true,"href":"https:\/\/www.erresse-shop.it\/es\/wp-json\/wp\/v2\/product_tag?post=127383"}],"curies":[{"name":"wp","href":"https:\/\/api.w.org\/{rel}","templated":true}]}}