{"id":127358,"date":"2021-11-08T10:02:04","date_gmt":"2021-11-08T10:02:07","guid":{"rendered":"https:\/\/www.erresse-shop.it\/?post_type=product&#038;p=127358"},"modified":"2023-09-25T12:15:14","modified_gmt":"2023-09-25T12:15:14","slug":"berkel-acero-para-afilar-elegance-20-cm-rojo","status":"publish","type":"product","link":"https:\/\/www.erresse-shop.it\/es\/shop\/cocina\/cuchillos\/cuchillos-de-cocina\/berkel-acero-para-afilar-elegance-20-cm-rojo\/","title":{"rendered":"BERKEL Acero para Afilar Elegance 20 cm Rojo"},"content":{"rendered":"<p><strong>ACERO PARA AFILAR MANUAL<\/strong><br \/>\nBerkel ha desarrollado una herramienta indispensable para el afilado dom\u00e9stico de cuchillos peque\u00f1os y grandes. Siga cuidadosamente las instrucciones para renovar el borde de forma \u00f3ptima.<\/p>\n<ul>\n<li>Hoja de acero al cromo-molibdeno-vanadio de alta calidad 1.4116-X50 Cr Mo V15<\/li>\n<li>Cuchilla galvanizada de chapa de 3 mm de espesor<\/li>\n<li>Mango moldeado en resina de acetilo, lo que le da un aspecto brillante<\/li>\n<li>Virola de acero para garantizar la m\u00e1xima adherencia entre la hoja y el mango y un perfecto equilibrio del cuchillo durante su uso<\/li>\n<li>Logotipo de Berkel grabado en la hoja<\/li>\n<li>Logotipo dorado en el mango con el reconocible dise\u00f1o de Berkel<\/li>\n<\/ul>\n<p><strong>CARACTER\u00cdSTICAS<\/strong><br \/>\n<strong>Peso:<\/strong> 319 gr.<br \/>\n<strong>Tama\u00f1o de la hoja:<\/strong> 20 cm<br \/>\n<strong>Longitud total:<\/strong> 34 cm<br \/>\n<strong>Material de la hoja:<\/strong> Forjada en acero inoxidable 1.4116-X50 Cr Mo V15; Dureza despu\u00e9s del T.T: 59 HRC; Certificado Catra: Muy bueno<br \/>\n<strong>Mango:<\/strong> resina acet\u00e1lica<br \/>\n<strong>Uso y mantenimiento:<\/strong> Recomendamos encarecidamente el lavado manual en agua caliente para garantizar la integridad y la durabilidad del producto. En cualquier caso, se aconseja secar el cuchillo despu\u00e9s de cada lavado. No utilice tejidos o esponjas abrasivas.<\/p>\n","protected":false},"excerpt":{"rendered":"<p>ACERO PARA AFILAR MANUAL Berkel ha desarrollado una herramienta indispensable para el afilado dom\u00e9stico de cuchillos peque\u00f1os y grandes. Siga<\/p>\n","protected":false},"featured_media":127367,"template":"","meta":{"_acf_changed":false,"inline_featured_image":false},"product_cat":[16040,16043,16047],"product_tag":[17334,16432,17331,23662,17292,24405,16307,21823],"acf":[],"yoast_head":"<!-- This site is optimized with the Yoast SEO Premium plugin v18.6 (Yoast SEO v19.13) - https:\/\/yoast.com\/wordpress\/plugins\/seo\/ -->\n<title>BERKEL Acero para Afilar Elegance 20 cm Rojo - Erresse Shop<\/title>\n<meta name=\"description\" content=\"ACERO PARA AFILAR MANUAL Berkel ha desarrollado una herramienta indispensable para el afilado dom\u00e9stico de cuchillos peque\u00f1os y grandes. Siga\" \/>\n<meta name=\"robots\" content=\"index, follow, max-snippet:-1, max-image-preview:large, max-video-preview:-1\" \/>\n<link rel=\"canonical\" href=\"https:\/\/www.erresse-shop.it\/es\/shop\/cocina\/cuchillos\/cuchillos-de-cocina\/berkel-acero-para-afilar-elegance-20-cm-rojo\/\" \/>\n<meta property=\"og:locale\" content=\"es_ES\" \/>\n<meta property=\"og:type\" content=\"article\" \/>\n<meta property=\"og:title\" content=\"BERKEL Acero para Afilar Elegance 20 cm Rojo\" \/>\n<meta property=\"og:description\" content=\"ACERO PARA AFILAR MANUAL Berkel ha desarrollado una herramienta indispensable para el afilado dom\u00e9stico de cuchillos peque\u00f1os y grandes. Siga\" \/>\n<meta property=\"og:url\" content=\"https:\/\/www.erresse-shop.it\/es\/shop\/cocina\/cuchillos\/cuchillos-de-cocina\/berkel-acero-para-afilar-elegance-20-cm-rojo\/\" \/>\n<meta property=\"og:site_name\" content=\"Erresse Shop\" \/>\n<meta property=\"article:modified_time\" content=\"2023-09-25T12:15:14+00:00\" \/>\n<meta property=\"og:image\" content=\"https:\/\/www.erresse-shop.it\/wp-content\/uploads\/2021\/11\/BERKEL-Acciaino-Elegance-Rosso.jpg\" \/>\n\t<meta property=\"og:image:width\" content=\"1000\" \/>\n\t<meta property=\"og:image:height\" content=\"1000\" \/>\n\t<meta property=\"og:image:type\" content=\"image\/jpeg\" \/>\n<meta name=\"twitter:card\" content=\"summary_large_image\" \/>\n<script type=\"application\/ld+json\" class=\"yoast-schema-graph\">{\"@context\":\"https:\/\/schema.org\",\"@graph\":[{\"@type\":\"WebPage\",\"@id\":\"https:\/\/www.erresse-shop.it\/es\/shop\/cocina\/cuchillos\/cuchillos-de-cocina\/berkel-acero-para-afilar-elegance-20-cm-rojo\/\",\"url\":\"https:\/\/www.erresse-shop.it\/es\/shop\/cocina\/cuchillos\/cuchillos-de-cocina\/berkel-acero-para-afilar-elegance-20-cm-rojo\/\",\"name\":\"BERKEL Acero para Afilar Elegance 20 cm Rojo - Erresse Shop\",\"isPartOf\":{\"@id\":\"https:\/\/www.erresse-shop.it\/es\/#website\"},\"datePublished\":\"2021-11-08T10:02:07+00:00\",\"dateModified\":\"2023-09-25T12:15:14+00:00\",\"description\":\"ACERO PARA AFILAR MANUAL Berkel ha desarrollado una herramienta indispensable para el afilado dom\u00e9stico de cuchillos peque\u00f1os y grandes. Siga\",\"breadcrumb\":{\"@id\":\"https:\/\/www.erresse-shop.it\/es\/shop\/cocina\/cuchillos\/cuchillos-de-cocina\/berkel-acero-para-afilar-elegance-20-cm-rojo\/#breadcrumb\"},\"inLanguage\":\"es\",\"potentialAction\":[{\"@type\":\"ReadAction\",\"target\":[\"https:\/\/www.erresse-shop.it\/es\/shop\/cocina\/cuchillos\/cuchillos-de-cocina\/berkel-acero-para-afilar-elegance-20-cm-rojo\/\"]}]},{\"@type\":\"BreadcrumbList\",\"@id\":\"https:\/\/www.erresse-shop.it\/es\/shop\/cocina\/cuchillos\/cuchillos-de-cocina\/berkel-acero-para-afilar-elegance-20-cm-rojo\/#breadcrumb\",\"itemListElement\":[{\"@type\":\"ListItem\",\"position\":1,\"name\":\"Home\",\"item\":\"https:\/\/www.erresse-shop.it\/es\/\"},{\"@type\":\"ListItem\",\"position\":2,\"name\":\"Shop\",\"item\":\"https:\/\/www.erresse-shop.it\/es\/shop\/\"},{\"@type\":\"ListItem\",\"position\":3,\"name\":\"BERKEL Acero para Afilar Elegance 20 cm Rojo\"}]},{\"@type\":\"WebSite\",\"@id\":\"https:\/\/www.erresse-shop.it\/es\/#website\",\"url\":\"https:\/\/www.erresse-shop.it\/es\/\",\"name\":\"Erresse Shop\",\"description\":\"Articoli di qualit\u00e0 per la casa\",\"potentialAction\":[{\"@type\":\"SearchAction\",\"target\":{\"@type\":\"EntryPoint\",\"urlTemplate\":\"https:\/\/www.erresse-shop.it\/es\/?s={search_term_string}\"},\"query-input\":\"required name=search_term_string\"}],\"inLanguage\":\"es\"}]}<\/script>\n<!-- \/ Yoast SEO Premium plugin. -->","yoast_head_json":{"title":"BERKEL Acero para Afilar Elegance 20 cm Rojo - Erresse Shop","description":"ACERO PARA AFILAR MANUAL Berkel ha desarrollado una herramienta indispensable para el afilado dom\u00e9stico de cuchillos peque\u00f1os y grandes. Siga","robots":{"index":"index","follow":"follow","max-snippet":"max-snippet:-1","max-image-preview":"max-image-preview:large","max-video-preview":"max-video-preview:-1"},"canonical":"https:\/\/www.erresse-shop.it\/es\/shop\/cocina\/cuchillos\/cuchillos-de-cocina\/berkel-acero-para-afilar-elegance-20-cm-rojo\/","og_locale":"es_ES","og_type":"article","og_title":"BERKEL Acero para Afilar Elegance 20 cm Rojo","og_description":"ACERO PARA AFILAR MANUAL Berkel ha desarrollado una herramienta indispensable para el afilado dom\u00e9stico de cuchillos peque\u00f1os y grandes. Siga","og_url":"https:\/\/www.erresse-shop.it\/es\/shop\/cocina\/cuchillos\/cuchillos-de-cocina\/berkel-acero-para-afilar-elegance-20-cm-rojo\/","og_site_name":"Erresse Shop","article_modified_time":"2023-09-25T12:15:14+00:00","og_image":[{"width":1000,"height":1000,"url":"https:\/\/www.erresse-shop.it\/wp-content\/uploads\/2021\/11\/BERKEL-Acciaino-Elegance-Rosso.jpg","type":"image\/jpeg"}],"twitter_card":"summary_large_image","schema":{"@context":"https:\/\/schema.org","@graph":[{"@type":"WebPage","@id":"https:\/\/www.erresse-shop.it\/es\/shop\/cocina\/cuchillos\/cuchillos-de-cocina\/berkel-acero-para-afilar-elegance-20-cm-rojo\/","url":"https:\/\/www.erresse-shop.it\/es\/shop\/cocina\/cuchillos\/cuchillos-de-cocina\/berkel-acero-para-afilar-elegance-20-cm-rojo\/","name":"BERKEL Acero para Afilar Elegance 20 cm Rojo - Erresse Shop","isPartOf":{"@id":"https:\/\/www.erresse-shop.it\/es\/#website"},"datePublished":"2021-11-08T10:02:07+00:00","dateModified":"2023-09-25T12:15:14+00:00","description":"ACERO PARA AFILAR MANUAL Berkel ha desarrollado una herramienta indispensable para el afilado dom\u00e9stico de cuchillos peque\u00f1os y grandes. Siga","breadcrumb":{"@id":"https:\/\/www.erresse-shop.it\/es\/shop\/cocina\/cuchillos\/cuchillos-de-cocina\/berkel-acero-para-afilar-elegance-20-cm-rojo\/#breadcrumb"},"inLanguage":"es","potentialAction":[{"@type":"ReadAction","target":["https:\/\/www.erresse-shop.it\/es\/shop\/cocina\/cuchillos\/cuchillos-de-cocina\/berkel-acero-para-afilar-elegance-20-cm-rojo\/"]}]},{"@type":"BreadcrumbList","@id":"https:\/\/www.erresse-shop.it\/es\/shop\/cocina\/cuchillos\/cuchillos-de-cocina\/berkel-acero-para-afilar-elegance-20-cm-rojo\/#breadcrumb","itemListElement":[{"@type":"ListItem","position":1,"name":"Home","item":"https:\/\/www.erresse-shop.it\/es\/"},{"@type":"ListItem","position":2,"name":"Shop","item":"https:\/\/www.erresse-shop.it\/es\/shop\/"},{"@type":"ListItem","position":3,"name":"BERKEL Acero para Afilar Elegance 20 cm Rojo"}]},{"@type":"WebSite","@id":"https:\/\/www.erresse-shop.it\/es\/#website","url":"https:\/\/www.erresse-shop.it\/es\/","name":"Erresse Shop","description":"Articoli di qualit\u00e0 per la casa","potentialAction":[{"@type":"SearchAction","target":{"@type":"EntryPoint","urlTemplate":"https:\/\/www.erresse-shop.it\/es\/?s={search_term_string}"},"query-input":"required name=search_term_string"}],"inLanguage":"es"}]}},"df_price":59.5,"df_sale_price":59.5,"df_regular_price":119,"df_image_link":"https:\/\/www.erresse-shop.it\/wp-content\/uploads\/2021\/11\/BERKEL-Acciaino-Elegance-Rosso-300x300.jpg","_links":{"self":[{"href":"https:\/\/www.erresse-shop.it\/es\/wp-json\/wp\/v2\/product\/127358"}],"collection":[{"href":"https:\/\/www.erresse-shop.it\/es\/wp-json\/wp\/v2\/product"}],"about":[{"href":"https:\/\/www.erresse-shop.it\/es\/wp-json\/wp\/v2\/types\/product"}],"wp:featuredmedia":[{"embeddable":true,"href":"https:\/\/www.erresse-shop.it\/es\/wp-json\/wp\/v2\/media\/127367"}],"wp:attachment":[{"href":"https:\/\/www.erresse-shop.it\/es\/wp-json\/wp\/v2\/media?parent=127358"}],"wp:term":[{"taxonomy":"product_cat","embeddable":true,"href":"https:\/\/www.erresse-shop.it\/es\/wp-json\/wp\/v2\/product_cat?post=127358"},{"taxonomy":"product_tag","embeddable":true,"href":"https:\/\/www.erresse-shop.it\/es\/wp-json\/wp\/v2\/product_tag?post=127358"}],"curies":[{"name":"wp","href":"https:\/\/api.w.org\/{rel}","templated":true}]}}