{"id":127102,"date":"2021-11-05T11:13:25","date_gmt":"2021-11-05T11:13:25","guid":{"rendered":"https:\/\/www.erresse-shop.it\/shop\/sin%20categor\u00eda\/wmf-juego-de-4-piezas-function-4\/"},"modified":"2023-06-16T14:30:47","modified_gmt":"2023-06-16T14:30:47","slug":"wmf-juego-de-4-piezas-function-4","status":"publish","type":"product","link":"https:\/\/www.erresse-shop.it\/es\/shop\/sartenes-y-ollas\/ollas-y-cacerolas\/wmf-juego-de-4-piezas-function-4\/","title":{"rendered":"WMF Function 4 Juego de 5 piezas"},"content":{"rendered":"<p>Para comidas excepcionales llenas de sabor, la bater\u00eda de cocina <strong>Function<\/strong> <strong>4<\/strong> de <strong>WMF<\/strong> nunca falla. Los deliciosos caldos, sopas y estofados, as\u00ed como las patatas y las verduras m\u00e1s grandes, como la coliflor, tienen espacio de sobra para hervir, cocer y escaldar. Esta excepcional bater\u00eda de cocina de acero inoxidable incluye una cacerola y ollas para guisar en tres tama\u00f1os diferentes, ideales para cualquier ocasi\u00f3n, desde peque\u00f1as cenas hasta ocasiones festivas. El dise\u00f1o especial, con pitorro incluido, se combina con la vers\u00e1til tapa multiusos -con distintas posiciones para recetas con poca agua, para verter por completo o escurrir pasta y arroz- para ofrecer el formato ideal y una gran variedad de comidas familiares, como asados, pasta bolo\u00f1esa cocinada a fuego lento y mucho m\u00e1s. Nuestros utensilios de cocina de primera calidad presumen de una durabilidad excepcional, fabricados de forma experta con acero inoxidable Cromargan\u00ae 18\/10 de alta calidad, lo que garantiza un sabor pleno y una est\u00e9tica elegante que nunca deja de impresionar.<\/p>\n<ul>\n<li><strong>Dise\u00f1o multifuncional para cocinar c\u00f3modamente<\/strong><br \/>\n1 tapa, 4 posiciones para 4 funciones: cerrada para cocinar con poca agua, abierta para escurrir completamente los l\u00edquidos, orificio grande para escurrir la pasta y orificio peque\u00f1o para escurrir el arroz.<\/li>\n<li><strong>Asas con transferencia de calor reducida<\/strong><br \/>\nEl dise\u00f1o hueco reduce la transferencia de calor de la sart\u00e9n al mango, dejando este \u00faltimo m\u00e1s fr\u00edo al tacto.** **No aplicable cuando se utiliza en el horno<\/li>\n<li><strong>Escala graduada interna<\/strong><br \/>\nUna escala graduada interna hace que medir l\u00edquidos sea f\u00e1cil y preciso.<\/li>\n<li><strong>Borde vertedor<\/strong><br \/>\nEl amplio borde de vertido garantiza un vertido m\u00e1s f\u00e1cil y sin goteos, para servir sin esfuerzo y cocinar siempre impecable.<\/li>\n<li><strong>Fondo universal TransThern<\/strong><br \/>\nEl fondo universal TransTherm\u00ae ahorra energ\u00eda durante la cocci\u00f3n gracias a la \u00f3ptima distribuci\u00f3n y conservaci\u00f3n del calor.<br \/>\nCompatible con todas las placas, incluida la inducci\u00f3n.<\/li>\n<li><strong>Cromargan<\/strong><br \/>\nFabricado en robusto y elegante acero inoxidable Cromargan\u00ae 18\/10, para un producto excepcionalmente duradero, higi\u00e9nico y apto para el lavavajillas.<\/li>\n<li><strong>Extremadamente duradero<\/strong><br \/>\nLa calidad extra duradera, el material grueso y la mano de obra robusta y meticulosa garantizan que la forma se mantenga con el paso del tiempo.<\/li>\n<\/ul>\n<p>El juego se compone de:<\/p>\n<ul>\n<li>Cacerola \u2300 20 cm<\/li>\n<li>Olla \u2300 16\/20\/24 cm<\/li>\n<li>Cazuela \u2300 16 cm<\/li>\n<\/ul>\n","protected":false},"excerpt":{"rendered":"<p>Para comidas excepcionales llenas de sabor, la bater\u00eda de cocina Function 4 de WMF nunca falla. Los deliciosos caldos, sopas<\/p>\n","protected":false},"featured_media":281785,"template":"","meta":{"_acf_changed":false,"inline_featured_image":false},"product_cat":[16067,16058],"product_tag":[19361,16111,23912,16137,16223,25023],"acf":[],"yoast_head":"<!-- This site is optimized with the Yoast SEO Premium plugin v18.6 (Yoast SEO v19.13) - https:\/\/yoast.com\/wordpress\/plugins\/seo\/ -->\n<title>WMF Function 4 Juego de 5 piezas - Erresse Shop<\/title>\n<meta name=\"description\" content=\"Para comidas excepcionales llenas de sabor, la bater\u00eda de cocina Function 4 de WMF nunca falla. Los deliciosos caldos, sopas y estofados, as\u00ed como las\" \/>\n<meta name=\"robots\" content=\"index, follow, max-snippet:-1, max-image-preview:large, max-video-preview:-1\" \/>\n<link rel=\"canonical\" href=\"https:\/\/www.erresse-shop.it\/es\/shop\/sartenes-y-ollas\/ollas-y-cacerolas\/wmf-juego-de-4-piezas-function-4\/\" \/>\n<meta property=\"og:locale\" content=\"es_ES\" \/>\n<meta property=\"og:type\" content=\"article\" \/>\n<meta property=\"og:title\" content=\"WMF Function 4 Juego de 5 piezas\" \/>\n<meta property=\"og:description\" content=\"Para comidas excepcionales llenas de sabor, la bater\u00eda de cocina Function 4 de WMF nunca falla. Los deliciosos caldos, sopas y estofados, as\u00ed como las\" \/>\n<meta property=\"og:url\" content=\"https:\/\/www.erresse-shop.it\/es\/shop\/sartenes-y-ollas\/ollas-y-cacerolas\/wmf-juego-de-4-piezas-function-4\/\" \/>\n<meta property=\"og:site_name\" content=\"Erresse Shop\" \/>\n<meta property=\"article:modified_time\" content=\"2023-06-16T14:30:47+00:00\" \/>\n<meta property=\"og:image\" content=\"https:\/\/www.erresse-shop.it\/wp-content\/uploads\/2021\/11\/WMF-Function-4-Set-5-pezzi.jpg\" \/>\n\t<meta property=\"og:image:width\" content=\"800\" \/>\n\t<meta property=\"og:image:height\" content=\"800\" \/>\n\t<meta property=\"og:image:type\" content=\"image\/jpeg\" \/>\n<meta name=\"twitter:card\" content=\"summary_large_image\" \/>\n<script type=\"application\/ld+json\" class=\"yoast-schema-graph\">{\"@context\":\"https:\/\/schema.org\",\"@graph\":[{\"@type\":\"WebPage\",\"@id\":\"https:\/\/www.erresse-shop.it\/es\/shop\/sartenes-y-ollas\/ollas-y-cacerolas\/wmf-juego-de-4-piezas-function-4\/\",\"url\":\"https:\/\/www.erresse-shop.it\/es\/shop\/sartenes-y-ollas\/ollas-y-cacerolas\/wmf-juego-de-4-piezas-function-4\/\",\"name\":\"WMF Function 4 Juego de 5 piezas - Erresse Shop\",\"isPartOf\":{\"@id\":\"https:\/\/www.erresse-shop.it\/es\/#website\"},\"datePublished\":\"2021-11-05T11:13:25+00:00\",\"dateModified\":\"2023-06-16T14:30:47+00:00\",\"description\":\"Para comidas excepcionales llenas de sabor, la bater\u00eda de cocina Function 4 de WMF nunca falla. Los deliciosos caldos, sopas y estofados, as\u00ed como las\",\"breadcrumb\":{\"@id\":\"https:\/\/www.erresse-shop.it\/es\/shop\/sartenes-y-ollas\/ollas-y-cacerolas\/wmf-juego-de-4-piezas-function-4\/#breadcrumb\"},\"inLanguage\":\"es\",\"potentialAction\":[{\"@type\":\"ReadAction\",\"target\":[\"https:\/\/www.erresse-shop.it\/es\/shop\/sartenes-y-ollas\/ollas-y-cacerolas\/wmf-juego-de-4-piezas-function-4\/\"]}]},{\"@type\":\"BreadcrumbList\",\"@id\":\"https:\/\/www.erresse-shop.it\/es\/shop\/sartenes-y-ollas\/ollas-y-cacerolas\/wmf-juego-de-4-piezas-function-4\/#breadcrumb\",\"itemListElement\":[{\"@type\":\"ListItem\",\"position\":1,\"name\":\"Home\",\"item\":\"https:\/\/www.erresse-shop.it\/es\/\"},{\"@type\":\"ListItem\",\"position\":2,\"name\":\"Shop\",\"item\":\"https:\/\/www.erresse-shop.it\/es\/shop\/\"},{\"@type\":\"ListItem\",\"position\":3,\"name\":\"WMF Function 4 Juego de 5 piezas\"}]},{\"@type\":\"WebSite\",\"@id\":\"https:\/\/www.erresse-shop.it\/es\/#website\",\"url\":\"https:\/\/www.erresse-shop.it\/es\/\",\"name\":\"Erresse Shop\",\"description\":\"Articoli di qualit\u00e0 per la casa\",\"potentialAction\":[{\"@type\":\"SearchAction\",\"target\":{\"@type\":\"EntryPoint\",\"urlTemplate\":\"https:\/\/www.erresse-shop.it\/es\/?s={search_term_string}\"},\"query-input\":\"required name=search_term_string\"}],\"inLanguage\":\"es\"}]}<\/script>\n<!-- \/ Yoast SEO Premium plugin. -->","yoast_head_json":{"title":"WMF Function 4 Juego de 5 piezas - Erresse Shop","description":"Para comidas excepcionales llenas de sabor, la bater\u00eda de cocina Function 4 de WMF nunca falla. Los deliciosos caldos, sopas y estofados, as\u00ed como las","robots":{"index":"index","follow":"follow","max-snippet":"max-snippet:-1","max-image-preview":"max-image-preview:large","max-video-preview":"max-video-preview:-1"},"canonical":"https:\/\/www.erresse-shop.it\/es\/shop\/sartenes-y-ollas\/ollas-y-cacerolas\/wmf-juego-de-4-piezas-function-4\/","og_locale":"es_ES","og_type":"article","og_title":"WMF Function 4 Juego de 5 piezas","og_description":"Para comidas excepcionales llenas de sabor, la bater\u00eda de cocina Function 4 de WMF nunca falla. Los deliciosos caldos, sopas y estofados, as\u00ed como las","og_url":"https:\/\/www.erresse-shop.it\/es\/shop\/sartenes-y-ollas\/ollas-y-cacerolas\/wmf-juego-de-4-piezas-function-4\/","og_site_name":"Erresse Shop","article_modified_time":"2023-06-16T14:30:47+00:00","og_image":[{"width":800,"height":800,"url":"https:\/\/www.erresse-shop.it\/wp-content\/uploads\/2021\/11\/WMF-Function-4-Set-5-pezzi.jpg","type":"image\/jpeg"}],"twitter_card":"summary_large_image","schema":{"@context":"https:\/\/schema.org","@graph":[{"@type":"WebPage","@id":"https:\/\/www.erresse-shop.it\/es\/shop\/sartenes-y-ollas\/ollas-y-cacerolas\/wmf-juego-de-4-piezas-function-4\/","url":"https:\/\/www.erresse-shop.it\/es\/shop\/sartenes-y-ollas\/ollas-y-cacerolas\/wmf-juego-de-4-piezas-function-4\/","name":"WMF Function 4 Juego de 5 piezas - Erresse Shop","isPartOf":{"@id":"https:\/\/www.erresse-shop.it\/es\/#website"},"datePublished":"2021-11-05T11:13:25+00:00","dateModified":"2023-06-16T14:30:47+00:00","description":"Para comidas excepcionales llenas de sabor, la bater\u00eda de cocina Function 4 de WMF nunca falla. Los deliciosos caldos, sopas y estofados, as\u00ed como las","breadcrumb":{"@id":"https:\/\/www.erresse-shop.it\/es\/shop\/sartenes-y-ollas\/ollas-y-cacerolas\/wmf-juego-de-4-piezas-function-4\/#breadcrumb"},"inLanguage":"es","potentialAction":[{"@type":"ReadAction","target":["https:\/\/www.erresse-shop.it\/es\/shop\/sartenes-y-ollas\/ollas-y-cacerolas\/wmf-juego-de-4-piezas-function-4\/"]}]},{"@type":"BreadcrumbList","@id":"https:\/\/www.erresse-shop.it\/es\/shop\/sartenes-y-ollas\/ollas-y-cacerolas\/wmf-juego-de-4-piezas-function-4\/#breadcrumb","itemListElement":[{"@type":"ListItem","position":1,"name":"Home","item":"https:\/\/www.erresse-shop.it\/es\/"},{"@type":"ListItem","position":2,"name":"Shop","item":"https:\/\/www.erresse-shop.it\/es\/shop\/"},{"@type":"ListItem","position":3,"name":"WMF Function 4 Juego de 5 piezas"}]},{"@type":"WebSite","@id":"https:\/\/www.erresse-shop.it\/es\/#website","url":"https:\/\/www.erresse-shop.it\/es\/","name":"Erresse Shop","description":"Articoli di qualit\u00e0 per la casa","potentialAction":[{"@type":"SearchAction","target":{"@type":"EntryPoint","urlTemplate":"https:\/\/www.erresse-shop.it\/es\/?s={search_term_string}"},"query-input":"required name=search_term_string"}],"inLanguage":"es"}]}},"df_price":365.4,"df_sale_price":365.4,"df_regular_price":580,"df_image_link":"https:\/\/www.erresse-shop.it\/wp-content\/uploads\/2021\/11\/WMF-Function-4-Set-5-pezzi-300x300.jpg","_links":{"self":[{"href":"https:\/\/www.erresse-shop.it\/es\/wp-json\/wp\/v2\/product\/127102"}],"collection":[{"href":"https:\/\/www.erresse-shop.it\/es\/wp-json\/wp\/v2\/product"}],"about":[{"href":"https:\/\/www.erresse-shop.it\/es\/wp-json\/wp\/v2\/types\/product"}],"wp:featuredmedia":[{"embeddable":true,"href":"https:\/\/www.erresse-shop.it\/es\/wp-json\/wp\/v2\/media\/281785"}],"wp:attachment":[{"href":"https:\/\/www.erresse-shop.it\/es\/wp-json\/wp\/v2\/media?parent=127102"}],"wp:term":[{"taxonomy":"product_cat","embeddable":true,"href":"https:\/\/www.erresse-shop.it\/es\/wp-json\/wp\/v2\/product_cat?post=127102"},{"taxonomy":"product_tag","embeddable":true,"href":"https:\/\/www.erresse-shop.it\/es\/wp-json\/wp\/v2\/product_tag?post=127102"}],"curies":[{"name":"wp","href":"https:\/\/api.w.org\/{rel}","templated":true}]}}