{"id":126991,"date":"2020-06-16T13:11:28","date_gmt":"2020-06-16T13:11:28","guid":{"rendered":"https:\/\/www.erresse-shop.it\/shop\/sin%20categor\u00eda\/le-creuset-parrilla-rectangular-con-mango-de-silicona-de-hierro-fundido-36-x-20-cm\/"},"modified":"2024-01-28T08:53:31","modified_gmt":"2024-01-28T08:53:31","slug":"le-creuset-parrilla-rectangular-con-mango-de-silicona-de-hierro-fundido-36-x-20-cm","status":"publish","type":"product","link":"https:\/\/www.erresse-shop.it\/es\/shop\/sartenes-y-ollas\/parrillas\/le-creuset-parrilla-rectangular-con-mango-de-silicona-de-hierro-fundido-36-x-20-cm\/","title":{"rendered":"LE CREUSET Parrilla rectangular con mango de silicona de hierro fundido 36 x 20 cm"},"content":{"rendered":"<p>Ternera, pollo, pescado\u2026 Esta vers\u00e1til parrilla te permite cocinar cualquier filete f\u00e1cilmente. La grasa se deposita en las ranuras para que puedas disfrutar del delicioso sabor de la comida sin descuidar tu salud. Adem\u00e1s, las ranuras de la base imprimen esas imprescindibles marcas tostadas en tu comida para que tus platos luzcan tan bien como saben.<\/p>\n<p><strong>Detalles del Producto<\/strong><br \/>\nIncre\u00edblemente pr\u00e1ctico: apto para el horno, los fogones, las placas de inducci\u00f3n y el grill.<\/p>\n<p>Comida exquisita: la estructura de hierro fundido conserva el calor para cocinar y dorar de manera uniforme. Tus deliciosas elaboraciones permanecer\u00e1n calientes en la mesa durante m\u00e1s tiempo.<\/p>\n<p>Por el mango: este recipiente incorpora un mango desmontable que te permite terminar de cocinar tus alimentos en el horno y mantenerlos a una temperatura \u00f3ptima.<\/p>\n<p>Ranuras: obt\u00e9n comida de aspecto delicioso con unas aut\u00e9nticas rayas tostadas.<\/p>\n<p>Vierte sin goteos: las boquillas laterales te permiten verter el contenido f\u00e1cilmente (y sin goteos).<\/p>\n<p>No al sobrecalentamiento: cocina a fuego medio o bajo constante para cuidar el hierro fundido y disfrutar de unos resultados deliciosos.<\/p>\n<p>Resiste bien el paso del tiempo: el esmalte interior desarrolla una p\u00e1tina natural que se comporta como una superficie antiadherente. Adem\u00e1s, su acabado tambi\u00e9n ofrece unas incre\u00edbles propiedades antiadherentes que requieren menos ali\u00f1os. Limpia el producto \u00fanicamente con agua y jab\u00f3n para que la p\u00e1tina pueda desarrollarse.<\/p>\n<p>Vierte sin goteos: la boquilla lateral te permite verter el contenido f\u00e1cilmente (y sin goteos).<\/p>\n<p>Los mejores de su categor\u00eda: nuestros productos se fabrican con los mejores materiales en instalaciones de todo el mundo para garantizar la calidad que esperas de Le Creuset.<\/p>\n<p><strong>Material:<\/strong> Hierro Fundido Esmaltado<br \/>\n<strong>Fabricado en:<\/strong> Francia<br \/>\n<strong>Garant\u00eda:<\/strong> Garant\u00eda de por Vida<\/p>\n<p><strong>Fuente de Calor<\/strong><br \/>\nParrilla<br \/>\nHorno<br \/>\nPlaca el\u00e9ctrica<br \/>\nVitrocer\u00e1mica<br \/>\nGas<br \/>\nPlaca de inducci\u00f3n<\/p>\n<p><strong>Dimensiones<\/strong><br \/>\nLongitud: 36.4 cm<br \/>\nAncho: 21.5 cm<br \/>\nAltura: 8 cm<br \/>\nProfundidad: 1.3 cm<\/p>\n<p><strong>Usos Y Cuidados<\/strong><br \/>\nCompatible con el congelador<\/p>\n<p>Lavaplatos<\/p>\n<p>\u00a1Disfruta desempaquetando tu nueva adquisici\u00f3n! (Y aseg\u00farate de retirar todas las etiquetas y envoltorios).<\/p>\n<p>Lava tu producto Le Creuset con agua caliente y jab\u00f3n, acl\u00e1ralo y s\u00e9calo bien.<\/p>\n<p>Prot\u00e9gete: usa guantes de horno siempre que manipules recipientes calientes.<\/p>\n<p>Te recomendamos utilizar herramientas de silicona, madera o pl\u00e1stico resistentes al calor de Le Creuset. NO utilices cuchillos ni utensilios met\u00e1licos, ya que podr\u00edan rayar y dejar marcas en la superficie esmaltada del producto.<\/p>\n<p>Usa el producto en el fog\u00f3n del tama\u00f1o m\u00e1s adecuado: la comida se cocinar\u00e1 de manera m\u00e1s uniforme y reducir\u00e1s el riesgo de da\u00f1ar las asas y los laterales. Esto es especialmente importante en el caso de placas de inducci\u00f3n: si utilizas un fog\u00f3n de tama\u00f1o inadecuado, existe el riesgo de que no \u201creconozca\u201d el producto.<\/p>\n<p>Cocinar a fuego medio o bajo te permite lograr los mejores resultados, incluso para fre\u00edr y marcar. Si quieres cocinar platos deliciosos de manera uniforme, deja que el recipiente se caliente gradualmente. Si necesitas utilizar fuego fuerte, disminuye la intensidad cuando alcances el calor deseado.<\/p>\n<p>Nunca deslices el producto sobre unos fogones\/una placa con cubierta de cristal, ya que podr\u00edas da\u00f1ar tanto el producto como el cristal. En su lugar, levanta siempre el producto para ponerlo y quitarlo o cambiarlo de lugar.<\/p>\n<p>Espera a que el producto se enfr\u00ede antes de comenzar a limpiarlo.<\/p>\n<p>Retira los restos de la base y los laterales del producto con un pa\u00f1o o servilleta. Si hay comida pegada, llena el producto con agua caliente y jab\u00f3n, deja que se reblandezca durante 15 o 20 minutos y, a continuaci\u00f3n, l\u00e1valo como de costumbre.<\/p>\n<p>No utilices agentes de limpieza abrasivos ni estropajos o escobillas met\u00e1licos sobre ninguna de las superficies.<\/p>\n<p>S\u00e9calo bien tras el lavado y gu\u00e1rdalo en un lugar seco.<\/p>\n","protected":false},"excerpt":{"rendered":"<p>Ternera, pollo, pescado\u2026 Esta vers\u00e1til parrilla te permite cocinar cualquier filete f\u00e1cilmente. La grasa se deposita en las ranuras para<\/p>\n","protected":false},"featured_media":497202,"template":"","meta":{"_acf_changed":false,"inline_featured_image":false},"product_cat":[16060,16058],"product_tag":[16343,16139,16248,16158,16170,16171,16654,16138,16168],"acf":[],"yoast_head":"<!-- This site is optimized with the Yoast SEO Premium plugin v18.6 (Yoast SEO v19.13) - https:\/\/yoast.com\/wordpress\/plugins\/seo\/ -->\n<title>LE CREUSET Parrilla rectangular con mango de silicona de hierro fundido 36 x 20 cm - Erresse Shop<\/title>\n<meta name=\"description\" content=\"Ternera, pollo, pescado\u2026 Esta vers\u00e1til parrilla te permite cocinar cualquier filete f\u00e1cilmente. La grasa se deposita en las ranuras para que puedas\" \/>\n<meta name=\"robots\" content=\"index, follow, max-snippet:-1, max-image-preview:large, max-video-preview:-1\" \/>\n<link rel=\"canonical\" href=\"https:\/\/www.erresse-shop.it\/es\/shop\/sartenes-y-ollas\/parrillas\/le-creuset-parrilla-rectangular-con-mango-de-silicona-de-hierro-fundido-36-x-20-cm\/\" \/>\n<meta property=\"og:locale\" content=\"es_ES\" \/>\n<meta property=\"og:type\" content=\"article\" \/>\n<meta property=\"og:title\" content=\"LE CREUSET Parrilla rectangular con mango de silicona de hierro fundido 36 x 20 cm\" \/>\n<meta property=\"og:description\" content=\"Ternera, pollo, pescado\u2026 Esta vers\u00e1til parrilla te permite cocinar cualquier filete f\u00e1cilmente. La grasa se deposita en las ranuras para que puedas\" \/>\n<meta property=\"og:url\" content=\"https:\/\/www.erresse-shop.it\/es\/shop\/sartenes-y-ollas\/parrillas\/le-creuset-parrilla-rectangular-con-mango-de-silicona-de-hierro-fundido-36-x-20-cm\/\" \/>\n<meta property=\"og:site_name\" content=\"Erresse Shop\" \/>\n<meta property=\"article:modified_time\" content=\"2024-01-28T08:53:31+00:00\" \/>\n<meta property=\"og:image\" content=\"https:\/\/www.erresse-shop.it\/wp-content\/uploads\/2020\/06\/LE-CREUSET-Bistecchiera-Rettangolare-con-Manico-Pieghevole-in-Silicone-36x20-cm.png\" \/>\n\t<meta property=\"og:image:width\" content=\"800\" \/>\n\t<meta property=\"og:image:height\" content=\"800\" \/>\n\t<meta property=\"og:image:type\" content=\"image\/png\" \/>\n<meta name=\"twitter:card\" content=\"summary_large_image\" \/>\n<script type=\"application\/ld+json\" class=\"yoast-schema-graph\">{\"@context\":\"https:\/\/schema.org\",\"@graph\":[{\"@type\":\"WebPage\",\"@id\":\"https:\/\/www.erresse-shop.it\/es\/shop\/sartenes-y-ollas\/parrillas\/le-creuset-parrilla-rectangular-con-mango-de-silicona-de-hierro-fundido-36-x-20-cm\/\",\"url\":\"https:\/\/www.erresse-shop.it\/es\/shop\/sartenes-y-ollas\/parrillas\/le-creuset-parrilla-rectangular-con-mango-de-silicona-de-hierro-fundido-36-x-20-cm\/\",\"name\":\"LE CREUSET Parrilla rectangular con mango de silicona de hierro fundido 36 x 20 cm - Erresse Shop\",\"isPartOf\":{\"@id\":\"https:\/\/www.erresse-shop.it\/es\/#website\"},\"datePublished\":\"2020-06-16T13:11:28+00:00\",\"dateModified\":\"2024-01-28T08:53:31+00:00\",\"description\":\"Ternera, pollo, pescado\u2026 Esta vers\u00e1til parrilla te permite cocinar cualquier filete f\u00e1cilmente. La grasa se deposita en las ranuras para que puedas\",\"breadcrumb\":{\"@id\":\"https:\/\/www.erresse-shop.it\/es\/shop\/sartenes-y-ollas\/parrillas\/le-creuset-parrilla-rectangular-con-mango-de-silicona-de-hierro-fundido-36-x-20-cm\/#breadcrumb\"},\"inLanguage\":\"es\",\"potentialAction\":[{\"@type\":\"ReadAction\",\"target\":[\"https:\/\/www.erresse-shop.it\/es\/shop\/sartenes-y-ollas\/parrillas\/le-creuset-parrilla-rectangular-con-mango-de-silicona-de-hierro-fundido-36-x-20-cm\/\"]}]},{\"@type\":\"BreadcrumbList\",\"@id\":\"https:\/\/www.erresse-shop.it\/es\/shop\/sartenes-y-ollas\/parrillas\/le-creuset-parrilla-rectangular-con-mango-de-silicona-de-hierro-fundido-36-x-20-cm\/#breadcrumb\",\"itemListElement\":[{\"@type\":\"ListItem\",\"position\":1,\"name\":\"Home\",\"item\":\"https:\/\/www.erresse-shop.it\/es\/\"},{\"@type\":\"ListItem\",\"position\":2,\"name\":\"Shop\",\"item\":\"https:\/\/www.erresse-shop.it\/es\/shop\/\"},{\"@type\":\"ListItem\",\"position\":3,\"name\":\"LE CREUSET Parrilla rectangular con mango de silicona de hierro fundido 36 x 20 cm\"}]},{\"@type\":\"WebSite\",\"@id\":\"https:\/\/www.erresse-shop.it\/es\/#website\",\"url\":\"https:\/\/www.erresse-shop.it\/es\/\",\"name\":\"Erresse Shop\",\"description\":\"Articoli di qualit\u00e0 per la casa\",\"potentialAction\":[{\"@type\":\"SearchAction\",\"target\":{\"@type\":\"EntryPoint\",\"urlTemplate\":\"https:\/\/www.erresse-shop.it\/es\/?s={search_term_string}\"},\"query-input\":\"required name=search_term_string\"}],\"inLanguage\":\"es\"}]}<\/script>\n<!-- \/ Yoast SEO Premium plugin. -->","yoast_head_json":{"title":"LE CREUSET Parrilla rectangular con mango de silicona de hierro fundido 36 x 20 cm - Erresse Shop","description":"Ternera, pollo, pescado\u2026 Esta vers\u00e1til parrilla te permite cocinar cualquier filete f\u00e1cilmente. La grasa se deposita en las ranuras para que puedas","robots":{"index":"index","follow":"follow","max-snippet":"max-snippet:-1","max-image-preview":"max-image-preview:large","max-video-preview":"max-video-preview:-1"},"canonical":"https:\/\/www.erresse-shop.it\/es\/shop\/sartenes-y-ollas\/parrillas\/le-creuset-parrilla-rectangular-con-mango-de-silicona-de-hierro-fundido-36-x-20-cm\/","og_locale":"es_ES","og_type":"article","og_title":"LE CREUSET Parrilla rectangular con mango de silicona de hierro fundido 36 x 20 cm","og_description":"Ternera, pollo, pescado\u2026 Esta vers\u00e1til parrilla te permite cocinar cualquier filete f\u00e1cilmente. La grasa se deposita en las ranuras para que puedas","og_url":"https:\/\/www.erresse-shop.it\/es\/shop\/sartenes-y-ollas\/parrillas\/le-creuset-parrilla-rectangular-con-mango-de-silicona-de-hierro-fundido-36-x-20-cm\/","og_site_name":"Erresse Shop","article_modified_time":"2024-01-28T08:53:31+00:00","og_image":[{"width":800,"height":800,"url":"https:\/\/www.erresse-shop.it\/wp-content\/uploads\/2020\/06\/LE-CREUSET-Bistecchiera-Rettangolare-con-Manico-Pieghevole-in-Silicone-36x20-cm.png","type":"image\/png"}],"twitter_card":"summary_large_image","schema":{"@context":"https:\/\/schema.org","@graph":[{"@type":"WebPage","@id":"https:\/\/www.erresse-shop.it\/es\/shop\/sartenes-y-ollas\/parrillas\/le-creuset-parrilla-rectangular-con-mango-de-silicona-de-hierro-fundido-36-x-20-cm\/","url":"https:\/\/www.erresse-shop.it\/es\/shop\/sartenes-y-ollas\/parrillas\/le-creuset-parrilla-rectangular-con-mango-de-silicona-de-hierro-fundido-36-x-20-cm\/","name":"LE CREUSET Parrilla rectangular con mango de silicona de hierro fundido 36 x 20 cm - Erresse Shop","isPartOf":{"@id":"https:\/\/www.erresse-shop.it\/es\/#website"},"datePublished":"2020-06-16T13:11:28+00:00","dateModified":"2024-01-28T08:53:31+00:00","description":"Ternera, pollo, pescado\u2026 Esta vers\u00e1til parrilla te permite cocinar cualquier filete f\u00e1cilmente. La grasa se deposita en las ranuras para que puedas","breadcrumb":{"@id":"https:\/\/www.erresse-shop.it\/es\/shop\/sartenes-y-ollas\/parrillas\/le-creuset-parrilla-rectangular-con-mango-de-silicona-de-hierro-fundido-36-x-20-cm\/#breadcrumb"},"inLanguage":"es","potentialAction":[{"@type":"ReadAction","target":["https:\/\/www.erresse-shop.it\/es\/shop\/sartenes-y-ollas\/parrillas\/le-creuset-parrilla-rectangular-con-mango-de-silicona-de-hierro-fundido-36-x-20-cm\/"]}]},{"@type":"BreadcrumbList","@id":"https:\/\/www.erresse-shop.it\/es\/shop\/sartenes-y-ollas\/parrillas\/le-creuset-parrilla-rectangular-con-mango-de-silicona-de-hierro-fundido-36-x-20-cm\/#breadcrumb","itemListElement":[{"@type":"ListItem","position":1,"name":"Home","item":"https:\/\/www.erresse-shop.it\/es\/"},{"@type":"ListItem","position":2,"name":"Shop","item":"https:\/\/www.erresse-shop.it\/es\/shop\/"},{"@type":"ListItem","position":3,"name":"LE CREUSET Parrilla rectangular con mango de silicona de hierro fundido 36 x 20 cm"}]},{"@type":"WebSite","@id":"https:\/\/www.erresse-shop.it\/es\/#website","url":"https:\/\/www.erresse-shop.it\/es\/","name":"Erresse Shop","description":"Articoli di qualit\u00e0 per la casa","potentialAction":[{"@type":"SearchAction","target":{"@type":"EntryPoint","urlTemplate":"https:\/\/www.erresse-shop.it\/es\/?s={search_term_string}"},"query-input":"required name=search_term_string"}],"inLanguage":"es"}]}},"df_price":116,"df_sale_price":116,"df_regular_price":145,"df_image_link":"https:\/\/www.erresse-shop.it\/wp-content\/uploads\/2020\/06\/LE-CREUSET-Bistecchiera-Rettangolare-con-Manico-Pieghevole-in-Silicone-36x20-cm-300x300.jpg","_links":{"self":[{"href":"https:\/\/www.erresse-shop.it\/es\/wp-json\/wp\/v2\/product\/126991"}],"collection":[{"href":"https:\/\/www.erresse-shop.it\/es\/wp-json\/wp\/v2\/product"}],"about":[{"href":"https:\/\/www.erresse-shop.it\/es\/wp-json\/wp\/v2\/types\/product"}],"wp:featuredmedia":[{"embeddable":true,"href":"https:\/\/www.erresse-shop.it\/es\/wp-json\/wp\/v2\/media\/497202"}],"wp:attachment":[{"href":"https:\/\/www.erresse-shop.it\/es\/wp-json\/wp\/v2\/media?parent=126991"}],"wp:term":[{"taxonomy":"product_cat","embeddable":true,"href":"https:\/\/www.erresse-shop.it\/es\/wp-json\/wp\/v2\/product_cat?post=126991"},{"taxonomy":"product_tag","embeddable":true,"href":"https:\/\/www.erresse-shop.it\/es\/wp-json\/wp\/v2\/product_tag?post=126991"}],"curies":[{"name":"wp","href":"https:\/\/api.w.org\/{rel}","templated":true}]}}