{"id":126459,"date":"2021-11-02T14:26:56","date_gmt":"2021-11-02T14:26:59","guid":{"rendered":"https:\/\/www.erresse-shop.it\/?post_type=product&#038;p=126459"},"modified":"2023-06-20T08:18:05","modified_gmt":"2023-06-20T08:18:05","slug":"sambonet-arthur-krupp-juego-de-12-platos-neve","status":"publish","type":"product","link":"https:\/\/www.erresse-shop.it\/es\/shop\/tabla\/platos\/sambonet-arthur-krupp-juego-de-12-platos-neve\/","title":{"rendered":"SAMBONET ARTHUR KRUPP Juego de 12 Platos Neve"},"content":{"rendered":"<ul>\n<li>6 platos llanos de 25cm, 6 platos hondos de 22cm, 6 platos de postre de 21,5cm.<\/li>\n<li>Refinada porcelana de hueso que da elegancia a la mesa para realzar las preparaciones culinarias.<\/li>\n<li>La profesionalidad de Arthur Krupp y el refinamiento de la porcelana fina reunidos en una colecci\u00f3n fresca y sincera. Neve (Nieve) debe su elegante pureza a la sencillez y suavidad de sus l\u00edneas, que equilibran las amplias capas de platos y tazas y la redondez del surtido de caf\u00e9s. La calidad, la transparencia y el grosor de los art\u00edculos contribuyen a realzar las preparaciones culinarias de los chefs m\u00e1s exigentes y a distinguir los buffets por su elegancia y practicidad.<\/li>\n<\/ul>\n","protected":false},"excerpt":{"rendered":"<p>6 platos llanos de 25cm, 6 platos hondos de 22cm, 6 platos de postre de 21,5cm. Refinada porcelana de hueso<\/p>\n","protected":false},"featured_media":126467,"template":"","meta":{"_acf_changed":false,"inline_featured_image":false},"product_cat":[16031,16027],"product_tag":[17244,23692,16133,16407,24605,21823,25023],"acf":[],"yoast_head":"<!-- This site is optimized with the Yoast SEO Premium plugin v18.6 (Yoast SEO v19.13) - https:\/\/yoast.com\/wordpress\/plugins\/seo\/ -->\n<title>SAMBONET ARTHUR KRUPP Juego de 12 Platos Neve - Erresse Shop<\/title>\n<meta name=\"description\" content=\"6 platos llanos de 25cm, 6 platos hondos de 22cm, 6 platos de postre de 21,5cm. Refinada porcelana de hueso que da elegancia a la mesa para realzar las\" \/>\n<meta name=\"robots\" content=\"index, follow, max-snippet:-1, max-image-preview:large, max-video-preview:-1\" \/>\n<link rel=\"canonical\" href=\"https:\/\/www.erresse-shop.it\/es\/shop\/tabla\/platos\/sambonet-arthur-krupp-juego-de-12-platos-neve\/\" \/>\n<meta property=\"og:locale\" content=\"es_ES\" \/>\n<meta property=\"og:type\" content=\"article\" \/>\n<meta property=\"og:title\" content=\"SAMBONET ARTHUR KRUPP Juego de 12 Platos Neve\" \/>\n<meta property=\"og:description\" content=\"6 platos llanos de 25cm, 6 platos hondos de 22cm, 6 platos de postre de 21,5cm. Refinada porcelana de hueso que da elegancia a la mesa para realzar las\" \/>\n<meta property=\"og:url\" content=\"https:\/\/www.erresse-shop.it\/es\/shop\/tabla\/platos\/sambonet-arthur-krupp-juego-de-12-platos-neve\/\" \/>\n<meta property=\"og:site_name\" content=\"Erresse Shop\" \/>\n<meta property=\"article:modified_time\" content=\"2023-06-20T08:18:05+00:00\" \/>\n<meta property=\"og:image\" content=\"https:\/\/www.erresse-shop.it\/wp-content\/uploads\/2021\/11\/SAMBONET-ARTHUR-KRUPP-Set-18-Pezzi-Neve-2.jpg\" \/>\n\t<meta property=\"og:image:width\" content=\"1000\" \/>\n\t<meta property=\"og:image:height\" content=\"1000\" \/>\n\t<meta property=\"og:image:type\" content=\"image\/jpeg\" \/>\n<meta name=\"twitter:card\" content=\"summary_large_image\" \/>\n<script type=\"application\/ld+json\" class=\"yoast-schema-graph\">{\"@context\":\"https:\/\/schema.org\",\"@graph\":[{\"@type\":\"WebPage\",\"@id\":\"https:\/\/www.erresse-shop.it\/es\/shop\/tabla\/platos\/sambonet-arthur-krupp-juego-de-12-platos-neve\/\",\"url\":\"https:\/\/www.erresse-shop.it\/es\/shop\/tabla\/platos\/sambonet-arthur-krupp-juego-de-12-platos-neve\/\",\"name\":\"SAMBONET ARTHUR KRUPP Juego de 12 Platos Neve - Erresse Shop\",\"isPartOf\":{\"@id\":\"https:\/\/www.erresse-shop.it\/es\/#website\"},\"datePublished\":\"2021-11-02T14:26:59+00:00\",\"dateModified\":\"2023-06-20T08:18:05+00:00\",\"description\":\"6 platos llanos de 25cm, 6 platos hondos de 22cm, 6 platos de postre de 21,5cm. Refinada porcelana de hueso que da elegancia a la mesa para realzar las\",\"breadcrumb\":{\"@id\":\"https:\/\/www.erresse-shop.it\/es\/shop\/tabla\/platos\/sambonet-arthur-krupp-juego-de-12-platos-neve\/#breadcrumb\"},\"inLanguage\":\"es\",\"potentialAction\":[{\"@type\":\"ReadAction\",\"target\":[\"https:\/\/www.erresse-shop.it\/es\/shop\/tabla\/platos\/sambonet-arthur-krupp-juego-de-12-platos-neve\/\"]}]},{\"@type\":\"BreadcrumbList\",\"@id\":\"https:\/\/www.erresse-shop.it\/es\/shop\/tabla\/platos\/sambonet-arthur-krupp-juego-de-12-platos-neve\/#breadcrumb\",\"itemListElement\":[{\"@type\":\"ListItem\",\"position\":1,\"name\":\"Home\",\"item\":\"https:\/\/www.erresse-shop.it\/es\/\"},{\"@type\":\"ListItem\",\"position\":2,\"name\":\"Shop\",\"item\":\"https:\/\/www.erresse-shop.it\/es\/shop\/\"},{\"@type\":\"ListItem\",\"position\":3,\"name\":\"SAMBONET ARTHUR KRUPP Juego de 12 Platos Neve\"}]},{\"@type\":\"WebSite\",\"@id\":\"https:\/\/www.erresse-shop.it\/es\/#website\",\"url\":\"https:\/\/www.erresse-shop.it\/es\/\",\"name\":\"Erresse Shop\",\"description\":\"Articoli di qualit\u00e0 per la casa\",\"potentialAction\":[{\"@type\":\"SearchAction\",\"target\":{\"@type\":\"EntryPoint\",\"urlTemplate\":\"https:\/\/www.erresse-shop.it\/es\/?s={search_term_string}\"},\"query-input\":\"required name=search_term_string\"}],\"inLanguage\":\"es\"}]}<\/script>\n<!-- \/ Yoast SEO Premium plugin. -->","yoast_head_json":{"title":"SAMBONET ARTHUR KRUPP Juego de 12 Platos Neve - Erresse Shop","description":"6 platos llanos de 25cm, 6 platos hondos de 22cm, 6 platos de postre de 21,5cm. Refinada porcelana de hueso que da elegancia a la mesa para realzar las","robots":{"index":"index","follow":"follow","max-snippet":"max-snippet:-1","max-image-preview":"max-image-preview:large","max-video-preview":"max-video-preview:-1"},"canonical":"https:\/\/www.erresse-shop.it\/es\/shop\/tabla\/platos\/sambonet-arthur-krupp-juego-de-12-platos-neve\/","og_locale":"es_ES","og_type":"article","og_title":"SAMBONET ARTHUR KRUPP Juego de 12 Platos Neve","og_description":"6 platos llanos de 25cm, 6 platos hondos de 22cm, 6 platos de postre de 21,5cm. Refinada porcelana de hueso que da elegancia a la mesa para realzar las","og_url":"https:\/\/www.erresse-shop.it\/es\/shop\/tabla\/platos\/sambonet-arthur-krupp-juego-de-12-platos-neve\/","og_site_name":"Erresse Shop","article_modified_time":"2023-06-20T08:18:05+00:00","og_image":[{"width":1000,"height":1000,"url":"https:\/\/www.erresse-shop.it\/wp-content\/uploads\/2021\/11\/SAMBONET-ARTHUR-KRUPP-Set-18-Pezzi-Neve-2.jpg","type":"image\/jpeg"}],"twitter_card":"summary_large_image","schema":{"@context":"https:\/\/schema.org","@graph":[{"@type":"WebPage","@id":"https:\/\/www.erresse-shop.it\/es\/shop\/tabla\/platos\/sambonet-arthur-krupp-juego-de-12-platos-neve\/","url":"https:\/\/www.erresse-shop.it\/es\/shop\/tabla\/platos\/sambonet-arthur-krupp-juego-de-12-platos-neve\/","name":"SAMBONET ARTHUR KRUPP Juego de 12 Platos Neve - Erresse Shop","isPartOf":{"@id":"https:\/\/www.erresse-shop.it\/es\/#website"},"datePublished":"2021-11-02T14:26:59+00:00","dateModified":"2023-06-20T08:18:05+00:00","description":"6 platos llanos de 25cm, 6 platos hondos de 22cm, 6 platos de postre de 21,5cm. Refinada porcelana de hueso que da elegancia a la mesa para realzar las","breadcrumb":{"@id":"https:\/\/www.erresse-shop.it\/es\/shop\/tabla\/platos\/sambonet-arthur-krupp-juego-de-12-platos-neve\/#breadcrumb"},"inLanguage":"es","potentialAction":[{"@type":"ReadAction","target":["https:\/\/www.erresse-shop.it\/es\/shop\/tabla\/platos\/sambonet-arthur-krupp-juego-de-12-platos-neve\/"]}]},{"@type":"BreadcrumbList","@id":"https:\/\/www.erresse-shop.it\/es\/shop\/tabla\/platos\/sambonet-arthur-krupp-juego-de-12-platos-neve\/#breadcrumb","itemListElement":[{"@type":"ListItem","position":1,"name":"Home","item":"https:\/\/www.erresse-shop.it\/es\/"},{"@type":"ListItem","position":2,"name":"Shop","item":"https:\/\/www.erresse-shop.it\/es\/shop\/"},{"@type":"ListItem","position":3,"name":"SAMBONET ARTHUR KRUPP Juego de 12 Platos Neve"}]},{"@type":"WebSite","@id":"https:\/\/www.erresse-shop.it\/es\/#website","url":"https:\/\/www.erresse-shop.it\/es\/","name":"Erresse Shop","description":"Articoli di qualit\u00e0 per la casa","potentialAction":[{"@type":"SearchAction","target":{"@type":"EntryPoint","urlTemplate":"https:\/\/www.erresse-shop.it\/es\/?s={search_term_string}"},"query-input":"required name=search_term_string"}],"inLanguage":"es"}]}},"df_price":69.5,"df_sale_price":69.5,"df_regular_price":139,"df_image_link":"https:\/\/www.erresse-shop.it\/wp-content\/uploads\/2021\/11\/SAMBONET-ARTHUR-KRUPP-Set-18-Pezzi-Neve-2-300x300.jpg","_links":{"self":[{"href":"https:\/\/www.erresse-shop.it\/es\/wp-json\/wp\/v2\/product\/126459"}],"collection":[{"href":"https:\/\/www.erresse-shop.it\/es\/wp-json\/wp\/v2\/product"}],"about":[{"href":"https:\/\/www.erresse-shop.it\/es\/wp-json\/wp\/v2\/types\/product"}],"wp:featuredmedia":[{"embeddable":true,"href":"https:\/\/www.erresse-shop.it\/es\/wp-json\/wp\/v2\/media\/126467"}],"wp:attachment":[{"href":"https:\/\/www.erresse-shop.it\/es\/wp-json\/wp\/v2\/media?parent=126459"}],"wp:term":[{"taxonomy":"product_cat","embeddable":true,"href":"https:\/\/www.erresse-shop.it\/es\/wp-json\/wp\/v2\/product_cat?post=126459"},{"taxonomy":"product_tag","embeddable":true,"href":"https:\/\/www.erresse-shop.it\/es\/wp-json\/wp\/v2\/product_tag?post=126459"}],"curies":[{"name":"wp","href":"https:\/\/api.w.org\/{rel}","templated":true}]}}