{"id":126369,"date":"2021-11-02T11:29:57","date_gmt":"2021-11-02T11:29:59","guid":{"rendered":"https:\/\/www.erresse-shop.it\/?post_type=product&#038;p=126369"},"modified":"2024-07-03T14:32:58","modified_gmt":"2024-07-03T14:32:58","slug":"sambonet-arthur-krupp-juego-de-12-platos-tribal-mood","status":"publish","type":"product","link":"https:\/\/www.erresse-shop.it\/es\/shop\/tabla\/platos\/sambonet-arthur-krupp-juego-de-12-platos-tribal-mood\/","title":{"rendered":"SAMBONET ARTHUR KRUPP Juego de 12 Platos Tribal Mood"},"content":{"rendered":"<ul>\n<li>La porcelana de ambiente tribal de Arthur Krupp recuerda la artesan\u00eda art\u00edstica de las t\u00edpicas cestas africanas, no s\u00f3lo un elemento funcional sino tambi\u00e9n de decoraci\u00f3n, donde los colores evocan los c\u00e1lidos atardeceres de la sabana; tonos originales y decididos, capaces de dar una fuerte personalidad a la mesa y de proporcionar esa sensaci\u00f3n de libertad y relajaci\u00f3n que supone estar inmerso en la naturaleza.<\/li>\n<li>Texturas y tonos de moda, con un fuerte impacto emocional<\/li>\n<li>Juego para 4 personas (12 piezas) que incluye plato llano de 28 cm de di\u00e1metro, plato hondo de 22 cm de di\u00e1metro y plato de fruta de 20 cm de di\u00e1metro; el humor tribal incluye 4 decoraciones diferentes para el plato llano y el plato de fruta<\/li>\n<li>Una elaboraci\u00f3n de vanguardia: esmaltado total, aplicaci\u00f3n de relieve y decoraci\u00f3n para un efecto tridimensional que combina sensaciones t\u00e1ctiles y visuales<\/li>\n<li>Las decoraciones y los colores t\u00edpicos del gres se transfieren a la porcelana, para obtener un efecto material que mantiene el estilo c\u00e1lido de la cer\u00e1mica, al tiempo que ofrece la resistencia y la calidad resultantes de la cocci\u00f3n a alta temperatura.<\/li>\n<li>Apto para el lavavajillas<\/li>\n<li>Platos de porcelana<\/li>\n<\/ul>\n","protected":false},"excerpt":{"rendered":"<p>La porcelana de ambiente tribal de Arthur Krupp recuerda la artesan\u00eda art\u00edstica de las t\u00edpicas cestas africanas, no s\u00f3lo un<\/p>\n","protected":false},"featured_media":126347,"template":"","meta":{"_acf_changed":false,"inline_featured_image":false},"product_cat":[16031,16027],"product_tag":[17244,23912,23692,21333,16133,16407,24605,21823,25023],"acf":[],"yoast_head":"<!-- This site is optimized with the Yoast SEO Premium plugin v18.6 (Yoast SEO v19.13) - https:\/\/yoast.com\/wordpress\/plugins\/seo\/ -->\n<title>SAMBONET ARTHUR KRUPP Juego de 12 Platos Tribal Mood - Erresse Shop<\/title>\n<meta name=\"description\" content=\"La porcelana de ambiente tribal de Arthur Krupp recuerda la artesan\u00eda art\u00edstica de las t\u00edpicas cestas africanas, no s\u00f3lo un elemento funcional sino\" \/>\n<meta name=\"robots\" content=\"index, follow, max-snippet:-1, max-image-preview:large, max-video-preview:-1\" \/>\n<link rel=\"canonical\" href=\"https:\/\/www.erresse-shop.it\/es\/shop\/tabla\/platos\/sambonet-arthur-krupp-juego-de-12-platos-tribal-mood\/\" \/>\n<meta property=\"og:locale\" content=\"es_ES\" \/>\n<meta property=\"og:type\" content=\"article\" \/>\n<meta property=\"og:title\" content=\"SAMBONET ARTHUR KRUPP Juego de 12 Platos Tribal Mood\" \/>\n<meta property=\"og:description\" content=\"La porcelana de ambiente tribal de Arthur Krupp recuerda la artesan\u00eda art\u00edstica de las t\u00edpicas cestas africanas, no s\u00f3lo un elemento funcional sino\" \/>\n<meta property=\"og:url\" content=\"https:\/\/www.erresse-shop.it\/es\/shop\/tabla\/platos\/sambonet-arthur-krupp-juego-de-12-platos-tribal-mood\/\" \/>\n<meta property=\"og:site_name\" content=\"Erresse Shop\" \/>\n<meta property=\"article:modified_time\" content=\"2024-07-03T14:32:58+00:00\" \/>\n<meta property=\"og:image\" content=\"https:\/\/www.erresse-shop.it\/wp-content\/uploads\/2021\/11\/SAMBONET-ARTHUR-KRUPP-Set-12-Piatti-Tribal-Mood-2.jpg\" \/>\n\t<meta property=\"og:image:width\" content=\"1000\" \/>\n\t<meta property=\"og:image:height\" content=\"1000\" \/>\n\t<meta property=\"og:image:type\" content=\"image\/jpeg\" \/>\n<meta name=\"twitter:card\" content=\"summary_large_image\" \/>\n<script type=\"application\/ld+json\" class=\"yoast-schema-graph\">{\"@context\":\"https:\/\/schema.org\",\"@graph\":[{\"@type\":\"WebPage\",\"@id\":\"https:\/\/www.erresse-shop.it\/es\/shop\/tabla\/platos\/sambonet-arthur-krupp-juego-de-12-platos-tribal-mood\/\",\"url\":\"https:\/\/www.erresse-shop.it\/es\/shop\/tabla\/platos\/sambonet-arthur-krupp-juego-de-12-platos-tribal-mood\/\",\"name\":\"SAMBONET ARTHUR KRUPP Juego de 12 Platos Tribal Mood - Erresse Shop\",\"isPartOf\":{\"@id\":\"https:\/\/www.erresse-shop.it\/es\/#website\"},\"datePublished\":\"2021-11-02T11:29:59+00:00\",\"dateModified\":\"2024-07-03T14:32:58+00:00\",\"description\":\"La porcelana de ambiente tribal de Arthur Krupp recuerda la artesan\u00eda art\u00edstica de las t\u00edpicas cestas africanas, no s\u00f3lo un elemento funcional sino\",\"breadcrumb\":{\"@id\":\"https:\/\/www.erresse-shop.it\/es\/shop\/tabla\/platos\/sambonet-arthur-krupp-juego-de-12-platos-tribal-mood\/#breadcrumb\"},\"inLanguage\":\"es\",\"potentialAction\":[{\"@type\":\"ReadAction\",\"target\":[\"https:\/\/www.erresse-shop.it\/es\/shop\/tabla\/platos\/sambonet-arthur-krupp-juego-de-12-platos-tribal-mood\/\"]}]},{\"@type\":\"BreadcrumbList\",\"@id\":\"https:\/\/www.erresse-shop.it\/es\/shop\/tabla\/platos\/sambonet-arthur-krupp-juego-de-12-platos-tribal-mood\/#breadcrumb\",\"itemListElement\":[{\"@type\":\"ListItem\",\"position\":1,\"name\":\"Home\",\"item\":\"https:\/\/www.erresse-shop.it\/es\/\"},{\"@type\":\"ListItem\",\"position\":2,\"name\":\"Shop\",\"item\":\"https:\/\/www.erresse-shop.it\/es\/shop\/\"},{\"@type\":\"ListItem\",\"position\":3,\"name\":\"SAMBONET ARTHUR KRUPP Juego de 12 Platos Tribal Mood\"}]},{\"@type\":\"WebSite\",\"@id\":\"https:\/\/www.erresse-shop.it\/es\/#website\",\"url\":\"https:\/\/www.erresse-shop.it\/es\/\",\"name\":\"Erresse Shop\",\"description\":\"Articoli di qualit\u00e0 per la casa\",\"potentialAction\":[{\"@type\":\"SearchAction\",\"target\":{\"@type\":\"EntryPoint\",\"urlTemplate\":\"https:\/\/www.erresse-shop.it\/es\/?s={search_term_string}\"},\"query-input\":\"required name=search_term_string\"}],\"inLanguage\":\"es\"}]}<\/script>\n<!-- \/ Yoast SEO Premium plugin. -->","yoast_head_json":{"title":"SAMBONET ARTHUR KRUPP Juego de 12 Platos Tribal Mood - Erresse Shop","description":"La porcelana de ambiente tribal de Arthur Krupp recuerda la artesan\u00eda art\u00edstica de las t\u00edpicas cestas africanas, no s\u00f3lo un elemento funcional sino","robots":{"index":"index","follow":"follow","max-snippet":"max-snippet:-1","max-image-preview":"max-image-preview:large","max-video-preview":"max-video-preview:-1"},"canonical":"https:\/\/www.erresse-shop.it\/es\/shop\/tabla\/platos\/sambonet-arthur-krupp-juego-de-12-platos-tribal-mood\/","og_locale":"es_ES","og_type":"article","og_title":"SAMBONET ARTHUR KRUPP Juego de 12 Platos Tribal Mood","og_description":"La porcelana de ambiente tribal de Arthur Krupp recuerda la artesan\u00eda art\u00edstica de las t\u00edpicas cestas africanas, no s\u00f3lo un elemento funcional sino","og_url":"https:\/\/www.erresse-shop.it\/es\/shop\/tabla\/platos\/sambonet-arthur-krupp-juego-de-12-platos-tribal-mood\/","og_site_name":"Erresse Shop","article_modified_time":"2024-07-03T14:32:58+00:00","og_image":[{"width":1000,"height":1000,"url":"https:\/\/www.erresse-shop.it\/wp-content\/uploads\/2021\/11\/SAMBONET-ARTHUR-KRUPP-Set-12-Piatti-Tribal-Mood-2.jpg","type":"image\/jpeg"}],"twitter_card":"summary_large_image","schema":{"@context":"https:\/\/schema.org","@graph":[{"@type":"WebPage","@id":"https:\/\/www.erresse-shop.it\/es\/shop\/tabla\/platos\/sambonet-arthur-krupp-juego-de-12-platos-tribal-mood\/","url":"https:\/\/www.erresse-shop.it\/es\/shop\/tabla\/platos\/sambonet-arthur-krupp-juego-de-12-platos-tribal-mood\/","name":"SAMBONET ARTHUR KRUPP Juego de 12 Platos Tribal Mood - Erresse Shop","isPartOf":{"@id":"https:\/\/www.erresse-shop.it\/es\/#website"},"datePublished":"2021-11-02T11:29:59+00:00","dateModified":"2024-07-03T14:32:58+00:00","description":"La porcelana de ambiente tribal de Arthur Krupp recuerda la artesan\u00eda art\u00edstica de las t\u00edpicas cestas africanas, no s\u00f3lo un elemento funcional sino","breadcrumb":{"@id":"https:\/\/www.erresse-shop.it\/es\/shop\/tabla\/platos\/sambonet-arthur-krupp-juego-de-12-platos-tribal-mood\/#breadcrumb"},"inLanguage":"es","potentialAction":[{"@type":"ReadAction","target":["https:\/\/www.erresse-shop.it\/es\/shop\/tabla\/platos\/sambonet-arthur-krupp-juego-de-12-platos-tribal-mood\/"]}]},{"@type":"BreadcrumbList","@id":"https:\/\/www.erresse-shop.it\/es\/shop\/tabla\/platos\/sambonet-arthur-krupp-juego-de-12-platos-tribal-mood\/#breadcrumb","itemListElement":[{"@type":"ListItem","position":1,"name":"Home","item":"https:\/\/www.erresse-shop.it\/es\/"},{"@type":"ListItem","position":2,"name":"Shop","item":"https:\/\/www.erresse-shop.it\/es\/shop\/"},{"@type":"ListItem","position":3,"name":"SAMBONET ARTHUR KRUPP Juego de 12 Platos Tribal Mood"}]},{"@type":"WebSite","@id":"https:\/\/www.erresse-shop.it\/es\/#website","url":"https:\/\/www.erresse-shop.it\/es\/","name":"Erresse Shop","description":"Articoli di qualit\u00e0 per la casa","potentialAction":[{"@type":"SearchAction","target":{"@type":"EntryPoint","urlTemplate":"https:\/\/www.erresse-shop.it\/es\/?s={search_term_string}"},"query-input":"required name=search_term_string"}],"inLanguage":"es"}]}},"df_price":109.95,"df_sale_price":109.95,"df_regular_price":219.9,"df_image_link":"https:\/\/www.erresse-shop.it\/wp-content\/uploads\/2021\/11\/SAMBONET-ARTHUR-KRUPP-Set-12-Piatti-Tribal-Mood-2-300x300.jpg","_links":{"self":[{"href":"https:\/\/www.erresse-shop.it\/es\/wp-json\/wp\/v2\/product\/126369"}],"collection":[{"href":"https:\/\/www.erresse-shop.it\/es\/wp-json\/wp\/v2\/product"}],"about":[{"href":"https:\/\/www.erresse-shop.it\/es\/wp-json\/wp\/v2\/types\/product"}],"wp:featuredmedia":[{"embeddable":true,"href":"https:\/\/www.erresse-shop.it\/es\/wp-json\/wp\/v2\/media\/126347"}],"wp:attachment":[{"href":"https:\/\/www.erresse-shop.it\/es\/wp-json\/wp\/v2\/media?parent=126369"}],"wp:term":[{"taxonomy":"product_cat","embeddable":true,"href":"https:\/\/www.erresse-shop.it\/es\/wp-json\/wp\/v2\/product_cat?post=126369"},{"taxonomy":"product_tag","embeddable":true,"href":"https:\/\/www.erresse-shop.it\/es\/wp-json\/wp\/v2\/product_tag?post=126369"}],"curies":[{"name":"wp","href":"https:\/\/api.w.org\/{rel}","templated":true}]}}