{"id":126042,"date":"2021-10-29T12:54:27","date_gmt":"2021-10-29T12:54:30","guid":{"rendered":"https:\/\/www.erresse-shop.it\/?post_type=product&#038;p=126042"},"modified":"2024-07-05T14:48:19","modified_gmt":"2024-07-05T14:48:19","slug":"zafferano-poldina-pro-lampara-de-mesa-arena","status":"publish","type":"product","link":"https:\/\/www.erresse-shop.it\/es\/shop\/mobiliario\/lamparas\/zafferano-poldina-pro-lampara-de-mesa-arena\/","title":{"rendered":"ZAFFERANO Poldina PRO L\u00e1mpara de Mesa Arena"},"content":{"rendered":"<p>Solo o en compa\u00f1\u00eda, fiel c\u00f3mplice durante m\u00e1s de 9 horas.<\/p>\n<p>L\u00e1mpara de sobremesa recargable y regulable, con base de carga por contacto, con cuerpo de aluminio pintado, difusor de policarbonato y fuente de luz LED. La colecci\u00f3n Poldina tiene un grado de protecci\u00f3n IP54, lo que la hace apta para su uso tanto en interiores como en exteriores.<\/p>\n<ul>\n<li>La bater\u00eda de iones de litio tiene una duraci\u00f3n garantizada de m\u00e1s de 9 horas. El env\u00edo incluye un cargador USB y una base de carga de un solo contacto.<\/li>\n<li>La luz LED proporciona un brillo claro durante varias actividades; temperatura de color 3000 k<\/li>\n<li>Encendido y apagado mediante una pulsaci\u00f3n r\u00e1pida en el mando t\u00e1ctil; atenuaci\u00f3n mediante una pulsaci\u00f3n r\u00e1pida en el mando t\u00e1ctil hasta la luminosidad deseada; LED rojo de carga en curso, LED verde de bater\u00eda cargada.<\/li>\n<\/ul>\n<p><strong>FUNCI\u00d3N DE SELECCI\u00d3N DE LA TEMPERATURA DEL COLOR<\/strong><br \/>\nPuede elegir una luz m\u00e1s o menos c\u00e1lida, entre las opciones 2700 y 3000K. La diferente tonalidad de la luz se denomina &#8220;temperatura de color&#8221; y se mide con grados Kelvin (K): 2700K significa luz c\u00e1lida, 4000K corresponde a una luz completamente blanca, 6500K significa luz fr\u00eda, blanca azulada.<\/p>\n<ul>\n<li>Con la l\u00e1mpara apagada, pulse ligeramente durante 4 segundos hasta que se encienda un LED azul fijo.<\/li>\n<li>Un toque r\u00e1pido en el panel t\u00e1ctil cambia la temperatura del color de la l\u00e1mpara.<\/li>\n<li>Presiona la luz durante 4 segundos para memorizar la nueva temperatura de color y apaga la l\u00e1mpara.<\/li>\n<\/ul>\n<p><strong>Grado de protecci\u00f3n IP65<\/strong><br \/>\nEl \u00edndice de protecci\u00f3n IP es un par\u00e1metro internacional que clasifica el grado de protecci\u00f3n de una luminaria contra la intrusi\u00f3n de part\u00edculas s\u00f3lidas y l\u00edquidas. La nueva Poldina ha superado las nuevas pruebas de laboratorio y, por lo tanto, ahora tiene una clase de protecci\u00f3n superior: IP65.<\/p>\n<p><strong>Funci\u00f3n de memoria de regulaci\u00f3n<\/strong><br \/>\nEsta funci\u00f3n almacena los pasos de regulaci\u00f3n: cada vez que se encienda la luminaria, la intensidad de la luz no ser\u00e1 la m\u00e1xima, sino que corresponder\u00e1 a la previamente ajustada.<\/p>\n<p><strong>DIMENSIONES<\/strong><br \/>\n<strong>Altura:<\/strong> 380 mm<br \/>\n<strong>Di\u00e1metro:<\/strong> 110 mm<\/p>\n","protected":false},"excerpt":{"rendered":"<p>Solo o en compa\u00f1\u00eda, fiel c\u00f3mplice durante m\u00e1s de 9 horas. L\u00e1mpara de sobremesa recargable y regulable, con base de<\/p>\n","protected":false},"featured_media":126056,"template":"","meta":{"_acf_changed":false,"inline_featured_image":false},"product_cat":[16017,16016],"product_tag":[16110,16149,16236,16237,16327,16328,24605],"acf":[],"yoast_head":"<!-- This site is optimized with the Yoast SEO Premium plugin v18.6 (Yoast SEO v19.13) - https:\/\/yoast.com\/wordpress\/plugins\/seo\/ -->\n<title>ZAFFERANO Poldina PRO L\u00e1mpara de Mesa Arena - Erresse Shop<\/title>\n<meta name=\"description\" content=\"Solo o en compa\u00f1\u00eda, fiel c\u00f3mplice durante m\u00e1s de 9 horas. L\u00e1mpara de sobremesa recargable y regulable, con base de carga por contacto, con cuerpo de\" \/>\n<meta name=\"robots\" content=\"index, follow, max-snippet:-1, max-image-preview:large, max-video-preview:-1\" \/>\n<link rel=\"canonical\" href=\"https:\/\/www.erresse-shop.it\/es\/shop\/mobiliario\/lamparas\/zafferano-poldina-pro-lampara-de-mesa-arena\/\" \/>\n<meta property=\"og:locale\" content=\"es_ES\" \/>\n<meta property=\"og:type\" content=\"article\" \/>\n<meta property=\"og:title\" content=\"ZAFFERANO Poldina PRO L\u00e1mpara de Mesa Arena\" \/>\n<meta property=\"og:description\" content=\"Solo o en compa\u00f1\u00eda, fiel c\u00f3mplice durante m\u00e1s de 9 horas. L\u00e1mpara de sobremesa recargable y regulable, con base de carga por contacto, con cuerpo de\" \/>\n<meta property=\"og:url\" content=\"https:\/\/www.erresse-shop.it\/es\/shop\/mobiliario\/lamparas\/zafferano-poldina-pro-lampara-de-mesa-arena\/\" \/>\n<meta property=\"og:site_name\" content=\"Erresse Shop\" \/>\n<meta property=\"article:modified_time\" content=\"2024-07-05T14:48:19+00:00\" \/>\n<meta property=\"og:image\" content=\"https:\/\/www.erresse-shop.it\/wp-content\/uploads\/2021\/10\/Zafferano-Poldina-Pro-Sabbia.3.jpg\" \/>\n\t<meta property=\"og:image:width\" content=\"620\" \/>\n\t<meta property=\"og:image:height\" content=\"554\" \/>\n\t<meta property=\"og:image:type\" content=\"image\/jpeg\" \/>\n<meta name=\"twitter:card\" content=\"summary_large_image\" \/>\n<script type=\"application\/ld+json\" class=\"yoast-schema-graph\">{\"@context\":\"https:\/\/schema.org\",\"@graph\":[{\"@type\":\"WebPage\",\"@id\":\"https:\/\/www.erresse-shop.it\/es\/shop\/mobiliario\/lamparas\/zafferano-poldina-pro-lampara-de-mesa-arena\/\",\"url\":\"https:\/\/www.erresse-shop.it\/es\/shop\/mobiliario\/lamparas\/zafferano-poldina-pro-lampara-de-mesa-arena\/\",\"name\":\"ZAFFERANO Poldina PRO L\u00e1mpara de Mesa Arena - Erresse Shop\",\"isPartOf\":{\"@id\":\"https:\/\/www.erresse-shop.it\/es\/#website\"},\"datePublished\":\"2021-10-29T12:54:30+00:00\",\"dateModified\":\"2024-07-05T14:48:19+00:00\",\"description\":\"Solo o en compa\u00f1\u00eda, fiel c\u00f3mplice durante m\u00e1s de 9 horas. L\u00e1mpara de sobremesa recargable y regulable, con base de carga por contacto, con cuerpo de\",\"breadcrumb\":{\"@id\":\"https:\/\/www.erresse-shop.it\/es\/shop\/mobiliario\/lamparas\/zafferano-poldina-pro-lampara-de-mesa-arena\/#breadcrumb\"},\"inLanguage\":\"es\",\"potentialAction\":[{\"@type\":\"ReadAction\",\"target\":[\"https:\/\/www.erresse-shop.it\/es\/shop\/mobiliario\/lamparas\/zafferano-poldina-pro-lampara-de-mesa-arena\/\"]}]},{\"@type\":\"BreadcrumbList\",\"@id\":\"https:\/\/www.erresse-shop.it\/es\/shop\/mobiliario\/lamparas\/zafferano-poldina-pro-lampara-de-mesa-arena\/#breadcrumb\",\"itemListElement\":[{\"@type\":\"ListItem\",\"position\":1,\"name\":\"Home\",\"item\":\"https:\/\/www.erresse-shop.it\/es\/\"},{\"@type\":\"ListItem\",\"position\":2,\"name\":\"Shop\",\"item\":\"https:\/\/www.erresse-shop.it\/es\/shop\/\"},{\"@type\":\"ListItem\",\"position\":3,\"name\":\"ZAFFERANO Poldina PRO L\u00e1mpara de Mesa Arena\"}]},{\"@type\":\"WebSite\",\"@id\":\"https:\/\/www.erresse-shop.it\/es\/#website\",\"url\":\"https:\/\/www.erresse-shop.it\/es\/\",\"name\":\"Erresse Shop\",\"description\":\"Articoli di qualit\u00e0 per la casa\",\"potentialAction\":[{\"@type\":\"SearchAction\",\"target\":{\"@type\":\"EntryPoint\",\"urlTemplate\":\"https:\/\/www.erresse-shop.it\/es\/?s={search_term_string}\"},\"query-input\":\"required name=search_term_string\"}],\"inLanguage\":\"es\"}]}<\/script>\n<!-- \/ Yoast SEO Premium plugin. -->","yoast_head_json":{"title":"ZAFFERANO Poldina PRO L\u00e1mpara de Mesa Arena - Erresse Shop","description":"Solo o en compa\u00f1\u00eda, fiel c\u00f3mplice durante m\u00e1s de 9 horas. L\u00e1mpara de sobremesa recargable y regulable, con base de carga por contacto, con cuerpo de","robots":{"index":"index","follow":"follow","max-snippet":"max-snippet:-1","max-image-preview":"max-image-preview:large","max-video-preview":"max-video-preview:-1"},"canonical":"https:\/\/www.erresse-shop.it\/es\/shop\/mobiliario\/lamparas\/zafferano-poldina-pro-lampara-de-mesa-arena\/","og_locale":"es_ES","og_type":"article","og_title":"ZAFFERANO Poldina PRO L\u00e1mpara de Mesa Arena","og_description":"Solo o en compa\u00f1\u00eda, fiel c\u00f3mplice durante m\u00e1s de 9 horas. L\u00e1mpara de sobremesa recargable y regulable, con base de carga por contacto, con cuerpo de","og_url":"https:\/\/www.erresse-shop.it\/es\/shop\/mobiliario\/lamparas\/zafferano-poldina-pro-lampara-de-mesa-arena\/","og_site_name":"Erresse Shop","article_modified_time":"2024-07-05T14:48:19+00:00","og_image":[{"width":620,"height":554,"url":"https:\/\/www.erresse-shop.it\/wp-content\/uploads\/2021\/10\/Zafferano-Poldina-Pro-Sabbia.3.jpg","type":"image\/jpeg"}],"twitter_card":"summary_large_image","schema":{"@context":"https:\/\/schema.org","@graph":[{"@type":"WebPage","@id":"https:\/\/www.erresse-shop.it\/es\/shop\/mobiliario\/lamparas\/zafferano-poldina-pro-lampara-de-mesa-arena\/","url":"https:\/\/www.erresse-shop.it\/es\/shop\/mobiliario\/lamparas\/zafferano-poldina-pro-lampara-de-mesa-arena\/","name":"ZAFFERANO Poldina PRO L\u00e1mpara de Mesa Arena - Erresse Shop","isPartOf":{"@id":"https:\/\/www.erresse-shop.it\/es\/#website"},"datePublished":"2021-10-29T12:54:30+00:00","dateModified":"2024-07-05T14:48:19+00:00","description":"Solo o en compa\u00f1\u00eda, fiel c\u00f3mplice durante m\u00e1s de 9 horas. L\u00e1mpara de sobremesa recargable y regulable, con base de carga por contacto, con cuerpo de","breadcrumb":{"@id":"https:\/\/www.erresse-shop.it\/es\/shop\/mobiliario\/lamparas\/zafferano-poldina-pro-lampara-de-mesa-arena\/#breadcrumb"},"inLanguage":"es","potentialAction":[{"@type":"ReadAction","target":["https:\/\/www.erresse-shop.it\/es\/shop\/mobiliario\/lamparas\/zafferano-poldina-pro-lampara-de-mesa-arena\/"]}]},{"@type":"BreadcrumbList","@id":"https:\/\/www.erresse-shop.it\/es\/shop\/mobiliario\/lamparas\/zafferano-poldina-pro-lampara-de-mesa-arena\/#breadcrumb","itemListElement":[{"@type":"ListItem","position":1,"name":"Home","item":"https:\/\/www.erresse-shop.it\/es\/"},{"@type":"ListItem","position":2,"name":"Shop","item":"https:\/\/www.erresse-shop.it\/es\/shop\/"},{"@type":"ListItem","position":3,"name":"ZAFFERANO Poldina PRO L\u00e1mpara de Mesa Arena"}]},{"@type":"WebSite","@id":"https:\/\/www.erresse-shop.it\/es\/#website","url":"https:\/\/www.erresse-shop.it\/es\/","name":"Erresse Shop","description":"Articoli di qualit\u00e0 per la casa","potentialAction":[{"@type":"SearchAction","target":{"@type":"EntryPoint","urlTemplate":"https:\/\/www.erresse-shop.it\/es\/?s={search_term_string}"},"query-input":"required name=search_term_string"}],"inLanguage":"es"}]}},"df_price":109,"df_sale_price":109,"df_regular_price":140,"df_image_link":"https:\/\/www.erresse-shop.it\/wp-content\/uploads\/2021\/10\/Zafferano-Poldina-Pro-Sabbia.3-300x268.jpg","_links":{"self":[{"href":"https:\/\/www.erresse-shop.it\/es\/wp-json\/wp\/v2\/product\/126042"}],"collection":[{"href":"https:\/\/www.erresse-shop.it\/es\/wp-json\/wp\/v2\/product"}],"about":[{"href":"https:\/\/www.erresse-shop.it\/es\/wp-json\/wp\/v2\/types\/product"}],"wp:featuredmedia":[{"embeddable":true,"href":"https:\/\/www.erresse-shop.it\/es\/wp-json\/wp\/v2\/media\/126056"}],"wp:attachment":[{"href":"https:\/\/www.erresse-shop.it\/es\/wp-json\/wp\/v2\/media?parent=126042"}],"wp:term":[{"taxonomy":"product_cat","embeddable":true,"href":"https:\/\/www.erresse-shop.it\/es\/wp-json\/wp\/v2\/product_cat?post=126042"},{"taxonomy":"product_tag","embeddable":true,"href":"https:\/\/www.erresse-shop.it\/es\/wp-json\/wp\/v2\/product_tag?post=126042"}],"curies":[{"name":"wp","href":"https:\/\/api.w.org\/{rel}","templated":true}]}}