{"id":125748,"date":"2021-10-28T10:28:20","date_gmt":"2021-10-28T10:28:39","guid":{"rendered":"https:\/\/www.erresse-shop.it\/?post_type=product&#038;p=125748"},"modified":"2021-12-22T16:16:28","modified_gmt":"2021-12-22T16:16:28","slug":"toms-drag-armario-9-cajones","status":"publish","type":"product","link":"https:\/\/www.erresse-shop.it\/es\/shop\/mobiliario\/muebles\/toms-drag-armario-9-cajones\/","title":{"rendered":"TOM&#8217;S DRAG Armario 9 Cajones"},"content":{"rendered":"<p><strong>Material:<\/strong> madera<\/p>\n<p><strong>CONSOLA DE PIERNAS DE MUJER<\/strong><br \/>\nArmario con nueve cajones, uno de los cl\u00e1sicos de la colecci\u00f3n Tom&#8217;s Drag. Cualquiera que ponga un fuerte acento de color en un armario Drag hace naturalmente una declaraci\u00f3n de estilo. Los muebles Drag est\u00e1n hechos a mano y cada modelo est\u00e1 pintado con cari\u00f1o hasta el \u00faltimo detalle.<\/p>\n<p>La cl\u00e1sica colecci\u00f3n de muebles y accesorios Tom&#8217;s Drag es una forma creativa de amueblar el hogar. Un estilo \u00fanico y exc\u00e9ntrico que atrae y llama la atenci\u00f3n de todos los invitados.<br \/>\nTodos los muebles y accesorios est\u00e1n pintados a mano.<\/p>\n","protected":false},"excerpt":{"rendered":"<p>Material: madera CONSOLA DE PIERNAS DE MUJER Armario con nueve cajones, uno de los cl\u00e1sicos de la colecci\u00f3n Tom&#8217;s Drag.<\/p>\n","protected":false},"featured_media":125768,"template":"","meta":{"_acf_changed":false,"inline_featured_image":false},"product_cat":[16016,17096],"product_tag":[17136],"acf":[],"yoast_head":"<!-- This site is optimized with the Yoast SEO Premium plugin v18.6 (Yoast SEO v19.13) - https:\/\/yoast.com\/wordpress\/plugins\/seo\/ -->\n<title>TOM&#039;S DRAG Armario 9 Cajones - Erresse Shop<\/title>\n<meta name=\"description\" content=\"Material: madera CONSOLA DE PIERNAS DE MUJER Armario con nueve cajones, uno de los cl\u00e1sicos de la colecci\u00f3n Tom&#039;s Drag. Cualquiera que ponga un fuerte\" \/>\n<meta name=\"robots\" content=\"index, follow, max-snippet:-1, max-image-preview:large, max-video-preview:-1\" \/>\n<link rel=\"canonical\" href=\"https:\/\/www.erresse-shop.it\/es\/shop\/mobiliario\/muebles\/toms-drag-armario-9-cajones\/\" \/>\n<meta property=\"og:locale\" content=\"es_ES\" \/>\n<meta property=\"og:type\" content=\"article\" \/>\n<meta property=\"og:title\" content=\"TOM&#039;S DRAG Armario 9 Cajones\" \/>\n<meta property=\"og:description\" content=\"Material: madera CONSOLA DE PIERNAS DE MUJER Armario con nueve cajones, uno de los cl\u00e1sicos de la colecci\u00f3n Tom&#039;s Drag. Cualquiera que ponga un fuerte\" \/>\n<meta property=\"og:url\" content=\"https:\/\/www.erresse-shop.it\/es\/shop\/mobiliario\/muebles\/toms-drag-armario-9-cajones\/\" \/>\n<meta property=\"og:site_name\" content=\"Erresse Shop\" \/>\n<meta property=\"article:modified_time\" content=\"2021-12-22T16:16:28+00:00\" \/>\n<meta property=\"og:image\" content=\"https:\/\/www.erresse-shop.it\/wp-content\/uploads\/2021\/10\/TOMS-DRAG-Cassettiera-9-Cassetti.jpg\" \/>\n\t<meta property=\"og:image:width\" content=\"1000\" \/>\n\t<meta property=\"og:image:height\" content=\"1000\" \/>\n\t<meta property=\"og:image:type\" content=\"image\/jpeg\" \/>\n<meta name=\"twitter:card\" content=\"summary_large_image\" \/>\n<script type=\"application\/ld+json\" class=\"yoast-schema-graph\">{\"@context\":\"https:\/\/schema.org\",\"@graph\":[{\"@type\":\"WebPage\",\"@id\":\"https:\/\/www.erresse-shop.it\/es\/shop\/mobiliario\/muebles\/toms-drag-armario-9-cajones\/\",\"url\":\"https:\/\/www.erresse-shop.it\/es\/shop\/mobiliario\/muebles\/toms-drag-armario-9-cajones\/\",\"name\":\"TOM'S DRAG Armario 9 Cajones - Erresse Shop\",\"isPartOf\":{\"@id\":\"https:\/\/www.erresse-shop.it\/es\/#website\"},\"datePublished\":\"2021-10-28T10:28:39+00:00\",\"dateModified\":\"2021-12-22T16:16:28+00:00\",\"description\":\"Material: madera CONSOLA DE PIERNAS DE MUJER Armario con nueve cajones, uno de los cl\u00e1sicos de la colecci\u00f3n Tom's Drag. Cualquiera que ponga un fuerte\",\"breadcrumb\":{\"@id\":\"https:\/\/www.erresse-shop.it\/es\/shop\/mobiliario\/muebles\/toms-drag-armario-9-cajones\/#breadcrumb\"},\"inLanguage\":\"es\",\"potentialAction\":[{\"@type\":\"ReadAction\",\"target\":[\"https:\/\/www.erresse-shop.it\/es\/shop\/mobiliario\/muebles\/toms-drag-armario-9-cajones\/\"]}]},{\"@type\":\"BreadcrumbList\",\"@id\":\"https:\/\/www.erresse-shop.it\/es\/shop\/mobiliario\/muebles\/toms-drag-armario-9-cajones\/#breadcrumb\",\"itemListElement\":[{\"@type\":\"ListItem\",\"position\":1,\"name\":\"Home\",\"item\":\"https:\/\/www.erresse-shop.it\/es\/\"},{\"@type\":\"ListItem\",\"position\":2,\"name\":\"Shop\",\"item\":\"https:\/\/www.erresse-shop.it\/es\/shop\/\"},{\"@type\":\"ListItem\",\"position\":3,\"name\":\"TOM&#8217;S DRAG Armario 9 Cajones\"}]},{\"@type\":\"WebSite\",\"@id\":\"https:\/\/www.erresse-shop.it\/es\/#website\",\"url\":\"https:\/\/www.erresse-shop.it\/es\/\",\"name\":\"Erresse Shop\",\"description\":\"Articoli di qualit\u00e0 per la casa\",\"potentialAction\":[{\"@type\":\"SearchAction\",\"target\":{\"@type\":\"EntryPoint\",\"urlTemplate\":\"https:\/\/www.erresse-shop.it\/es\/?s={search_term_string}\"},\"query-input\":\"required name=search_term_string\"}],\"inLanguage\":\"es\"}]}<\/script>\n<!-- \/ Yoast SEO Premium plugin. -->","yoast_head_json":{"title":"TOM'S DRAG Armario 9 Cajones - Erresse Shop","description":"Material: madera CONSOLA DE PIERNAS DE MUJER Armario con nueve cajones, uno de los cl\u00e1sicos de la colecci\u00f3n Tom's Drag. Cualquiera que ponga un fuerte","robots":{"index":"index","follow":"follow","max-snippet":"max-snippet:-1","max-image-preview":"max-image-preview:large","max-video-preview":"max-video-preview:-1"},"canonical":"https:\/\/www.erresse-shop.it\/es\/shop\/mobiliario\/muebles\/toms-drag-armario-9-cajones\/","og_locale":"es_ES","og_type":"article","og_title":"TOM'S DRAG Armario 9 Cajones","og_description":"Material: madera CONSOLA DE PIERNAS DE MUJER Armario con nueve cajones, uno de los cl\u00e1sicos de la colecci\u00f3n Tom's Drag. Cualquiera que ponga un fuerte","og_url":"https:\/\/www.erresse-shop.it\/es\/shop\/mobiliario\/muebles\/toms-drag-armario-9-cajones\/","og_site_name":"Erresse Shop","article_modified_time":"2021-12-22T16:16:28+00:00","og_image":[{"width":1000,"height":1000,"url":"https:\/\/www.erresse-shop.it\/wp-content\/uploads\/2021\/10\/TOMS-DRAG-Cassettiera-9-Cassetti.jpg","type":"image\/jpeg"}],"twitter_card":"summary_large_image","schema":{"@context":"https:\/\/schema.org","@graph":[{"@type":"WebPage","@id":"https:\/\/www.erresse-shop.it\/es\/shop\/mobiliario\/muebles\/toms-drag-armario-9-cajones\/","url":"https:\/\/www.erresse-shop.it\/es\/shop\/mobiliario\/muebles\/toms-drag-armario-9-cajones\/","name":"TOM'S DRAG Armario 9 Cajones - Erresse Shop","isPartOf":{"@id":"https:\/\/www.erresse-shop.it\/es\/#website"},"datePublished":"2021-10-28T10:28:39+00:00","dateModified":"2021-12-22T16:16:28+00:00","description":"Material: madera CONSOLA DE PIERNAS DE MUJER Armario con nueve cajones, uno de los cl\u00e1sicos de la colecci\u00f3n Tom's Drag. Cualquiera que ponga un fuerte","breadcrumb":{"@id":"https:\/\/www.erresse-shop.it\/es\/shop\/mobiliario\/muebles\/toms-drag-armario-9-cajones\/#breadcrumb"},"inLanguage":"es","potentialAction":[{"@type":"ReadAction","target":["https:\/\/www.erresse-shop.it\/es\/shop\/mobiliario\/muebles\/toms-drag-armario-9-cajones\/"]}]},{"@type":"BreadcrumbList","@id":"https:\/\/www.erresse-shop.it\/es\/shop\/mobiliario\/muebles\/toms-drag-armario-9-cajones\/#breadcrumb","itemListElement":[{"@type":"ListItem","position":1,"name":"Home","item":"https:\/\/www.erresse-shop.it\/es\/"},{"@type":"ListItem","position":2,"name":"Shop","item":"https:\/\/www.erresse-shop.it\/es\/shop\/"},{"@type":"ListItem","position":3,"name":"TOM&#8217;S DRAG Armario 9 Cajones"}]},{"@type":"WebSite","@id":"https:\/\/www.erresse-shop.it\/es\/#website","url":"https:\/\/www.erresse-shop.it\/es\/","name":"Erresse Shop","description":"Articoli di qualit\u00e0 per la casa","potentialAction":[{"@type":"SearchAction","target":{"@type":"EntryPoint","urlTemplate":"https:\/\/www.erresse-shop.it\/es\/?s={search_term_string}"},"query-input":"required name=search_term_string"}],"inLanguage":"es"}]}},"df_price":1190.8,"df_sale_price":1190.8,"df_regular_price":2290,"df_image_link":"https:\/\/www.erresse-shop.it\/wp-content\/uploads\/2021\/10\/TOMS-DRAG-Cassettiera-9-Cassetti-300x300.jpg","_links":{"self":[{"href":"https:\/\/www.erresse-shop.it\/es\/wp-json\/wp\/v2\/product\/125748"}],"collection":[{"href":"https:\/\/www.erresse-shop.it\/es\/wp-json\/wp\/v2\/product"}],"about":[{"href":"https:\/\/www.erresse-shop.it\/es\/wp-json\/wp\/v2\/types\/product"}],"wp:featuredmedia":[{"embeddable":true,"href":"https:\/\/www.erresse-shop.it\/es\/wp-json\/wp\/v2\/media\/125768"}],"wp:attachment":[{"href":"https:\/\/www.erresse-shop.it\/es\/wp-json\/wp\/v2\/media?parent=125748"}],"wp:term":[{"taxonomy":"product_cat","embeddable":true,"href":"https:\/\/www.erresse-shop.it\/es\/wp-json\/wp\/v2\/product_cat?post=125748"},{"taxonomy":"product_tag","embeddable":true,"href":"https:\/\/www.erresse-shop.it\/es\/wp-json\/wp\/v2\/product_tag?post=125748"}],"curies":[{"name":"wp","href":"https:\/\/api.w.org\/{rel}","templated":true}]}}