{"id":125730,"date":"2021-10-28T08:58:37","date_gmt":"2021-10-28T08:58:43","guid":{"rendered":"https:\/\/www.erresse-shop.it\/?post_type=product&#038;p=125730"},"modified":"2021-12-22T16:16:26","modified_gmt":"2021-12-22T16:16:26","slug":"toms-drag-bandeja-drag-s","status":"publish","type":"product","link":"https:\/\/www.erresse-shop.it\/es\/shop\/tabla\/bandejas\/toms-drag-bandeja-drag-s\/","title":{"rendered":"TOM&#8217;S DRAG Bandeja Drag S"},"content":{"rendered":"<p><strong>Material:<\/strong> resina<\/p>\n<p><strong>BANDEJA DRAG<\/strong><br \/>\nSi se a\u00f1ade un fuerte acento de color con un mueble Drag, se consigue naturalmente una declaraci\u00f3n de estilo segura. Una pieza es m\u00e1s alocada y exc\u00e9ntrica que la otra, pero todas son llamativas y destacan absolutamente en cualquier hogar.<\/p>\n<p>La cl\u00e1sica colecci\u00f3n de muebles y accesorios Tom&#8217;s Drag es una forma creativa de amueblar el hogar. Un estilo \u00fanico y exc\u00e9ntrico que atrae y llama la atenci\u00f3n de todos los invitados.<br \/>\nTodos los muebles y accesorios est\u00e1n pintados a mano.<\/p>\n","protected":false},"excerpt":{"rendered":"<p>Material: resina BANDEJA DRAG Si se a\u00f1ade un fuerte acento de color con un mueble Drag, se consigue naturalmente una<\/p>\n","protected":false},"featured_media":125726,"template":"","meta":{"_acf_changed":false,"inline_featured_image":false},"product_cat":[16036,16027],"product_tag":[25039,16377,16407,25023],"acf":[],"yoast_head":"<!-- This site is optimized with the Yoast SEO Premium plugin v18.6 (Yoast SEO v19.13) - https:\/\/yoast.com\/wordpress\/plugins\/seo\/ -->\n<title>TOM&#039;S DRAG Bandeja Drag S - Erresse Shop<\/title>\n<meta name=\"description\" content=\"Material: resina BANDEJA DRAG Si se a\u00f1ade un fuerte acento de color con un mueble Drag, se consigue naturalmente una declaraci\u00f3n de estilo segura. Una\" \/>\n<meta name=\"robots\" content=\"index, follow, max-snippet:-1, max-image-preview:large, max-video-preview:-1\" \/>\n<link rel=\"canonical\" href=\"https:\/\/www.erresse-shop.it\/es\/shop\/tabla\/bandejas\/toms-drag-bandeja-drag-s\/\" \/>\n<meta property=\"og:locale\" content=\"es_ES\" \/>\n<meta property=\"og:type\" content=\"article\" \/>\n<meta property=\"og:title\" content=\"TOM&#039;S DRAG Bandeja Drag S\" \/>\n<meta property=\"og:description\" content=\"Material: resina BANDEJA DRAG Si se a\u00f1ade un fuerte acento de color con un mueble Drag, se consigue naturalmente una declaraci\u00f3n de estilo segura. Una\" \/>\n<meta property=\"og:url\" content=\"https:\/\/www.erresse-shop.it\/es\/shop\/tabla\/bandejas\/toms-drag-bandeja-drag-s\/\" \/>\n<meta property=\"og:site_name\" content=\"Erresse Shop\" \/>\n<meta property=\"article:modified_time\" content=\"2021-12-22T16:16:26+00:00\" \/>\n<meta property=\"og:image\" content=\"https:\/\/www.erresse-shop.it\/wp-content\/uploads\/2021\/10\/TOMS-DRAG-Vassoio-Drag-S.jpg\" \/>\n\t<meta property=\"og:image:width\" content=\"1000\" \/>\n\t<meta property=\"og:image:height\" content=\"1000\" \/>\n\t<meta property=\"og:image:type\" content=\"image\/jpeg\" \/>\n<meta name=\"twitter:card\" content=\"summary_large_image\" \/>\n<script type=\"application\/ld+json\" class=\"yoast-schema-graph\">{\"@context\":\"https:\/\/schema.org\",\"@graph\":[{\"@type\":\"WebPage\",\"@id\":\"https:\/\/www.erresse-shop.it\/es\/shop\/tabla\/bandejas\/toms-drag-bandeja-drag-s\/\",\"url\":\"https:\/\/www.erresse-shop.it\/es\/shop\/tabla\/bandejas\/toms-drag-bandeja-drag-s\/\",\"name\":\"TOM'S DRAG Bandeja Drag S - Erresse Shop\",\"isPartOf\":{\"@id\":\"https:\/\/www.erresse-shop.it\/es\/#website\"},\"datePublished\":\"2021-10-28T08:58:43+00:00\",\"dateModified\":\"2021-12-22T16:16:26+00:00\",\"description\":\"Material: resina BANDEJA DRAG Si se a\u00f1ade un fuerte acento de color con un mueble Drag, se consigue naturalmente una declaraci\u00f3n de estilo segura. Una\",\"breadcrumb\":{\"@id\":\"https:\/\/www.erresse-shop.it\/es\/shop\/tabla\/bandejas\/toms-drag-bandeja-drag-s\/#breadcrumb\"},\"inLanguage\":\"es\",\"potentialAction\":[{\"@type\":\"ReadAction\",\"target\":[\"https:\/\/www.erresse-shop.it\/es\/shop\/tabla\/bandejas\/toms-drag-bandeja-drag-s\/\"]}]},{\"@type\":\"BreadcrumbList\",\"@id\":\"https:\/\/www.erresse-shop.it\/es\/shop\/tabla\/bandejas\/toms-drag-bandeja-drag-s\/#breadcrumb\",\"itemListElement\":[{\"@type\":\"ListItem\",\"position\":1,\"name\":\"Home\",\"item\":\"https:\/\/www.erresse-shop.it\/es\/\"},{\"@type\":\"ListItem\",\"position\":2,\"name\":\"Shop\",\"item\":\"https:\/\/www.erresse-shop.it\/es\/shop\/\"},{\"@type\":\"ListItem\",\"position\":3,\"name\":\"TOM&#8217;S DRAG Bandeja Drag S\"}]},{\"@type\":\"WebSite\",\"@id\":\"https:\/\/www.erresse-shop.it\/es\/#website\",\"url\":\"https:\/\/www.erresse-shop.it\/es\/\",\"name\":\"Erresse Shop\",\"description\":\"Articoli di qualit\u00e0 per la casa\",\"potentialAction\":[{\"@type\":\"SearchAction\",\"target\":{\"@type\":\"EntryPoint\",\"urlTemplate\":\"https:\/\/www.erresse-shop.it\/es\/?s={search_term_string}\"},\"query-input\":\"required name=search_term_string\"}],\"inLanguage\":\"es\"}]}<\/script>\n<!-- \/ Yoast SEO Premium plugin. -->","yoast_head_json":{"title":"TOM'S DRAG Bandeja Drag S - Erresse Shop","description":"Material: resina BANDEJA DRAG Si se a\u00f1ade un fuerte acento de color con un mueble Drag, se consigue naturalmente una declaraci\u00f3n de estilo segura. Una","robots":{"index":"index","follow":"follow","max-snippet":"max-snippet:-1","max-image-preview":"max-image-preview:large","max-video-preview":"max-video-preview:-1"},"canonical":"https:\/\/www.erresse-shop.it\/es\/shop\/tabla\/bandejas\/toms-drag-bandeja-drag-s\/","og_locale":"es_ES","og_type":"article","og_title":"TOM'S DRAG Bandeja Drag S","og_description":"Material: resina BANDEJA DRAG Si se a\u00f1ade un fuerte acento de color con un mueble Drag, se consigue naturalmente una declaraci\u00f3n de estilo segura. Una","og_url":"https:\/\/www.erresse-shop.it\/es\/shop\/tabla\/bandejas\/toms-drag-bandeja-drag-s\/","og_site_name":"Erresse Shop","article_modified_time":"2021-12-22T16:16:26+00:00","og_image":[{"width":1000,"height":1000,"url":"https:\/\/www.erresse-shop.it\/wp-content\/uploads\/2021\/10\/TOMS-DRAG-Vassoio-Drag-S.jpg","type":"image\/jpeg"}],"twitter_card":"summary_large_image","schema":{"@context":"https:\/\/schema.org","@graph":[{"@type":"WebPage","@id":"https:\/\/www.erresse-shop.it\/es\/shop\/tabla\/bandejas\/toms-drag-bandeja-drag-s\/","url":"https:\/\/www.erresse-shop.it\/es\/shop\/tabla\/bandejas\/toms-drag-bandeja-drag-s\/","name":"TOM'S DRAG Bandeja Drag S - Erresse Shop","isPartOf":{"@id":"https:\/\/www.erresse-shop.it\/es\/#website"},"datePublished":"2021-10-28T08:58:43+00:00","dateModified":"2021-12-22T16:16:26+00:00","description":"Material: resina BANDEJA DRAG Si se a\u00f1ade un fuerte acento de color con un mueble Drag, se consigue naturalmente una declaraci\u00f3n de estilo segura. Una","breadcrumb":{"@id":"https:\/\/www.erresse-shop.it\/es\/shop\/tabla\/bandejas\/toms-drag-bandeja-drag-s\/#breadcrumb"},"inLanguage":"es","potentialAction":[{"@type":"ReadAction","target":["https:\/\/www.erresse-shop.it\/es\/shop\/tabla\/bandejas\/toms-drag-bandeja-drag-s\/"]}]},{"@type":"BreadcrumbList","@id":"https:\/\/www.erresse-shop.it\/es\/shop\/tabla\/bandejas\/toms-drag-bandeja-drag-s\/#breadcrumb","itemListElement":[{"@type":"ListItem","position":1,"name":"Home","item":"https:\/\/www.erresse-shop.it\/es\/"},{"@type":"ListItem","position":2,"name":"Shop","item":"https:\/\/www.erresse-shop.it\/es\/shop\/"},{"@type":"ListItem","position":3,"name":"TOM&#8217;S DRAG Bandeja Drag S"}]},{"@type":"WebSite","@id":"https:\/\/www.erresse-shop.it\/es\/#website","url":"https:\/\/www.erresse-shop.it\/es\/","name":"Erresse Shop","description":"Articoli di qualit\u00e0 per la casa","potentialAction":[{"@type":"SearchAction","target":{"@type":"EntryPoint","urlTemplate":"https:\/\/www.erresse-shop.it\/es\/?s={search_term_string}"},"query-input":"required name=search_term_string"}],"inLanguage":"es"}]}},"df_price":109.95,"df_sale_price":109.95,"df_regular_price":170,"df_image_link":"https:\/\/www.erresse-shop.it\/wp-content\/uploads\/2021\/10\/TOMS-DRAG-Vassoio-Drag-S-300x300.jpg","_links":{"self":[{"href":"https:\/\/www.erresse-shop.it\/es\/wp-json\/wp\/v2\/product\/125730"}],"collection":[{"href":"https:\/\/www.erresse-shop.it\/es\/wp-json\/wp\/v2\/product"}],"about":[{"href":"https:\/\/www.erresse-shop.it\/es\/wp-json\/wp\/v2\/types\/product"}],"wp:featuredmedia":[{"embeddable":true,"href":"https:\/\/www.erresse-shop.it\/es\/wp-json\/wp\/v2\/media\/125726"}],"wp:attachment":[{"href":"https:\/\/www.erresse-shop.it\/es\/wp-json\/wp\/v2\/media?parent=125730"}],"wp:term":[{"taxonomy":"product_cat","embeddable":true,"href":"https:\/\/www.erresse-shop.it\/es\/wp-json\/wp\/v2\/product_cat?post=125730"},{"taxonomy":"product_tag","embeddable":true,"href":"https:\/\/www.erresse-shop.it\/es\/wp-json\/wp\/v2\/product_tag?post=125730"}],"curies":[{"name":"wp","href":"https:\/\/api.w.org\/{rel}","templated":true}]}}