{"id":125585,"date":"2021-10-28T06:48:57","date_gmt":"2021-10-28T06:48:59","guid":{"rendered":"https:\/\/www.erresse-shop.it\/?post_type=product&#038;p=125585"},"modified":"2024-08-20T00:00:20","modified_gmt":"2024-08-20T00:00:20","slug":"toms-drag-acrobat","status":"publish","type":"product","link":"https:\/\/www.erresse-shop.it\/es\/shop\/mobiliario\/articulos-de-decoracion\/toms-drag-acrobat\/","title":{"rendered":"TOM&#8217;S DRAG Acrobat"},"content":{"rendered":"<p><strong>Material:<\/strong> resina<\/p>\n<p><strong>ACROBAT<\/strong><br \/>\nNo hay circo sin acrobacias impresionantes. As\u00ed que Tom se adentr\u00f3 en el on\u00edrico y m\u00e1gico mundo del anillo y cre\u00f3 elegantes figuras con formas orgullosas y elegantes, todas ellas decoradas con el t\u00edpico estilo de Tom&#8217;s Drag. Una colecci\u00f3n noble y exclusiva inspirada en el mundo del circo. Los acr\u00f3batas parecen flotar en el aire gracias a sus incre\u00edbles movimientos.<\/p>\n<p>Este art\u00edculo est\u00e1 hecho y pintado a mano, por lo que las variaciones de color, dibujo, tono, peque\u00f1as imperfecciones en la cola o el color e irregularidades son una caracter\u00edstica espec\u00edfica del producto y atestiguan su fabricaci\u00f3n artesanal.<\/p>\n<p>Todos los animales de arrastre est\u00e1n decorados con disfraces imaginativos y adornos ex\u00f3ticos como si estuvieran en un desfile de carnaval. Todos tienen los colores del arco iris, emulando el mismo ambiente alegre de una de las canciones favoritas de Tom, &#8220;What a Wonderful World&#8221; de Louis Armstrong.<\/p>\n<p>Cada art\u00edculo de Tom&#8217;s Drag comienza con unos r\u00e1pidos bocetos, que el artista dibuja y transforma r\u00e1pidamente en una imagen detallada. En este punto, se talla a mano en la madera una figura aproximada, cuyas dimensiones y proporciones reflejan las del objeto final. A continuaci\u00f3n, el artista lo pinta a mano y crea el prototipo a partir del cual se fabrica la forma de la manta. Esta forma de caucho es la clave de todas las obras de Tom&#8217;s Drag, ya que en ella se vierte marmorino l\u00edquido, una mezcla de m\u00e1rmol molido y resina sint\u00e9tica, que luego se solidifica. La pieza, al principio de color blanco opaco, se pinta de blanco y se pule. En este punto, los bordes de los campos de color se dibujan a l\u00e1piz para que sirvan de referencia al artista para pintar el objeto. El trabajo se completa con la aplicaci\u00f3n de una resina que hace que los colores sean resistentes.<\/p>\n","protected":false},"excerpt":{"rendered":"<p>Material: resina ACROBAT No hay circo sin acrobacias impresionantes. As\u00ed que Tom se adentr\u00f3 en el on\u00edrico y m\u00e1gico mundo<\/p>\n","protected":false},"featured_media":125593,"template":"","meta":{"_acf_changed":false,"inline_featured_image":false},"product_cat":[16026,16016],"product_tag":[25039,17147,17001,25023],"acf":[],"yoast_head":"<!-- This site is optimized with the Yoast SEO Premium plugin v18.6 (Yoast SEO v19.13) - https:\/\/yoast.com\/wordpress\/plugins\/seo\/ -->\n<title>TOM&#039;S DRAG Acrobat - Erresse Shop<\/title>\n<meta name=\"description\" content=\"Material: resina ACROBAT No hay circo sin acrobacias impresionantes. As\u00ed que Tom se adentr\u00f3 en el on\u00edrico y m\u00e1gico mundo del anillo y cre\u00f3 elegantes\" \/>\n<meta name=\"robots\" content=\"index, follow, max-snippet:-1, max-image-preview:large, max-video-preview:-1\" \/>\n<link rel=\"canonical\" href=\"https:\/\/www.erresse-shop.it\/es\/shop\/mobiliario\/articulos-de-decoracion\/toms-drag-acrobat\/\" \/>\n<meta property=\"og:locale\" content=\"es_ES\" \/>\n<meta property=\"og:type\" content=\"article\" \/>\n<meta property=\"og:title\" content=\"TOM&#039;S DRAG Acrobat\" \/>\n<meta property=\"og:description\" content=\"Material: resina ACROBAT No hay circo sin acrobacias impresionantes. As\u00ed que Tom se adentr\u00f3 en el on\u00edrico y m\u00e1gico mundo del anillo y cre\u00f3 elegantes\" \/>\n<meta property=\"og:url\" content=\"https:\/\/www.erresse-shop.it\/es\/shop\/mobiliario\/articulos-de-decoracion\/toms-drag-acrobat\/\" \/>\n<meta property=\"og:site_name\" content=\"Erresse Shop\" \/>\n<meta property=\"article:modified_time\" content=\"2024-08-20T00:00:20+00:00\" \/>\n<meta property=\"og:image\" content=\"https:\/\/www.erresse-shop.it\/wp-content\/uploads\/2021\/10\/TOMS-DRAG-Acrobata-4.jpg\" \/>\n\t<meta property=\"og:image:width\" content=\"1000\" \/>\n\t<meta property=\"og:image:height\" content=\"1000\" \/>\n\t<meta property=\"og:image:type\" content=\"image\/jpeg\" \/>\n<meta name=\"twitter:card\" content=\"summary_large_image\" \/>\n<script type=\"application\/ld+json\" class=\"yoast-schema-graph\">{\"@context\":\"https:\/\/schema.org\",\"@graph\":[{\"@type\":\"WebPage\",\"@id\":\"https:\/\/www.erresse-shop.it\/es\/shop\/mobiliario\/articulos-de-decoracion\/toms-drag-acrobat\/\",\"url\":\"https:\/\/www.erresse-shop.it\/es\/shop\/mobiliario\/articulos-de-decoracion\/toms-drag-acrobat\/\",\"name\":\"TOM'S DRAG Acrobat - Erresse Shop\",\"isPartOf\":{\"@id\":\"https:\/\/www.erresse-shop.it\/es\/#website\"},\"datePublished\":\"2021-10-28T06:48:59+00:00\",\"dateModified\":\"2024-08-20T00:00:20+00:00\",\"description\":\"Material: resina ACROBAT No hay circo sin acrobacias impresionantes. As\u00ed que Tom se adentr\u00f3 en el on\u00edrico y m\u00e1gico mundo del anillo y cre\u00f3 elegantes\",\"breadcrumb\":{\"@id\":\"https:\/\/www.erresse-shop.it\/es\/shop\/mobiliario\/articulos-de-decoracion\/toms-drag-acrobat\/#breadcrumb\"},\"inLanguage\":\"es\",\"potentialAction\":[{\"@type\":\"ReadAction\",\"target\":[\"https:\/\/www.erresse-shop.it\/es\/shop\/mobiliario\/articulos-de-decoracion\/toms-drag-acrobat\/\"]}]},{\"@type\":\"BreadcrumbList\",\"@id\":\"https:\/\/www.erresse-shop.it\/es\/shop\/mobiliario\/articulos-de-decoracion\/toms-drag-acrobat\/#breadcrumb\",\"itemListElement\":[{\"@type\":\"ListItem\",\"position\":1,\"name\":\"Home\",\"item\":\"https:\/\/www.erresse-shop.it\/es\/\"},{\"@type\":\"ListItem\",\"position\":2,\"name\":\"Shop\",\"item\":\"https:\/\/www.erresse-shop.it\/es\/shop\/\"},{\"@type\":\"ListItem\",\"position\":3,\"name\":\"TOM&#8217;S DRAG Acrobat\"}]},{\"@type\":\"WebSite\",\"@id\":\"https:\/\/www.erresse-shop.it\/es\/#website\",\"url\":\"https:\/\/www.erresse-shop.it\/es\/\",\"name\":\"Erresse Shop\",\"description\":\"Articoli di qualit\u00e0 per la casa\",\"potentialAction\":[{\"@type\":\"SearchAction\",\"target\":{\"@type\":\"EntryPoint\",\"urlTemplate\":\"https:\/\/www.erresse-shop.it\/es\/?s={search_term_string}\"},\"query-input\":\"required name=search_term_string\"}],\"inLanguage\":\"es\"}]}<\/script>\n<!-- \/ Yoast SEO Premium plugin. -->","yoast_head_json":{"title":"TOM'S DRAG Acrobat - Erresse Shop","description":"Material: resina ACROBAT No hay circo sin acrobacias impresionantes. As\u00ed que Tom se adentr\u00f3 en el on\u00edrico y m\u00e1gico mundo del anillo y cre\u00f3 elegantes","robots":{"index":"index","follow":"follow","max-snippet":"max-snippet:-1","max-image-preview":"max-image-preview:large","max-video-preview":"max-video-preview:-1"},"canonical":"https:\/\/www.erresse-shop.it\/es\/shop\/mobiliario\/articulos-de-decoracion\/toms-drag-acrobat\/","og_locale":"es_ES","og_type":"article","og_title":"TOM'S DRAG Acrobat","og_description":"Material: resina ACROBAT No hay circo sin acrobacias impresionantes. As\u00ed que Tom se adentr\u00f3 en el on\u00edrico y m\u00e1gico mundo del anillo y cre\u00f3 elegantes","og_url":"https:\/\/www.erresse-shop.it\/es\/shop\/mobiliario\/articulos-de-decoracion\/toms-drag-acrobat\/","og_site_name":"Erresse Shop","article_modified_time":"2024-08-20T00:00:20+00:00","og_image":[{"width":1000,"height":1000,"url":"https:\/\/www.erresse-shop.it\/wp-content\/uploads\/2021\/10\/TOMS-DRAG-Acrobata-4.jpg","type":"image\/jpeg"}],"twitter_card":"summary_large_image","schema":{"@context":"https:\/\/schema.org","@graph":[{"@type":"WebPage","@id":"https:\/\/www.erresse-shop.it\/es\/shop\/mobiliario\/articulos-de-decoracion\/toms-drag-acrobat\/","url":"https:\/\/www.erresse-shop.it\/es\/shop\/mobiliario\/articulos-de-decoracion\/toms-drag-acrobat\/","name":"TOM'S DRAG Acrobat - Erresse Shop","isPartOf":{"@id":"https:\/\/www.erresse-shop.it\/es\/#website"},"datePublished":"2021-10-28T06:48:59+00:00","dateModified":"2024-08-20T00:00:20+00:00","description":"Material: resina ACROBAT No hay circo sin acrobacias impresionantes. As\u00ed que Tom se adentr\u00f3 en el on\u00edrico y m\u00e1gico mundo del anillo y cre\u00f3 elegantes","breadcrumb":{"@id":"https:\/\/www.erresse-shop.it\/es\/shop\/mobiliario\/articulos-de-decoracion\/toms-drag-acrobat\/#breadcrumb"},"inLanguage":"es","potentialAction":[{"@type":"ReadAction","target":["https:\/\/www.erresse-shop.it\/es\/shop\/mobiliario\/articulos-de-decoracion\/toms-drag-acrobat\/"]}]},{"@type":"BreadcrumbList","@id":"https:\/\/www.erresse-shop.it\/es\/shop\/mobiliario\/articulos-de-decoracion\/toms-drag-acrobat\/#breadcrumb","itemListElement":[{"@type":"ListItem","position":1,"name":"Home","item":"https:\/\/www.erresse-shop.it\/es\/"},{"@type":"ListItem","position":2,"name":"Shop","item":"https:\/\/www.erresse-shop.it\/es\/shop\/"},{"@type":"ListItem","position":3,"name":"TOM&#8217;S DRAG Acrobat"}]},{"@type":"WebSite","@id":"https:\/\/www.erresse-shop.it\/es\/#website","url":"https:\/\/www.erresse-shop.it\/es\/","name":"Erresse Shop","description":"Articoli di qualit\u00e0 per la casa","potentialAction":[{"@type":"SearchAction","target":{"@type":"EntryPoint","urlTemplate":"https:\/\/www.erresse-shop.it\/es\/?s={search_term_string}"},"query-input":"required name=search_term_string"}],"inLanguage":"es"}]}},"df_price":95.68,"df_sale_price":95.68,"df_regular_price":184,"df_image_link":"https:\/\/www.erresse-shop.it\/wp-content\/uploads\/2021\/10\/TOMS-DRAG-Acrobata-4-300x300.jpg","_links":{"self":[{"href":"https:\/\/www.erresse-shop.it\/es\/wp-json\/wp\/v2\/product\/125585"}],"collection":[{"href":"https:\/\/www.erresse-shop.it\/es\/wp-json\/wp\/v2\/product"}],"about":[{"href":"https:\/\/www.erresse-shop.it\/es\/wp-json\/wp\/v2\/types\/product"}],"wp:featuredmedia":[{"embeddable":true,"href":"https:\/\/www.erresse-shop.it\/es\/wp-json\/wp\/v2\/media\/125593"}],"wp:attachment":[{"href":"https:\/\/www.erresse-shop.it\/es\/wp-json\/wp\/v2\/media?parent=125585"}],"wp:term":[{"taxonomy":"product_cat","embeddable":true,"href":"https:\/\/www.erresse-shop.it\/es\/wp-json\/wp\/v2\/product_cat?post=125585"},{"taxonomy":"product_tag","embeddable":true,"href":"https:\/\/www.erresse-shop.it\/es\/wp-json\/wp\/v2\/product_tag?post=125585"}],"curies":[{"name":"wp","href":"https:\/\/api.w.org\/{rel}","templated":true}]}}