{"id":125302,"date":"2021-11-01T00:05:59","date_gmt":"2021-07-01T00:05:59","guid":{"rendered":"https:\/\/www.erresse-shop.it\/?post_type=product&#038;p=125302"},"modified":"2021-12-22T16:15:49","modified_gmt":"2021-12-22T16:15:49","slug":"le-creuset-harry-potter-hogwarts-express-tetera-rojo","status":"publish","type":"product","link":"https:\/\/www.erresse-shop.it\/es\/shop\/cocina\/le-creuset-harry-potter-hogwarts-express-tetera-rojo\/","title":{"rendered":"LE CREUSET x Harry Potter\u2122 Hogwarts\u2122 Express Tetera Rojo"},"content":{"rendered":"<p><strong>HARRY POTTER\u2122 HOGWARTS\u2122 EXPRESS TETERA<\/strong><br \/>\nTan impresionante como el ic\u00f3nico tren en el que se inspira, la tetera Le Creuset Edici\u00f3n Limitada Hogwarts\u2122 Express est\u00e1 fabricada en acero al carbono de alta calidad que se calienta muy r\u00e1pidamente, con un acabado en un atrevido esmalte vitrificado negro mate y cereza. El esmalte vitrificado es resistente a las astillas y f\u00e1cil de limpiar.<\/p>\n<p>Dotada de un silbato continuo de color dorado, la tetera presenta detalles relacionados con Hogwarts, como el pomo dorado de la tapa, en el que aparece el n\u00famero de la v\u00eda f\u00e9rrea m\u00e1s famosa de la serie: el 9 \u00be. Al igual que la pista m\u00e1gica, la tetera promete una r\u00e1pida escapada y una humeante taza de t\u00e9 para magos, brujas y muggles.<\/p>\n<p><strong>LA MAGIA DE LA COCINA<\/strong><br \/>\nLa maravilla de un mundo lleno de posibilidades. La alegr\u00eda y la creatividad de dos marcas emblem\u00e1ticas. Le Creuset\u00ae y Harry Potter\u2122 est\u00e1n encantados de ofrecerte una nueva colecci\u00f3n de utensilios de cocina y accesorios inspirados en el mundo de la magia.<\/p>\n<p>A los cocineros de todas las edades y gustos les encantar\u00e1 cocinar ollas y sartenes inspiradas en los entra\u00f1ables personajes de estas historias y sus aventuras. Convierta un plato ordinario en uno m\u00e1gico. Haz un regalo encantado. O comparte tu orgullo de la Casa de Hogwarts con tus amigos y familiares. Sea cual sea la forma en que decida utilizar la colecci\u00f3n, le esperan muchas aventuras culinarias encantadas. Prepara tu varita m\u00e1gica.<\/p>\n","protected":false},"excerpt":{"rendered":"<p>HARRY POTTER\u2122 HOGWARTS\u2122 EXPRESS TETERA Tan impresionante como el ic\u00f3nico tren en el que se inspira, la tetera Le Creuset<\/p>\n","protected":false},"featured_media":176541,"template":"","meta":{"_acf_changed":false,"inline_featured_image":false},"product_cat":[16040],"product_tag":[],"acf":[],"yoast_head":"<!-- This site is optimized with the Yoast SEO Premium plugin v18.6 (Yoast SEO v19.13) - https:\/\/yoast.com\/wordpress\/plugins\/seo\/ -->\n<title>LE CREUSET x Harry Potter\u2122 Hogwarts\u2122 Express Tetera Rojo - Erresse Shop<\/title>\n<meta name=\"description\" content=\"HARRY POTTER\u2122 HOGWARTS\u2122 EXPRESS TETERA Tan impresionante como el ic\u00f3nico tren en el que se inspira, la tetera Le Creuset Edici\u00f3n Limitada Hogwarts\u2122\" \/>\n<meta name=\"robots\" content=\"index, follow, max-snippet:-1, max-image-preview:large, max-video-preview:-1\" \/>\n<link rel=\"canonical\" href=\"https:\/\/www.erresse-shop.it\/es\/shop\/cocina\/le-creuset-harry-potter-hogwarts-express-tetera-rojo\/\" \/>\n<meta property=\"og:locale\" content=\"es_ES\" \/>\n<meta property=\"og:type\" content=\"article\" \/>\n<meta property=\"og:title\" content=\"LE CREUSET x Harry Potter\u2122 Hogwarts\u2122 Express Tetera Rojo\" \/>\n<meta property=\"og:description\" content=\"HARRY POTTER\u2122 HOGWARTS\u2122 EXPRESS TETERA Tan impresionante como el ic\u00f3nico tren en el que se inspira, la tetera Le Creuset Edici\u00f3n Limitada Hogwarts\u2122\" \/>\n<meta property=\"og:url\" content=\"https:\/\/www.erresse-shop.it\/es\/shop\/cocina\/le-creuset-harry-potter-hogwarts-express-tetera-rojo\/\" \/>\n<meta property=\"og:site_name\" content=\"Erresse Shop\" \/>\n<meta property=\"article:modified_time\" content=\"2021-12-22T16:15:49+00:00\" \/>\n<meta property=\"og:image\" content=\"https:\/\/www.erresse-shop.it\/wp-content\/uploads\/2021\/11\/LE-CREUSET-Harry-Potter-Hogwarts-Express-Bollitore-Rosso-3.jpg\" \/>\n\t<meta property=\"og:image:width\" content=\"800\" \/>\n\t<meta property=\"og:image:height\" content=\"800\" \/>\n\t<meta property=\"og:image:type\" content=\"image\/jpeg\" \/>\n<meta name=\"twitter:card\" content=\"summary_large_image\" \/>\n<script type=\"application\/ld+json\" class=\"yoast-schema-graph\">{\"@context\":\"https:\/\/schema.org\",\"@graph\":[{\"@type\":\"WebPage\",\"@id\":\"https:\/\/www.erresse-shop.it\/es\/shop\/cocina\/le-creuset-harry-potter-hogwarts-express-tetera-rojo\/\",\"url\":\"https:\/\/www.erresse-shop.it\/es\/shop\/cocina\/le-creuset-harry-potter-hogwarts-express-tetera-rojo\/\",\"name\":\"LE CREUSET x Harry Potter\u2122 Hogwarts\u2122 Express Tetera Rojo - Erresse Shop\",\"isPartOf\":{\"@id\":\"https:\/\/www.erresse-shop.it\/es\/#website\"},\"datePublished\":\"2021-07-01T00:05:59+00:00\",\"dateModified\":\"2021-12-22T16:15:49+00:00\",\"description\":\"HARRY POTTER\u2122 HOGWARTS\u2122 EXPRESS TETERA Tan impresionante como el ic\u00f3nico tren en el que se inspira, la tetera Le Creuset Edici\u00f3n Limitada Hogwarts\u2122\",\"breadcrumb\":{\"@id\":\"https:\/\/www.erresse-shop.it\/es\/shop\/cocina\/le-creuset-harry-potter-hogwarts-express-tetera-rojo\/#breadcrumb\"},\"inLanguage\":\"es\",\"potentialAction\":[{\"@type\":\"ReadAction\",\"target\":[\"https:\/\/www.erresse-shop.it\/es\/shop\/cocina\/le-creuset-harry-potter-hogwarts-express-tetera-rojo\/\"]}]},{\"@type\":\"BreadcrumbList\",\"@id\":\"https:\/\/www.erresse-shop.it\/es\/shop\/cocina\/le-creuset-harry-potter-hogwarts-express-tetera-rojo\/#breadcrumb\",\"itemListElement\":[{\"@type\":\"ListItem\",\"position\":1,\"name\":\"Home\",\"item\":\"https:\/\/www.erresse-shop.it\/es\/\"},{\"@type\":\"ListItem\",\"position\":2,\"name\":\"Shop\",\"item\":\"https:\/\/www.erresse-shop.it\/es\/shop\/\"},{\"@type\":\"ListItem\",\"position\":3,\"name\":\"LE CREUSET x Harry Potter\u2122 Hogwarts\u2122 Express Tetera Rojo\"}]},{\"@type\":\"WebSite\",\"@id\":\"https:\/\/www.erresse-shop.it\/es\/#website\",\"url\":\"https:\/\/www.erresse-shop.it\/es\/\",\"name\":\"Erresse Shop\",\"description\":\"Articoli di qualit\u00e0 per la casa\",\"potentialAction\":[{\"@type\":\"SearchAction\",\"target\":{\"@type\":\"EntryPoint\",\"urlTemplate\":\"https:\/\/www.erresse-shop.it\/es\/?s={search_term_string}\"},\"query-input\":\"required name=search_term_string\"}],\"inLanguage\":\"es\"}]}<\/script>\n<!-- \/ Yoast SEO Premium plugin. -->","yoast_head_json":{"title":"LE CREUSET x Harry Potter\u2122 Hogwarts\u2122 Express Tetera Rojo - Erresse Shop","description":"HARRY POTTER\u2122 HOGWARTS\u2122 EXPRESS TETERA Tan impresionante como el ic\u00f3nico tren en el que se inspira, la tetera Le Creuset Edici\u00f3n Limitada Hogwarts\u2122","robots":{"index":"index","follow":"follow","max-snippet":"max-snippet:-1","max-image-preview":"max-image-preview:large","max-video-preview":"max-video-preview:-1"},"canonical":"https:\/\/www.erresse-shop.it\/es\/shop\/cocina\/le-creuset-harry-potter-hogwarts-express-tetera-rojo\/","og_locale":"es_ES","og_type":"article","og_title":"LE CREUSET x Harry Potter\u2122 Hogwarts\u2122 Express Tetera Rojo","og_description":"HARRY POTTER\u2122 HOGWARTS\u2122 EXPRESS TETERA Tan impresionante como el ic\u00f3nico tren en el que se inspira, la tetera Le Creuset Edici\u00f3n Limitada Hogwarts\u2122","og_url":"https:\/\/www.erresse-shop.it\/es\/shop\/cocina\/le-creuset-harry-potter-hogwarts-express-tetera-rojo\/","og_site_name":"Erresse Shop","article_modified_time":"2021-12-22T16:15:49+00:00","og_image":[{"width":800,"height":800,"url":"https:\/\/www.erresse-shop.it\/wp-content\/uploads\/2021\/11\/LE-CREUSET-Harry-Potter-Hogwarts-Express-Bollitore-Rosso-3.jpg","type":"image\/jpeg"}],"twitter_card":"summary_large_image","schema":{"@context":"https:\/\/schema.org","@graph":[{"@type":"WebPage","@id":"https:\/\/www.erresse-shop.it\/es\/shop\/cocina\/le-creuset-harry-potter-hogwarts-express-tetera-rojo\/","url":"https:\/\/www.erresse-shop.it\/es\/shop\/cocina\/le-creuset-harry-potter-hogwarts-express-tetera-rojo\/","name":"LE CREUSET x Harry Potter\u2122 Hogwarts\u2122 Express Tetera Rojo - Erresse Shop","isPartOf":{"@id":"https:\/\/www.erresse-shop.it\/es\/#website"},"datePublished":"2021-07-01T00:05:59+00:00","dateModified":"2021-12-22T16:15:49+00:00","description":"HARRY POTTER\u2122 HOGWARTS\u2122 EXPRESS TETERA Tan impresionante como el ic\u00f3nico tren en el que se inspira, la tetera Le Creuset Edici\u00f3n Limitada Hogwarts\u2122","breadcrumb":{"@id":"https:\/\/www.erresse-shop.it\/es\/shop\/cocina\/le-creuset-harry-potter-hogwarts-express-tetera-rojo\/#breadcrumb"},"inLanguage":"es","potentialAction":[{"@type":"ReadAction","target":["https:\/\/www.erresse-shop.it\/es\/shop\/cocina\/le-creuset-harry-potter-hogwarts-express-tetera-rojo\/"]}]},{"@type":"BreadcrumbList","@id":"https:\/\/www.erresse-shop.it\/es\/shop\/cocina\/le-creuset-harry-potter-hogwarts-express-tetera-rojo\/#breadcrumb","itemListElement":[{"@type":"ListItem","position":1,"name":"Home","item":"https:\/\/www.erresse-shop.it\/es\/"},{"@type":"ListItem","position":2,"name":"Shop","item":"https:\/\/www.erresse-shop.it\/es\/shop\/"},{"@type":"ListItem","position":3,"name":"LE CREUSET x Harry Potter\u2122 Hogwarts\u2122 Express Tetera Rojo"}]},{"@type":"WebSite","@id":"https:\/\/www.erresse-shop.it\/es\/#website","url":"https:\/\/www.erresse-shop.it\/es\/","name":"Erresse Shop","description":"Articoli di qualit\u00e0 per la casa","potentialAction":[{"@type":"SearchAction","target":{"@type":"EntryPoint","urlTemplate":"https:\/\/www.erresse-shop.it\/es\/?s={search_term_string}"},"query-input":"required name=search_term_string"}],"inLanguage":"es"}]}},"df_price":139,"df_sale_price":139,"df_regular_price":139,"df_image_link":"https:\/\/www.erresse-shop.it\/wp-content\/uploads\/2021\/11\/LE-CREUSET-Harry-Potter-Hogwarts-Express-Bollitore-Rosso-3-300x300.jpg","_links":{"self":[{"href":"https:\/\/www.erresse-shop.it\/es\/wp-json\/wp\/v2\/product\/125302"}],"collection":[{"href":"https:\/\/www.erresse-shop.it\/es\/wp-json\/wp\/v2\/product"}],"about":[{"href":"https:\/\/www.erresse-shop.it\/es\/wp-json\/wp\/v2\/types\/product"}],"wp:featuredmedia":[{"embeddable":true,"href":"https:\/\/www.erresse-shop.it\/es\/wp-json\/wp\/v2\/media\/176541"}],"wp:attachment":[{"href":"https:\/\/www.erresse-shop.it\/es\/wp-json\/wp\/v2\/media?parent=125302"}],"wp:term":[{"taxonomy":"product_cat","embeddable":true,"href":"https:\/\/www.erresse-shop.it\/es\/wp-json\/wp\/v2\/product_cat?post=125302"},{"taxonomy":"product_tag","embeddable":true,"href":"https:\/\/www.erresse-shop.it\/es\/wp-json\/wp\/v2\/product_tag?post=125302"}],"curies":[{"name":"wp","href":"https:\/\/api.w.org\/{rel}","templated":true}]}}