{"id":124961,"date":"2021-10-26T12:12:51","date_gmt":"2021-10-26T12:12:54","guid":{"rendered":"https:\/\/www.erresse-shop.it\/?post_type=product&#038;p=124961"},"modified":"2025-08-25T16:55:26","modified_gmt":"2025-08-25T16:55:26","slug":"toms-drag-jirafa-gloria","status":"publish","type":"product","link":"https:\/\/www.erresse-shop.it\/es\/shop\/mobiliario\/articulos-de-decoracion\/toms-drag-jirafa-gloria\/","title":{"rendered":"TOM&#8217;S DRAG Jirafa Gloria"},"content":{"rendered":"<p><strong>Material:<\/strong> resina<br \/>\n<strong>Altura:<\/strong> 41 cm<\/p>\n<p><strong>JIRAFA GLORIA<\/strong><br \/>\nLas jirafas son los animales terrestres con el coraz\u00f3n m\u00e1s grande en relaci\u00f3n con su peso corporal. \u00a1Y eso se ve en la cara de Gloria! (El cigarrillo se puede quitar). Con su fant\u00e1stico traje lleno de adornos ex\u00f3ticos y plumas decorativas, est\u00e1 decorado como para un desfile de carnaval y brilla con los colores del arco iris.<\/p>\n<p>Este art\u00edculo est\u00e1 hecho y pintado a mano, por lo que las variaciones de color, dibujo, tono, peque\u00f1as imperfecciones en la cola o el color e irregularidades son una caracter\u00edstica espec\u00edfica del producto y atestiguan su fabricaci\u00f3n artesanal.<\/p>\n<p>Todos los animales de arrastre est\u00e1n decorados con disfraces imaginativos y adornos ex\u00f3ticos como si estuvieran en un desfile de carnaval. Todos tienen los colores del arco iris, emulando el mismo ambiente alegre de una de las canciones favoritas de Tom, &#8220;What a Wonderful World&#8221; de Louis Armstrong.<\/p>\n<p>Cada art\u00edculo de Tom&#8217;s Drag comienza con unos r\u00e1pidos bocetos, que el artista dibuja y transforma r\u00e1pidamente en una imagen detallada. En este punto, se talla a mano en la madera una figura aproximada, cuyas dimensiones y proporciones reflejan las del objeto final. A continuaci\u00f3n, el artista lo pinta a mano y crea el prototipo a partir del cual se fabrica la forma de la manta. Esta forma de caucho es la clave de todas las obras de Tom&#8217;s Drag, ya que en ella se vierte marmorino l\u00edquido, una mezcla de m\u00e1rmol molido y resina sint\u00e9tica, que luego se solidifica. La pieza, al principio de color blanco opaco, se pinta de blanco y se pule. En este punto, los bordes de los campos de color se dibujan a l\u00e1piz para que sirvan de referencia al artista para pintar el objeto. El trabajo se completa con la aplicaci\u00f3n de una resina que hace que los colores sean resistentes.<\/p>\n","protected":false},"excerpt":{"rendered":"<p>Material: resina Altura: 41 cm JIRAFA GLORIA Las jirafas son los animales terrestres con el coraz\u00f3n m\u00e1s grande en relaci\u00f3n<\/p>\n","protected":false},"featured_media":124975,"template":"","meta":{"_acf_changed":false,"inline_featured_image":false},"product_cat":[16026,16016],"product_tag":[25039,17073],"acf":[],"yoast_head":"<!-- This site is optimized with the Yoast SEO Premium plugin v18.6 (Yoast SEO v19.13) - https:\/\/yoast.com\/wordpress\/plugins\/seo\/ -->\n<title>TOM&#039;S DRAG Jirafa Gloria - Erresse Shop<\/title>\n<meta name=\"description\" content=\"Material: resina Altura: 41 cm JIRAFA GLORIA Las jirafas son los animales terrestres con el coraz\u00f3n m\u00e1s grande en relaci\u00f3n con su peso corporal. \u00a1Y eso se\" \/>\n<meta name=\"robots\" content=\"index, follow, max-snippet:-1, max-image-preview:large, max-video-preview:-1\" \/>\n<link rel=\"canonical\" href=\"https:\/\/www.erresse-shop.it\/es\/shop\/mobiliario\/articulos-de-decoracion\/toms-drag-jirafa-gloria\/\" \/>\n<meta property=\"og:locale\" content=\"es_ES\" \/>\n<meta property=\"og:type\" content=\"article\" \/>\n<meta property=\"og:title\" content=\"TOM&#039;S DRAG Jirafa Gloria\" \/>\n<meta property=\"og:description\" content=\"Material: resina Altura: 41 cm JIRAFA GLORIA Las jirafas son los animales terrestres con el coraz\u00f3n m\u00e1s grande en relaci\u00f3n con su peso corporal. \u00a1Y eso se\" \/>\n<meta property=\"og:url\" content=\"https:\/\/www.erresse-shop.it\/es\/shop\/mobiliario\/articulos-de-decoracion\/toms-drag-jirafa-gloria\/\" \/>\n<meta property=\"og:site_name\" content=\"Erresse Shop\" \/>\n<meta property=\"article:modified_time\" content=\"2025-08-25T16:55:26+00:00\" \/>\n<meta property=\"og:image\" content=\"https:\/\/www.erresse-shop.it\/wp-content\/uploads\/2021\/10\/TOMS-DRAG-Giraffa-Gloria.jpg\" \/>\n\t<meta property=\"og:image:width\" content=\"1000\" \/>\n\t<meta property=\"og:image:height\" content=\"1000\" \/>\n\t<meta property=\"og:image:type\" content=\"image\/jpeg\" \/>\n<meta name=\"twitter:card\" content=\"summary_large_image\" \/>\n<script type=\"application\/ld+json\" class=\"yoast-schema-graph\">{\"@context\":\"https:\/\/schema.org\",\"@graph\":[{\"@type\":\"WebPage\",\"@id\":\"https:\/\/www.erresse-shop.it\/es\/shop\/mobiliario\/articulos-de-decoracion\/toms-drag-jirafa-gloria\/\",\"url\":\"https:\/\/www.erresse-shop.it\/es\/shop\/mobiliario\/articulos-de-decoracion\/toms-drag-jirafa-gloria\/\",\"name\":\"TOM'S DRAG Jirafa Gloria - Erresse Shop\",\"isPartOf\":{\"@id\":\"https:\/\/www.erresse-shop.it\/es\/#website\"},\"datePublished\":\"2021-10-26T12:12:54+00:00\",\"dateModified\":\"2025-08-25T16:55:26+00:00\",\"description\":\"Material: resina Altura: 41 cm JIRAFA GLORIA Las jirafas son los animales terrestres con el coraz\u00f3n m\u00e1s grande en relaci\u00f3n con su peso corporal. \u00a1Y eso se\",\"breadcrumb\":{\"@id\":\"https:\/\/www.erresse-shop.it\/es\/shop\/mobiliario\/articulos-de-decoracion\/toms-drag-jirafa-gloria\/#breadcrumb\"},\"inLanguage\":\"es\",\"potentialAction\":[{\"@type\":\"ReadAction\",\"target\":[\"https:\/\/www.erresse-shop.it\/es\/shop\/mobiliario\/articulos-de-decoracion\/toms-drag-jirafa-gloria\/\"]}]},{\"@type\":\"BreadcrumbList\",\"@id\":\"https:\/\/www.erresse-shop.it\/es\/shop\/mobiliario\/articulos-de-decoracion\/toms-drag-jirafa-gloria\/#breadcrumb\",\"itemListElement\":[{\"@type\":\"ListItem\",\"position\":1,\"name\":\"Home\",\"item\":\"https:\/\/www.erresse-shop.it\/es\/\"},{\"@type\":\"ListItem\",\"position\":2,\"name\":\"Shop\",\"item\":\"https:\/\/www.erresse-shop.it\/es\/shop\/\"},{\"@type\":\"ListItem\",\"position\":3,\"name\":\"TOM&#8217;S DRAG Jirafa Gloria\"}]},{\"@type\":\"WebSite\",\"@id\":\"https:\/\/www.erresse-shop.it\/es\/#website\",\"url\":\"https:\/\/www.erresse-shop.it\/es\/\",\"name\":\"Erresse Shop\",\"description\":\"Articoli di qualit\u00e0 per la casa\",\"potentialAction\":[{\"@type\":\"SearchAction\",\"target\":{\"@type\":\"EntryPoint\",\"urlTemplate\":\"https:\/\/www.erresse-shop.it\/es\/?s={search_term_string}\"},\"query-input\":\"required name=search_term_string\"}],\"inLanguage\":\"es\"}]}<\/script>\n<!-- \/ Yoast SEO Premium plugin. -->","yoast_head_json":{"title":"TOM'S DRAG Jirafa Gloria - Erresse Shop","description":"Material: resina Altura: 41 cm JIRAFA GLORIA Las jirafas son los animales terrestres con el coraz\u00f3n m\u00e1s grande en relaci\u00f3n con su peso corporal. \u00a1Y eso se","robots":{"index":"index","follow":"follow","max-snippet":"max-snippet:-1","max-image-preview":"max-image-preview:large","max-video-preview":"max-video-preview:-1"},"canonical":"https:\/\/www.erresse-shop.it\/es\/shop\/mobiliario\/articulos-de-decoracion\/toms-drag-jirafa-gloria\/","og_locale":"es_ES","og_type":"article","og_title":"TOM'S DRAG Jirafa Gloria","og_description":"Material: resina Altura: 41 cm JIRAFA GLORIA Las jirafas son los animales terrestres con el coraz\u00f3n m\u00e1s grande en relaci\u00f3n con su peso corporal. \u00a1Y eso se","og_url":"https:\/\/www.erresse-shop.it\/es\/shop\/mobiliario\/articulos-de-decoracion\/toms-drag-jirafa-gloria\/","og_site_name":"Erresse Shop","article_modified_time":"2025-08-25T16:55:26+00:00","og_image":[{"width":1000,"height":1000,"url":"https:\/\/www.erresse-shop.it\/wp-content\/uploads\/2021\/10\/TOMS-DRAG-Giraffa-Gloria.jpg","type":"image\/jpeg"}],"twitter_card":"summary_large_image","schema":{"@context":"https:\/\/schema.org","@graph":[{"@type":"WebPage","@id":"https:\/\/www.erresse-shop.it\/es\/shop\/mobiliario\/articulos-de-decoracion\/toms-drag-jirafa-gloria\/","url":"https:\/\/www.erresse-shop.it\/es\/shop\/mobiliario\/articulos-de-decoracion\/toms-drag-jirafa-gloria\/","name":"TOM'S DRAG Jirafa Gloria - Erresse Shop","isPartOf":{"@id":"https:\/\/www.erresse-shop.it\/es\/#website"},"datePublished":"2021-10-26T12:12:54+00:00","dateModified":"2025-08-25T16:55:26+00:00","description":"Material: resina Altura: 41 cm JIRAFA GLORIA Las jirafas son los animales terrestres con el coraz\u00f3n m\u00e1s grande en relaci\u00f3n con su peso corporal. \u00a1Y eso se","breadcrumb":{"@id":"https:\/\/www.erresse-shop.it\/es\/shop\/mobiliario\/articulos-de-decoracion\/toms-drag-jirafa-gloria\/#breadcrumb"},"inLanguage":"es","potentialAction":[{"@type":"ReadAction","target":["https:\/\/www.erresse-shop.it\/es\/shop\/mobiliario\/articulos-de-decoracion\/toms-drag-jirafa-gloria\/"]}]},{"@type":"BreadcrumbList","@id":"https:\/\/www.erresse-shop.it\/es\/shop\/mobiliario\/articulos-de-decoracion\/toms-drag-jirafa-gloria\/#breadcrumb","itemListElement":[{"@type":"ListItem","position":1,"name":"Home","item":"https:\/\/www.erresse-shop.it\/es\/"},{"@type":"ListItem","position":2,"name":"Shop","item":"https:\/\/www.erresse-shop.it\/es\/shop\/"},{"@type":"ListItem","position":3,"name":"TOM&#8217;S DRAG Jirafa Gloria"}]},{"@type":"WebSite","@id":"https:\/\/www.erresse-shop.it\/es\/#website","url":"https:\/\/www.erresse-shop.it\/es\/","name":"Erresse Shop","description":"Articoli di qualit\u00e0 per la casa","potentialAction":[{"@type":"SearchAction","target":{"@type":"EntryPoint","urlTemplate":"https:\/\/www.erresse-shop.it\/es\/?s={search_term_string}"},"query-input":"required name=search_term_string"}],"inLanguage":"es"}]}},"df_price":119.95,"df_sale_price":119.95,"df_regular_price":146,"df_image_link":"https:\/\/www.erresse-shop.it\/wp-content\/uploads\/2021\/10\/TOMS-DRAG-Giraffa-Gloria-300x300.jpg","_links":{"self":[{"href":"https:\/\/www.erresse-shop.it\/es\/wp-json\/wp\/v2\/product\/124961"}],"collection":[{"href":"https:\/\/www.erresse-shop.it\/es\/wp-json\/wp\/v2\/product"}],"about":[{"href":"https:\/\/www.erresse-shop.it\/es\/wp-json\/wp\/v2\/types\/product"}],"wp:featuredmedia":[{"embeddable":true,"href":"https:\/\/www.erresse-shop.it\/es\/wp-json\/wp\/v2\/media\/124975"}],"wp:attachment":[{"href":"https:\/\/www.erresse-shop.it\/es\/wp-json\/wp\/v2\/media?parent=124961"}],"wp:term":[{"taxonomy":"product_cat","embeddable":true,"href":"https:\/\/www.erresse-shop.it\/es\/wp-json\/wp\/v2\/product_cat?post=124961"},{"taxonomy":"product_tag","embeddable":true,"href":"https:\/\/www.erresse-shop.it\/es\/wp-json\/wp\/v2\/product_tag?post=124961"}],"curies":[{"name":"wp","href":"https:\/\/api.w.org\/{rel}","templated":true}]}}