{"id":123573,"date":"2021-10-12T07:23:19","date_gmt":"2021-10-12T07:23:45","guid":{"rendered":"https:\/\/www.erresse-shop.it\/?post_type=product&#038;p=123573"},"modified":"2021-12-22T16:13:15","modified_gmt":"2021-12-22T16:13:15","slug":"marcato-juego-de-galletas-plata","status":"publish","type":"product","link":"https:\/\/www.erresse-shop.it\/es\/shop\/cocina\/maquinas-de-pasta\/marcato-juego-de-galletas-plata\/","title":{"rendered":"MARCATO Juego de Galletas Plata"},"content":{"rendered":"<p><strong>Juego de galletas<\/strong> dise\u00f1ado como idea de regalo para los amantes de la reposter\u00eda. Consta de los productos Galletas y Dispensador, ambos en color plata. Preparar galletas con la ayuda de Biscuits ser\u00e1 muy f\u00e1cil: con una sola carga del cilindro podr\u00e1 hacer unas <strong>40 galletas peque\u00f1as o 30 m\u00e1s grandes<\/strong>. Gracias al regulador de 2 posiciones se puede elegir el tama\u00f1o. Incluye 20 troqueles diferentes para hacer otras tantas formas de galletas, desde la cl\u00e1sica redonda hasta el coraz\u00f3n para ocasiones especiales o el \u00e1rbol de Navidad para alegrar estas fiestas.<\/p>\n<p><strong>Colorido, para su cocina<\/strong><\/p>\n<p>Biscuits no es una simple m\u00e1quina de galletas: hemos ideado un dise\u00f1o atractivo y divertido de usar. Est\u00e1 fabricado en aluminio anodizado de calidad alimentaria, en 7 colores diferentes, con anillos de acero y componentes de ABS. Biscuits es s\u00f3lido para usar y seguro para su salud.<\/p>\n<p><strong>Galletas, con un sabor cl\u00e1sico<\/strong><\/p>\n<p>La versi\u00f3n Classic de la galletera mantiene las cualidades constructivas sin cambios, con l\u00edneas m\u00e1s sencillas y un dise\u00f1o que se adapta a cualquier cocina.<\/p>\n<p><span style=\"text-decoration: underline;\"><strong>Mantenimiento:<\/strong> <\/span>Las galletas no se pueden lavar en el lavavajillas.<\/p>\n","protected":false},"excerpt":{"rendered":"<p>Juego de galletas dise\u00f1ado como idea de regalo para los amantes de la reposter\u00eda. Consta de los productos Galletas y<\/p>\n","protected":false},"featured_media":123581,"template":"","meta":{"_acf_changed":false,"inline_featured_image":false},"product_cat":[16040,16056],"product_tag":[],"acf":[],"yoast_head":"<!-- This site is optimized with the Yoast SEO Premium plugin v18.6 (Yoast SEO v19.13) - https:\/\/yoast.com\/wordpress\/plugins\/seo\/ -->\n<title>MARCATO Juego de Galletas Plata - Erresse Shop<\/title>\n<meta name=\"description\" content=\"Juego de galletas dise\u00f1ado como idea de regalo para los amantes de la reposter\u00eda. Consta de los productos Galletas y Dispensador, ambos en color plata.\" \/>\n<meta name=\"robots\" content=\"index, follow, max-snippet:-1, max-image-preview:large, max-video-preview:-1\" \/>\n<link rel=\"canonical\" href=\"https:\/\/www.erresse-shop.it\/es\/shop\/cocina\/maquinas-de-pasta\/marcato-juego-de-galletas-plata\/\" \/>\n<meta property=\"og:locale\" content=\"es_ES\" \/>\n<meta property=\"og:type\" content=\"article\" \/>\n<meta property=\"og:title\" content=\"MARCATO Juego de Galletas Plata\" \/>\n<meta property=\"og:description\" content=\"Juego de galletas dise\u00f1ado como idea de regalo para los amantes de la reposter\u00eda. Consta de los productos Galletas y Dispensador, ambos en color plata.\" \/>\n<meta property=\"og:url\" content=\"https:\/\/www.erresse-shop.it\/es\/shop\/cocina\/maquinas-de-pasta\/marcato-juego-de-galletas-plata\/\" \/>\n<meta property=\"og:site_name\" content=\"Erresse Shop\" \/>\n<meta property=\"article:modified_time\" content=\"2021-12-22T16:13:15+00:00\" \/>\n<meta property=\"og:image\" content=\"https:\/\/www.erresse-shop.it\/wp-content\/uploads\/2021\/10\/Cookie-Set-Pack.jpg\" \/>\n\t<meta property=\"og:image:width\" content=\"1000\" \/>\n\t<meta property=\"og:image:height\" content=\"1000\" \/>\n\t<meta property=\"og:image:type\" content=\"image\/jpeg\" \/>\n<meta name=\"twitter:card\" content=\"summary_large_image\" \/>\n<script type=\"application\/ld+json\" class=\"yoast-schema-graph\">{\"@context\":\"https:\/\/schema.org\",\"@graph\":[{\"@type\":\"WebPage\",\"@id\":\"https:\/\/www.erresse-shop.it\/es\/shop\/cocina\/maquinas-de-pasta\/marcato-juego-de-galletas-plata\/\",\"url\":\"https:\/\/www.erresse-shop.it\/es\/shop\/cocina\/maquinas-de-pasta\/marcato-juego-de-galletas-plata\/\",\"name\":\"MARCATO Juego de Galletas Plata - Erresse Shop\",\"isPartOf\":{\"@id\":\"https:\/\/www.erresse-shop.it\/es\/#website\"},\"datePublished\":\"2021-10-12T07:23:45+00:00\",\"dateModified\":\"2021-12-22T16:13:15+00:00\",\"description\":\"Juego de galletas dise\u00f1ado como idea de regalo para los amantes de la reposter\u00eda. Consta de los productos Galletas y Dispensador, ambos en color plata.\",\"breadcrumb\":{\"@id\":\"https:\/\/www.erresse-shop.it\/es\/shop\/cocina\/maquinas-de-pasta\/marcato-juego-de-galletas-plata\/#breadcrumb\"},\"inLanguage\":\"es\",\"potentialAction\":[{\"@type\":\"ReadAction\",\"target\":[\"https:\/\/www.erresse-shop.it\/es\/shop\/cocina\/maquinas-de-pasta\/marcato-juego-de-galletas-plata\/\"]}]},{\"@type\":\"BreadcrumbList\",\"@id\":\"https:\/\/www.erresse-shop.it\/es\/shop\/cocina\/maquinas-de-pasta\/marcato-juego-de-galletas-plata\/#breadcrumb\",\"itemListElement\":[{\"@type\":\"ListItem\",\"position\":1,\"name\":\"Home\",\"item\":\"https:\/\/www.erresse-shop.it\/es\/\"},{\"@type\":\"ListItem\",\"position\":2,\"name\":\"Shop\",\"item\":\"https:\/\/www.erresse-shop.it\/es\/shop\/\"},{\"@type\":\"ListItem\",\"position\":3,\"name\":\"MARCATO Juego de Galletas Plata\"}]},{\"@type\":\"WebSite\",\"@id\":\"https:\/\/www.erresse-shop.it\/es\/#website\",\"url\":\"https:\/\/www.erresse-shop.it\/es\/\",\"name\":\"Erresse Shop\",\"description\":\"Articoli di qualit\u00e0 per la casa\",\"potentialAction\":[{\"@type\":\"SearchAction\",\"target\":{\"@type\":\"EntryPoint\",\"urlTemplate\":\"https:\/\/www.erresse-shop.it\/es\/?s={search_term_string}\"},\"query-input\":\"required name=search_term_string\"}],\"inLanguage\":\"es\"}]}<\/script>\n<!-- \/ Yoast SEO Premium plugin. -->","yoast_head_json":{"title":"MARCATO Juego de Galletas Plata - Erresse Shop","description":"Juego de galletas dise\u00f1ado como idea de regalo para los amantes de la reposter\u00eda. Consta de los productos Galletas y Dispensador, ambos en color plata.","robots":{"index":"index","follow":"follow","max-snippet":"max-snippet:-1","max-image-preview":"max-image-preview:large","max-video-preview":"max-video-preview:-1"},"canonical":"https:\/\/www.erresse-shop.it\/es\/shop\/cocina\/maquinas-de-pasta\/marcato-juego-de-galletas-plata\/","og_locale":"es_ES","og_type":"article","og_title":"MARCATO Juego de Galletas Plata","og_description":"Juego de galletas dise\u00f1ado como idea de regalo para los amantes de la reposter\u00eda. Consta de los productos Galletas y Dispensador, ambos en color plata.","og_url":"https:\/\/www.erresse-shop.it\/es\/shop\/cocina\/maquinas-de-pasta\/marcato-juego-de-galletas-plata\/","og_site_name":"Erresse Shop","article_modified_time":"2021-12-22T16:13:15+00:00","og_image":[{"width":1000,"height":1000,"url":"https:\/\/www.erresse-shop.it\/wp-content\/uploads\/2021\/10\/Cookie-Set-Pack.jpg","type":"image\/jpeg"}],"twitter_card":"summary_large_image","schema":{"@context":"https:\/\/schema.org","@graph":[{"@type":"WebPage","@id":"https:\/\/www.erresse-shop.it\/es\/shop\/cocina\/maquinas-de-pasta\/marcato-juego-de-galletas-plata\/","url":"https:\/\/www.erresse-shop.it\/es\/shop\/cocina\/maquinas-de-pasta\/marcato-juego-de-galletas-plata\/","name":"MARCATO Juego de Galletas Plata - Erresse Shop","isPartOf":{"@id":"https:\/\/www.erresse-shop.it\/es\/#website"},"datePublished":"2021-10-12T07:23:45+00:00","dateModified":"2021-12-22T16:13:15+00:00","description":"Juego de galletas dise\u00f1ado como idea de regalo para los amantes de la reposter\u00eda. Consta de los productos Galletas y Dispensador, ambos en color plata.","breadcrumb":{"@id":"https:\/\/www.erresse-shop.it\/es\/shop\/cocina\/maquinas-de-pasta\/marcato-juego-de-galletas-plata\/#breadcrumb"},"inLanguage":"es","potentialAction":[{"@type":"ReadAction","target":["https:\/\/www.erresse-shop.it\/es\/shop\/cocina\/maquinas-de-pasta\/marcato-juego-de-galletas-plata\/"]}]},{"@type":"BreadcrumbList","@id":"https:\/\/www.erresse-shop.it\/es\/shop\/cocina\/maquinas-de-pasta\/marcato-juego-de-galletas-plata\/#breadcrumb","itemListElement":[{"@type":"ListItem","position":1,"name":"Home","item":"https:\/\/www.erresse-shop.it\/es\/"},{"@type":"ListItem","position":2,"name":"Shop","item":"https:\/\/www.erresse-shop.it\/es\/shop\/"},{"@type":"ListItem","position":3,"name":"MARCATO Juego de Galletas Plata"}]},{"@type":"WebSite","@id":"https:\/\/www.erresse-shop.it\/es\/#website","url":"https:\/\/www.erresse-shop.it\/es\/","name":"Erresse Shop","description":"Articoli di qualit\u00e0 per la casa","potentialAction":[{"@type":"SearchAction","target":{"@type":"EntryPoint","urlTemplate":"https:\/\/www.erresse-shop.it\/es\/?s={search_term_string}"},"query-input":"required name=search_term_string"}],"inLanguage":"es"}]}},"df_price":57.45,"df_sale_price":57.45,"df_regular_price":114.9,"df_image_link":"https:\/\/www.erresse-shop.it\/wp-content\/uploads\/2021\/10\/Cookie-Set-Pack-300x300.jpg","_links":{"self":[{"href":"https:\/\/www.erresse-shop.it\/es\/wp-json\/wp\/v2\/product\/123573"}],"collection":[{"href":"https:\/\/www.erresse-shop.it\/es\/wp-json\/wp\/v2\/product"}],"about":[{"href":"https:\/\/www.erresse-shop.it\/es\/wp-json\/wp\/v2\/types\/product"}],"wp:featuredmedia":[{"embeddable":true,"href":"https:\/\/www.erresse-shop.it\/es\/wp-json\/wp\/v2\/media\/123581"}],"wp:attachment":[{"href":"https:\/\/www.erresse-shop.it\/es\/wp-json\/wp\/v2\/media?parent=123573"}],"wp:term":[{"taxonomy":"product_cat","embeddable":true,"href":"https:\/\/www.erresse-shop.it\/es\/wp-json\/wp\/v2\/product_cat?post=123573"},{"taxonomy":"product_tag","embeddable":true,"href":"https:\/\/www.erresse-shop.it\/es\/wp-json\/wp\/v2\/product_tag?post=123573"}],"curies":[{"name":"wp","href":"https:\/\/api.w.org\/{rel}","templated":true}]}}